{"id":15116,"date":"2025-10-19T19:39:23","date_gmt":"2025-10-19T16:39:23","guid":{"rendered":"https:\/\/excursionsworld.com\/?post_type=product&#038;p=15116"},"modified":"2025-12-09T22:40:13","modified_gmt":"2025-12-09T19:40:13","slug":"show-delfines-nado-alanya","status":"publish","type":"product","link":"https:\/\/excursionsworld.com\/tours\/dolphin-show-swim-alanya\/","title":{"rendered":"Show de Delfines en Kemer &amp; Nado con Delfines \u2013 Diversi\u00f3n Familiar"},"content":{"rendered":"<h3><strong>\ud83c\udfdd\ufe0f<span style=\"color: #000000;\"> Visi\u00f3n general<\/span><\/strong><\/h3>\n<p data-start=\"264\" data-end=\"614\">Disfrute de un d\u00eda inolvidable en <strong data-start=\"294\" data-end=\"318\">Parque de delfines de Sealanya<\/strong>, Uno de los mayores parques marinos de Europa. Vea el cautivador <strong data-start=\"380\" data-end=\"407\">Espect\u00e1culo de delfines y leones marinos<\/strong>, y, si lo desea, aproveche para <strong data-start=\"445\" data-end=\"467\">nadar con delfines<\/strong> para vivir una experiencia realmente m\u00e1gica. Perfecta para familias, parejas y ni\u00f1os, esta excursi\u00f3n desde Alanya garantiza diversi\u00f3n, risas y recuerdos para toda la vida.<\/p>\n<h3><span style=\"color: #000000;\"><strong>Incluido:<\/strong><\/span><\/h3>\n<p data-start=\"635\" data-end=\"826\"><strong><span style=\"color: #00ff00;\">\u2713<\/span><\/strong> Recogida y entrega en el hotel\u00a0<br data-start=\"691\" data-end=\"694\" \/><strong><span style=\"color: #00ff00;\">\u2713 <\/span><\/strong>Entrada al espect\u00e1culo de delfines y leones marinos\u00a0<br data-start=\"747\" data-end=\"750\" \/><strong><span style=\"color: #00ff00;\">\u2713 <\/span><\/strong>Gu\u00eda profesional y asistencia del personal del parque<br data-start=\"796\" data-end=\"799\" \/><strong><span style=\"color: #00ff00;\">\u2713 <\/span><\/strong>Seguro a todo riesgo<\/p>\n<h3><strong>\u00a0<span style=\"color: #000000;\">No se incluye:<\/span><\/strong><\/h3>\n<p data-start=\"851\" data-end=\"994\"><span style=\"color: #ff0000;\"><strong>\u2717<\/strong><\/span> Nadar con delfines (opcional)<br data-start=\"892\" data-end=\"895\" \/><span style=\"color: #ff0000;\"><strong>\u2717 <\/strong><\/span>Gastos personales\u00a0<br data-start=\"940\" data-end=\"943\" \/><span style=\"color: #ff0000;\"><strong>\u2717 <\/strong><\/span>Fotos y v\u00eddeos<\/p>\n<h3><strong>\ud83c\udf1f<span style=\"color: #000000;\"> Lo m\u00e1s destacado<\/span><\/strong><\/h3>\n<p data-start=\"1023\" data-end=\"1284\">\ud83d\udd39 Asiste a un incre\u00edble espect\u00e1culo de delfines y leones marinos en directo<br data-start=\"1074\" data-end=\"1077\" \/>\ud83d\udd39 Sesi\u00f3n opcional de nataci\u00f3n de 30 minutos con delfines<br data-start=\"1125\" data-end=\"1128\" \/>\ud83d\udd39 Traslados c\u00f3modos desde hoteles en la regi\u00f3n de Alanya.<br data-start=\"1181\" data-end=\"1184\" \/>\ud83d\udd39 Gran actividad para familias y ni\u00f1os.<br data-start=\"1223\" data-end=\"1226\" \/>\ud83d\udd39 Aprende sobre la inteligencia y el comportamiento de los delfines<\/p>\n<h3><strong>\ud83d\udcd6 <span style=\"color: #000000;\">Descripci\u00f3n completa<\/span><\/strong><\/h3>\n<p data-start=\"1314\" data-end=\"2024\">Su aventura comienza con un c\u00f3modo traslado desde el hotel hasta <strong data-start=\"1373\" data-end=\"1397\">Parque de delfines de Sealanya<\/strong>, situado cerca de Alanya. A su llegada, conozca al amable personal del parque y tome asiento para la fascinante <strong data-start=\"1502\" data-end=\"1529\">Espect\u00e1culo de delfines y leones marinos<\/strong>, de aproximadamente una hora de duraci\u00f3n.<br data-start=\"1554\" data-end=\"1557\" \/>Contemple con asombro c\u00f3mo estos inteligentes animales marinos realizan asombrosos trucos, saltos y bailes que impresionar\u00e1n tanto a adultos como a ni\u00f1os.<br data-start=\"1697\" data-end=\"1700\" \/>Tras el espect\u00e1culo, los invitados que hayan reservado con antelaci\u00f3n el <strong data-start=\"1747\" data-end=\"1769\">Nadar con delfines<\/strong> disfrutar\u00e1n de un inolvidable encuentro de 30 minutos, nadando, tocando y jugando con estas simp\u00e1ticas criaturas bajo la supervisi\u00f3n de un instructor.<br data-start=\"1919\" data-end=\"1922\" \/>Por \u00faltimo, t\u00f3mese algo de tiempo libre para hacer fotos y tomar un refresco antes de regresar c\u00f3modamente a su hotel.<\/p>\n<h3><strong>\ud83d\uddfa\ufe0f <span style=\"color: #000000;\">Itinerario<\/span><\/strong><\/h3>\n<p data-start=\"2053\" data-end=\"2363\">\ud83d\udd39 Recogida en hoteles y apartamentos en Alanya y zonas cercanas.<br data-start=\"2116\" data-end=\"2119\" \/>\ud83d\udd39 Llegada y registro en Sealanya Dolphinpark<br data-start=\"2166\" data-end=\"2169\" \/>\ud83d\udd39 Asiste al espect\u00e1culo de delfines y leones marinos de 1 hora de duraci\u00f3n<br data-start=\"2212\" data-end=\"2215\" \/>\ud83d\udd39 Opcional: Experiencia de nado con delfines (aprox. 30 minutos)<br data-start=\"2278\" data-end=\"2281\" \/>\ud83d\udd39 Tiempo libre para fotos y refrescos.<br data-start=\"2321\" data-end=\"2324\" \/>\ud83d\udd39 Traslado de vuelta a tu hotel<\/p>\n<h3><strong>\u2139\ufe0f <span style=\"color: #000000;\">Informaci\u00f3n \u00fatil<\/span><\/strong><\/h3>\n<p data-start=\"2395\" data-end=\"2633\">Los espect\u00e1culos tienen lugar dos veces al d\u00eda, a las 09:00 y a las 14:00.<br data-start=\"2438\" data-end=\"2441\" \/>\ud83d\udd39 Duraci\u00f3n: 3-4 horas (traslados incluidos)<br data-start=\"2485\" data-end=\"2488\" \/>\ud83d\udd39 Las sesiones de nataci\u00f3n deben reservarse con antelaci\u00f3n<br data-start=\"2534\" data-end=\"2537\" \/>\ud83d\udd39 Los ni\u00f1os de 4 a 6 a\u00f1os deben nadar acompa\u00f1ados de un adulto<br data-start=\"2594\" data-end=\"2597\" \/>\ud83d\udd39 Temporada de funcionamiento: Abril-octubre<\/p>\n<h3><strong>\ud83c\udf92<span style=\"color: #000000;\"> Qu\u00e9 llevar<\/span><\/strong><\/h3>\n<p data-start=\"2810\" data-end=\"2922\">\ud83d\udd39 Ba\u00f1ador y toalla (para los participantes de nataci\u00f3n).<br data-start=\"2855\" data-end=\"2858\" \/>\ud83d\udd39 Gafas de sol y sombrero<br data-start=\"2879\" data-end=\"2882\" \/>\ud83d\udd39 C\u00e1mara o tel\u00e9fono para fotos personales.<\/p>\n<h3><strong>\ud83d\udeab<span style=\"color: #000000;\"> No apto para<\/span><\/strong><\/h3>\n<p data-start=\"2663\" data-end=\"2783\">\ud83d\udd39 Ni\u00f1os menores de 3 a\u00f1os (no pueden participar en nataci\u00f3n).<br data-start=\"2725\" data-end=\"2728\" \/>\ud83d\udd39 Hu\u00e9spedes con alergias graves o miedo a las aguas profundas.<\/p>\n<h3 dir=\"ltr\">\ud83d\udcb8\u00a0<strong>Precios y reservas<\/strong><\/h3>\n<p dir=\"ltr\"><strong>\ud83d\udd39 Reserva ahora, paga el d\u00eda de la excursi\u00f3n<\/strong><br \/>\n\ud83d\udd39 Ponte en contacto con nosotros a trav\u00e9s de WhatsApp, Telegram, Viber, o rellena el siguiente formulario de reserva. \ud83d\udc47\ud83c\udffc<\/p>","protected":false},"excerpt":{"rendered":"<p>Reserve su espect\u00e1culo de delfines y nado con delfines en el parque de delfines Sealanya. Disfrute del espect\u00e1culo de delfines y leones marinos y nade con delfines. Una actividad familiar en Alanya con traslados al hotel incluidos.<\/p>","protected":false},"featured_media":15132,"comment_status":"open","ping_status":"closed","template":"","meta":[],"product_brand":[],"product_cat":[128],"product_tag":[111],"class_list":{"0":"post-15116","1":"product","2":"type-product","3":"status-publish","4":"has-post-thumbnail","6":"tour_phys-alanya-tours","7":"product_cat-alanya-tours","8":"product_tag-alanya","9":"pa_destination-alanya-tours","11":"first","12":"instock","13":"sale","14":"shipping-taxable","15":"purchasable","16":"product-type-tour_phys"},"aioseo_notices":[],"_links":{"self":[{"href":"https:\/\/excursionsworld.com\/es\/wp-json\/wp\/v2\/product\/15116","targetHints":{"allow":["GET"]}}],"collection":[{"href":"https:\/\/excursionsworld.com\/es\/wp-json\/wp\/v2\/product"}],"about":[{"href":"https:\/\/excursionsworld.com\/es\/wp-json\/wp\/v2\/types\/product"}],"replies":[{"embeddable":true,"href":"https:\/\/excursionsworld.com\/es\/wp-json\/wp\/v2\/comments?post=15116"}],"wp:featuredmedia":[{"embeddable":true,"href":"https:\/\/excursionsworld.com\/es\/wp-json\/wp\/v2\/media\/15132"}],"wp:attachment":[{"href":"https:\/\/excursionsworld.com\/es\/wp-json\/wp\/v2\/media?parent=15116"}],"wp:term":[{"taxonomy":"product_brand","embeddable":true,"href":"https:\/\/excursionsworld.com\/es\/wp-json\/wp\/v2\/product_brand?post=15116"},{"taxonomy":"product_cat","embeddable":true,"href":"https:\/\/excursionsworld.com\/es\/wp-json\/wp\/v2\/product_cat?post=15116"},{"taxonomy":"product_tag","embeddable":true,"href":"https:\/\/excursionsworld.com\/es\/wp-json\/wp\/v2\/product_tag?post=15116"}],"curies":[{"name":"wp","href":"https:\/\/api.w.org\/{rel}","templated":true}]}}