{"id":15129,"date":"2025-10-19T23:15:13","date_gmt":"2025-10-19T20:15:13","guid":{"rendered":"https:\/\/excursionsworld.com\/?post_type=product&#038;p=15129"},"modified":"2025-11-22T19:40:04","modified_gmt":"2025-11-22T16:40:04","slug":"excursion-caballo-alanya-naturaleza","status":"publish","type":"product","link":"https:\/\/excursionsworld.com\/tours\/alanya-horseback-riding\/","title":{"rendered":"Excursi\u00f3n a caballo en Alanya \u2013 paseo por la naturaleza"},"content":{"rendered":"<h3><span style=\"color: #000000;\"><strong>\ud83d\udc34 Visi\u00f3n general<\/strong><\/span><\/h3>\n<p data-start=\"345\" data-end=\"674\">Emb\u00e1rquese en un viaje tranquilo y lleno de aventuras <strong data-start=\"382\" data-end=\"417\">excursi\u00f3n a caballo en Alanya<\/strong>, explorando la impresionante naturaleza de los Montes Tauro y las antiguas ruinas de la ciudad de Syedra. Este paseo de 2,5 horas es perfecto tanto para principiantes como para jinetes experimentados que quieran conectar con la naturaleza mientras disfrutan de impresionantes vistas de la costa mediterr\u00e1nea.<\/p>\n<h3 data-start=\"676\" data-end=\"693\">\u00a0<span style=\"color: #000000;\"><strong>Incluido:<\/strong><\/span><\/h3>\n<p data-start=\"694\" data-end=\"926\"><span style=\"color: #00ff00;\"><strong>\u2713<\/strong> <\/span>Recogida y entrega en el hotel\u00a0<br data-start=\"742\" data-end=\"745\" \/><span style=\"color: #00ff00;\"><strong>\u2713<\/strong> <\/span>Servicio de gu\u00eda y formador profesional<br data-start=\"785\" data-end=\"788\" \/><span style=\"color: #00ff00;\"><strong>\u2713<\/strong> <\/span>2,5 horas de equitaci\u00f3n<br data-start=\"819\" data-end=\"822\" \/><span style=\"color: #00ff00;\"><strong>\u2713<\/strong> <\/span>Todo el equipo de conducci\u00f3n (casco, etc.)<br data-start=\"859\" data-end=\"862\" \/><span style=\"color: #00ff00;\"><strong>\u2713<\/strong> <\/span>T\u00e9 turco y t\u00e9 de manzana (gratuitos)<br data-start=\"905\" data-end=\"908\" \/><span style=\"color: #00ff00;\"><strong>\u2713<\/strong> <\/span>Seguro a todo riesgo<\/p>\n<h3 data-start=\"928\" data-end=\"949\">\u00a0<span style=\"color: #000000;\"><strong>No se incluye:<\/strong><\/span><\/h3>\n<p data-start=\"950\" data-end=\"991\"><span style=\"color: #ff0000;\"><strong>\u2717<\/strong> <\/span>Bebidas y comida<br data-start=\"967\" data-end=\"970\" \/><span style=\"color: #ff0000;\"><strong>\u2717<\/strong> <\/span>Gastos personales<\/p>\n<h3 data-start=\"993\" data-end=\"1018\"><span style=\"color: #000000;\"><strong>\ud83c\udf1f Lo m\u00e1s destacado del viaje<\/strong><\/span><\/h3>\n<p data-start=\"1019\" data-end=\"1285\">\ud83d\udd39 Paseo por pintorescos senderos forestales y jardines de pl\u00e1tanos<br data-start=\"1071\" data-end=\"1074\" \/>\ud83d\udd39 Explora las antiguas ruinas de la ciudad y el castillo de Syedra<br data-start=\"1128\" data-end=\"1131\" \/>\ud83d\udd39 Disfruta de las vistas panor\u00e1micas de Alanya y el Mediterr\u00e1neo<br data-start=\"1187\" data-end=\"1190\" \/>\ud83d\udd39 Rel\u00e1jate en la piscina con un t\u00e9 turco despu\u00e9s del paseo<br data-start=\"1242\" data-end=\"1245\" \/>\ud83d\udd39 Caballos seguros, tranquilos y bien entrenados.<\/p>\n<h3 data-start=\"1287\" data-end=\"1313\"><span style=\"color: #000000;\"><strong>\ud83d\udcd6 Descripci\u00f3n completa<\/strong><\/span><\/h3>\n<p data-start=\"1314\" data-end=\"1954\">En <strong data-start=\"1318\" data-end=\"1346\">Excursi\u00f3n a caballo por Alanya<\/strong> comienza con una c\u00f3moda recogida en el hotel, que le llevar\u00e1 a una tranquila granja de caballos en el pueblo de Seki, cerca de Demirta\u015f - a s\u00f3lo 30 minutos del centro de Alanya. Despu\u00e9s de una breve sesi\u00f3n informativa de instructores experimentados, montar su caballo tranquilo y amigable para un. <strong data-start=\"1586\" data-end=\"1603\">2,5 horas de viaje<\/strong> a trav\u00e9s de bosques de pinos, plantaciones de pl\u00e1tanos y antiguas ruinas. Lo m\u00e1s destacado de la ruta es <strong data-start=\"1695\" data-end=\"1712\">Castillo de Syedra<\/strong>, Una vez finalizado el paseo, podr\u00e1 relajarse en la granja, tomar un t\u00e9 turco y de manzana junto a la piscina y disfrutar del tranquilo ambiente rural. Una vez finalizado el paseo, podr\u00e1 relajarse en la granja, tomar t\u00e9 turco y de manzana junto a la piscina y disfrutar del tranquilo ambiente rural antes de su traslado de vuelta al hotel.<\/p>\n<h3 data-start=\"1956\" data-end=\"1981\"><strong><span style=\"color: #000000;\">\ud83d\uddfa\ufe0f Itinerario<\/span><\/strong><\/h3>\n<p data-start=\"1982\" data-end=\"2259\">\ud83d\udd39 Recogida en el hotel desde Alanya y alrededores.<br data-start=\"2026\" data-end=\"2029\" \/>\ud83d\udd39 Llegada a la granja de caballos del pueblo de Seki.<br data-start=\"2073\" data-end=\"2076\" \/>\ud83d\udd39 Sesi\u00f3n informativa sobre seguridad y comprobaci\u00f3n del equipo<br data-start=\"2114\" data-end=\"2117\" \/>\ud83d\udd39 Paseo guiado a caballo de 2,5 horas (monta\u00f1as, bosque, ruinas).<br data-start=\"2177\" data-end=\"2180\" \/>\ud83d\udd39 Vuelta a la granja, pausa para el t\u00e9 y relax<br data-start=\"2224\" data-end=\"2227\" \/>\ud83d\udd39 Traslado de vuelta a su hotel<\/p>\n<h3 data-start=\"2261\" data-end=\"2289\"><span style=\"color: #000000;\"><strong>\u2139\ufe0f Informaci\u00f3n \u00fatil<\/strong><\/span><\/h3>\n<p data-start=\"2290\" data-end=\"2573\">Duraci\u00f3n: Aproximadamente 4 horas (incluido el traslado)<br data-start=\"2345\" data-end=\"2348\" \/>\ud83d\udd39 Tiempo de conducci\u00f3n: 2,5 horas<br data-start=\"2373\" data-end=\"2376\" \/>L\u00edmite de peso m\u00e1ximo: 100 kg<br data-start=\"2407\" data-end=\"2410\" \/>\ud83d\udd39 El tour funciona todo el a\u00f1o<br data-start=\"2437\" data-end=\"2440\" \/>\ud83d\udd39 Caballos tranquilos y adiestrados aptos para principiantes<br data-start=\"2489\" data-end=\"2492\" \/>\ud83d\udd39 No est\u00e1 permitido en mujeres embarazadas<br data-start=\"2525\" data-end=\"2528\" \/>\ud83d\udd39 Los ni\u00f1os pueden apuntarse acompa\u00f1ados de sus padres<\/p>\n<h3 data-start=\"2575\" data-end=\"2598\"><span style=\"color: #000000;\"><strong>Qu\u00e9 llevar<\/strong><\/span><\/h3>\n<p data-start=\"2599\" data-end=\"2749\">\ud83d\udd39 Ropa c\u00f3moda y calzado cerrado.<br data-start=\"2638\" data-end=\"2641\" \/>\ud83d\udd39 Gafas de sol y protecci\u00f3n solar.<br data-start=\"2668\" data-end=\"2671\" \/>\ud83d\udd39 C\u00e1mara o smartphone para hacer fotos<br data-start=\"2705\" data-end=\"2708\" \/>\ud83d\udd39 Dinero en efectivo para bebidas o gastos personales.<\/p>\n<h3 data-start=\"2751\" data-end=\"2777\"><span style=\"color: #000000;\"><strong>\ud83d\udeab No apto para<\/strong><\/span><\/h3>\n<p data-start=\"2778\" data-end=\"2863\">\ud83d\udd39 Mujeres embarazadas<br data-start=\"2795\" data-end=\"2798\" \/>\ud83d\udd39 Personas con un peso superior a 100 kg.<br data-start=\"2828\" data-end=\"2831\" \/>\ud83d\udd39 Personas con problemas de movilidad<\/p>\n<h3 dir=\"ltr\">\ud83d\udcb8\u00a0<strong>Precios y reservas<\/strong><\/h3>\n<p dir=\"ltr\"><strong>\ud83d\udd39 Reserva ahora, paga el d\u00eda de la excursi\u00f3n<\/strong><br \/>\n\ud83d\udd39 Ponte en contacto con nosotros a trav\u00e9s de WhatsApp, Telegram, Viber, o rellena el siguiente formulario de reserva. \ud83d\udc47\ud83c\udffc<\/p>","protected":false},"excerpt":{"rendered":"<p>Reserve su <b>Excursi\u00f3n a caballo por Alanya<\/b>\u00a1! Disfrute de un <b>Safari a caballo de 2,5 horas<\/b> a trav\u00e9s de los Montes Tauro. Mejor <b>excursi\u00f3n<\/b> con <b>Castillo de Syedra<\/b> vistas. <b>Traslado incluido<\/b>!<\/p>","protected":false},"featured_media":15133,"comment_status":"open","ping_status":"closed","template":"","meta":[],"product_brand":[],"product_cat":[128],"product_tag":[111],"class_list":{"0":"post-15129","1":"product","2":"type-product","3":"status-publish","4":"has-post-thumbnail","6":"tour_phys-alanya-tours","7":"product_cat-alanya-tours","8":"product_tag-alanya","9":"pa_destination-alanya-tours","11":"first","12":"instock","13":"sale","14":"shipping-taxable","15":"purchasable","16":"product-type-tour_phys"},"aioseo_notices":[],"_links":{"self":[{"href":"https:\/\/excursionsworld.com\/es\/wp-json\/wp\/v2\/product\/15129","targetHints":{"allow":["GET"]}}],"collection":[{"href":"https:\/\/excursionsworld.com\/es\/wp-json\/wp\/v2\/product"}],"about":[{"href":"https:\/\/excursionsworld.com\/es\/wp-json\/wp\/v2\/types\/product"}],"replies":[{"embeddable":true,"href":"https:\/\/excursionsworld.com\/es\/wp-json\/wp\/v2\/comments?post=15129"}],"wp:featuredmedia":[{"embeddable":true,"href":"https:\/\/excursionsworld.com\/es\/wp-json\/wp\/v2\/media\/15133"}],"wp:attachment":[{"href":"https:\/\/excursionsworld.com\/es\/wp-json\/wp\/v2\/media?parent=15129"}],"wp:term":[{"taxonomy":"product_brand","embeddable":true,"href":"https:\/\/excursionsworld.com\/es\/wp-json\/wp\/v2\/product_brand?post=15129"},{"taxonomy":"product_cat","embeddable":true,"href":"https:\/\/excursionsworld.com\/es\/wp-json\/wp\/v2\/product_cat?post=15129"},{"taxonomy":"product_tag","embeddable":true,"href":"https:\/\/excursionsworld.com\/es\/wp-json\/wp\/v2\/product_tag?post=15129"}],"curies":[{"name":"wp","href":"https:\/\/api.w.org\/{rel}","templated":true}]}}