{"id":15157,"date":"2025-10-20T19:17:25","date_gmt":"2025-10-20T16:17:25","guid":{"rendered":"https:\/\/excursionsworld.com\/?post_type=product&#038;p=15157"},"modified":"2025-11-22T19:27:32","modified_gmt":"2025-11-22T16:27:32","slug":"safari-buggy-alanya","status":"publish","type":"product","link":"https:\/\/excursionsworld.com\/tours\/alanya-buggy-safari\/","title":{"rendered":"Safari en buggy en Alanya \u2013 aventura todoterreno"},"content":{"rendered":"<h3 data-start=\"158\" data-end=\"175\">\ud83c\udfdd\ufe0f Visi\u00f3n general<\/h3>\n<p data-start=\"177\" data-end=\"466\">Prep\u00e1rese para una inolvidable aventura todoterreno con la excursi\u00f3n Alanya Buggy Safari. Conduzca su propio buggy autom\u00e1tico por polvorientos senderos de monta\u00f1a, bosques de pinos y pintorescos r\u00edos cerca de Alanya. Perfecto para familias, principiantes y amantes de las emociones fuertes: \u00a1no se necesita carn\u00e9 de conducir ni experiencia!<\/p>\n<h3 data-start=\"468\" data-end=\"483\">\u00a0Incluido:<\/h3>\n<p data-start=\"485\" data-end=\"676\"><span style=\"color: #00ff00;\"><strong>\u2713<\/strong> <\/span>Recogida y entrega en el hotel\u00a0<br data-start=\"570\" data-end=\"573\" \/><span style=\"color: #00ff00;\"><strong>\u2713<\/strong> <\/span>Instructor profesional\u00a0<br data-start=\"616\" data-end=\"619\" \/><span style=\"color: #00ff00;\"><strong>\u2713<\/strong> <\/span>Seguro a todo riesgo<br data-start=\"644\" data-end=\"647\" \/><span style=\"color: #00ff00;\"><strong>\u2713<\/strong> <\/span>Equipo de seguridad (casco)<\/p>\n<h3 data-start=\"678\" data-end=\"697\">\u00a0No se incluye:<\/h3>\n<p data-start=\"699\" data-end=\"783\"><span style=\"color: #ff0000;\"><strong>\u2717<\/strong> <\/span>Bebidas, aperitivos, fotos, pa\u00f1uelos<br data-start=\"753\" data-end=\"756\" \/><span style=\"color: #ff0000;\"><strong>\u2717<\/strong> <\/span>Pausa opcional para nadar<\/p>\n<h3 data-start=\"785\" data-end=\"808\">\ud83c\udf1f Lo m\u00e1s destacado del viaje<\/h3>\n<p data-start=\"810\" data-end=\"1113\">\ud83d\udd39 Emocionante experiencia de conducci\u00f3n en buggy todoterreno cerca de Alanya<br data-start=\"867\" data-end=\"870\" \/>\ud83d\udd39 Senderos forestales panor\u00e1micos y cruces naturales de r\u00edos<br data-start=\"921\" data-end=\"924\" \/>\ud83d\udd39 Veh\u00edculos autom\u00e1ticos seguros y f\u00e1ciles de usar: ideales para todos los niveles.<br data-start=\"989\" data-end=\"992\" \/>\ud83d\udd39 D\u00eda divertido y lleno de acci\u00f3n para parejas, familias y grupos.<br data-start=\"1054\" data-end=\"1057\" \/>\ud83d\udd39 Sesiones diarias de visitas guiadas por la ma\u00f1ana y por la tarde<\/p>\n<h3 data-start=\"1115\" data-end=\"1139\">\ud83d\udcd6 Descripci\u00f3n completa<\/h3>\n<p data-start=\"1141\" data-end=\"1832\">Su aventura comienza con un c\u00f3modo traslado desde su hotel en Alanya o alrededores hasta la base del safari en buggy. A su llegada, sus instructores profesionales le proporcionar\u00e1n informaci\u00f3n de seguridad, cascos y una r\u00e1pida prueba de conducci\u00f3n para ayudarle a familiarizarse con su buggy.<br data-start=\"1414\" data-end=\"1417\" \/>Entonces, \u00a1es hora de empezar la aventura! Siga a su gu\u00eda por polvorientos senderos forestales, chapotee en peque\u00f1os arroyos y escale suaves colinas, todo ello rodeado de la belleza de los Montes Tauro.<br data-start=\"1614\" data-end=\"1617\" \/>Habr\u00e1 breves pausas para descansar, tomar fotos e incluso darse un ba\u00f1o opcional antes de regresar a la estaci\u00f3n de buggies. Al final del paseo, rel\u00e1jese unos minutos y disfrute de su c\u00f3modo traslado de vuelta al hotel.<\/p>\n<h3 data-start=\"1834\" data-end=\"1857\">\ud83d\uddfa\ufe0f Itinerario<\/h3>\n<p data-start=\"1859\" data-end=\"2129\">\ud83d\udd39 Recogida en los hoteles de la regi\u00f3n de Alanya.<br data-start=\"1897\" data-end=\"1900\" \/>\ud83d\udd39 Llegada a la base de buggies y briefing de seguridad.<br data-start=\"1944\" data-end=\"1947\" \/>\ud83d\udd39 Prueba de conducci\u00f3n y configuraci\u00f3n del equipo<br data-start=\"1980\" data-end=\"1983\" \/>\ud83d\udd39 Recorrido todoterreno por senderos de monta\u00f1a y bosque<br data-start=\"2033\" data-end=\"2036\" \/>\ud83d\udd39 Breves pausas para descansar, hacer fotos y nadar.<br data-start=\"2077\" data-end=\"2080\" \/>\ud83d\udd39 Volver a la base de buggy<br data-start=\"2103\" data-end=\"2106\" \/>\ud83d\udd39 Entrega en los hoteles<\/p>\n<h3 data-start=\"2131\" data-end=\"2157\">\u2139\ufe0f Informaci\u00f3n \u00fatil<\/h3>\n<p data-start=\"2159\" data-end=\"2462\">\ud83d\udd39 Duraci\u00f3n: aproximadamente 3-4 horas en total<br data-start=\"2223\" data-end=\"2226\" \/>\ud83d\udd39 Dos sesiones diarias: 09:00 y 13:30<br data-start=\"2264\" data-end=\"2267\" \/>\ud83d\udd39 No hace falta carnet de conducir<br data-start=\"2297\" data-end=\"2300\" \/>\ud83d\udd39 Los ni\u00f1os pueden acompa\u00f1ar a sus padres como pasajeros<br data-start=\"2347\" data-end=\"2350\" \/>\ud83d\udd39 Recomendado: llevar ropa vieja c\u00f3moda y calzado cerrado.<br data-start=\"2411\" data-end=\"2414\" \/>\ud83d\udd39 Llevar: gafas de sol, crema solar y un pa\u00f1uelo.<\/p>\n<h3>Qu\u00e9 llevar<\/h3>\n<p data-start=\"2584\" data-end=\"2723\">\ud83d\udd39 Gafas de sol y protecci\u00f3n solar.<br data-start=\"2611\" data-end=\"2614\" \/>\ud83d\udd39 Pa\u00f1uelo o mascarilla facial<br data-start=\"2637\" data-end=\"2640\" \/>\ud83d\udd39 Ropa y calzado c\u00f3modos<br data-start=\"2673\" data-end=\"2676\" \/>\ud83d\udd39 Poco dinero en efectivo para gastos personales o fotos.<\/p>\n<h3 data-start=\"2464\" data-end=\"2488\">\ud83d\udeab No apto para<\/h3>\n<p data-start=\"2490\" data-end=\"2559\">\ud83d\udd39 Mujeres embarazadas<br data-start=\"2507\" data-end=\"2510\" \/>\ud83d\udd39 Hu\u00e9spedes con dolencias graves de espalda o coraz\u00f3n.<\/p>\n<h3 dir=\"ltr\">\ud83d\udcb8\u00a0<strong>Precios y reservas<\/strong><\/h3>\n<p dir=\"ltr\"><strong>\ud83d\udd39 Reserva ahora, paga el d\u00eda de la excursi\u00f3n<\/strong><br \/>\n\ud83d\udd39 Ponte en contacto con nosotros a trav\u00e9s de WhatsApp, Telegram, Viber, o rellena el siguiente formulario de reserva. \ud83d\udc47\ud83c\udffc<\/p>","protected":false},"excerpt":{"rendered":"<p data-start=\"2866\" data-end=\"3089\">Reserve su <b>Safari en buggy por Alanya<\/b> <b>visita<\/b>\u00a1! Disfrute de un <b>ATV<\/b> <b>aventura<\/b> <b>excursi\u00f3n<\/b> sobre barro <b>todoterreno<\/b> senderos forestales. Perfecto <b>viaje<\/b> para <b>principiantes<\/b>! <b>Transferencia<\/b> incluido.<\/p>","protected":false},"featured_media":15158,"comment_status":"open","ping_status":"closed","template":"","meta":[],"product_brand":[],"product_cat":[128],"product_tag":[111],"class_list":{"0":"post-15157","1":"product","2":"type-product","3":"status-publish","4":"has-post-thumbnail","6":"tour_phys-alanya-tours","7":"product_cat-alanya-tours","8":"product_tag-alanya","9":"pa_destination-alanya-tours","11":"first","12":"instock","13":"sale","14":"shipping-taxable","15":"purchasable","16":"product-type-tour_phys"},"aioseo_notices":[],"_links":{"self":[{"href":"https:\/\/excursionsworld.com\/es\/wp-json\/wp\/v2\/product\/15157","targetHints":{"allow":["GET"]}}],"collection":[{"href":"https:\/\/excursionsworld.com\/es\/wp-json\/wp\/v2\/product"}],"about":[{"href":"https:\/\/excursionsworld.com\/es\/wp-json\/wp\/v2\/types\/product"}],"replies":[{"embeddable":true,"href":"https:\/\/excursionsworld.com\/es\/wp-json\/wp\/v2\/comments?post=15157"}],"wp:featuredmedia":[{"embeddable":true,"href":"https:\/\/excursionsworld.com\/es\/wp-json\/wp\/v2\/media\/15158"}],"wp:attachment":[{"href":"https:\/\/excursionsworld.com\/es\/wp-json\/wp\/v2\/media?parent=15157"}],"wp:term":[{"taxonomy":"product_brand","embeddable":true,"href":"https:\/\/excursionsworld.com\/es\/wp-json\/wp\/v2\/product_brand?post=15157"},{"taxonomy":"product_cat","embeddable":true,"href":"https:\/\/excursionsworld.com\/es\/wp-json\/wp\/v2\/product_cat?post=15157"},{"taxonomy":"product_tag","embeddable":true,"href":"https:\/\/excursionsworld.com\/es\/wp-json\/wp\/v2\/product_tag?post=15157"}],"curies":[{"name":"wp","href":"https:\/\/api.w.org\/{rel}","templated":true}]}}