{"id":15160,"date":"2025-10-20T20:36:55","date_gmt":"2025-10-20T17:36:55","guid":{"rendered":"https:\/\/excursionsworld.com\/?post_type=product&#038;p=15160"},"modified":"2026-04-24T01:26:56","modified_gmt":"2026-04-23T22:26:56","slug":"safari-quad-alanya","status":"publish","type":"product","link":"https:\/\/excursionsworld.com\/tours\/alanya-quad-safari\/","title":{"rendered":"Safari en quad en Alanya \u2013 aventura en ATV todoterreno"},"content":{"rendered":"<h2><span style=\"color: #000000;\"><strong>\ud83c\udfdd\ufe0f Visi\u00f3n general<\/strong><\/span><\/h2>\n<p>Enciende tu sentido de la aventura con el <strong><a href=\"https:\/\/en.wikipedia.org\/wiki\/Alanya\" target=\"_blank\" rel=\"noopener\">Alanya<\/a> Safari en Quad<\/strong>\u00a1! Explore las estribaciones cubiertas de pinos de los Montes Tauro en una emocionante ruta en quad todoterreno de 20 km y 2 horas de duraci\u00f3n. Apta para todos los niveles de experiencia, esta excursi\u00f3n combina adrenalina, naturaleza y diversi\u00f3n inolvidable.<\/p>\n<h3><span style=\"color: #000000;\"><strong>\u00a0Incluido:<\/strong><\/span><\/h3>\n<p><strong><span style=\"color: #00ff00;\">\u2713<\/span><\/strong> Recogida y regreso al hotel en Alanya<br \/>\n<strong><span style=\"color: #00ff00;\">\u2713 <\/span><\/strong>Gu\u00edas e instructores profesionales<br \/>\n<strong><span style=\"color: #00ff00;\">\u2713 <\/span><\/strong>Casco y equipo de seguridad<br \/>\n<strong><span style=\"color: #00ff00;\">\u2713 <\/span><\/strong>Paseo en quad de 2 horas (ruta de 20 km)<\/p>\n<h3>\u00a0<span style=\"color: #000000;\"><strong>No se incluye:<\/strong><\/span><\/h3>\n<p><span style=\"color: #ff0000;\"><strong>\u2717<\/strong><\/span> Gastos personales<br \/>\n<span style=\"color: #ff0000;\"><strong>\u2717 <\/strong><\/span>Bebidas<br \/>\n<span style=\"color: #ff0000;\"><strong>\u2717 <\/strong><\/span>Fotos y v\u00eddeos profesionales<\/p>\n<h2><span style=\"color: #000000;\"><strong>\ud83c\udf1f Lo m\u00e1s destacado del viaje<\/strong><\/span><\/h2>\n<p>\ud83d\udd39 Emocionante ruta todoterreno de 20 km por los Montes Tauro<br \/>\n\ud83d\udd39 Senderos forestales, caminos rocosos y arroyos fluviales.<br \/>\n\ud83d\udd39 Impresionantes paisajes naturales y oportunidades fotogr\u00e1ficas<br \/>\n\ud83d\udd39 Apto para principiantes y todos los niveles de habilidad<br \/>\n\ud83d\udd39 Pausas refrescantes durante el trayecto<\/p>\n<h2><span style=\"color: #000000;\"><strong>\ud83d\udcd6 Descripci\u00f3n completa<\/strong><\/span><\/h2>\n<p>Su aventura comienza con el traslado desde el hotel en Alanya y zonas cercanas hasta la base de quads, situada en una pintoresca zona boscosa todoterreno junto a un r\u00edo. Tras una exhaustiva sesi\u00f3n informativa sobre seguridad, los instructores realizar\u00e1n un breve recorrido de prueba para que se familiarice con los quads totalmente autom\u00e1ticos. A continuaci\u00f3n, emprenda un emocionante recorrido de 20 km por pistas forestales, caminos embarrados y colinas de los Montes Tauro. Haga descansos programados para relajarse, disfrutar del paisaje y hacer fotos. Los instructores le acompa\u00f1ar\u00e1n siempre que lo necesite. Tras el paseo, regrese a la base y disfrute de un c\u00f3modo traslado de vuelta a su hotel.<\/p>\n<h3><span style=\"color: #000000;\"><strong>\ud83d\uddfa\ufe0f Itinerario<\/strong><\/span><\/h3>\n<p>\ud83d\udd39 Recogida en hoteles\/apartamentos en Alanya<br \/>\n\ud83d\udd39 Llegada a la estaci\u00f3n de safari en quad<br \/>\n\ud83d\udd39 Sesi\u00f3n informativa sobre seguridad y preparaci\u00f3n del equipo<br \/>\n\ud83d\udd39 Breve recorrido de prueba para familiarizarse con el quad.<br \/>\n\ud83d\udd39 Paseo guiado de 20 km por monta\u00f1as y pistas forestales.<br \/>\n\ud83d\udd39 Pausas para fotos, refrigerios y relajaci\u00f3n.<br \/>\n\ud83d\udd39 Regreso a la base de cuadriciclos y entrega en el hotel.<\/p>\n<h3><span style=\"color: #000000;\"><strong>\u2139\ufe0f Informaci\u00f3n \u00fatil<\/strong><\/span><\/h3>\n<p>\ud83d\udd39 Duraci\u00f3n: Aproximadamente 3 horas<br \/>\n\ud83d\udd39 Tiempo de conducci\u00f3n: 2 horas (ruta de 20 km)<br \/>\n\ud83d\udd39 No se requiere experiencia previa ni carnet de conducir.<br \/>\n\ud83d\udd39 Edad m\u00ednima del conductor: 17 a\u00f1os<br \/>\n\ud83d\udd39 Quads autom\u00e1ticos, f\u00e1ciles de manejar.<br \/>\n\ud83d\udd39 Nivel de actividad f\u00edsica de moderado a alto.<\/p>\n<h2><span style=\"color: #000000;\"><strong>Qu\u00e9 llevar<\/strong><\/span><\/h2>\n<p>\ud83d\udd39 Ropa y calzado c\u00f3modos (espera que se llene de polvo).<br \/>\n\ud83d\udd39 Gafas de sol y pa\u00f1uelo para protegerse del polvo<br \/>\n\ud83d\udd39 Protector solar<br \/>\n\ud83d\udd39 Dinero en efectivo para gastos personales (bebidas, fotos, etc.)<\/p>\n<h3><span style=\"color: #000000;\"><strong>\ud83d\udeab No apto para<\/strong><\/span><\/h3>\n<p>\ud83d\udd39 Mujeres embarazadas<br \/>\n\ud83d\udd39 Invitados bajo los efectos del alcohol<br \/>\n\ud83d\udd39 Personas con movilidad reducida<\/p>\n<h2 dir=\"ltr\">\ud83d\udcb8\u00a0<strong>Precios y reservas<\/strong><\/h2>\n<p dir=\"ltr\"><strong>\ud83d\udd39 Reserva ahora, paga el d\u00eda de la excursi\u00f3n<\/strong><br \/>\n\ud83d\udd39 Ponte en contacto con nosotros a trav\u00e9s de WhatsApp, Telegram, Viber, o rellena el siguiente formulario de reserva. \ud83d\udc47\ud83c\udffc<\/p>\n<p>\u00bfBuscas alternativas? Explora <a href=\"https:\/\/excursionsworld.com\/es\/excursiones-alanya\/\">m\u00e1s tours en Alanya<\/a>.<\/p>","protected":false},"excerpt":{"rendered":"<p data-start=\"2866\" data-end=\"3089\">Reserve su <b>Safari en quad por Alanya<\/b>\u00a1! Disfrute de un <b>Excursi\u00f3n de 2 horas en quad<\/b> en el <b>Montes Tauro<\/b>. <b>Todoterreno<\/b> aventura y <b>excursi\u00f3n de adrenalina<\/b>. <b>Traslado incluido<\/b>, No se necesita licencia.<\/p>","protected":false},"featured_media":15085,"comment_status":"open","ping_status":"closed","template":"","meta":[],"product_brand":[],"product_cat":[128],"product_tag":[111],"class_list":{"0":"post-15160","1":"product","2":"type-product","3":"status-publish","4":"has-post-thumbnail","6":"tour_phys-alanya-tours","7":"product_cat-alanya-tours","8":"product_tag-alanya","9":"pa_destination-alanya-tours","11":"first","12":"instock","13":"sale","14":"shipping-taxable","15":"purchasable","16":"product-type-tour_phys"},"aioseo_notices":[],"_links":{"self":[{"href":"https:\/\/excursionsworld.com\/es\/wp-json\/wp\/v2\/product\/15160","targetHints":{"allow":["GET"]}}],"collection":[{"href":"https:\/\/excursionsworld.com\/es\/wp-json\/wp\/v2\/product"}],"about":[{"href":"https:\/\/excursionsworld.com\/es\/wp-json\/wp\/v2\/types\/product"}],"replies":[{"embeddable":true,"href":"https:\/\/excursionsworld.com\/es\/wp-json\/wp\/v2\/comments?post=15160"}],"wp:featuredmedia":[{"embeddable":true,"href":"https:\/\/excursionsworld.com\/es\/wp-json\/wp\/v2\/media\/15085"}],"wp:attachment":[{"href":"https:\/\/excursionsworld.com\/es\/wp-json\/wp\/v2\/media?parent=15160"}],"wp:term":[{"taxonomy":"product_brand","embeddable":true,"href":"https:\/\/excursionsworld.com\/es\/wp-json\/wp\/v2\/product_brand?post=15160"},{"taxonomy":"product_cat","embeddable":true,"href":"https:\/\/excursionsworld.com\/es\/wp-json\/wp\/v2\/product_cat?post=15160"},{"taxonomy":"product_tag","embeddable":true,"href":"https:\/\/excursionsworld.com\/es\/wp-json\/wp\/v2\/product_tag?post=15160"}],"curies":[{"name":"wp","href":"https:\/\/api.w.org\/{rel}","templated":true}]}}