{"id":15167,"date":"2025-10-21T14:40:32","date_gmt":"2025-10-21T11:40:32","guid":{"rendered":"https:\/\/excursionsworld.com\/?post_type=product&#038;p=15167"},"modified":"2025-11-22T17:39:56","modified_gmt":"2025-11-22T14:39:56","slug":"excursion-pesca-barco-alanya","status":"publish","type":"product","link":"https:\/\/excursionsworld.com\/tours\/alanya-sea-fishing\/","title":{"rendered":"Excursi\u00f3n de pesca en barco en Alanya \u2013 todo incluido"},"content":{"rendered":"<h3><span style=\"color: #000000;\"><strong>\ud83c\udfdd\ufe0f Visi\u00f3n general<\/strong><\/span><\/h3>\n<p data-start=\"234\" data-end=\"521\">\u00danase a la excursi\u00f3n de pesca en Alanya y experimente la mezcla perfecta de pesca, relajaci\u00f3n y belleza mediterr\u00e1nea. Tanto si es un principiante como un pescador experimentado, este tranquilo viaje en barco le ofrece la oportunidad de pescar, nadar y relajarse mientras navega por la impresionante costa de Alanya.<\/p>\n<h3 data-start=\"523\" data-end=\"540\"><span style=\"color: #000000;\"><strong>\u00a0Incluido:<\/strong><\/span><\/h3>\n<p data-start=\"541\" data-end=\"761\"><span style=\"color: #00ff00;\"><strong>\u2713<\/strong> <\/span>Recogida y entrega en el hotel<br data-start=\"597\" data-end=\"600\" \/><span style=\"color: #00ff00;\"><strong>\u2713<\/strong> <\/span>Capit\u00e1n y pescador profesional<br data-start=\"645\" data-end=\"648\" \/><span style=\"color: #00ff00;\"><strong>\u2713<\/strong> <\/span>Todo el equipo de pesca (ca\u00f1a, cebo, sedal)<br data-start=\"689\" data-end=\"692\" \/><span style=\"color: #00ff00;\"><strong>\u2713<\/strong> <\/span>Almuerzo servido a bordo<br data-start=\"715\" data-end=\"718\" \/><span style=\"color: #00ff00;\"><strong>\u2713<\/strong> <\/span>Refrescos<br data-start=\"731\" data-end=\"734\" \/><span style=\"color: #00ff00;\"><strong>\u2713<\/strong> <\/span>Seguro a todo riesgo<\/p>\n<h3 data-start=\"763\" data-end=\"784\">\u00a0<span style=\"color: #000000;\"><strong>No se incluye:<\/strong><\/span><\/h3>\n<p data-start=\"785\" data-end=\"853\"><span style=\"color: #ff0000;\"><strong>\u2717<\/strong> <\/span>Bebidas alcoh\u00f3licas<br data-start=\"803\" data-end=\"806\" \/><span style=\"color: #ff0000;\"><strong>\u2717<\/strong> <\/span>Gastos personales<\/p>\n<h3 data-start=\"855\" data-end=\"880\"><span style=\"color: #000000;\"><strong>\ud83c\udf1f Lo m\u00e1s destacado del viaje<\/strong><\/span><\/h3>\n<p data-start=\"881\" data-end=\"1235\">\ud83d\udd39 Excursi\u00f3n en barco en grupos reducidos para disfrutar de una tranquila experiencia de pesca<br data-start=\"939\" data-end=\"942\" \/>\ud83d\udd39 Pesca peces como la lubina, la dorada, el at\u00fan y el coral.<br data-start=\"1000\" data-end=\"1003\" \/>\ud83d\udd39 Disfruta de pausas para nadar y tomar el sol en las cristalinas aguas del Mediterr\u00e1neo<br data-start=\"1072\" data-end=\"1075\" \/>\ud83d\udd39 Delicioso almuerzo y refrescos servidos a bordo<br data-start=\"1125\" data-end=\"1128\" \/>\ud83d\udd39 Pescador local profesional para asistir y guiar.<br data-start=\"1179\" data-end=\"1182\" \/>\ud83d\udd39 Perfecto para parejas, familias y amantes de la naturaleza.<\/p>\n<h3 data-start=\"1237\" data-end=\"1263\"><span style=\"color: #000000;\"><strong>\ud83d\udcd6 Descripci\u00f3n completa<\/strong><\/span><\/h3>\n<p data-start=\"1264\" data-end=\"1961\">Su viaje comienza con una c\u00f3moda recogida en su hotel de Alanya y traslado al puerto de Turkler. Despu\u00e9s de abordar el barco de pesca, se encontrar\u00e1 con su capit\u00e1n y pescador experimentado que le presentar\u00e1 el equipo y le explicar\u00e1 los conceptos b\u00e1sicos.<br data-start=\"1515\" data-end=\"1518\" \/>Al salir a mar abierto, lance el sedal en las ricas aguas mediterr\u00e1neas, donde le espera una gran variedad de peces, como lubinas, bonitos y meros. Si pesca algo, podr\u00e1 incluso asarlo y disfrutarlo en el mismo barco. Entre sesi\u00f3n y sesi\u00f3n de pesca, podr\u00e1 darse un refrescante ba\u00f1o o simplemente relajarse bajo el sol. Con el apacible sonido de las olas y la suave brisa marina, esta excursi\u00f3n es la escapada perfecta de la ajetreada vida de la ciudad.<\/p>\n<h3 data-start=\"1963\" data-end=\"1988\"><span style=\"color: #000000;\"><strong>\ud83d\uddfa\ufe0f Itinerario<\/strong><\/span><\/h3>\n<p data-start=\"1989\" data-end=\"2253\">\ud83d\udd39 Recogida en hoteles y apartamentos en Alanya.<br data-start=\"2035\" data-end=\"2038\" \/>\ud83d\udd39 Llegada al puerto de Turkler<br data-start=\"2066\" data-end=\"2069\" \/>\ud83d\udd39 Salida a mar abierto y comienza la pesca.<br data-start=\"2116\" data-end=\"2119\" \/>\ud83d\udd39 Pausas para pescar, nadar y relajarse.<br data-start=\"2162\" data-end=\"2165\" \/>\ud83d\udd39 Almuerzo servido a bordo<br data-start=\"2189\" data-end=\"2192\" \/>\ud83d\udd39 Volver al puerto de Alanya<br data-start=\"2218\" data-end=\"2221\" \/>Regreso al hotel<\/p>\n<h3 data-start=\"2255\" data-end=\"2283\"><span style=\"color: #000000;\"><strong>\u2139\ufe0f Informaci\u00f3n \u00fatil<\/strong><\/span><\/h3>\n<p data-start=\"2284\" data-end=\"2631\">\ud83d\udd39 Duraci\u00f3n: Aproximadamente 5 horas (incluidos los traslados)<br data-start=\"2340\" data-end=\"2343\" \/>\ud83d\udd39 Hora de salida: Sesiones de ma\u00f1ana (09:00) y tarde (14:00) disponibles.<br data-start=\"2418\" data-end=\"2421\" \/>\ud83d\udd39 Instalaciones del barco: WC y ducha disponibles a bordo<br data-start=\"2472\" data-end=\"2475\" \/>\ud83d\udd39 Recomendado: llevar crema solar, gorra, toalla y ba\u00f1ador.<br data-start=\"2532\" data-end=\"2535\" \/>\ud83d\udd39 Tama\u00f1o del grupo: grupos reducidos para mayor comodidad y experiencia personalizada.<\/p>\n<h3 data-start=\"2735\" data-end=\"2758\"><strong>Qu\u00e9 llevar<\/strong><\/h3>\n<p data-start=\"2759\" data-end=\"2853\">\ud83d\udd39 Ba\u00f1ador y toalla.<br data-start=\"2780\" data-end=\"2783\" \/>\ud83d\udd39 Protector solar y sombrero<br data-start=\"2803\" data-end=\"2806\" \/>Gafas de sol \ud83d\udd39<br data-start=\"2819\" data-end=\"2822\" \/>\ud83d\udd39 C\u00e1mara o tel\u00e9fono para las fotos<\/p>\n<h3 data-start=\"2633\" data-end=\"2659\"><span style=\"color: #000000;\"><strong>\ud83d\udeab No apto para<\/strong><\/span><\/h3>\n<p data-start=\"2660\" data-end=\"2733\">\ud83d\udd39 Hu\u00e9spedes con cinetosis severa.<br data-start=\"2697\" data-end=\"2700\" \/>\ud83d\udd39 Personas con movilidad reducida<\/p>\n<h3 dir=\"ltr\">\ud83d\udcb8\u00a0<strong>Precios y reservas<\/strong><\/h3>\n<p dir=\"ltr\"><strong>\ud83d\udd39 Reserva ahora, paga el d\u00eda de la excursi\u00f3n<\/strong><br \/>\n\ud83d\udd39 Ponte en contacto con nosotros a trav\u00e9s de WhatsApp, Telegram, Viber, o rellena el siguiente formulario de reserva. \ud83d\udc47\ud83c\udffc<\/p>","protected":false},"excerpt":{"rendered":"<p data-start=\"171\" data-end=\"381\">Reserve su <b>Alanya Fishing Tour<\/b>! Enjoy a relaxing <b>Fishing Trip<\/b> and swimming on a Mediterranean <b>excursi\u00f3n<\/b>. Equipment, lunch, and <b>traslado incluido<\/b>. Amateurs welcome!<\/p>","protected":false},"featured_media":15809,"comment_status":"open","ping_status":"closed","template":"","meta":[],"product_brand":[],"product_cat":[128],"product_tag":[111],"class_list":{"0":"post-15167","1":"product","2":"type-product","3":"status-publish","4":"has-post-thumbnail","6":"tour_phys-alanya-tours","7":"product_cat-alanya-tours","8":"product_tag-alanya","9":"pa_destination-alanya-tours","11":"first","12":"instock","13":"sale","14":"shipping-taxable","15":"purchasable","16":"product-type-tour_phys"},"aioseo_notices":[],"_links":{"self":[{"href":"https:\/\/excursionsworld.com\/es\/wp-json\/wp\/v2\/product\/15167","targetHints":{"allow":["GET"]}}],"collection":[{"href":"https:\/\/excursionsworld.com\/es\/wp-json\/wp\/v2\/product"}],"about":[{"href":"https:\/\/excursionsworld.com\/es\/wp-json\/wp\/v2\/types\/product"}],"replies":[{"embeddable":true,"href":"https:\/\/excursionsworld.com\/es\/wp-json\/wp\/v2\/comments?post=15167"}],"wp:featuredmedia":[{"embeddable":true,"href":"https:\/\/excursionsworld.com\/es\/wp-json\/wp\/v2\/media\/15809"}],"wp:attachment":[{"href":"https:\/\/excursionsworld.com\/es\/wp-json\/wp\/v2\/media?parent=15167"}],"wp:term":[{"taxonomy":"product_brand","embeddable":true,"href":"https:\/\/excursionsworld.com\/es\/wp-json\/wp\/v2\/product_brand?post=15167"},{"taxonomy":"product_cat","embeddable":true,"href":"https:\/\/excursionsworld.com\/es\/wp-json\/wp\/v2\/product_cat?post=15167"},{"taxonomy":"product_tag","embeddable":true,"href":"https:\/\/excursionsworld.com\/es\/wp-json\/wp\/v2\/product_tag?post=15167"}],"curies":[{"name":"wp","href":"https:\/\/api.w.org\/{rel}","templated":true}]}}