{"id":15187,"date":"2025-10-21T19:01:50","date_gmt":"2025-10-21T16:01:50","guid":{"rendered":"https:\/\/excursionsworld.com\/?post_type=product&#038;p=15187"},"modified":"2025-11-22T17:37:36","modified_gmt":"2025-11-22T14:37:36","slug":"excursion-buceo-snorkel-alanya","status":"publish","type":"product","link":"https:\/\/excursionsworld.com\/tours\/alanya-scuba-diving-snorkeling\/","title":{"rendered":"Buceo y snorkel en Alanya \u2013 scuba diving tour"},"content":{"rendered":"<h3 dir=\"ltr\" data-pm-slice=\"1 1 []\"><strong>\ud83c\udf0a Visi\u00f3n general<\/strong><\/h3>\n<p data-start=\"218\" data-end=\"479\">Sum\u00e9rjase en el fascinante mundo submarino de Side y descubra el Museo Submarino m\u00e1s grande de Europa. Perfecta tanto para principiantes como para buceadores certificados, esta excursi\u00f3n ofrece dos inmersiones guiadas, un delicioso almuerzo a bordo y traslados al hotel, todo en un d\u00eda inolvidable.<\/p>\n<h3 data-start=\"481\" data-end=\"496\"><span style=\"color: #000000;\"><strong>\u00a0Incluido:<\/strong><\/span><\/h3>\n<p data-start=\"498\" data-end=\"664\"><span style=\"color: #00ff00;\"><strong>\u2713<\/strong> <\/span>Recogida y entrega en el hotel<br data-start=\"525\" data-end=\"528\" \/><span style=\"color: #00ff00;\"><strong>\u2713<\/strong> <\/span>Seguro a todo riesgo<br data-start=\"544\" data-end=\"547\" \/><span style=\"color: #00ff00;\"><strong>\u2713<\/strong> <\/span>Instructores de buceo profesionales<br data-start=\"580\" data-end=\"583\" \/><span style=\"color: #00ff00;\"><strong>\u2713<\/strong> <\/span>Equipo completo de buceo<br data-start=\"606\" data-end=\"609\" \/><span style=\"color: #00ff00;\"><strong>\u2713<\/strong> <\/span>Dos inmersiones (Museo Submarino)<br data-start=\"640\" data-end=\"643\" \/><span style=\"color: #00ff00;\"><strong>\u2713<\/strong> <\/span>Almuerzo en el barco<\/p>\n<h3 data-start=\"666\" data-end=\"685\">\u00a0<span style=\"color: #000000;\"><strong>No se incluye:<\/strong><\/span><\/h3>\n<p data-start=\"687\" data-end=\"719\"><strong><span style=\"color: #ff0000;\">\u2717<\/span> <\/strong>Gastos personales<br data-start=\"706\" data-end=\"709\" \/><strong><span style=\"color: #ff0000;\">\u2717<\/span> <\/strong>Bebidas<\/p>\n<h3 data-start=\"721\" data-end=\"744\"><span style=\"color: #000000;\"><strong>\ud83c\udf1f Lo m\u00e1s destacado del viaje<\/strong><\/span><\/h3>\n<p data-start=\"746\" data-end=\"990\">\ud83d\udd39 Explora el museo submarino m\u00e1s grande de Europa<br data-start=\"791\" data-end=\"794\" \/>\ud83d\udd39 Disfruta de dos inmersiones guiadas por instructores titulados<br data-start=\"844\" data-end=\"847\" \/>\ud83d\udd39 Perfecto tanto para principiantes como para buceadores experimentados<br data-start=\"899\" data-end=\"902\" \/>\ud83d\udd39 Rel\u00e1jate y almuerza a bordo entre inmersi\u00f3n e inmersi\u00f3n<br data-start=\"948\" data-end=\"951\" \/>\ud83d\udd39 Traslado gratuito desde todos los hoteles Side<\/p>\n<h3 data-start=\"992\" data-end=\"1016\"><span style=\"color: #000000;\"><strong>\ud83d\udcd6 Descripci\u00f3n completa<\/strong><\/span><\/h3>\n<p data-start=\"1018\" data-end=\"1480\">Comience el d\u00eda con la recogida en el hotel sobre las 09:00 y dir\u00edjase a Side Harbour. Tras embarcar, reciba formaci\u00f3n completa e instrucciones de seguridad de instructores profesionales. Disfrute de dos inmersiones en el Museo Submarino - cada inmersi\u00f3n dura 20 minutos para principiantes y hasta 40 minutos para buceadores certificados. Entre inmersi\u00f3n e inmersi\u00f3n, disfrute de un almuerzo reci\u00e9n preparado a bordo y rel\u00e1jese bajo el sol. Tras la segunda inmersi\u00f3n, navegue de vuelta al puerto y regrese a su hotel sobre las 16:00.<\/p>\n<h3 data-start=\"1482\" data-end=\"1505\"><span style=\"color: #000000;\"><strong>\ud83d\uddfa\ufe0f Itinerario<\/strong><\/span><\/h3>\n<p data-start=\"1507\" data-end=\"1764\">\ud83d\udd39 09:00 - Recogida en el hotel<br data-start=\"1530\" data-end=\"1533\" \/>\ud83d\udd39 Llegada a Side Harbour y embarque<br data-start=\"1570\" data-end=\"1573\" \/>\ud83d\udd39 Navegaci\u00f3n hasta el punto de inmersi\u00f3n<br data-start=\"1600\" data-end=\"1603\" \/>\ud83d\udd39 Sesi\u00f3n informativa sobre formaci\u00f3n y seguridad<br data-start=\"1634\" data-end=\"1637\" \/>\ud83d\udd39 Primera inmersi\u00f3n (20-40 minutos)<br data-start=\"1666\" data-end=\"1669\" \/>\ud83d\udd39 Almuerzo en el barco<br data-start=\"1689\" data-end=\"1692\" \/>\ud83d\udd39 Segunda inmersi\u00f3n (20-40 minutos)<br data-start=\"1722\" data-end=\"1725\" \/>Regreso al puerto y entrega en el hotel<\/p>\n<h3 data-start=\"1766\" data-end=\"1792\"><span style=\"color: #000000;\"><strong>\u2139\ufe0f Informaci\u00f3n \u00fatil<\/strong><\/span><\/h3>\n<p data-start=\"1794\" data-end=\"1938\">Disponible todos los d\u00edas<br data-start=\"1816\" data-end=\"1819\" \/>\ud83d\udd39 Edad m\u00ednima para bucear: 14 a\u00f1os<br data-start=\"1850\" data-end=\"1853\" \/>\ud83d\udd39 Los no buceadores pueden apuntarse a mitad de precio<br data-start=\"1890\" data-end=\"1893\" \/>\ud83d\udd39 No olvides: ba\u00f1ador, toalla y crema solar.<\/p>\n<h3 data-start=\"2037\" data-end=\"2058\"><span style=\"color: #000000;\"><strong>Qu\u00e9 llevar<\/strong><\/span><\/h3>\n<p data-start=\"2060\" data-end=\"2158\">\ud83d\udd39 Ba\u00f1ador y toalla.<br data-start=\"2081\" data-end=\"2084\" \/>\ud83d\udd39 Protector solar y sombrero<br data-start=\"2104\" data-end=\"2107\" \/>\ud83d\udd39 Ropa c\u00f3moda<br data-start=\"2129\" data-end=\"2132\" \/>\ud83d\udd39 Calderilla para extras<\/p>\n<h3 data-start=\"1940\" data-end=\"1964\"><span style=\"color: #000000;\"><strong>\ud83d\udeab No apto para<\/strong><\/span><\/h3>\n<p data-start=\"1966\" data-end=\"2035\">\ud83d\udd39 Mujeres embarazadas<br data-start=\"1983\" data-end=\"1986\" \/>\ud83d\udd39 Hu\u00e9spedes con dolencias graves de espalda o coraz\u00f3n.<\/p>\n<h3 dir=\"ltr\">\ud83d\udcb8\u00a0<strong>Precios y reservas<\/strong><\/h3>\n<p dir=\"ltr\"><strong>\ud83d\udd39 Reserva ahora, paga el d\u00eda de la excursi\u00f3n<\/strong><br \/>\n\ud83d\udd39 Ponte en contacto con nosotros a trav\u00e9s de WhatsApp, Telegram, Viber, o rellena el siguiente formulario de reserva. \ud83d\udc47\ud83c\udffc<\/p>","protected":false},"excerpt":{"rendered":"<p>Reserva el <b>Alanya Scuba Diving Tour<\/b>! Discover the underwater world with <b>two dives<\/b> near <b>Castillo de Alanya<\/b>. <b>Excursion<\/b> para <b>principiantes<\/b> and certified divers. <b>Traslado incluido<\/b>!<\/p>","protected":false},"featured_media":15811,"comment_status":"open","ping_status":"closed","template":"","meta":[],"product_brand":[],"product_cat":[128],"product_tag":[111],"class_list":{"0":"post-15187","1":"product","2":"type-product","3":"status-publish","4":"has-post-thumbnail","6":"tour_phys-alanya-tours","7":"product_cat-alanya-tours","8":"product_tag-alanya","9":"pa_destination-alanya-tours","11":"first","12":"instock","13":"sale","14":"shipping-taxable","15":"purchasable","16":"product-type-tour_phys"},"aioseo_notices":[],"_links":{"self":[{"href":"https:\/\/excursionsworld.com\/es\/wp-json\/wp\/v2\/product\/15187","targetHints":{"allow":["GET"]}}],"collection":[{"href":"https:\/\/excursionsworld.com\/es\/wp-json\/wp\/v2\/product"}],"about":[{"href":"https:\/\/excursionsworld.com\/es\/wp-json\/wp\/v2\/types\/product"}],"replies":[{"embeddable":true,"href":"https:\/\/excursionsworld.com\/es\/wp-json\/wp\/v2\/comments?post=15187"}],"wp:featuredmedia":[{"embeddable":true,"href":"https:\/\/excursionsworld.com\/es\/wp-json\/wp\/v2\/media\/15811"}],"wp:attachment":[{"href":"https:\/\/excursionsworld.com\/es\/wp-json\/wp\/v2\/media?parent=15187"}],"wp:term":[{"taxonomy":"product_brand","embeddable":true,"href":"https:\/\/excursionsworld.com\/es\/wp-json\/wp\/v2\/product_brand?post=15187"},{"taxonomy":"product_cat","embeddable":true,"href":"https:\/\/excursionsworld.com\/es\/wp-json\/wp\/v2\/product_cat?post=15187"},{"taxonomy":"product_tag","embeddable":true,"href":"https:\/\/excursionsworld.com\/es\/wp-json\/wp\/v2\/product_tag?post=15187"}],"curies":[{"name":"wp","href":"https:\/\/api.w.org\/{rel}","templated":true}]}}