{"id":15189,"date":"2025-10-21T20:52:22","date_gmt":"2025-10-21T17:52:22","guid":{"rendered":"https:\/\/excursionsworld.com\/?post_type=product&#038;p=15189"},"modified":"2026-04-06T20:10:13","modified_gmt":"2026-04-06T17:10:13","slug":"sapadere-canon-rio-dim-alanya","status":"publish","type":"product","link":"https:\/\/excursionsworld.com\/tours\/alanya-sapadere-canyon-dim-river-dim-cave\/","title":{"rendered":"Excursi\u00f3n al Ca\u00f1\u00f3n Sapadere, r\u00edo Dim y cueva Dim desde Alanya"},"content":{"rendered":"<h3 data-start=\"231\" data-end=\"250\"><span style=\"color: #000000;\"><strong>\ud83c\udfdd\ufe0f Visi\u00f3n general<\/strong><\/span><\/h3>\n<p data-start=\"251\" data-end=\"548\">Esc\u00e1pese del calor mediterr\u00e1neo y explore las maravillas naturales m\u00e1s impresionantes de Alanya con el <strong data-start=\"345\" data-end=\"381\">Excursi\u00f3n por el ca\u00f1\u00f3n del Sapadere y el r\u00edo Dim<\/strong>. Esta aventura de un d\u00eda completo combina naturaleza refrescante, paisajes de monta\u00f1a y relajaci\u00f3n en el famoso r\u00edo Dim: la forma perfecta de disfrutar de una escapada fresca desde la costa.<\/p>\n<h3 data-start=\"550\" data-end=\"567\">\u00a0<span style=\"color: #000000;\"><strong>Incluido:<\/strong><\/span><\/h3>\n<p data-start=\"568\" data-end=\"733\"><strong><span style=\"color: #00ff00;\">\u2713<\/span> <\/strong>Recogida y entrega en el hotel\u00a0<br data-start=\"624\" data-end=\"627\" \/><strong><span style=\"color: #00ff00;\">\u2713<\/span> <\/strong>Servicio de gu\u00eda profesional<br data-start=\"657\" data-end=\"660\" \/><strong><span style=\"color: #00ff00;\">\u2713<\/span> <\/strong>Seguro a todo riesgo<br data-start=\"676\" data-end=\"679\" \/><strong><span style=\"color: #00ff00;\">\u2713<\/span> <\/strong>Almuerzo en Dim River<br data-start=\"699\" data-end=\"702\" \/><strong><span style=\"color: #00ff00;\">\u2713<\/span> <\/strong>Entrada al ca\u00f1\u00f3n Sapadere<\/p>\n<h3 data-start=\"735\" data-end=\"756\">\u00a0<span style=\"color: #000000;\"><strong>No se incluye:<\/strong><\/span><\/h3>\n<p data-start=\"757\" data-end=\"849\"><strong><span style=\"color: #ff0000;\">\u2717<\/span> <\/strong>Entrada a la Cueva Dim (opcional)<br data-start=\"790\" data-end=\"793\" \/><strong><span style=\"color: #ff0000;\">\u2717<\/span> <\/strong>Bebidas<br data-start=\"801\" data-end=\"804\" \/><strong><span style=\"color: #ff0000;\">\u2717<\/span> <\/strong>Gastos personales (fotos, recuerdos, etc.)<\/p>\n<h3 data-start=\"851\" data-end=\"876\"><span style=\"color: #000000;\"><strong>\ud83c\udf1f Lo m\u00e1s destacado del viaje<\/strong><\/span><\/h3>\n<p data-start=\"877\" data-end=\"1260\">\ud83d\udd39 Recorre los 600 metros de camino de madera a trav\u00e9s de <strong data-start=\"919\" data-end=\"938\">Ca\u00f1\u00f3n Sapadere<\/strong>, rodeado de cascadas y piscinas de agua cristalina.<br data-start=\"989\" data-end=\"992\" \/>\ud83d\udd39 Explorar <strong data-start=\"1003\" data-end=\"1015\">Cueva Dim<\/strong>, una de las cuevas naturales de piedra caliza m\u00e1s impresionantes de Alanya.<br data-start=\"1073\" data-end=\"1076\" \/>\ud83d\udd39 Disfruta de un relajante <strong data-start=\"1096\" data-end=\"1118\">almuerzo en Dim River<\/strong>, con cenadores construidos sobre el agua fresca y cristalina.<br data-start=\"1166\" data-end=\"1169\" \/>\ud83d\udd39 Perfecto para amantes de la naturaleza, fot\u00f3grafos y familias que buscan una escapada refrescante.<\/p>\n<h3 data-start=\"1262\" data-end=\"1288\"><span style=\"color: #000000;\"><strong>\ud83d\udcd6 Descripci\u00f3n completa<\/strong><\/span><\/h3>\n<p data-start=\"1289\" data-end=\"1833\">El viaje comienza con la recogida en el hotel de Alanya y un pintoresco recorrido por los montes Tauro en veh\u00edculos descapotables.<br data-start=\"1408\" data-end=\"1411\" \/>La primera parada es <strong data-start=\"1429\" data-end=\"1448\">Ca\u00f1\u00f3n Sapadere<\/strong>, una joya natural escondida que ofrece senderos, cascadas y piscinas naturales donde incluso podr\u00e1 darse un ba\u00f1o fr\u00edo. A continuaci\u00f3n, explore <strong data-start=\"1578\" data-end=\"1590\">Cueva Dim<\/strong>, un mundo subterr\u00e1neo de estalactitas y estalagmitas de miles de a\u00f1os de antig\u00fcedad.<br data-start=\"1667\" data-end=\"1670\" \/>Por \u00faltimo, dir\u00edjase a <strong data-start=\"1687\" data-end=\"1700\">Dim River<\/strong>, Una vez all\u00ed, podr\u00e1 disfrutar de un delicioso almuerzo en un cenador a la sombra del r\u00edo antes de regresar al hotel.<\/p>\n<h3 data-start=\"1835\" data-end=\"1860\"><span style=\"color: #000000;\"><strong>\ud83d\uddfa\ufe0f Itinerario<\/strong><\/span><\/h3>\n<p data-start=\"1861\" data-end=\"2085\">\ud83d\udd39 Recogida en los hoteles de la regi\u00f3n de Alanya.<br data-start=\"1899\" data-end=\"1902\" \/>\ud83d\udd39 Recorrido panor\u00e1mico y escapada fotogr\u00e1fica con vistas al mar<br data-start=\"1953\" data-end=\"1956\" \/>\ud83d\udd39 Visita el ca\u00f1\u00f3n Sapadere<br data-start=\"1980\" data-end=\"1983\" \/>\ud83d\udd39 Visita a la Cueva Dim (opcional)<br data-start=\"2011\" data-end=\"2014\" \/>\ud83d\udd39 Almuerzo y pausa para nadar en el r\u00edo Dim.<br data-start=\"2054\" data-end=\"2057\" \/>\ud83d\udd39 Traslado de ida y vuelta a los hoteles<\/p>\n<h3 data-start=\"2087\" data-end=\"2115\"><span style=\"color: #000000;\"><strong>\u2139\ufe0f Informaci\u00f3n \u00fatil<\/strong><\/span><\/h3>\n<p data-start=\"2116\" data-end=\"2324\">\ud83d\udd39 Duraci\u00f3n: Aproximadamente 7-8 horas<br data-start=\"2152\" data-end=\"2155\" \/>Disponible todos los d\u00edas<br data-start=\"2173\" data-end=\"2176\" \/>\ud83d\udd39 Recomendado: Calzado c\u00f3modo y ba\u00f1ador<br data-start=\"2222\" data-end=\"2225\" \/>\ud83d\udd39 Llevar: Protector solar, toalla y agua<br data-start=\"2262\" data-end=\"2265\" \/>\ud83d\udd39 Veh\u00edculos: Se utilizan jeeps o furgonetas descapotables para tener mejores vistas<\/p>\n<h3 data-start=\"2442\" data-end=\"2465\"><span style=\"color: #000000;\"><strong>Qu\u00e9 llevar<\/strong><\/span><\/h3>\n<p data-start=\"2466\" data-end=\"2580\">\ud83d\udd39 Zapatos c\u00f3modos<br data-start=\"2486\" data-end=\"2489\" \/>\ud83d\udd39 Ba\u00f1ador y toalla.<br data-start=\"2510\" data-end=\"2513\" \/>\ud83d\udd39 Gafas de sol y protecci\u00f3n solar.<br data-start=\"2540\" data-end=\"2543\" \/>\ud83d\udd39 Poco dinero en efectivo para gastos personales<\/p>\n<h3 data-start=\"2326\" data-end=\"2352\"><span style=\"color: #000000;\"><strong>\ud83d\udeab No apto para<\/strong><\/span><\/h3>\n<p data-start=\"2353\" data-end=\"2440\">\ud83d\udd39 Familias con beb\u00e9s<br data-start=\"2376\" data-end=\"2379\" \/>\ud83d\udd39 Hu\u00e9spedes con problemas de movilidad o enfermedades graves<\/p>\n<h3 dir=\"ltr\">\ud83d\udcb8\u00a0<strong>Precios y reservas<\/strong><\/h3>\n<p dir=\"ltr\"><strong>\ud83d\udd39 Reserva ahora, paga el d\u00eda de la excursi\u00f3n<\/strong><br \/>\n\ud83d\udd39 Ponte en contacto con nosotros a trav\u00e9s de WhatsApp, Telegram, Viber, o rellena el siguiente formulario de reserva. \ud83d\udc47\ud83c\udffc<\/p>","protected":false},"excerpt":{"rendered":"<p>Escape to nature with the <b>Alanya Sapadere Canyon Tour<\/b>! Explore the 600m canyon, <b>Cueva Dim<\/b>, and relax by <b>Dim River<\/b>. Great nature <b>excursi\u00f3n<\/b> con <b>almuerzo<\/b> y <b>traslado incluido<\/b>.<\/p>","protected":false},"featured_media":15203,"comment_status":"open","ping_status":"closed","template":"","meta":[],"product_brand":[],"product_cat":[128],"product_tag":[111],"class_list":{"0":"post-15189","1":"product","2":"type-product","3":"status-publish","4":"has-post-thumbnail","6":"tour_phys-alanya-tours","7":"product_cat-alanya-tours","8":"product_tag-alanya","9":"pa_destination-alanya-tours","11":"first","12":"instock","13":"sale","14":"shipping-taxable","15":"purchasable","16":"product-type-tour_phys"},"aioseo_notices":[],"_links":{"self":[{"href":"https:\/\/excursionsworld.com\/es\/wp-json\/wp\/v2\/product\/15189","targetHints":{"allow":["GET"]}}],"collection":[{"href":"https:\/\/excursionsworld.com\/es\/wp-json\/wp\/v2\/product"}],"about":[{"href":"https:\/\/excursionsworld.com\/es\/wp-json\/wp\/v2\/types\/product"}],"replies":[{"embeddable":true,"href":"https:\/\/excursionsworld.com\/es\/wp-json\/wp\/v2\/comments?post=15189"}],"wp:featuredmedia":[{"embeddable":true,"href":"https:\/\/excursionsworld.com\/es\/wp-json\/wp\/v2\/media\/15203"}],"wp:attachment":[{"href":"https:\/\/excursionsworld.com\/es\/wp-json\/wp\/v2\/media?parent=15189"}],"wp:term":[{"taxonomy":"product_brand","embeddable":true,"href":"https:\/\/excursionsworld.com\/es\/wp-json\/wp\/v2\/product_brand?post=15189"},{"taxonomy":"product_cat","embeddable":true,"href":"https:\/\/excursionsworld.com\/es\/wp-json\/wp\/v2\/product_cat?post=15189"},{"taxonomy":"product_tag","embeddable":true,"href":"https:\/\/excursionsworld.com\/es\/wp-json\/wp\/v2\/product_tag?post=15189"}],"curies":[{"name":"wp","href":"https:\/\/api.w.org\/{rel}","templated":true}]}}