{"id":15251,"date":"2025-10-23T13:20:24","date_gmt":"2025-10-23T10:20:24","guid":{"rendered":"https:\/\/excursionsworld.com\/?post_type=product&#038;p=15251"},"modified":"2026-04-24T00:20:43","modified_gmt":"2026-04-23T21:20:43","slug":"green-canon-jeep-safari-alanya","status":"publish","type":"product","link":"https:\/\/excursionsworld.com\/tours\/green-canyon-jeep-safari-alanya\/","title":{"rendered":"Green Canyon Safari en jeep desde Alanya \u2013 Ca\u00f1\u00f3n Verde"},"content":{"rendered":"<h2><span style=\"color: #000000;\"><strong>\ud83c\udfde\ufe0f Visi\u00f3n general<\/strong><\/span><\/h2>\n<p>\u00danete al <strong>Excursi\u00f3n Green Canyon Jeep Safari<\/strong> para un d\u00eda lleno de <strong>aventura, naturaleza y diversi\u00f3n<\/strong>\u00a1! Explore el impresionante <strong>Presa de Oymap\u0131nar (Ca\u00f1\u00f3n Verde)<\/strong> y el <strong>Montes Tauro<\/strong> en jeeps Land Rover descapotables y autobuses cabrio. Este viaje todoterreno es perfecto para los amantes de las emociones fuertes y de la naturaleza que quieran descubrir la belleza salvaje de Turqu\u00eda m\u00e1s all\u00e1 de la playa.<\/p>\n<h3><span style=\"color: #000000;\"><strong>Incluido:<\/strong><\/span><\/h3>\n<p><strong><span style=\"color: #00ff00;\">\u2713<\/span><\/strong> Recogida y entrega en el hotel<br \/><strong><span style=\"color: #00ff00;\">\u2713 <\/span><\/strong>Gu\u00eda profesional<br \/><strong><span style=\"color: #00ff00;\">\u2713 <\/span><\/strong>Safari en jeep todoterreno<br \/><strong><span style=\"color: #00ff00;\">\u2713 <\/span><\/strong>Excursi\u00f3n de una hora en barco por el Lago Verde<br \/><strong><span style=\"color: #00ff00;\">\u2713 <\/span><\/strong>Almuerzo en un restaurante a orillas del lago<br \/><strong><span style=\"color: #00ff00;\">\u2713 <\/span><\/strong>Seguros<\/p>\n<h3><span style=\"color: #000000;\"><strong>No se incluye:<\/strong><\/span><\/h3>\n<p><strong><span style=\"color: #ff0000;\">\u2717<\/span><\/strong> Bebidas<br \/><strong><span style=\"color: #ff0000;\">\u2717<\/span><\/strong> Gastos personales<br \/><strong><span style=\"color: #ff0000;\">\u2717<\/span><\/strong> Fotos y v\u00eddeos<\/p>\n<h2><span style=\"color: #000000;\"><strong>\ud83c\udf1f Lo m\u00e1s destacado del viaje<\/strong><\/span><\/h2>\n<p>\ud83d\udd39 Emocionante aventura todoterreno por el Ca\u00f1\u00f3n Verde<br \/>\ud83d\udd39 Relajante paseo de una hora en barco por el Lago Verde<br \/>\ud83d\udd39 Visita un pueblo n\u00f3mada turco y huertos frutales<br \/>\ud83d\udd39 Paradas fotogr\u00e1ficas panor\u00e1micas con vistas al ca\u00f1\u00f3n y al mar<br \/>\ud83d\udd39 Nataci\u00f3n, pirag\u00fcismo o pesca en el lago.<br \/>\ud83d\udd39 Excursi\u00f3n para toda la familia con gu\u00edas profesionales<\/p>\n<h2><span style=\"color: #000000;\"><strong>\ud83d\udcd6 Descripci\u00f3n completa<\/strong><\/span><\/h2>\n<div>Vive la emoci\u00f3n de un <strong>safari en jeep<\/strong> a trav\u00e9s de los impresionantes paisajes del <strong>Zona del Ca\u00f1\u00f3n Verde<\/strong>, ubicada a unos 80 km de <a href=\"https:\/\/en.wikipedia.org\/wiki\/Alanya\" target=\"_blank\" rel=\"noopener\">Alanya<\/a>. El tour comienza con una recogida en el hotel y un pintoresco paseo hacia el <strong>Montes Tauro<\/strong>, donde le rodean bosques de pinos y vistas panor\u00e1micas. Su aventura incluye <strong>dos tramos todoterreno<\/strong>, paradas fotogr\u00e1ficas en la antigua <strong>Acueductos romanos<\/strong>, y visitas a un <strong>pueblo n\u00f3mada local<\/strong>, <strong>huertos frutales<\/strong>, y un <strong>peque\u00f1o zoo<\/strong> - para que conozca la aut\u00e9ntica vida rural. Al mediod\u00eda, disfrute de un <strong>delicioso almuerzo<\/strong> en un restaurante junto al lago con vistas al <strong>lago verde esmeralda<\/strong>. Despu\u00e9s de comer, rel\u00e1jese con un <strong>viaje en barco<\/strong> en las tranquilas aguas del Lago Verde, seguido de tiempo libre para <strong>nataci\u00f3n, pirag\u00fcismo o pesca<\/strong>. El d\u00eda termina con la segunda parte del <strong>pista todoterreno<\/strong>, Antes de regresar a su hotel en Alanya, le llevaremos de vuelta por pintorescas carreteras de monta\u00f1a.<\/div>\n<h3><span style=\"color: #000000;\"><strong>\ud83d\uddfa\ufe0f Itinerario<\/strong><\/span><\/h3>\n<p>\ud83d\udd39 Recogida en los hoteles de la regi\u00f3n de Alanya.<br \/>\ud83d\udd39 Conduce hasta el Ca\u00f1\u00f3n Verde en jeeps descapotables<br \/>\ud83d\udd39 Primer tramo fuera de carretera y parada fotogr\u00e1fica en los acueductos romanos<br \/>\ud83d\udd39 Visita el pueblo n\u00f3mada, los huertos frutales y el mini zoo.<br \/>\ud83d\udd39 Mirador con vistas al Mediterr\u00e1neo<br \/>\ud83d\udd39 Almuerzo en restaurante a orillas del lago.<br \/>\ud83d\udd39 Paseo de una hora en barco por el Lago Verde<br \/>\ud83d\udd39 Tiempo libre para nadar y relajarse.<br \/>\ud83d\udd39 Segundo tramo todoterreno<br \/>\ud83d\udd39 Traslado de ida y vuelta a los hoteles<\/p>\n<h3><span style=\"color: #000000;\"><strong>\u2139\ufe0f Informaci\u00f3n \u00fatil<\/strong><\/span><\/h3>\n<p>\ud83d\udd39 Duraci\u00f3n: aproximadamente 7-8 horas<br \/>\ud83d\udd39 Adecuado para familias y amantes de la aventura<br \/>\ud83d\udd39 Trae ba\u00f1ador si quieres ba\u00f1arte en el lago.<br \/>\ud83d\udd39 Gu\u00edas de habla inglesa<br \/>\ud83d\udd39 Los menores de 5 a\u00f1os viajan gratis pero comparten asiento en el autob\u00fas<\/p>\n<h2><span style=\"color: #000000;\"><strong>Qu\u00e9 llevar<\/strong><\/span><\/h2>\n<p>\ud83d\udd39 Ba\u00f1ador y toalla.<br \/>\ud83d\udd39 Protector solar y gafas de sol.<br \/>\ud83d\udd39 Sombrero o gorra<br \/>\ud83d\udd39 C\u00e1mara o tel\u00e9fono<br \/>\ud83d\udd39 Poco dinero en efectivo para bebidas o souvenirs.<\/p>\n<h3><span style=\"color: #000000;\"><strong>\ud83d\udeab No apto para<\/strong><\/span><\/h3>\n<p>\ud83d\udd39 Hu\u00e9spedes con problemas de espalda o cuello.<br \/>\ud83d\udd39 Mujeres embarazadas<\/p>\n<h2 dir=\"ltr\">\ud83d\udcb8\u00a0<strong>Precios y reservas<\/strong><\/h2>\n<p dir=\"ltr\"><strong>\ud83d\udd39 Reserva ahora, paga el d\u00eda de la excursi\u00f3n<\/strong><br \/>\n\ud83d\udd39 Ponte en contacto con nosotros a trav\u00e9s de WhatsApp, Telegram, Viber, o rellena el siguiente formulario de reserva. \ud83d\udc47\ud83c\udffc<\/p>\n<p>\u00bfBuscas alternativas? Explora <a href=\"https:\/\/excursionsworld.com\/es\/excursiones-alanya\/\">m\u00e1s tours en Alanya<\/a>.<\/p>","protected":false},"excerpt":{"rendered":"<p>Reserva el <b>Safari en jeep por el Ca\u00f1\u00f3n Verde de Alanya<\/b>\u00a1! Emocionante todoterreno <b>excursi\u00f3n<\/b> en los Montes Tauro. Incluye <b>viaje en barco<\/b>, <b>almuerzo<\/b>, nataci\u00f3n y diversi\u00f3n. Aventura <b>visita<\/b>!<\/p>","protected":false},"featured_media":15297,"comment_status":"open","ping_status":"closed","template":"","meta":[],"product_brand":[],"product_cat":[128],"product_tag":[111],"class_list":{"0":"post-15251","1":"product","2":"type-product","3":"status-publish","4":"has-post-thumbnail","6":"tour_phys-alanya-tours","7":"product_cat-alanya-tours","8":"product_tag-alanya","9":"pa_destination-alanya-tours","11":"first","12":"instock","13":"sale","14":"shipping-taxable","15":"purchasable","16":"product-type-tour_phys"},"aioseo_notices":[],"_links":{"self":[{"href":"https:\/\/excursionsworld.com\/es\/wp-json\/wp\/v2\/product\/15251","targetHints":{"allow":["GET"]}}],"collection":[{"href":"https:\/\/excursionsworld.com\/es\/wp-json\/wp\/v2\/product"}],"about":[{"href":"https:\/\/excursionsworld.com\/es\/wp-json\/wp\/v2\/types\/product"}],"replies":[{"embeddable":true,"href":"https:\/\/excursionsworld.com\/es\/wp-json\/wp\/v2\/comments?post=15251"}],"wp:featuredmedia":[{"embeddable":true,"href":"https:\/\/excursionsworld.com\/es\/wp-json\/wp\/v2\/media\/15297"}],"wp:attachment":[{"href":"https:\/\/excursionsworld.com\/es\/wp-json\/wp\/v2\/media?parent=15251"}],"wp:term":[{"taxonomy":"product_brand","embeddable":true,"href":"https:\/\/excursionsworld.com\/es\/wp-json\/wp\/v2\/product_brand?post=15251"},{"taxonomy":"product_cat","embeddable":true,"href":"https:\/\/excursionsworld.com\/es\/wp-json\/wp\/v2\/product_cat?post=15251"},{"taxonomy":"product_tag","embeddable":true,"href":"https:\/\/excursionsworld.com\/es\/wp-json\/wp\/v2\/product_tag?post=15251"}],"curies":[{"name":"wp","href":"https:\/\/api.w.org\/{rel}","templated":true}]}}