{"id":15296,"date":"2025-10-24T20:27:13","date_gmt":"2025-10-24T17:27:13","guid":{"rendered":"https:\/\/excursionsworld.com\/?post_type=product&#038;p=15296"},"modified":"2026-05-12T21:54:53","modified_gmt":"2026-05-12T18:54:53","slug":"capadocia-2-dias-alanya","status":"publish","type":"product","link":"https:\/\/excursionsworld.com\/tours\/cappadocia-2-day-alanya\/","title":{"rendered":"Tour de 2 d\u00edas a Capadocia desde Alanya con paseo en globo"},"content":{"rendered":"<h2><span style=\"color: #000000;\"><strong>\ud83c\udf04 Visi\u00f3n general<\/strong><\/span><\/h2>\n<p>\u00danete a un tour guiado de 2 d\u00edas desde Alanya y \u00e1reas cercanas (Konakl\u0131, Avsallar, T\u00fcrkler, Mahmutlar, Oba) para explorar los paisajes m\u00e1gicos de <a href=\"https:\/\/en.wikipedia.org\/wiki\/Cappadocia\" target=\"_blank\" rel=\"noopener\">Capadocia<\/a>. Descubre chimeneas de hadas, ciudades subterr\u00e1neas e iglesias rupestres con un gu\u00eda profesional \u2014 una mezcla inolvidable de historia, naturaleza y cultura.<\/p>\n<h2><span style=\"color: #000000;\"><strong>Incluido:<\/strong><\/span><\/h2>\n<div><span style=\"color: #00ff00;\"><strong>\u2713<\/strong> <\/span>Recogida y entrega en el hotel<\/div>\n<div><span style=\"color: #00ff00;\"><strong>\u2713<\/strong> <\/span>1 noche de hotel (habitaci\u00f3n est\u00e1ndar)<br \/>\n<span style=\"color: #00ff00;\"><strong>\u2713<\/strong> <\/span>Cena de la primera noche<\/div>\n<div><span style=\"color: #00ff00;\"><strong>\u2713 <\/strong><\/span>Desayuno (D\u00eda 2 - en el hotel)<br \/>\n<span style=\"color: #00ff00;\"><strong>\u2713<\/strong> <\/span>Entradas a los principales lugares de inter\u00e9s<br \/>\n<span style=\"color: #00ff00;\"><strong>\u2713<\/strong> <\/span>Gu\u00eda profesional<br \/>\n<span style=\"color: #00ff00;\"><strong>\u2713<\/strong> <\/span>Seguro de viaje<br \/>\n<span style=\"color: #00ff00;\"><strong>\u2713<\/strong> <\/span>Autob\u00fas con aire acondicionado<\/div>\n<h2><strong>Excluidos:<\/strong><\/h2>\n<div><strong><span style=\"color: #ff0000;\">\u2717<\/span><\/strong> Bebidas durante las comidas<br \/>\n<strong><span style=\"color: #ff0000;\">\u2717 <\/span><\/strong>Suplemento por habitaci\u00f3n individual<br \/>\n<strong><span style=\"color: #ff0000;\">\u2717 <\/span><\/strong>Almuerzos ambos d\u00edas<br \/>\n<strong><span style=\"color: #ff0000;\">\u2717<\/span><\/strong> <strong>Actividades opcionales:<\/strong><\/div>\n<div><strong>\u2022<\/strong> Noche turca 30\u20ac<br \/>\n<strong>\u2022<\/strong> Tour Panor\u00e1mico \u2013 En Bus \u2013 30\u20ac<br \/>\n<strong>\u2022<\/strong> Tour Panor\u00e1mico \u2013 En Jeep \u2013 50\u20ac<\/div>\n<h2><span style=\"color: #000000;\"><strong>\ud83c\udff0 Lo m\u00e1s destacado del viaje<\/strong><\/span><\/h2>\n<p>\ud83d\udd39 El Valle del Amor y sus chimeneas de hadas<br \/>\n\ud83d\udd39 Antigua ciudad subterr\u00e1nea: una maravilla arquitect\u00f3nica<br \/>\n\ud83d\udd39 Pa\u015faba\u011f Valle con rocas en forma de seta.<br \/>\n\ud83d\udd39 Castillo de Uchisar con vistas panor\u00e1micas<br \/>\n\ud83d\udd39 Museo al aire libre de Zelve - pueblo cueva.<br \/>\n\ud83d\udd39 Valle de Devrent con rocas en forma de animales<br \/>\n\ud83d\udd39 Demostraci\u00f3n de alfarer\u00eda en Avanos<br \/>\n\ud83d\udd39 Paseo opcional en globo aerost\u00e1tico al amanecer<\/p>\n<h3><span style=\"color: #000000;\"><strong>\ud83d\udcd6 Descripci\u00f3n completa<\/strong><\/span><\/h3>\n<p>Su aventura en Capadocia comienza con la recogida temprano por la ma\u00f1ana en su hotel de Alanya o alrededores. Viaje a trav\u00e9s de los pintorescos montes Tauro hacia Capadocia, una de las regiones m\u00e1s fascinantes de Turqu\u00eda.<br \/>\nExplore una ciudad subterr\u00e1nea, visite el famoso Valle del Amor y Pa\u015faba\u011f, con sus rocas en forma de seta, y disfrute de vistas panor\u00e1micas desde el castillo de Uchisar. Asista a demostraciones de alfarer\u00eda en Avanos y descubra las antiguas cuevas de Zelve. Pase la noche en un confortable hotel con cena incluida. El segundo d\u00eda, visite iglesias hist\u00f3ricas, un caravasar y centros de artesan\u00eda local antes de su viaje de regreso a Alanya.<\/p>\n<h2><span style=\"color: #000000;\"><strong>\ud83d\uddfa\ufe0f Itinerario<\/strong><\/span><\/h2>\n<p><strong>D\u00eda 1<\/strong><br \/>\n\ud83d\udd39 Recogida en los hoteles de Alanya a primera hora de la ma\u00f1ana.<br \/>\n\ud83d\udd39 Parada para desayunar en el camino<br \/>\n\ud83d\udd39 Visita la ciudad subterr\u00e1nea<br \/>\n\ud83d\udd39 Almuerzo en Uchisar<br \/>\n\ud83d\udd39 Visita el castillo de Uchisar y el valle de G\u00f6reme<br \/>\n\ud83d\udd39 Explora Pa\u015faba\u011f y el centro de cer\u00e1mica Avanos.<br \/>\n\ud83d\udd39 Registro en el hotel, cena, tiempo libre, noche turca opcional.<\/p>\n<p><strong>D\u00eda 2<\/strong><br \/>\n\ud83d\udd39 Desayuno en el hotel<br \/>\n\ud83d\udd39 Visita el Valle del Amor y las iglesias rupestres<br \/>\n\ud83d\udd39 Centro de tejido de alfombras y caravasar<br \/>\n\ud83d\udd39 Almuerzo en Konya<br \/>\n\ud83d\udd39 Volver a Alanya<\/p>\n<h3><span style=\"color: #000000;\"><strong>\u2139\ufe0f Informaci\u00f3n \u00fatil<\/strong><\/span><\/h3>\n<p>\ud83d\udd39 Duraci\u00f3n: 2 d\u00edas aproximadamente<br \/>\n\ud83d\udd39 Actividad f\u00edsica moderada<br \/>\n\ud83d\udd39 Paseo en globo aerost\u00e1tico opcional y dependiente de las condiciones meteorol\u00f3gicas.<br \/>\n\ud83d\udd39 Alojamiento est\u00e1ndar (se aplica suplemento por habitaci\u00f3n individual)<br \/>\n\ud83d\udd39 Los menores de 6 a\u00f1os viajan gratis pero comparten asiento a menos que reserven por separado<\/p>\n<h3><span style=\"color: #000000;\"><strong>Qu\u00e9 llevar<\/strong><\/span><\/h3>\n<p>\ud83d\udd39 Pasaporte o documento de identidad<br \/>\n\ud83d\udd39 Zapatos c\u00f3modos para caminar<br \/>\n\ud83d\udd39 Gafas de sol, gorra y crema solar.<br \/>\n\ud83d\udd39 Chaqueta para el tiempo m\u00e1s fresco<br \/>\n\ud83d\udd39 C\u00e1mara o smartphone<br \/>\n\ud83d\udd39 Efectivo para gastos opcionales<\/p>\n<h3><span style=\"color: #000000;\"><strong>\ud83d\udeab No apto para<\/strong><\/span><\/h3>\n<p>\ud83d\udd39 Hu\u00e9spedes con movilidad reducida<br \/>\n\ud83d\udd39 Ni\u00f1os muy peque\u00f1os<\/p>\n<h2 dir=\"ltr\">\ud83d\udcb8\u00a0<strong>Precios y reservas<\/strong><\/h2>\n<p dir=\"ltr\"><strong>\ud83d\udd39 Reserva ahora, paga el d\u00eda de la excursi\u00f3n<\/strong><br \/>\n\ud83d\udd39 Ponte en contacto con nosotros a trav\u00e9s de WhatsApp, Telegram, Viber, o rellena el siguiente formulario de reserva. \ud83d\udc47\ud83c\udffc<\/p>\n<p>\u00bfBuscas alternativas? Explora <a href=\"https:\/\/excursionsworld.com\/es\/excursiones-alanya\/\">m\u00e1s tours de Alanya en Capadocia<\/a>.<\/p>","protected":false},"excerpt":{"rendered":"<p><b>Excursi\u00f3n de 2 d\u00edas de Alanya a Capadocia<\/b>\u00a1Visita <b>chimeneas de hadas<\/b>, <b>ciudades subterr\u00e1neas<\/b>, <b>Castillo de U\u00e7hisar<\/b>. <b>Excursi\u00f3n con todo incluido<\/b> con <b>hotel<\/b> &amp; <b>gu\u00eda profesional<\/b>.<\/p>","protected":false},"featured_media":12798,"comment_status":"open","ping_status":"closed","template":"","meta":[],"product_brand":[],"product_cat":[128],"product_tag":[111],"class_list":{"0":"post-15296","1":"product","2":"type-product","3":"status-publish","4":"has-post-thumbnail","6":"tour_phys-alanya-tours","7":"product_cat-alanya-tours","8":"product_tag-alanya","9":"pa_destination-alanya-tours","11":"first","12":"instock","13":"sale","14":"shipping-taxable","15":"purchasable","16":"product-type-tour_phys"},"aioseo_notices":[],"_links":{"self":[{"href":"https:\/\/excursionsworld.com\/es\/wp-json\/wp\/v2\/product\/15296","targetHints":{"allow":["GET"]}}],"collection":[{"href":"https:\/\/excursionsworld.com\/es\/wp-json\/wp\/v2\/product"}],"about":[{"href":"https:\/\/excursionsworld.com\/es\/wp-json\/wp\/v2\/types\/product"}],"replies":[{"embeddable":true,"href":"https:\/\/excursionsworld.com\/es\/wp-json\/wp\/v2\/comments?post=15296"}],"wp:featuredmedia":[{"embeddable":true,"href":"https:\/\/excursionsworld.com\/es\/wp-json\/wp\/v2\/media\/12798"}],"wp:attachment":[{"href":"https:\/\/excursionsworld.com\/es\/wp-json\/wp\/v2\/media?parent=15296"}],"wp:term":[{"taxonomy":"product_brand","embeddable":true,"href":"https:\/\/excursionsworld.com\/es\/wp-json\/wp\/v2\/product_brand?post=15296"},{"taxonomy":"product_cat","embeddable":true,"href":"https:\/\/excursionsworld.com\/es\/wp-json\/wp\/v2\/product_cat?post=15296"},{"taxonomy":"product_tag","embeddable":true,"href":"https:\/\/excursionsworld.com\/es\/wp-json\/wp\/v2\/product_tag?post=15296"}],"curies":[{"name":"wp","href":"https:\/\/api.w.org\/{rel}","templated":true}]}}