{"id":15308,"date":"2025-10-25T11:53:22","date_gmt":"2025-10-25T08:53:22","guid":{"rendered":"https:\/\/excursionsworld.com\/?post_type=product&#038;p=15308"},"modified":"2025-11-22T17:15:24","modified_gmt":"2025-11-22T14:15:24","slug":"demre-myra-kekova-alanya","status":"publish","type":"product","link":"https:\/\/excursionsworld.com\/tours\/demre-myra-kekova-tour-from-alanya\/","title":{"rendered":"Excursi\u00f3n a Demre, Myra y Kekova desde Alanya \u2013 Iglesia de San Nicol\u00e1s"},"content":{"rendered":"<h3 data-start=\"121\" data-end=\"138\"><span style=\"color: #000000;\"><strong>\ud83c\udfdd\ufe0f Visi\u00f3n general<\/strong><\/span><\/h3>\n<p data-start=\"140\" data-end=\"514\">Emb\u00e1rquese en una inolvidable excursi\u00f3n de un d\u00eda completo desde Alanya a la antigua regi\u00f3n de Licia. Navegue sobre la ciudad hundida de Kekova en un yate con fondo de cristal, explore las tumbas rupestres de Myra y visite la iglesia de San Nicol\u00e1s en Demre, el legendario hogar de Pap\u00e1 Noel. Este viaje combina a la perfecci\u00f3n historia, cultura y belleza mediterr\u00e1nea, por lo que es ideal tanto para familias como para exploradores.<\/p>\n<h3 data-start=\"516\" data-end=\"530\"><span style=\"color: #000000;\"><strong>Incluido:<\/strong><\/span><\/h3>\n<p data-start=\"532\" data-end=\"743\"><span style=\"color: #00ff00;\"><strong>\u2713<\/strong> <\/span>Recogida y entrega en el hotel\u00a0<br data-start=\"575\" data-end=\"578\" \/><span style=\"color: #00ff00;\"><strong>\u2713<\/strong> <\/span>C\u00f3modo autob\u00fas con aire acondicionado<br data-start=\"611\" data-end=\"614\" \/><span style=\"color: #00ff00;\"><strong>\u2713<\/strong> <\/span>Crucero en yate con fondo de cristal<br data-start=\"641\" data-end=\"644\" \/><span style=\"color: #00ff00;\"><strong>\u2713<\/strong> <\/span>Entradas a Myra<br data-start=\"667\" data-end=\"670\" \/><span style=\"color: #00ff00;\"><strong>\u2713<\/strong> <\/span>Gu\u00eda profesional<br data-start=\"690\" data-end=\"693\" \/><span style=\"color: #00ff00;\"><strong>\u2713<\/strong> <\/span>Seguro a todo riesgo<br data-start=\"709\" data-end=\"712\" \/><span style=\"color: #00ff00;\"><strong>\u2713<\/strong> <\/span>Almuerzo en un restaurante local<\/p>\n<h3 data-start=\"745\" data-end=\"763\"><span style=\"color: #000000;\"><strong>No se incluye:<\/strong><\/span><\/h3>\n<p data-start=\"765\" data-end=\"866\"><span style=\"color: #ff0000;\"><strong>\u2717<\/strong> <\/span>Entrada a la iglesia de San Nicol\u00e1s (opcional)<br data-start=\"809\" data-end=\"812\" \/><span style=\"color: #ff0000;\"><strong>\u2717<\/strong> <\/span>Gastos personales<br data-start=\"831\" data-end=\"834\" \/><span style=\"color: #ff0000;\"><strong>\u2717<\/strong> <\/span>Fotos y v\u00eddeos<br data-start=\"853\" data-end=\"856\" \/><span style=\"color: #ff0000;\"><strong>\u2717<\/strong> <\/span>Bebidas<\/p>\n<h3 data-start=\"868\" data-end=\"891\"><span style=\"color: #000000;\"><strong>\ud83c\udf1f Lo m\u00e1s destacado del viaje<\/strong><\/span><\/h3>\n<p data-start=\"893\" data-end=\"1261\">\ud83d\udd39 Viaje panor\u00e1mico desde Alanya por la costa mediterr\u00e1nea<br data-start=\"954\" data-end=\"957\" \/>\ud83d\udd39 Sobrevuela la ciudad hundida de Kekova en un yate con fondo de cristal<br data-start=\"1021\" data-end=\"1024\" \/>\ud83d\udd39 Explora las antiguas tumbas rupestres y el teatro romano de Myra<br data-start=\"1079\" data-end=\"1082\" \/>\ud83d\udd39 Visita la iglesia de San Nicol\u00e1s en Demre: el lugar de nacimiento de la leyenda de Pap\u00e1 Noel.<br data-start=\"1158\" data-end=\"1161\" \/>\ud83d\udd39 B\u00e1\u00f1ate en las aguas turquesas del Mediterr\u00e1neo<br data-start=\"1202\" data-end=\"1205\" \/>\ud83d\udd39 Marav\u00edllate con las vistas del castillo de Simena desde el yate<\/p>\n<h3 data-start=\"1263\" data-end=\"1287\"><span style=\"color: #000000;\"><strong>\ud83d\udcd6 Descripci\u00f3n completa<\/strong><\/span><\/h3>\n<p data-start=\"1289\" data-end=\"1490\">Su aventura licia comienza con la recogida por la ma\u00f1ana en su hotel de Alanya. Disfrute de un relajante viaje por la hermosa costa hacia Demre y Myra, dos de los lugares hist\u00f3ricos m\u00e1s fascinantes de Turqu\u00eda. El viaje comienza en Myra, donde ver\u00e1 impresionantes tumbas licias excavadas en la roca y un teatro romano extraordinariamente bien conservado. Contin\u00fae hasta la iglesia de San Nicol\u00e1s, construida en honor del querido obispo que inspir\u00f3 la leyenda de Pap\u00e1 Noel. Despu\u00e9s, disfrute de un almuerzo tradicional turco en un restaurante local. A continuaci\u00f3n, dir\u00edjase al puerto de \u00c7aya\u011fz\u0131 y embarque en un yate con fondo de cristal para realizar un crucero de 2,5 horas hasta la isla de Kekova. Sea testigo de las misteriosas ruinas de la ciudad hundida bajo el mar azul claro, nade en una tranquila bah\u00eda y admire el castillo de Simena que se eleva sobre la costa. Tras un incre\u00edble d\u00eda de historia, cultura y naturaleza, ser\u00e1 trasladado c\u00f3modamente de vuelta a su hotel en Alanya.<\/p>\n<h3 data-start=\"2167\" data-end=\"2190\"><span style=\"color: #000000;\"><strong>\ud83d\uddfa\ufe0f Itinerario<\/strong><\/span><\/h3>\n<p data-start=\"2192\" data-end=\"2473\">\ud83d\udd39 Recogida en los hoteles de Alanya<br data-start=\"2223\" data-end=\"2226\" \/>\ud83d\udd39 Visita a las tumbas rupestres de Myra y al teatro romano.<br data-start=\"2271\" data-end=\"2274\" \/>\ud83d\udd39 Visita a la iglesia de San Nicol\u00e1s (entrada opcional).<br data-start=\"2324\" data-end=\"2327\" \/>\ud83d\udd39 Almuerzo en un restaurante local.<br data-start=\"2357\" data-end=\"2360\" \/>\ud83d\udd39 Crucero en yate con fondo de cristal hasta Kekova<br data-start=\"2398\" data-end=\"2401\" \/>\ud83d\udd39 Parada para nadar y hacer turismo<br data-start=\"2433\" data-end=\"2436\" \/>\ud83d\udd39 Traslado de ida y vuelta a los hoteles de Alanya<\/p>\n<h3 data-start=\"2475\" data-end=\"2501\"><span style=\"color: #000000;\"><strong>\u2139\ufe0f Informaci\u00f3n \u00fatil<\/strong><\/span><\/h3>\n<p data-start=\"2503\" data-end=\"2669\">\ud83d\udd39 Duraci\u00f3n: aproximadamente 9-10 horas<br data-start=\"2540\" data-end=\"2543\" \/>\ud83d\udd39 El itinerario puede variar debido a las condiciones meteorol\u00f3gicas o mar\u00edtimas<br data-start=\"2597\" data-end=\"2600\" \/>\ud83d\udd39 Los menores de 6 a\u00f1os viajan gratis pero comparten asiento si el autob\u00fas va lleno<\/p>\n<h3 data-start=\"2671\" data-end=\"2692\"><span style=\"color: #000000;\"><strong>Qu\u00e9 llevar<\/strong><\/span><\/h3>\n<p data-start=\"2694\" data-end=\"2810\">\ud83d\udd39 Zapatos c\u00f3modos para caminar<br data-start=\"2722\" data-end=\"2725\" \/>\ud83d\udd39 Gafas de sol y protecci\u00f3n solar.<br data-start=\"2752\" data-end=\"2755\" \/>\ud83d\udd39 Ba\u00f1ador y toalla.<br data-start=\"2776\" data-end=\"2779\" \/>\ud83d\udd39 Efectivo para gastos personales<\/p>\n<h3 data-start=\"2812\" data-end=\"2836\"><span style=\"color: #000000;\"><strong>\ud83d\udeab No apto para<\/strong><\/span><\/h3>\n<p data-start=\"2838\" data-end=\"2918\">\ud83d\udd39 Personas con movilidad reducida<br data-start=\"2869\" data-end=\"2872\" \/>\ud83d\udd39 Viajeros con enfermedades graves<\/p>\n<h3 dir=\"ltr\">\ud83d\udcb8\u00a0<strong>Precios y reservas<\/strong><\/h3>\n<p dir=\"ltr\"><strong>\ud83d\udd39 Reserva ahora, paga el d\u00eda de la excursi\u00f3n<\/strong><br \/>\n\ud83d\udd39 Ponte en contacto con nosotros a trav\u00e9s de WhatsApp, Telegram, Viber, o rellena el siguiente formulario de reserva. \ud83d\udc47\ud83c\udffc<\/p>","protected":false},"excerpt":{"rendered":"<p>Reservar la historia <b>excursi\u00f3n<\/b> de <b>Alanya<\/b>\u00a1! Inolvidable <b>excursi\u00f3n de un d\u00eda<\/b> a las tumbas de Myra, la iglesia de San Nicol\u00e1s y la ciudad hundida de Kekova <b>excursi\u00f3n en barco<\/b>. \u00a1La historia te espera!<\/p>","protected":false},"featured_media":12563,"comment_status":"open","ping_status":"closed","template":"","meta":[],"product_brand":[],"product_cat":[128],"product_tag":[111],"class_list":{"0":"post-15308","1":"product","2":"type-product","3":"status-publish","4":"has-post-thumbnail","6":"tour_phys-alanya-tours","7":"product_cat-alanya-tours","8":"product_tag-alanya","9":"pa_destination-alanya-tours","11":"first","12":"instock","13":"sale","14":"shipping-taxable","15":"purchasable","16":"product-type-tour_phys"},"aioseo_notices":[],"_links":{"self":[{"href":"https:\/\/excursionsworld.com\/es\/wp-json\/wp\/v2\/product\/15308","targetHints":{"allow":["GET"]}}],"collection":[{"href":"https:\/\/excursionsworld.com\/es\/wp-json\/wp\/v2\/product"}],"about":[{"href":"https:\/\/excursionsworld.com\/es\/wp-json\/wp\/v2\/types\/product"}],"replies":[{"embeddable":true,"href":"https:\/\/excursionsworld.com\/es\/wp-json\/wp\/v2\/comments?post=15308"}],"wp:featuredmedia":[{"embeddable":true,"href":"https:\/\/excursionsworld.com\/es\/wp-json\/wp\/v2\/media\/12563"}],"wp:attachment":[{"href":"https:\/\/excursionsworld.com\/es\/wp-json\/wp\/v2\/media?parent=15308"}],"wp:term":[{"taxonomy":"product_brand","embeddable":true,"href":"https:\/\/excursionsworld.com\/es\/wp-json\/wp\/v2\/product_brand?post=15308"},{"taxonomy":"product_cat","embeddable":true,"href":"https:\/\/excursionsworld.com\/es\/wp-json\/wp\/v2\/product_cat?post=15308"},{"taxonomy":"product_tag","embeddable":true,"href":"https:\/\/excursionsworld.com\/es\/wp-json\/wp\/v2\/product_tag?post=15308"}],"curies":[{"name":"wp","href":"https:\/\/api.w.org\/{rel}","templated":true}]}}