{"id":15309,"date":"2025-10-25T13:55:51","date_gmt":"2025-10-25T10:55:51","guid":{"rendered":"https:\/\/excursionsworld.com\/?post_type=product&#038;p=15309"},"modified":"2025-12-18T19:08:06","modified_gmt":"2025-12-18T16:08:06","slug":"pamukkale-salda-lago-alanya","status":"publish","type":"product","link":"https:\/\/excursionsworld.com\/tours\/pamukkale-salda-lake-alanya\/","title":{"rendered":"Excursi\u00f3n a Pamukkale y lago Salda desde Alanya \u2013 d\u00eda completo"},"content":{"rendered":"<h3 data-start=\"104\" data-end=\"121\"><span style=\"color: #000000;\"><strong>\ud83c\udfdd\ufe0f Visi\u00f3n general<\/strong><\/span><\/h3>\n<p data-start=\"123\" data-end=\"542\">Descubra las impresionantes terrazas de Pamukkale, la antigua ciudad de Hier\u00e1polis y las impresionantes aguas turquesas del lago Salda en una excursi\u00f3n de un d\u00eda desde Alanya. Disfrute de c\u00f3modos traslados desde los hoteles de la regi\u00f3n de Alanya para un viaje sin contratiempos. B\u00e1\u00f1ese en aguas termales, explore ruinas hist\u00f3ricas, marav\u00edllese con las \u201cMaldivas\u201d de Turqu\u00eda en el lago Salda y saboree deliciosos desayunos, almuerzos y cenas en esta inolvidable aventura.<\/p>\n<h3 data-start=\"544\" data-end=\"558\"><span style=\"color: #000000;\"><strong>Incluido:<\/strong><\/span><\/h3>\n<p data-start=\"560\" data-end=\"775\"><strong><span style=\"color: #00ff00;\">\u2713<\/span> <\/strong>Recogida y entrega en el hotel\u00a0<br data-start=\"603\" data-end=\"606\" \/><strong><span style=\"color: #00ff00;\">\u2713<\/span> <\/strong>Autob\u00fas con aire acondicionado<br data-start=\"627\" data-end=\"630\" \/><strong><span style=\"color: #00ff00;\">\u2713<\/span> <\/strong>Entradas a Pamukkale y Hier\u00e1polis<br data-start=\"673\" data-end=\"676\" \/><strong><span style=\"color: #00ff00;\">\u2713<\/span> <\/strong>Seguro a todo riesgo<br data-start=\"692\" data-end=\"695\" \/><strong><span style=\"color: #00ff00;\">\u2713<\/span> <\/strong>Gu\u00eda historiador angl\u00f3fono<br data-start=\"729\" data-end=\"732\" \/><strong><span style=\"color: #00ff00;\">\u2713<\/span> <\/strong>Desayuno<br data-start=\"743\" data-end=\"746\" \/><strong><span style=\"color: #00ff00;\">\u2713<\/span> <\/strong>Almuerzo (buffet)<br data-start=\"762\" data-end=\"765\" \/><strong><span style=\"color: #00ff00;\">\u2713<\/span> <\/strong>Cena<\/p>\n<h3 data-start=\"777\" data-end=\"795\"><span style=\"color: #000000;\"><strong>No se incluye:<\/strong><\/span><\/h3>\n<p data-start=\"797\" data-end=\"862\"><span style=\"color: #ff0000;\"><strong>\u2717<\/strong> <\/span>Entrada a la piscina de Cleopatra<br data-start=\"827\" data-end=\"830\" \/><span style=\"color: #ff0000;\"><strong>\u2717<\/strong> <\/span>Gastos personales<br data-start=\"849\" data-end=\"852\" \/><span style=\"color: #ff0000;\"><strong>\u2717<\/strong> <\/span>Bebidas<\/p>\n<h3 data-start=\"864\" data-end=\"887\"><span style=\"color: #000000;\"><strong>\ud83c\udf1f Lo m\u00e1s destacado del viaje<\/strong><\/span><\/h3>\n<p data-start=\"889\" data-end=\"1252\">\ud83d\udd39 Marav\u00edllate con los travertinos blancos como la nieve de Pamukkale<br data-start=\"941\" data-end=\"944\" \/>\ud83d\udd39 Explora el teatro romano y las ruinas de Hier\u00e1polis<br data-start=\"996\" data-end=\"999\" \/>\ud83d\udd39 Rel\u00e1jate en piscinas termales naturales<br data-start=\"1032\" data-end=\"1035\" \/>\ud83d\udd39 Visita las orillas turquesas del lago Salda, las \u201cMaldivas\u201d de Turqu\u00eda\u201d<br data-start=\"1099\" data-end=\"1102\" \/>\ud83d\udd39 Ba\u00f1o opcional en la piscina de Cleopatra (cargo adicional).<br data-start=\"1150\" data-end=\"1153\" \/>\ud83d\udd39 Disfruta del desayuno, el almuerzo y la cena tradicionales turcos<br data-start=\"1210\" data-end=\"1213\" \/>\ud83d\udd39 Visita un lugar declarado Patrimonio de la Humanidad por la UNESCO<\/p>\n<h3 data-start=\"1254\" data-end=\"1278\"><span style=\"color: #000000;\"><strong>\ud83d\udcd6 Descripci\u00f3n completa<\/strong><\/span><\/h3>\n<div data-start=\"1280\" data-end=\"1501\">El d\u00eda comienza con un c\u00f3modo traslado desde su hotel en Alanya. Tras un copioso desayuno en ruta, viajar\u00e1 a trav\u00e9s de pintorescos paisajes hasta Pamukkale, conocido como el \u201cCastillo de Algod\u00f3n\u201d por sus deslumbrantes terrazas blancas. A su llegada, disfrute de un almuerzo buffet antes de explorar los travertinos ricos en minerales de Pamukkale. A continuaci\u00f3n, emb\u00e1rquese en una visita guiada por la antigua ciudad de Hier\u00e1polis, visitando el teatro romano, el templo de Apolo y otros monumentos hist\u00f3ricos. Rel\u00e1jese en las piscinas termales u opte por un ba\u00f1o en la Piscina de Cleopatra (cargo adicional). La excursi\u00f3n contin\u00faa con una visita al lago Salda, a menudo llamado las \u201cMaldivas\u201d de Turqu\u00eda por sus cristalinas aguas turquesas y sus orillas de arena blanca. T\u00f3mese su tiempo para pasear por el lago, hacer fotos o simplemente empaparse de su serena belleza. El d\u00eda concluye con una deliciosa cena y un viaje de regreso a su hotel en Alanya, lleno de v\u00edvidos recuerdos.<\/div>\n<h3 data-start=\"2164\" data-end=\"2187\"><span style=\"color: #000000;\"><strong>\ud83d\uddfa\ufe0f Itinerario<\/strong><\/span><\/h3>\n<p data-start=\"2189\" data-end=\"2517\">\ud83d\udd39 Recogida en los hoteles de Alanya<br data-start=\"2220\" data-end=\"2223\" \/>\ud83d\udd39 Desayuno en ruta<br data-start=\"2244\" data-end=\"2247\" \/>\ud83d\udd39 Viaje a Pamukkale<br data-start=\"2270\" data-end=\"2273\" \/>Almuerzo buffet<br data-start=\"2288\" data-end=\"2291\" \/>\ud83d\udd39 Recorrido por los travertinos de Pamukkale<br data-start=\"2325\" data-end=\"2328\" \/>\ud83d\udd39 Visita a las ruinas de Hier\u00e1polis<br data-start=\"2356\" data-end=\"2359\" \/>\ud83d\udd39 Tiempo libre para la Piscina de Cleopatra (opcional)<br data-start=\"2403\" data-end=\"2406\" \/>\ud83d\udd39 Visita al lago Salda para hacer turismo y fotos.<br data-start=\"2455\" data-end=\"2458\" \/>\ud83d\udd39 Cena<br data-start=\"2467\" data-end=\"2470\" \/>\ud83d\udd39 Viaje de ida y vuelta<br data-start=\"2487\" data-end=\"2490\" \/>\ud83d\udd39 Traslado de vuelta al hotel<\/p>\n<h3 data-start=\"2519\" data-end=\"2545\"><span style=\"color: #000000;\"><strong>\u2139\ufe0f Informaci\u00f3n \u00fatil<\/strong><\/span><\/h3>\n<p data-start=\"2547\" data-end=\"2859\">\ud83d\udd39 Duraci\u00f3n: 12 horas aproximadamente<br data-start=\"2582\" data-end=\"2585\" \/>\ud83d\udd39 El itinerario puede cambiar debido a las condiciones meteorol\u00f3gicas<br data-start=\"2634\" data-end=\"2637\" \/>\ud83d\udd39 Actividad f\u00edsica moderada (caminar, nataci\u00f3n opcional).<br data-start=\"2695\" data-end=\"2698\" \/>\ud83d\udd39 Los ni\u00f1os menores de 5 a\u00f1os que viajan gratis no tienen un asiento aparte en el autob\u00fas. Si el autob\u00fas est\u00e1 lleno, se sientan en el regazo de un adulto, o se puede reservar un asiento aparte<\/p>\n<h3 data-start=\"2861\" data-end=\"2882\"><span style=\"color: #000000;\"><strong>Qu\u00e9 llevar<\/strong><\/span><\/h3>\n<p data-start=\"2884\" data-end=\"3026\">\ud83d\udd39 Pasaporte o documento de identidad<br data-start=\"2901\" data-end=\"2904\" \/>\ud83d\udd39 Zapatos c\u00f3modos<br data-start=\"2924\" data-end=\"2927\" \/>\ud83d\udd39 Gafas de sol y sombreros<br data-start=\"2953\" data-end=\"2956\" \/>\ud83d\udd39 Ba\u00f1ador y toalla.<br data-start=\"2977\" data-end=\"2980\" \/>\ud83d\udd39 Protector solar<br data-start=\"2992\" data-end=\"2995\" \/>\ud83d\udd39 Efectivo para gastos personales<\/p>\n<h3 data-start=\"3028\" data-end=\"3052\"><span style=\"color: #000000;\"><strong>\ud83d\udeab No apto para<\/strong><\/span><\/h3>\n<p data-start=\"3054\" data-end=\"3136\">\ud83d\udd39 Personas con movilidad reducida<br data-start=\"3085\" data-end=\"3088\" \/>\ud83d\udd39 Personas con enfermedades graves<\/p>\n<h3 dir=\"ltr\">\ud83d\udcb8\u00a0<strong>Precios y reservas<\/strong><\/h3>\n<p dir=\"ltr\"><strong>\ud83d\udd39 Reserva ahora, paga el d\u00eda de la excursi\u00f3n<\/strong><br \/>\n\ud83d\udd39 Ponte en contacto con nosotros a trav\u00e9s de WhatsApp, Telegram, Viber, o rellena el siguiente formulario de reserva. \ud83d\udc47\ud83c\udffc<\/p>","protected":false},"excerpt":{"rendered":"<p>Reserva el <b>Excursi\u00f3n a Alanya Pamukkale<\/b>! Visit Hierapolis ruins &amp; Salda Lake (Turkey&#8217;s Maldives). All-day <b>excursi\u00f3n<\/b> with thermal springs, meals, and comfortable <b>excursi\u00f3n de un d\u00eda<\/b>.<\/p>","protected":false},"featured_media":14072,"comment_status":"open","ping_status":"closed","template":"","meta":[],"product_brand":[],"product_cat":[128],"product_tag":[111],"class_list":{"0":"post-15309","1":"product","2":"type-product","3":"status-publish","4":"has-post-thumbnail","6":"tour_phys-alanya-tours","7":"product_cat-alanya-tours","8":"product_tag-alanya","9":"pa_destination-alanya-tours","11":"first","12":"instock","13":"sale","14":"shipping-taxable","15":"purchasable","16":"product-type-tour_phys"},"aioseo_notices":[],"_links":{"self":[{"href":"https:\/\/excursionsworld.com\/es\/wp-json\/wp\/v2\/product\/15309","targetHints":{"allow":["GET"]}}],"collection":[{"href":"https:\/\/excursionsworld.com\/es\/wp-json\/wp\/v2\/product"}],"about":[{"href":"https:\/\/excursionsworld.com\/es\/wp-json\/wp\/v2\/types\/product"}],"replies":[{"embeddable":true,"href":"https:\/\/excursionsworld.com\/es\/wp-json\/wp\/v2\/comments?post=15309"}],"wp:featuredmedia":[{"embeddable":true,"href":"https:\/\/excursionsworld.com\/es\/wp-json\/wp\/v2\/media\/14072"}],"wp:attachment":[{"href":"https:\/\/excursionsworld.com\/es\/wp-json\/wp\/v2\/media?parent=15309"}],"wp:term":[{"taxonomy":"product_brand","embeddable":true,"href":"https:\/\/excursionsworld.com\/es\/wp-json\/wp\/v2\/product_brand?post=15309"},{"taxonomy":"product_cat","embeddable":true,"href":"https:\/\/excursionsworld.com\/es\/wp-json\/wp\/v2\/product_cat?post=15309"},{"taxonomy":"product_tag","embeddable":true,"href":"https:\/\/excursionsworld.com\/es\/wp-json\/wp\/v2\/product_tag?post=15309"}],"curies":[{"name":"wp","href":"https:\/\/api.w.org\/{rel}","templated":true}]}}