{"id":15314,"date":"2025-10-25T19:47:55","date_gmt":"2025-10-25T16:47:55","guid":{"rendered":"https:\/\/excursionsworld.com\/?post_type=product&#038;p=15314"},"modified":"2026-03-14T19:47:05","modified_gmt":"2026-03-14T16:47:05","slug":"pamukkale-globo-aerostatico-kemer","status":"publish","type":"product","link":"https:\/\/excursionsworld.com\/tours\/pamukkale-hot-air-balloon-kemer\/","title":{"rendered":"Pamukkale: Vuelo en globo aerost\u00e1tico desde Kemer \u2013 al amanecer"},"content":{"rendered":"<h3 dir=\"ltr\" data-pm-slice=\"1 1 []\"><strong>\ud83c\udfdd\ufe0f Visi\u00f3n general<\/strong><\/h3>\n<p dir=\"ltr\">Experimente la magia de Pamukkale a vista de p\u00e1jaro durante un inolvidable paseo en globo aerost\u00e1tico al amanecer. Salida desde Kemer y regiones cercanas, con c\u00f3modos traslados desde Beldibi, G\u00f6yn\u00fck, Kiri\u015f, \u00c7amyuva y Tekirova. Despu\u00e9s del vuelo, disfrute de una excursi\u00f3n por Pamukkale y la antigua ciudad de Hier\u00e1polis, junto con un delicioso almuerzo.<\/p>\n<h3 dir=\"ltr\"><span style=\"color: #000000;\"><strong>Incluido:<\/strong><\/span><\/h3>\n<p dir=\"ltr\"><strong><span style=\"color: #00ff00;\">\u2713<\/span><\/strong> Recogida y entrega en el hotel<br \/>\n<strong><span style=\"color: #00ff00;\">\u2713 <\/span><\/strong>Autob\u00fas con aire acondicionado<br \/>\n<strong><span style=\"color: #00ff00;\">\u2713 <\/span><\/strong>Paseo en globo<br \/>\n<strong><span style=\"color: #00ff00;\">\u2713 <\/span><\/strong><span style=\"color: #00ff00;\"><span style=\"color: #000000;\">Ingl\u00e9s<\/span><\/span>-gu\u00eda historiador<br \/>\n<strong><span style=\"color: #00ff00;\">\u2713 <\/span><\/strong>Almuerzo<br \/>\n<strong><span style=\"color: #00ff00;\">\u2713 <\/span><\/strong>Piloto profesional<br \/>\n<strong><span style=\"color: #00ff00;\">\u2713 <\/span><\/strong>Certificado de vuelo<br \/>\n<strong><span style=\"color: #00ff00;\">\u2713 <\/span><\/strong>Seguro a todo riesgo<\/p>\n<h3 dir=\"ltr\"><span style=\"color: #000000;\"><strong>Excluidos:<\/strong><\/span><\/h3>\n<div dir=\"ltr\"><span style=\"color: #ff0000;\"><strong>\u2717 <\/strong><\/span>Entradas Pamukkale y Hier\u00e1polis (40 \u20ac)<\/div>\n<div dir=\"ltr\"><span style=\"color: #ff0000;\"><strong>\u2717<\/strong><\/span> Entrada a la piscina de Cleopatra<br \/>\n<span style=\"color: #ff0000;\"><strong>\u2717<\/strong><\/span> Bebidas<\/div>\n<h3 dir=\"ltr\"><span style=\"color: #000000;\"><strong>\ud83c\udf1f Lo m\u00e1s destacado del viaje<\/strong><\/span><\/h3>\n<p dir=\"ltr\">\ud83d\udd39 Paseo en globo al amanecer sobre las terrazas blancas de Pamukkale<br \/>\n\ud83d\udd39 Impresionantes vistas panor\u00e1micas y oportunidades fotogr\u00e1ficas \u00fanicas<br \/>\n\ud83d\udd39Champ\u00e1n y certificado al aterrizar<br \/>\n\ud83d\udd39 Visita de Hier\u00e1polis, con su antiguo teatro y sus tumbas.<br \/>\n\ud83d\udd39 Ba\u00f1o opcional en la piscina de Cleopatra (cargo adicional).<\/p>\n<h3 dir=\"ltr\"><span style=\"color: #000000;\"><strong>\ud83d\udcd6 Descripci\u00f3n completa<\/strong><\/span><\/h3>\n<div dir=\"ltr\">El d\u00eda comienza con un traslado temprano desde su hotel. El viaje de 3,5 horas a Pamukkale se realiza a bordo de un c\u00f3modo autob\u00fas con aire acondicionado.<\/div>\n<div dir=\"ltr\">A su llegada, emb\u00e1rquese en una aventura inolvidable: un paseo en globo aerost\u00e1tico al amanecer. Sobrevuele las deslumbrantes terrazas blancas y las antiguas ruinas de Pamukkale y disfrute de unas vistas impresionantes. Despu\u00e9s de aterrizar, celebre con una copa de champ\u00e1n y reciba un certificado de vuelo.<\/div>\n<div dir=\"ltr\">A continuaci\u00f3n, explore Pamukkale y la antigua ciudad de Hier\u00e1polis, visitando el teatro romano, los ba\u00f1os termales y otros lugares de inter\u00e9s con un gu\u00eda profesional. Los interesados pueden visitar la Piscina de Cleopatra (cargo adicional). El d\u00eda concluye con un delicioso almuerzo y el traslado de vuelta a su hotel en la regi\u00f3n de Kemer.<\/div>\n<h3 dir=\"ltr\"><span style=\"color: #000000;\"><strong>\ud83d\uddfa\ufe0f Itinerario<\/strong><\/span><\/h3>\n<p dir=\"ltr\">\ud83d\udd39 Recogida temprano en el hotel<br \/>\n\ud83d\udd39 Llegada a Pamukkale<br \/>\n\ud83d\udd39 Paseo en globo aerost\u00e1tico<br \/>\n\ud83d\udd39 Champ\u00e1n y certificado de vuelo<br \/>\n\ud83d\udd39 Excursi\u00f3n a Pamukkale y Hier\u00e1polis<br \/>\n\ud83d\udd39 Ba\u00f1o opcional en la piscina de Cleopatra.<br \/>\n\ud83d\udd39 Comida<br \/>\n\ud83d\udd39 Regreso al hotel<\/p>\n<h3 dir=\"ltr\"><span style=\"color: #000000;\"><strong>\u2139\ufe0f Informaci\u00f3n \u00fatil<\/strong><\/span><\/h3>\n<p dir=\"ltr\">\ud83d\udd39 Duraci\u00f3n: 12 horas aproximadamente<br \/>\n\ud83d\udd39 El paseo en globo puede cancelarse debido a las condiciones meteorol\u00f3gicas (reembolso completo de la parte del vuelo).<br \/>\n\ud83d\udd39 Paradas cortas incluidas en ruta<br \/>\n\ud83d\udd39 Los ni\u00f1os menores de 5 a\u00f1os que viajan gratis no tienen un asiento aparte en el autob\u00fas. Si el autob\u00fas est\u00e1 lleno, se sientan en el regazo de un adulto, o se puede reservar un asiento aparte<\/p>\n<h3 dir=\"ltr\"><span style=\"color: #000000;\"><strong>Qu\u00e9 llevar<\/strong><\/span><\/h3>\n<p dir=\"ltr\">Gafas de sol \ud83d\udd39<br \/>\n\ud83d\udd39 Sombrero o gorra<br \/>\n\ud83d\udd39 Ba\u00f1ador y toalla.<br \/>\n\ud83d\udd39 Ropa deportiva y zapatillas c\u00f3modas<br \/>\n\ud83d\udd39 Efectivo para gastos personales<\/p>\n<h3 dir=\"ltr\"><span style=\"color: #000000;\"><strong>\ud83d\udeab No apto para<\/strong><\/span><\/h3>\n<p dir=\"ltr\">\ud83d\udd39 Ni\u00f1os menores de 7 a\u00f1os<br \/>\n\ud83d\udd39 Mujeres embarazadas<\/p>\n<h3 dir=\"ltr\"><span style=\"color: #000000;\"><strong>\ud83d\udcb8 Precios y reservas<\/strong><\/span><\/h3>\n<p dir=\"ltr\"><strong>\ud83d\udd39 Reserva ahora, paga el d\u00eda de la excursi\u00f3n<\/strong><br \/>\n\ud83d\udd39 Ponte en contacto con nosotros a trav\u00e9s de WhatsApp, Telegram, Viber, o rellena el siguiente formulario de reserva. \ud83d\udc47\ud83c\udffc<\/p>","protected":false},"excerpt":{"rendered":"<p><b>Excursi\u00f3n de Kemer a Pamukkale<\/b>\u00a1! Experimente una <b>vuelo en globo<\/b> &amp; <b>Viaje a Hier\u00e1polis<\/b>. <b>Excursi\u00f3n con todo incluido<\/b> con <b>gu\u00eda<\/b>, almuerzo, &amp; <b>transferencia<\/b> incluido.<\/p>","protected":false},"featured_media":12607,"comment_status":"open","ping_status":"closed","template":"","meta":[],"product_brand":[],"product_cat":[124],"product_tag":[105],"class_list":{"0":"post-15314","1":"product","2":"type-product","3":"status-publish","4":"has-post-thumbnail","6":"tour_phys-kemer-tours","7":"product_cat-kemer-tours","8":"product_tag-kemer","9":"pa_destination-kemer-tours","11":"first","12":"instock","13":"sale","14":"shipping-taxable","15":"purchasable","16":"product-type-tour_phys"},"aioseo_notices":[],"_links":{"self":[{"href":"https:\/\/excursionsworld.com\/es\/wp-json\/wp\/v2\/product\/15314","targetHints":{"allow":["GET"]}}],"collection":[{"href":"https:\/\/excursionsworld.com\/es\/wp-json\/wp\/v2\/product"}],"about":[{"href":"https:\/\/excursionsworld.com\/es\/wp-json\/wp\/v2\/types\/product"}],"replies":[{"embeddable":true,"href":"https:\/\/excursionsworld.com\/es\/wp-json\/wp\/v2\/comments?post=15314"}],"wp:featuredmedia":[{"embeddable":true,"href":"https:\/\/excursionsworld.com\/es\/wp-json\/wp\/v2\/media\/12607"}],"wp:attachment":[{"href":"https:\/\/excursionsworld.com\/es\/wp-json\/wp\/v2\/media?parent=15314"}],"wp:term":[{"taxonomy":"product_brand","embeddable":true,"href":"https:\/\/excursionsworld.com\/es\/wp-json\/wp\/v2\/product_brand?post=15314"},{"taxonomy":"product_cat","embeddable":true,"href":"https:\/\/excursionsworld.com\/es\/wp-json\/wp\/v2\/product_cat?post=15314"},{"taxonomy":"product_tag","embeddable":true,"href":"https:\/\/excursionsworld.com\/es\/wp-json\/wp\/v2\/product_tag?post=15314"}],"curies":[{"name":"wp","href":"https:\/\/api.w.org\/{rel}","templated":true}]}}