{"id":15332,"date":"2025-10-26T10:24:02","date_gmt":"2025-10-26T07:24:02","guid":{"rendered":"https:\/\/excursionsworld.com\/?post_type=product&#038;p=15332"},"modified":"2026-04-24T01:27:01","modified_gmt":"2026-04-23T22:27:01","slug":"excursion-acuario-tunel-antalya-side","status":"publish","type":"product","link":"https:\/\/excursionsworld.com\/tours\/antalya-tunnel-aquarium-from-side\/","title":{"rendered":"Excursi\u00f3n al Acuario T\u00fanel de Antalya desde Side \u2013 medio d\u00eda"},"content":{"rendered":"<h2>\ud83c\udfdd\ufe0f Visi\u00f3n general<\/h2>\n<p>Salir de <strong><a href=\"https:\/\/en.wikipedia.org\/wiki\/Side,_Turkey\" target=\"_blank\" rel=\"noopener\">Lado<\/a><\/strong> para una emocionante visita de medio d\u00eda al <strong>Acuario de Antalya<\/strong>, donde se encuentra uno de los acuarios de t\u00fanel m\u00e1s largos del mundo. Perfecta para familias y entusiastas de la naturaleza, esta excursi\u00f3n combina diversi\u00f3n, comodidad y educaci\u00f3n en un viaje inolvidable.<\/p>\n<h3>\u00a0Incluido:<\/h3>\n<p><strong><span style=\"color: #00ff00;\">\u2713<\/span> <\/strong>Recogida y entrega en el hotel<br \/>\n<strong><span style=\"color: #00ff00;\">\u2713<\/span> <\/strong>Seguros<br \/>\n<strong><span style=\"color: #00ff00;\">\u2713<\/span> <\/strong>Autob\u00fas con aire acondicionado<br \/>\n<strong><span style=\"color: #00ff00;\">\u2713<\/span> <\/strong>Entrada al acuario de Antalya<\/p>\n<h3>\u00a0No se incluye:<\/h3>\n<p><span style=\"color: #ff0000;\"><strong>\u2717<\/strong> <\/span>Bebidas<br \/>\n<span style=\"color: #ff0000;\"><strong>\u2717<\/strong> <\/span>Gastos personales<br \/>\n<span style=\"color: #ff0000;\"><strong>\u2717<\/strong> <\/span>Fotos y v\u00eddeos<\/p>\n<h2>\ud83c\udf0a Recorrido Destacado de Este Tour por el T\u00fanel Acuario de Antalya<\/h2>\n<p>\ud83d\udd39 T\u00fanel de 131 metros con tiburones y vida marina<br \/>\n\ud83d\udd39 Zonas oce\u00e1nicas globales tematizadas<br \/>\n\ud83d\udd39 Experiencia en el Mundo de las Nieves<br \/>\n\ud83d\udd39 Ideal para familias y ni\u00f1os<br \/>\n\ud83d\udd39 C\u00f3modo traslado desde Side<\/p>\n<h2>\ud83d\udcd6 Descripci\u00f3n Completa: Tu Experiencia de Tour en el Acuario T\u00fanel de Antalya<\/h2>\n<p>Comience su viaje con un c\u00f3modo trayecto desde su hotel Side hasta el <strong>Acuario de Antalya<\/strong>. Explore fascinantes t\u00faneles submarinos llenos de coloridas criaturas marinas y tiburones gigantes. Despu\u00e9s, entra en <strong>Mundo de nieve<\/strong>, donde podr\u00e1 vivir un aut\u00e9ntico ambiente invernal: \u00a1construir mu\u00f1ecos de nieve y disfrutar de diversi\u00f3n helada!<br \/>\nTras 1,5-2 horas de tiempo libre, su ch\u00f3fer le llevar\u00e1 de vuelta a su hotel de forma segura y c\u00f3moda.<\/p>\n<h3>\ud83d\uddfa\ufe0f Itinerario<\/h3>\n<p>\ud83d\udd39 Recogida en la zona de Side y Manavgat<br \/>\n\ud83d\udd39 Llegada al acuario de Antalya<br \/>\n\ud83d\udd39 Explora el acuario t\u00fanel y el Mundo de Nieve (1,5-2 horas)<br \/>\n\ud83d\udd39 Traslado de vuelta al hotel<\/p>\n<h3>\u2139\ufe0f Informaci\u00f3n \u00fatil<\/h3>\n<p>\ud83d\udd39 Duraci\u00f3n: ~4 horas<br \/>\n\ud83d\udd39 F\u00e1cil y ameno para todas las edades.<br \/>\n\ud83d\udd39 No se requiere ninguna condici\u00f3n f\u00edsica especial<br \/>\n\ud83d\udd39 No est\u00e1 permitido fotografiar con flash<br \/>\n\ud83d\udd39 Los ni\u00f1os que viajan gratis comparten asiento si el autob\u00fas va lleno<\/p>\n<h2>Qu\u00e9 llevar<\/h2>\n<p>\ud83d\udd39 Zapatos c\u00f3modos<br \/>\n\ud83d\udd39 Dinero en efectivo para aperitivos o souvenirs.<br \/>\n\ud83d\udd39 C\u00e1mara (sin flash)<\/p>\n<h3>\ud83d\udeab No apto para<\/h3>\n<p>\ud83d\udd39 Personas con problemas de movilidad<br \/>\n\ud83d\udd39 Lactantes menores de 2 a\u00f1os<\/p>\n<h2>\ud83d\udcb8 Precios y reservas<\/h2>\n<p><strong>\ud83d\udd39 Reserva ahora, paga el d\u00eda de la excursi\u00f3n<\/strong><br \/>\n\ud83d\udd39 Contacta con nosotros a trav\u00e9s de WhatsApp, Telegram o Viber para reservar \ud83d\udc47\ud83c\udffc<\/p>\n<p>\u00bfBuscas alternativas? Explora <a href=\"https:\/\/excursionsworld.com\/es\/excursiones-side\/\">m\u00e1s excursiones opcionales<\/a>.<\/p>","protected":false},"excerpt":{"rendered":"<p>Reserva el <b>Visita guiada al acuario de Antalya<\/b>\u00a1! Media jornada <b>excursi\u00f3n<\/b> a los 131 m<strong> t\u00fanel<\/strong> acuario y Snow World. Gran familia <b>viaje<\/b>. <b>Traslado incluido<\/b>.<\/p>","protected":false},"featured_media":12743,"comment_status":"open","ping_status":"closed","template":"","meta":[],"product_brand":[],"product_cat":[127],"product_tag":[105],"class_list":{"0":"post-15332","1":"product","2":"type-product","3":"status-publish","4":"has-post-thumbnail","6":"tour_phys-side-tours","7":"product_cat-side-tours","8":"product_tag-kemer","9":"pa_destination-side-tours","11":"first","12":"instock","13":"sale","14":"shipping-taxable","15":"purchasable","16":"product-type-tour_phys"},"aioseo_notices":[],"_links":{"self":[{"href":"https:\/\/excursionsworld.com\/es\/wp-json\/wp\/v2\/product\/15332","targetHints":{"allow":["GET"]}}],"collection":[{"href":"https:\/\/excursionsworld.com\/es\/wp-json\/wp\/v2\/product"}],"about":[{"href":"https:\/\/excursionsworld.com\/es\/wp-json\/wp\/v2\/types\/product"}],"replies":[{"embeddable":true,"href":"https:\/\/excursionsworld.com\/es\/wp-json\/wp\/v2\/comments?post=15332"}],"wp:featuredmedia":[{"embeddable":true,"href":"https:\/\/excursionsworld.com\/es\/wp-json\/wp\/v2\/media\/12743"}],"wp:attachment":[{"href":"https:\/\/excursionsworld.com\/es\/wp-json\/wp\/v2\/media?parent=15332"}],"wp:term":[{"taxonomy":"product_brand","embeddable":true,"href":"https:\/\/excursionsworld.com\/es\/wp-json\/wp\/v2\/product_brand?post=15332"},{"taxonomy":"product_cat","embeddable":true,"href":"https:\/\/excursionsworld.com\/es\/wp-json\/wp\/v2\/product_cat?post=15332"},{"taxonomy":"product_tag","embeddable":true,"href":"https:\/\/excursionsworld.com\/es\/wp-json\/wp\/v2\/product_tag?post=15332"}],"curies":[{"name":"wp","href":"https:\/\/api.w.org\/{rel}","templated":true}]}}