{"id":15334,"date":"2025-10-26T10:46:33","date_gmt":"2025-10-26T07:46:33","guid":{"rendered":"https:\/\/excursionsworld.com\/?post_type=product&#038;p=15334"},"modified":"2025-11-21T20:44:54","modified_gmt":"2025-11-21T17:44:54","slug":"acuario-tunel-antalya-belek","status":"publish","type":"product","link":"https:\/\/excursionsworld.com\/tours\/antalya-tunnel-aquarium-from-belek\/","title":{"rendered":"Excursi\u00f3n al Acuario T\u00fanel de Antalya desde Belek \u2013 medio d\u00eda"},"content":{"rendered":"<h3 data-start=\"2575\" data-end=\"2594\">\ud83c\udfdd\ufe0f Visi\u00f3n general<\/h3>\n<p data-start=\"2595\" data-end=\"2838\">Disfrute de una c\u00f3moda excursi\u00f3n de medio d\u00eda desde <strong data-start=\"2634\" data-end=\"2663\">Acuario de Belek a Antalya<\/strong>, Uno de los mayores complejos de acuarios de Europa. Perfecto para familias, ni\u00f1os y amantes del mar: explore el acuario t\u00fanel, vea tiburones de cerca y divi\u00e9rtase en Snow World.<\/p>\n<h3 data-start=\"2840\" data-end=\"2857\">\u00a0Incluido:<\/h3>\n<p data-start=\"2858\" data-end=\"2974\"><span style=\"color: #00ff00;\"><strong>\u2713<\/strong> <\/span>Recogida y entrega en el hotel<br data-start=\"2885\" data-end=\"2888\" \/><span style=\"color: #00ff00;\"><strong>\u2713<\/strong> <\/span>Seguros<br data-start=\"2899\" data-end=\"2902\" \/><span style=\"color: #00ff00;\"><strong>\u2713<\/strong> <\/span>C\u00f3modo autob\u00fas con aire acondicionado<br data-start=\"2935\" data-end=\"2938\" \/><span style=\"color: #00ff00;\"><strong>\u2713<\/strong> <\/span>Entrada al acuario de Antalya<\/p>\n<h3 data-start=\"2976\" data-end=\"2997\">\u00a0No se incluye:<\/h3>\n<p data-start=\"2998\" data-end=\"3052\"><span style=\"color: #ff0000;\"><strong>\u2717<\/strong> <\/span>Bebidas<br data-start=\"3006\" data-end=\"3009\" \/><span style=\"color: #ff0000;\"><strong>\u2717<\/strong> <\/span>Gastos personales<br data-start=\"3028\" data-end=\"3031\" \/><span style=\"color: #ff0000;\"><strong>\u2717<\/strong> <\/span>Fotos y v\u00eddeos<\/p>\n<h3 data-start=\"3054\" data-end=\"3079\">\ud83c\udf0a Lo m\u00e1s destacado del viaje<\/h3>\n<p data-start=\"3080\" data-end=\"3316\">\ud83d\udd39 Acuario t\u00fanel de 131 metros lleno de tiburones y peces ex\u00f3ticos<br data-start=\"3139\" data-end=\"3142\" \/>\ud83d\udd39 Secciones tem\u00e1ticas de diferentes mares y oc\u00e9anos<br data-start=\"3191\" data-end=\"3194\" \/>\ud83d\udd39 Mundo de nieve y museo del hielo<br data-start=\"3222\" data-end=\"3225\" \/>\ud83d\udd39 Experiencia divertida y educativa para todas las edades.<br data-start=\"3271\" data-end=\"3274\" \/>\ud83d\udd39 Traslado desde Belek y hoteles cercanos.<\/p>\n<h3 data-start=\"3318\" data-end=\"3344\">\ud83d\udcd6 Descripci\u00f3n completa<\/h3>\n<p data-start=\"3345\" data-end=\"3795\">Tras la recogida en su hotel de Belek, viaje c\u00f3modamente al famoso <strong data-start=\"3414\" data-end=\"3434\">Acuario de Antalya<\/strong>. Experimente un fascinante viaje a trav\u00e9s de la vida marina del mundo, caminando bajo enormes tanques t\u00fanel llenos de tiburones, rayas y miles de peces de colores.<br data-start=\"3599\" data-end=\"3602\" \/>A continuaci\u00f3n, introduzca <strong data-start=\"3614\" data-end=\"3628\">Mundo de nieve<\/strong>, donde las temperaturas descienden por debajo de cero, \u00a1un contraste m\u00e1gico con el clima c\u00e1lido de Antalya! Despu\u00e9s de disfrutar de las exposiciones, regrese a Belek con hermosas fotos y recuerdos.<\/p>\n<h3 data-start=\"3797\" data-end=\"3822\">\ud83d\uddfa\ufe0f Itinerario<\/h3>\n<p data-start=\"3823\" data-end=\"3998\">\ud83d\udd39 Recogida en Belek, Kadriye, zona de Bo\u011fazkent.<br data-start=\"3868\" data-end=\"3871\" \/>\ud83d\udd39 Llegada al acuario de Antalya<br data-start=\"3901\" data-end=\"3904\" \/>\ud83d\udd39 Tiempo libre en el acuario y Snow World (1,5-2 horas)<br data-start=\"3961\" data-end=\"3964\" \/>\ud83d\udd39 Traslado de vuelta a tu hotel<\/p>\n<h3 data-start=\"4000\" data-end=\"4028\">\u2139\ufe0f Informaci\u00f3n \u00fatil<\/h3>\n<p data-start=\"4029\" data-end=\"4204\">\ud83d\udd39 Duraci\u00f3n: ~4 horas<br data-start=\"4050\" data-end=\"4053\" \/>\ud83d\udd39 Ideal para familias y ni\u00f1os<br data-start=\"4087\" data-end=\"4090\" \/>\ud83d\udd39 Rutas de senderismo f\u00e1ciles<br data-start=\"4112\" data-end=\"4115\" \/>\ud83d\udd39 Prohibida la fotograf\u00eda con flash<br data-start=\"4146\" data-end=\"4149\" \/>\ud83d\udd39 Los ni\u00f1os que viajan gratis comparten asiento si el autob\u00fas va lleno<\/p>\n<h3 data-start=\"4206\" data-end=\"4229\">Qu\u00e9 llevar<\/h3>\n<p data-start=\"4230\" data-end=\"4309\">\ud83d\udd39 Zapatos c\u00f3modos<br data-start=\"4250\" data-end=\"4253\" \/>\ud83d\udd39 Dinero en efectivo para souvenirs o bebidas.<br data-start=\"4284\" data-end=\"4287\" \/>\ud83d\udd39 C\u00e1mara (sin flash)<\/p>\n<h3 data-start=\"4311\" data-end=\"4337\">\ud83d\udeab No apto para<\/h3>\n<p data-start=\"4338\" data-end=\"4401\">\ud83d\udd39 Personas con problemas de movilidad<br data-start=\"4368\" data-end=\"4371\" \/>\ud83d\udd39 Lactantes menores de 2 a\u00f1os<\/p>\n<h3 dir=\"ltr\">\ud83d\udcb8\u00a0<strong>Precios y reservas<\/strong><\/h3>\n<p dir=\"ltr\"><strong>\ud83d\udd39 Reserva ahora, paga el d\u00eda de la excursi\u00f3n<\/strong><br \/>\n\ud83d\udd39 Ponte en contacto con nosotros a trav\u00e9s de WhatsApp, Telegram, Viber, o rellena el siguiente formulario de reserva.<\/p>\n<h3 data-start=\"2032\" data-end=\"2058\">\u2139\ufe0f Informaci\u00f3n \u00fatil<\/h3>\n<p data-start=\"2060\" data-end=\"2200\">\ud83d\udd39 Duraci\u00f3n: aprox. 5-5,5 horas<br data-start=\"2092\" data-end=\"2095\" \/>\ud83d\udd39 Salidas diarias por la ma\u00f1ana\u00a0<br data-start=\"2136\" data-end=\"2139\" \/>\ud83d\udd39 No se requiere experiencia<br data-start=\"2164\" data-end=\"2167\" \/>\ud83d\udd39 Recorrido en grupo reducido para mayor comodidad<\/p>\n<h3 data-start=\"2202\" data-end=\"2226\">\ud83d\udeab No apto para<\/h3>\n<p data-start=\"2228\" data-end=\"2297\">\ud83d\udd39 Mujeres embarazadas<br data-start=\"2245\" data-end=\"2248\" \/>\ud83d\udd39 Hu\u00e9spedes con dolencias graves de espalda o coraz\u00f3n.<\/p>\n<h3 data-start=\"2299\" data-end=\"2320\">Qu\u00e9 llevar<\/h3>\n<p data-start=\"2322\" data-end=\"2422\">\ud83d\udd39 Gafas de sol, gorra y crema solar.<br data-start=\"2355\" data-end=\"2358\" \/>\ud83d\udd39 Ropa c\u00f3moda y ba\u00f1adores.<br data-start=\"2393\" data-end=\"2396\" \/>\ud83d\udd39 Calderilla para extras<\/p>\n<div class=\"elementor-element elementor-element-884d539 e-con-full e-flex e-con e-child\" data-id=\"884d539\" data-element_type=\"container\">\n<div id=\"description\" class=\"elementor-element elementor-element-337037cc elementor-widget elementor-widget-thim-ekits-tours-content\" data-id=\"337037cc\" data-element_type=\"widget\" data-widget_type=\"thim-ekits-tours-content.default\">\n<div class=\"elementor-widget-container\">\n<h3 class=\"thim-ekit-single-tour__content\">\ud83d\udcb8\u00a0<strong data-start=\"3780\" data-end=\"3801\">Precios y reservas<\/strong><\/h3>\n<div class=\"thim-ekit-single-tour__content\">\n<p data-start=\"3803\" data-end=\"3931\"><strong>\ud83d\udd39 Reserva ahora, paga el d\u00eda de la excursi\u00f3n<\/strong><br data-start=\"3842\" data-end=\"3845\" \/>\ud83d\udd39 Ponte en contacto con nosotros a trav\u00e9s de WhatsApp, Telegram, Viber, o rellena el siguiente formulario de reserva \ud83d\udc47\ud83c\udffc<\/p>\n<\/div>\n<\/div>\n<\/div>\n<\/div>","protected":false},"excerpt":{"rendered":"<p>Reserva el <b>Excursi\u00f3n al acuario de Belek Antalya<\/b>\u00a1! Media jornada <b>excursi\u00f3n<\/b> para ver los 131 m <strong>acuario t\u00fanel<\/strong> y Snow World. Diversi\u00f3n en familia <b>viaje<\/b>. <b>Traslado incluido<\/b>.<\/p>","protected":false},"featured_media":12743,"comment_status":"open","ping_status":"closed","template":"","meta":[],"product_brand":[],"product_cat":[126],"product_tag":[120],"class_list":{"0":"post-15334","1":"product","2":"type-product","3":"status-publish","4":"has-post-thumbnail","6":"tour_phys-belek-tours","7":"product_cat-belek-tours","8":"product_tag-belek","9":"pa_destination-belek-tours","11":"first","12":"instock","13":"sale","14":"shipping-taxable","15":"purchasable","16":"product-type-tour_phys"},"aioseo_notices":[],"_links":{"self":[{"href":"https:\/\/excursionsworld.com\/es\/wp-json\/wp\/v2\/product\/15334","targetHints":{"allow":["GET"]}}],"collection":[{"href":"https:\/\/excursionsworld.com\/es\/wp-json\/wp\/v2\/product"}],"about":[{"href":"https:\/\/excursionsworld.com\/es\/wp-json\/wp\/v2\/types\/product"}],"replies":[{"embeddable":true,"href":"https:\/\/excursionsworld.com\/es\/wp-json\/wp\/v2\/comments?post=15334"}],"wp:featuredmedia":[{"embeddable":true,"href":"https:\/\/excursionsworld.com\/es\/wp-json\/wp\/v2\/media\/12743"}],"wp:attachment":[{"href":"https:\/\/excursionsworld.com\/es\/wp-json\/wp\/v2\/media?parent=15334"}],"wp:term":[{"taxonomy":"product_brand","embeddable":true,"href":"https:\/\/excursionsworld.com\/es\/wp-json\/wp\/v2\/product_brand?post=15334"},{"taxonomy":"product_cat","embeddable":true,"href":"https:\/\/excursionsworld.com\/es\/wp-json\/wp\/v2\/product_cat?post=15334"},{"taxonomy":"product_tag","embeddable":true,"href":"https:\/\/excursionsworld.com\/es\/wp-json\/wp\/v2\/product_tag?post=15334"}],"curies":[{"name":"wp","href":"https:\/\/api.w.org\/{rel}","templated":true}]}}