{"id":15336,"date":"2025-10-26T10:59:33","date_gmt":"2025-10-26T07:59:33","guid":{"rendered":"https:\/\/excursionsworld.com\/?post_type=product&#038;p=15336"},"modified":"2025-11-21T17:54:34","modified_gmt":"2025-11-21T14:54:34","slug":"acuario-tunel-antalya","status":"publish","type":"product","link":"https:\/\/excursionsworld.com\/tours\/antalya-tunnel-aquarium-tour\/","title":{"rendered":"Acuario T\u00fanel de Antalya excursi\u00f3n de medio d\u00eda"},"content":{"rendered":"<h3 data-start=\"362\" data-end=\"381\">\ud83c\udfdd\ufe0f Visi\u00f3n general<\/h3>\n<p data-start=\"382\" data-end=\"697\">Descubra el fascinante mundo submarino con un <strong data-start=\"431\" data-end=\"465\">Visita de medio d\u00eda al acuario de Antalya<\/strong>\u00a1! Visite uno de los acuarios de t\u00fanel m\u00e1s grandes del mundo, explore Snow World y disfrute de un d\u00eda lleno de diversi\u00f3n apto para familias y todas las edades. Esta excursi\u00f3n de 4 horas combina comodidad, educaci\u00f3n y entretenimiento en una experiencia inolvidable.<\/p>\n<h3 data-start=\"699\" data-end=\"716\">\u00a0Incluido:<\/h3>\n<p data-start=\"717\" data-end=\"833\"><span style=\"color: #00ff00;\"><strong>\u2713<\/strong> <\/span>Recogida y entrega en el hotel<br data-start=\"744\" data-end=\"747\" \/><span style=\"color: #00ff00;\"><strong>\u2713<\/strong> <\/span>Seguros<br data-start=\"758\" data-end=\"761\" \/><span style=\"color: #00ff00;\"><strong>\u2713<\/strong> <\/span>C\u00f3modo autob\u00fas con aire acondicionado<br data-start=\"794\" data-end=\"797\" \/><span style=\"color: #00ff00;\"><strong>\u2713<\/strong> <\/span>Entrada al acuario de Antalya<\/p>\n<h3 data-start=\"835\" data-end=\"856\">\u00a0No se incluye:<\/h3>\n<p data-start=\"857\" data-end=\"911\"><span style=\"color: #ff0000;\"><strong>\u2717<\/strong> <\/span>Bebidas<br data-start=\"865\" data-end=\"868\" \/><span style=\"color: #ff0000;\"><strong>\u2717<\/strong> <\/span>Gastos personales<br data-start=\"887\" data-end=\"890\" \/><span style=\"color: #ff0000;\"><strong>\u2717<\/strong> <\/span>Fotos y v\u00eddeos<\/p>\n<h3 data-start=\"913\" data-end=\"938\">\ud83c\udf0a Lo m\u00e1s destacado del viaje<\/h3>\n<p data-start=\"939\" data-end=\"1161\">\ud83d\udd39 Acuario t\u00fanel de 131 metros de largo con tiburones<br data-start=\"984\" data-end=\"987\" \/>\ud83d\udd39 Miles de peces ex\u00f3ticos y colorida vida marina.<br data-start=\"1039\" data-end=\"1042\" \/>\ud83d\udd39 Acuarios tem\u00e1ticos de todo el mundo<br data-start=\"1083\" data-end=\"1086\" \/>\ud83d\udd39 El pa\u00eds de las maravillas invernal en Snow World<br data-start=\"1120\" data-end=\"1123\" \/>\ud83d\udd39 C\u00f3modos traslados desde Antalya<\/p>\n<h3 data-start=\"1163\" data-end=\"1189\">\ud83d\udcd6 Descripci\u00f3n completa<\/h3>\n<p data-start=\"1190\" data-end=\"1644\">\u00danase a una memorable excursi\u00f3n de medio d\u00eda a <strong data-start=\"1229\" data-end=\"1249\">Acuario de Antalya<\/strong>, donde la aventura se une a la relajaci\u00f3n. Tras recogerle en su hotel, viaje c\u00f3modamente hasta el complejo del acuario. Camine por el t\u00fanel de 131 metros lleno de tiburones, rayas y cientos de especies de peces. A continuaci\u00f3n, entre en <strong data-start=\"1465\" data-end=\"1479\">Mundo de nieve<\/strong> para una escapada invernal: juegue en la nieve, conozca esculturas de hielo y h\u00e1gase fotos divertidas.<br data-start=\"1561\" data-end=\"1564\" \/>Tras 1,5-2 horas de exploraci\u00f3n, rel\u00e1jese en el traslado de vuelta al hotel.<\/p>\n<h3 data-start=\"1646\" data-end=\"1671\">\ud83d\uddfa\ufe0f Itinerario<\/h3>\n<p data-start=\"1672\" data-end=\"1858\">\ud83d\udd39 Recogida en hoteles de Antalya y alrededores.<br data-start=\"1718\" data-end=\"1721\" \/>\ud83d\udd39 Llegada al acuario de Antalya<br data-start=\"1751\" data-end=\"1754\" \/>\ud83d\udd39 Tiempo libre para explorar el acuario t\u00fanel y el Mundo de Nieve (1,5-2 horas).<br data-start=\"1822\" data-end=\"1825\" \/>\ud83d\udd39 Traslado de vuelta al hotel<\/p>\n<h3 data-start=\"1860\" data-end=\"1888\">\u2139\ufe0f Informaci\u00f3n \u00fatil<\/h3>\n<p data-start=\"1889\" data-end=\"2130\">Duraci\u00f3n: ~4 horas (media jornada)<br data-start=\"1921\" data-end=\"1924\" \/>\ud83d\udd39 Apto para todas las edades<br data-start=\"1954\" data-end=\"1957\" \/>\ud83d\udd39 Caminar lo m\u00ednimo, poco esfuerzo f\u00edsico.<br data-start=\"1996\" data-end=\"1999\" \/>\ud83d\udd39 No est\u00e1 permitido hacer fotograf\u00edas con flash en el interior<br data-start=\"2041\" data-end=\"2044\" \/>\ud83d\udd39 Los ni\u00f1os que viajan por libre no tienen asientos separados en el autob\u00fas (pueden reservarse previa petici\u00f3n).<\/p>\n<h3 data-start=\"2132\" data-end=\"2155\">Qu\u00e9 llevar<\/h3>\n<p data-start=\"2156\" data-end=\"2241\">\ud83d\udd39 Zapatos c\u00f3modos<br data-start=\"2176\" data-end=\"2179\" \/>\ud83d\udd39 Efectivo para gastos personales<br data-start=\"2208\" data-end=\"2211\" \/>\ud83d\udd39 C\u00e1mara (sin flash)<\/p>\n<h3 data-start=\"2243\" data-end=\"2269\">\ud83d\udeab No apto para<\/h3>\n<p data-start=\"2270\" data-end=\"2334\">\ud83d\udd39 Personas con movilidad reducida<br data-start=\"2301\" data-end=\"2304\" \/>\ud83d\udd39 Lactantes menores de 2 a\u00f1os<\/p>\n<h3 data-start=\"2336\" data-end=\"2363\">\ud83d\udcb8 Precios y reservas<\/h3>\n<p data-start=\"2364\" data-end=\"2490\"><strong>\ud83d\udd39 Reserva ahora, paga el d\u00eda de la excursi\u00f3n<\/strong><br data-start=\"2403\" data-end=\"2406\" \/>\ud83d\udd39 Contacta con nosotros v\u00eda WhatsApp, Telegram o Viber para reservas y dudas \ud83d\udc47\ud83c\udffc<\/p>","protected":false},"excerpt":{"rendered":"<p>Reserva el <b>Visita al acuario de Antalya<\/b>\u00a1! Media jornada <b>viaje<\/b> a los 131 m <strong>acuario t\u00fanel<\/strong> y Snow World. La familia perfecta <b>excursi\u00f3n<\/b>. <b>Traslado incluido<\/b>.<\/p>","protected":false},"featured_media":12743,"comment_status":"open","ping_status":"closed","template":"","meta":[],"product_brand":[],"product_cat":[125],"product_tag":[107],"class_list":{"0":"post-15336","1":"product","2":"type-product","3":"status-publish","4":"has-post-thumbnail","6":"tour_phys-antalya-tours","7":"product_cat-antalya-tours","8":"product_tag-antalya","9":"pa_destination-antalya-tours","11":"first","12":"instock","13":"sale","14":"shipping-taxable","15":"purchasable","16":"product-type-tour_phys"},"aioseo_notices":[],"_links":{"self":[{"href":"https:\/\/excursionsworld.com\/es\/wp-json\/wp\/v2\/product\/15336","targetHints":{"allow":["GET"]}}],"collection":[{"href":"https:\/\/excursionsworld.com\/es\/wp-json\/wp\/v2\/product"}],"about":[{"href":"https:\/\/excursionsworld.com\/es\/wp-json\/wp\/v2\/types\/product"}],"replies":[{"embeddable":true,"href":"https:\/\/excursionsworld.com\/es\/wp-json\/wp\/v2\/comments?post=15336"}],"wp:featuredmedia":[{"embeddable":true,"href":"https:\/\/excursionsworld.com\/es\/wp-json\/wp\/v2\/media\/12743"}],"wp:attachment":[{"href":"https:\/\/excursionsworld.com\/es\/wp-json\/wp\/v2\/media?parent=15336"}],"wp:term":[{"taxonomy":"product_brand","embeddable":true,"href":"https:\/\/excursionsworld.com\/es\/wp-json\/wp\/v2\/product_brand?post=15336"},{"taxonomy":"product_cat","embeddable":true,"href":"https:\/\/excursionsworld.com\/es\/wp-json\/wp\/v2\/product_cat?post=15336"},{"taxonomy":"product_tag","embeddable":true,"href":"https:\/\/excursionsworld.com\/es\/wp-json\/wp\/v2\/product_tag?post=15336"}],"curies":[{"name":"wp","href":"https:\/\/api.w.org\/{rel}","templated":true}]}}