{"id":15337,"date":"2025-10-26T13:52:54","date_gmt":"2025-10-26T10:52:54","guid":{"rendered":"https:\/\/excursionsworld.com\/?post_type=product&#038;p=15337"},"modified":"2026-04-24T01:27:01","modified_gmt":"2026-04-23T22:27:01","slug":"paseo-a-caballo-side","status":"publish","type":"product","link":"https:\/\/excursionsworld.com\/tours\/side-horseback-riding-tour\/","title":{"rendered":"Excursi\u00f3n a caballo en Side \u2013 paseo por la naturaleza"},"content":{"rendered":"<h2>\ud83d\udc34 Visi\u00f3n general<\/h2>\n<p>Experimente la paz y la belleza de la naturaleza en el <strong><a href=\"https:\/\/en.wikipedia.org\/wiki\/Side,_Turkey\" target=\"_blank\" rel=\"noopener\">Lado<\/a> Paseo a caballo<\/strong>, Un viaje relajante e inolvidable por los pintorescos paisajes de Side y Manavgat. Perfecto tanto para principiantes como para jinetes experimentados, este recorrido le permite conectar con la naturaleza mientras explora bosques, plantaciones de c\u00edtricos y playas a lomos de caballos \u00e1rabes y locales bien adiestrados.<\/p>\n<h3>Incluido:<\/h3>\n<p><span style=\"color: #00ff00;\"><strong>\u2713<\/strong> <\/span>Recogida y entrega en el hotel<br \/>\n<span style=\"color: #00ff00;\"><strong>\u2713<\/strong> <\/span>Instructor y gu\u00eda profesional<br \/>\n<span style=\"color: #00ff00;\"><strong>\u2713<\/strong> <\/span>Casco e instrucciones de seguridad<br \/>\n<span style=\"color: #00ff00;\"><strong>\u2713<\/strong> <\/span>Seguro a todo riesgo<br \/>\n<span style=\"color: #00ff00;\"><strong>\u2713<\/strong> <\/span>Opci\u00f3n de paseo a caballo de 1 o 2 horas<\/p>\n<h3>No se incluye:<\/h3>\n<p><span style=\"color: #ff0000;\"><strong>\u2717<\/strong> <\/span>Bebidas<br \/>\n<span style=\"color: #ff0000;\"><strong>\u2717<\/strong> <\/span>Bebidas alcoh\u00f3licas<br \/>\n<span style=\"color: #ff0000;\"><strong>\u2717<\/strong> <\/span>Gastos personales (fotos, v\u00eddeos)<\/p>\n<h2>\ud83c\udf1f Puntos Destacados del Tour a Caballo de Este Lado<\/h2>\n<p>\ud83d\udd39 Recorre frondosos pinares, huertos y senderos campestres<br \/>\n\ud83d\udd39 Disfruta de una conexi\u00f3n tranquila con caballos mansos y adiestrados<br \/>\n\ud83d\udd39 Elige entre rutas de bosque, monta\u00f1a o playa.<br \/>\n\ud83d\udd39 Contempla una impresionante puesta de sol en la opci\u00f3n de 2 horas de paseo por la playa<br \/>\n\ud83d\udd39 Adecuado para todos los niveles de experiencia - formaci\u00f3n proporcionada antes de la gira.<\/p>\n<h2>\ud83d\udcd6 Descripci\u00f3n Completa: Tu Experiencia de Paseo a Caballo<\/h2>\n<div>Su aventura comienza con un c\u00f3modo traslado desde el hotel al <strong>Granja de caballos<\/strong> cerca. A su llegada, recibir\u00e1 una breve sesi\u00f3n informativa de seguridad y un entrenamiento b\u00e1sico para ayudarle a familiarizarse con su caballo.<\/div>\n<div>A continuaci\u00f3n, podr\u00e1 elegir la ruta que prefiera:<\/div>\n<div><strong>Paseo por la costa:<\/strong> Un relajante galope por la costa arenosa de Side con el mar Mediterr\u00e1neo como tel\u00f3n de fondo.<\/div>\n<div><strong>Camino rural:<\/strong> Un refrescante paseo por bosques de pinos y arboledas de c\u00edtricos en los alrededores de Manavgat.<\/div>\n<div><strong>Trayectoria:<\/strong> Una ruta esc\u00e9nica a trav\u00e9s de las estribaciones de los Montes Tauro, que ofrece impresionantes vistas panor\u00e1micas.<\/div>\n<div>Para las 2 horas <strong>Aventura al atardecer<\/strong>, Disfrutar\u00e1s tanto de un paseo por el bosque como de un m\u00e1gico galope por la playa al atardecer: la forma perfecta de terminar tu d\u00eda en Side.<\/div>\n<h3>\ud83d\uddfa\ufe0f Itinerario<\/h3>\n<p>\ud83d\udd39 Recogida en tu hotel<br \/>\n\ud83d\udd39 Llegada a la granja de caballos y sesi\u00f3n informativa sobre seguridad<br \/>\n\ud83d\udd39 Actividad a caballo (1 o 2 horas seg\u00fan opci\u00f3n).<br \/>\n\ud83d\udd39 Tiempo libre para fotos y relax.<br \/>\n\ud83d\udd39 Traslado de vuelta a tu hotel<\/p>\n<h3>\u2139\ufe0f Informaci\u00f3n \u00fatil<\/h3>\n<p>\ud83d\udd39 No se requiere experiencia previa en equitaci\u00f3n - se proporciona formaci\u00f3n b\u00e1sica.<br \/>\n\ud83d\udd39 Se recomienda llevar ropa c\u00f3moda y calzado cerrado<br \/>\n\ud83d\udd39 Los ni\u00f1os pueden apuntarse bajo la supervisi\u00f3n de un adulto<br \/>\n\ud83d\udd39 La duraci\u00f3n depende de la opci\u00f3n seleccionada (1 o 2 horas)<br \/>\n\ud83d\udd39 La actividad funciona a diario y depende de las condiciones meteorol\u00f3gicas<\/p>\n<h2>Qu\u00e9 llevar<\/h2>\n<p>\ud83d\udd39 Ropa y calzado c\u00f3modos<br \/>\n\ud83d\udd39 Gafas de sol y sombreros<br \/>\n\ud83d\udd39 Protector solar<br \/>\n\ud83d\udd39 Agua y poco dinero en efectivo para gastos personales.<\/p>\n<h3>\ud83d\udeab No apto para<\/h3>\n<p>\ud83d\udd39 Personas con problemas de espalda o cuello<br \/>\n\ud83d\udd39 Mujeres embarazadas<br \/>\n\ud83d\udd39 Ni\u00f1os menores de 5 a\u00f1os<\/p>\n<h2>\ud83d\udcb8 Precios y reservas<\/h2>\n<p><strong>\ud83d\udd39 Reserva ahora, paga el d\u00eda de la excursi\u00f3n<\/strong><br \/>\n\ud83d\udd39 Contacta con nosotros v\u00eda WhatsApp, Telegram o Viber para reservas y detalles \ud83d\udc47\ud83c\udffd<\/p>\n<p>\u00bfBuscas alternativas? Explora <a href=\"https:\/\/excursionsworld.com\/es\/excursiones-side\/\">m\u00e1s excursiones opcionales<\/a>.<\/p>","protected":false},"excerpt":{"rendered":"<p>Reserva el <b>Excursi\u00f3n lateral a caballo<\/b>! Choose your route: forest, mountains, or <b>sunset beach gallop<\/b>. Incluye <b>transfer, training, and helmet<\/b>. Unforgettable nature <b>excursi\u00f3n<\/b>!<\/p>","protected":false},"featured_media":15133,"comment_status":"open","ping_status":"closed","template":"","meta":[],"product_brand":[],"product_cat":[127],"product_tag":[122],"class_list":{"0":"post-15337","1":"product","2":"type-product","3":"status-publish","4":"has-post-thumbnail","6":"tour_phys-side-tours","7":"product_cat-side-tours","8":"product_tag-side","9":"pa_destination-side-tours","11":"first","12":"instock","13":"sale","14":"shipping-taxable","15":"purchasable","16":"product-type-tour_phys"},"aioseo_notices":[],"_links":{"self":[{"href":"https:\/\/excursionsworld.com\/es\/wp-json\/wp\/v2\/product\/15337","targetHints":{"allow":["GET"]}}],"collection":[{"href":"https:\/\/excursionsworld.com\/es\/wp-json\/wp\/v2\/product"}],"about":[{"href":"https:\/\/excursionsworld.com\/es\/wp-json\/wp\/v2\/types\/product"}],"replies":[{"embeddable":true,"href":"https:\/\/excursionsworld.com\/es\/wp-json\/wp\/v2\/comments?post=15337"}],"wp:featuredmedia":[{"embeddable":true,"href":"https:\/\/excursionsworld.com\/es\/wp-json\/wp\/v2\/media\/15133"}],"wp:attachment":[{"href":"https:\/\/excursionsworld.com\/es\/wp-json\/wp\/v2\/media?parent=15337"}],"wp:term":[{"taxonomy":"product_brand","embeddable":true,"href":"https:\/\/excursionsworld.com\/es\/wp-json\/wp\/v2\/product_brand?post=15337"},{"taxonomy":"product_cat","embeddable":true,"href":"https:\/\/excursionsworld.com\/es\/wp-json\/wp\/v2\/product_cat?post=15337"},{"taxonomy":"product_tag","embeddable":true,"href":"https:\/\/excursionsworld.com\/es\/wp-json\/wp\/v2\/product_tag?post=15337"}],"curies":[{"name":"wp","href":"https:\/\/api.w.org\/{rel}","templated":true}]}}