{"id":15338,"date":"2025-10-26T14:25:16","date_gmt":"2025-10-26T11:25:16","guid":{"rendered":"https:\/\/excursionsworld.com\/?post_type=product&#038;p=15338"},"modified":"2026-04-24T01:27:02","modified_gmt":"2026-04-23T22:27:02","slug":"excursion-caballo-belek-naturaleza","status":"publish","type":"product","link":"https:\/\/excursionsworld.com\/tours\/belek-horseback-riding-tour\/","title":{"rendered":"Excursi\u00f3n a caballo en Belek \u2013 paseo por la naturaleza"},"content":{"rendered":"<h2>\ud83d\udc34 Visi\u00f3n general<\/h2>\n<p>Disfruta de una experiencia de equitaci\u00f3n pac\u00edfica y emocionante en <a href=\"https:\/\/en.wikipedia.org\/wiki\/Belek\" target=\"_blank\" rel=\"noopener\">Belek<\/a> \u2014 a trav\u00e9s de los exuberantes bosques de pinos y las doradas arenas de la playa de Lara. Perfecto tanto para principiantes como para jinetes experimentados, este relajante recorrido combina la belleza de la naturaleza con la alegr\u00eda de montar caballos tranquilos y amigables a lo largo de la costa mediterr\u00e1nea.<\/p>\n<h3>\u00a0Incluido:<\/h3>\n<p><span style=\"color: #00ff00;\"><strong>\u2713<\/strong> <\/span>Recogida y entrega en el hotel<br \/>\n<span style=\"color: #00ff00;\"><strong>\u2713<\/strong> <\/span>Servicio de gu\u00eda y formador profesional<br \/>\n<span style=\"color: #00ff00;\"><strong>\u2713<\/strong> <\/span>Aproximadamente 1 hora 40 minutos de equitaci\u00f3n<br \/>\n<span style=\"color: #00ff00;\"><strong>\u2713<\/strong> <\/span>Todo el equipo de conducci\u00f3n (casco, etc.)<br \/>\n<span style=\"color: #00ff00;\"><strong>\u2713<\/strong> <\/span>Seguro a todo riesgo<\/p>\n<h3>\u00a0No se incluye:<\/h3>\n<p><strong><span style=\"color: #ff0000;\">\u2717<\/span> <\/strong>Comida y bebida<br \/>\n<strong><span style=\"color: #ff0000;\">\u2717<\/span> <\/strong>Gastos personales<br \/>\n<strong><span style=\"color: #ff0000;\">\u2717<\/span> <\/strong>Fotos y v\u00eddeos (compra opcional)<\/p>\n<h2>\ud83c\udf1f Excursiones destacadas de este recorrido a caballo por Belek<\/h2>\n<p>\ud83d\udd39 Disfruta de paseos a caballo por pinares y por la playa de Lara<br \/>\n\ud83d\udd39 Respira el aire fresco del bosque y admira las vistas al mar Mediterr\u00e1neo<br \/>\n\ud83d\udd39 Caballos seguros, tranquilos y bien entrenados aptos para todos los niveles.<br \/>\n\ud83d\udd39 Instructores y gu\u00edas profesionales para tu seguridad y comodidad<br \/>\n\ud83d\udd39 Oportunidad de hacer fotos y v\u00eddeos memorables durante el viaje<\/p>\n<h2>\ud83d\udcd6 Descripci\u00f3n Completa: Tu Experiencia de Paseo a Caballo en Belek<\/h2>\n<p>La excursi\u00f3n a caballo por Belek comienza con la recogida en su hotel y un c\u00f3modo traslado al rancho de caballos cercano a la playa de Lara. Tras unas breves instrucciones de seguridad impartidas por instructores profesionales, comenzar\u00e1 su recorrido por los tranquilos pinares.<br \/>\nLa aventura contin\u00faa a lo largo de la costa, donde podr\u00e1 sentir la brisa marina y disfrutar de la vista turquesa del Mediterr\u00e1neo.<br \/>\nEl tiempo total de cabalgata es de aproximadamente 1 hora y 40 minutos, por lo que es ideal para todas las edades y niveles de experiencia. Tras regresar a la granja, tendr\u00e1 tiempo para descansar y ver o comprar fotos y v\u00eddeos opcionales antes de ser trasladado de vuelta a su hotel.<\/p>\n<h3>\ud83d\uddfa\ufe0f Itinerario<\/h3>\n<p>\ud83d\udd39 Recogida en el hotel desde Belek y alrededores.<br \/>\n\ud83d\udd39 Llegada al rancho de caballos cerca de la playa de Lara.<br \/>\n\ud83d\udd39 Sesi\u00f3n informativa sobre seguridad y comprobaci\u00f3n del equipo<br \/>\n\ud83d\udd39 Paseo a caballo por el pinar y la costa<br \/>\n\ud83d\udd39 Regreso al rancho y tiempo libre para fotos.<br \/>\n\ud83d\udd39 Traslado de vuelta a su hotel<\/p>\n<h3>\u2139\ufe0f Informaci\u00f3n \u00fatil<\/h3>\n<p>Duraci\u00f3n: Aproximadamente 3,5-4 horas (incluido el traslado).<br \/>\n\ud83d\udd39 Tiempo de conducci\u00f3n: 1 hora 40 minutos<br \/>\nL\u00edmite de peso m\u00e1ximo: 100 kg<br \/>\n\ud83d\udd39 Edad m\u00ednima: 8 a\u00f1os (para montar solo, con la aprobaci\u00f3n del instructor).<br \/>\n\ud83d\udd39 Caballos tranquilos y adiestrados aptos para principiantes<br \/>\n\ud83d\udd39 No permitido para hu\u00e9spedes embarazadas o intoxicadas.<\/p>\n<h2>Qu\u00e9 llevar<\/h2>\n<p>\ud83d\udd39 Ropa c\u00f3moda y calzado cerrado.<br \/>\n\ud83d\udd39 Gafas de sol y protecci\u00f3n solar.<br \/>\n\ud83d\udd39 C\u00e1mara o smartphone para hacer fotos<br \/>\n\ud83d\udd39 Efectivo para compras opcionales<\/p>\n<h3>\ud83d\udeab No apto para<\/h3>\n<p>\ud83d\udd39 Mujeres embarazadas<br \/>\n\ud83d\udd39 Personas con un peso superior a 100 kg.<br \/>\n\ud83d\udd39 Personas con problemas de movilidad<\/p>\n<div class=\"elementor-element elementor-element-884d539 e-con-full e-flex e-con e-child\" data-id=\"884d539\" data-element_type=\"container\">\n<div id=\"description\" class=\"elementor-element elementor-element-337037cc elementor-widget elementor-widget-thim-ekits-tours-content\" data-id=\"337037cc\" data-element_type=\"widget\" data-widget_type=\"thim-ekits-tours-content.default\">\n<div class=\"elementor-widget-container\">\n<h2 class=\"thim-ekit-single-tour__content\">\ud83d\udcb8\u00a0<strong>Precios y reservas<\/strong><\/h2>\n<div class=\"thim-ekit-single-tour__content\">\n<p><strong>\ud83d\udd39 Reserva ahora, paga el d\u00eda de la excursi\u00f3n<\/strong><br \/>\n\ud83d\udd39 Ponte en contacto con nosotros a trav\u00e9s de WhatsApp, Telegram, Viber, o rellena el siguiente formulario de reserva \ud83d\udc47\ud83c\udffc<\/p>\n<\/div>\n<\/div>\n<\/div>\n<\/div>\n<p>\u00bfBuscas alternativas? Explora <a href=\"https:\/\/excursionsworld.com\/es\/excursiones-belek\/\">m\u00e1s tours de Belek<\/a>.<\/p>","protected":false},"excerpt":{"rendered":"<p>Reserva el <b>Belek Horse Riding Tour<\/b>\u00a1! Disfrute de un <b>100-min trip<\/b> through Lara Beach and pine <b>forests<\/b>. Fun, scenic <b>excursi\u00f3n<\/b> with professional guides. <b>Traslado incluido<\/b>!<\/p>","protected":false},"featured_media":15133,"comment_status":"open","ping_status":"closed","template":"","meta":[],"product_brand":[],"product_cat":[126],"product_tag":[120],"class_list":{"0":"post-15338","1":"product","2":"type-product","3":"status-publish","4":"has-post-thumbnail","6":"tour_phys-belek-tours","7":"product_cat-belek-tours","8":"product_tag-belek","9":"pa_destination-belek-tours","11":"first","12":"instock","13":"sale","14":"shipping-taxable","15":"purchasable","16":"product-type-tour_phys"},"aioseo_notices":[],"_links":{"self":[{"href":"https:\/\/excursionsworld.com\/es\/wp-json\/wp\/v2\/product\/15338","targetHints":{"allow":["GET"]}}],"collection":[{"href":"https:\/\/excursionsworld.com\/es\/wp-json\/wp\/v2\/product"}],"about":[{"href":"https:\/\/excursionsworld.com\/es\/wp-json\/wp\/v2\/types\/product"}],"replies":[{"embeddable":true,"href":"https:\/\/excursionsworld.com\/es\/wp-json\/wp\/v2\/comments?post=15338"}],"wp:featuredmedia":[{"embeddable":true,"href":"https:\/\/excursionsworld.com\/es\/wp-json\/wp\/v2\/media\/15133"}],"wp:attachment":[{"href":"https:\/\/excursionsworld.com\/es\/wp-json\/wp\/v2\/media?parent=15338"}],"wp:term":[{"taxonomy":"product_brand","embeddable":true,"href":"https:\/\/excursionsworld.com\/es\/wp-json\/wp\/v2\/product_brand?post=15338"},{"taxonomy":"product_cat","embeddable":true,"href":"https:\/\/excursionsworld.com\/es\/wp-json\/wp\/v2\/product_cat?post=15338"},{"taxonomy":"product_tag","embeddable":true,"href":"https:\/\/excursionsworld.com\/es\/wp-json\/wp\/v2\/product_tag?post=15338"}],"curies":[{"name":"wp","href":"https:\/\/api.w.org\/{rel}","templated":true}]}}