{"id":15339,"date":"2025-10-26T14:37:15","date_gmt":"2025-10-26T11:37:15","guid":{"rendered":"https:\/\/excursionsworld.com\/?post_type=product&#038;p=15339"},"modified":"2026-04-24T01:27:02","modified_gmt":"2026-04-23T22:27:02","slug":"caballo-antalya-naturaleza","status":"publish","type":"product","link":"https:\/\/excursionsworld.com\/tours\/antalya-horseback-riding\/","title":{"rendered":"Excursi\u00f3n a caballo en Antalya \u2013 paseo por la naturaleza"},"content":{"rendered":"<h2>\ud83d\udc34 Visi\u00f3n general<\/h2>\n<p>\u00danete a una inolvidable aventura de 60 minutos a caballo a trav\u00e9s de los pintorescos bosques y las doradas playas de Lara en <a href=\"https:\/\/en.wikipedia.org\/wiki\/Antalya\" target=\"_blank\" rel=\"noopener\">Antalya<\/a>. Este recorrido corto pero gratificante es perfecto tanto para jinetes principiantes como experimentados que desean disfrutar de la naturaleza, el aire libre y la libertad de montar caballos d\u00f3ciles y bien entrenados a lo largo de la costa mediterr\u00e1nea.<\/p>\n<h3>\u00a0Incluido:<\/h3>\n<p><span style=\"color: #00ff00;\"><strong>\u2713<\/strong> <\/span>Recogida y entrega en el hotel<br \/>\n<span style=\"color: #00ff00;\"><strong>\u2713<\/strong> <\/span>Servicio de gu\u00eda y formador profesional<br \/>\n<span style=\"color: #00ff00;\"><strong>\u2713<\/strong> <\/span>60 minutos de equitaci\u00f3n<br \/>\n<span style=\"color: #00ff00;\"><strong>\u2713<\/strong> <\/span>Todo el equipo de seguridad (casco, etc.)<br \/>\n<span style=\"color: #00ff00;\"><strong>\u2713<\/strong> <\/span>Formaci\u00f3n b\u00e1sica de equitaci\u00f3n<br \/>\n<span style=\"color: #00ff00;\"><strong>\u2713<\/strong> <\/span>Seguro a todo riesgo<\/p>\n<h3>\u00a0No se incluye:<\/h3>\n<p><span style=\"color: #ff0000;\"><strong>\u2717<\/strong> <\/span>Bebidas y comida<br \/>\n<span style=\"color: #ff0000;\"><strong>\u2717<\/strong> <\/span>Gastos personales<\/p>\n<h2>\ud83c\udf1f Puntos destacados del tour de equitaci\u00f3n en Antalya<\/h2>\n<p>\ud83d\udd39 Cabalga por los verdes pinares y los senderos arenosos de Lara<br \/>\n\ud83d\udd39 Disfruta de la relajante experiencia de montar a caballo en la playa junto al Mediterr\u00e1neo<br \/>\n\ud83d\udd39 Caballos tranquilos y amistosos emparejados perfectamente a su tama\u00f1o y nivel de habilidad.<br \/>\n\ud83d\udd39 Aprende t\u00e9cnicas b\u00e1sicas de equitaci\u00f3n con entrenadores profesionales<br \/>\n\ud83d\udd39 Ideal tanto para adultos como para ni\u00f1os - no se requiere experiencia previa.<\/p>\n<h2>\ud83d\udcd6 Descripci\u00f3n Completa: Tu Experiencia de Paseo a Caballo en Antalya<\/h2>\n<p>La excursi\u00f3n a caballo por Antalya comienza con una c\u00f3moda recogida en el hotel y traslado a un rancho ecuestre profesional en la zona de Lara. A su llegada, instructores profesionales le dar\u00e1n una breve sesi\u00f3n de entrenamiento y le asignar\u00e1n un caballo adecuado a su experiencia y nivel de comodidad.<br \/>\nSu paseo de 60 minutos comienza a trav\u00e9s de hermosos senderos forestales antes de llegar a la impresionante zona de playa, donde podr\u00e1 trotar o pasear con su caballo por la orilla, sintiendo la suave brisa marina y admirando las aguas turquesas del Mediterr\u00e1neo.<br \/>\nEl recorrido est\u00e1 dise\u00f1ado para ser relajante y educativo a la vez, ofreciendo a los principiantes una introducci\u00f3n segura a la equitaci\u00f3n, mientras que los jinetes experimentados pueden disfrutar de un paseo tranquilo y pintoresco en la naturaleza.<\/p>\n<h3>\ud83d\uddfa\ufe0f Itinerario<\/h3>\n<p>\ud83d\udd39 Recogida en el hotel desde Antalya y zonas cercanas.<br \/>\n\ud83d\udd39 Llegada al rancho de caballos en la regi\u00f3n de Lara.<br \/>\n\ud83d\udd39 Sesi\u00f3n informativa de seguridad e instrucci\u00f3n b\u00e1sica de conducci\u00f3n<br \/>\n\ud83d\udd39 Paseo a caballo guiado de 60 minutos por senderos de bosque y playa.<br \/>\n\ud83d\udd39 Regreso al rancho y tiempo libre para fotos.<br \/>\n\ud83d\udd39 Traslado de vuelta a su hotel<\/p>\n<h3>\u2139\ufe0f Informaci\u00f3n \u00fatil<\/h3>\n<p>Duraci\u00f3n: Aproximadamente 2,5-3 horas (incluido el traslado).<br \/>\n\ud83d\udd39 Tiempo de conducci\u00f3n: 60 minutos<br \/>\nL\u00edmite de peso m\u00e1ximo: 100 kg<br \/>\n\ud83d\udd39 Apto para todos los niveles de experiencia<br \/>\n\ud83d\udd39 Caballos tranquilos y entrenados<br \/>\n\ud83d\udd39 No permitido para hu\u00e9spedes embarazadas o intoxicadas.<\/p>\n<h2>Qu\u00e9 llevar<\/h2>\n<p>\ud83d\udd39 Ropa c\u00f3moda y calzado cerrado.<br \/>\n\ud83d\udd39 Gafas de sol y protecci\u00f3n solar.<br \/>\n\ud83d\udd39 C\u00e1mara o smartphone para hacer fotos<br \/>\n\ud83d\udd39 Efectivo para compras opcionales<\/p>\n<h3>\ud83d\udeab No apto para<\/h3>\n<p>\ud83d\udd39 Mujeres embarazadas<br \/>\n\ud83d\udd39 Personas con un peso superior a 100 kg.<br \/>\n\ud83d\udd39 Personas con problemas de movilidad<\/p>\n<h2>\ud83d\udcb8 Precios y reservas<\/h2>\n<p><strong>\ud83d\udd39 Reserva ahora, paga el d\u00eda de la excursi\u00f3n<\/strong><br \/>\n\ud83d\udd39 Contacta con nosotros a trav\u00e9s de WhatsApp, Telegram o Viber para reservas y m\u00e1s detalles \ud83d\udc47\ud83c\udffc<\/p>\n<p>\u00bfBuscas alternativas? Explora <a href=\"https:\/\/excursionsworld.com\/es\/excursiones-antalya\/\">m\u00e1s tours en Antalya<\/a>.<\/p>","protected":false},"excerpt":{"rendered":"<p>Reserva el <b>Antalya Horse Riding Tour<\/b>\u00a1! Disfrute de un <b>60-minute safari<\/b> through <b>Lara&#8217;s forests and beaches<\/b>. Perfecto <b>aventura<\/b> for all levels. <b>Transfer and helmet included<\/b>.<\/p>","protected":false},"featured_media":15133,"comment_status":"open","ping_status":"closed","template":"","meta":[],"product_brand":[],"product_cat":[125],"product_tag":[107],"class_list":{"0":"post-15339","1":"product","2":"type-product","3":"status-publish","4":"has-post-thumbnail","6":"tour_phys-antalya-tours","7":"product_cat-antalya-tours","8":"product_tag-antalya","9":"pa_destination-antalya-tours","11":"first","12":"instock","13":"sale","14":"shipping-taxable","15":"purchasable","16":"product-type-tour_phys"},"aioseo_notices":[],"_links":{"self":[{"href":"https:\/\/excursionsworld.com\/es\/wp-json\/wp\/v2\/product\/15339","targetHints":{"allow":["GET"]}}],"collection":[{"href":"https:\/\/excursionsworld.com\/es\/wp-json\/wp\/v2\/product"}],"about":[{"href":"https:\/\/excursionsworld.com\/es\/wp-json\/wp\/v2\/types\/product"}],"replies":[{"embeddable":true,"href":"https:\/\/excursionsworld.com\/es\/wp-json\/wp\/v2\/comments?post=15339"}],"wp:featuredmedia":[{"embeddable":true,"href":"https:\/\/excursionsworld.com\/es\/wp-json\/wp\/v2\/media\/15133"}],"wp:attachment":[{"href":"https:\/\/excursionsworld.com\/es\/wp-json\/wp\/v2\/media?parent=15339"}],"wp:term":[{"taxonomy":"product_brand","embeddable":true,"href":"https:\/\/excursionsworld.com\/es\/wp-json\/wp\/v2\/product_brand?post=15339"},{"taxonomy":"product_cat","embeddable":true,"href":"https:\/\/excursionsworld.com\/es\/wp-json\/wp\/v2\/product_cat?post=15339"},{"taxonomy":"product_tag","embeddable":true,"href":"https:\/\/excursionsworld.com\/es\/wp-json\/wp\/v2\/product_tag?post=15339"}],"curies":[{"name":"wp","href":"https:\/\/api.w.org\/{rel}","templated":true}]}}