{"id":15341,"date":"2025-10-26T16:30:29","date_gmt":"2025-10-26T13:30:29","guid":{"rendered":"https:\/\/excursionsworld.com\/?post_type=product&#038;p=15341"},"modified":"2026-04-03T12:11:35","modified_gmt":"2026-04-03T09:11:35","slug":"teleferico-olympos-tahtali-antalya","status":"publish","type":"product","link":"https:\/\/excursionsworld.com\/tours\/olympos-teleferik-cable-car-tahtali-antalya\/","title":{"rendered":"Telef\u00e9rico Olympos al monte Tahtal\u0131 desde Antalya \u2013 Billete"},"content":{"rendered":"<h3 dir=\"ltr\" data-pm-slice=\"1 1 []\"><span style=\"color: #000000;\"><strong>\ud83c\udfd4\ufe0f Informaci\u00f3n general<\/strong><\/span><\/h3>\n<p>Emb\u00e1rcate en un emocionante viaje a la cumbre del <b>Monte Tahtal\u0131<\/b> (2365 metros) mediante el telef\u00e9rico de Olympos. <b>Desde Antalya<\/b> y alrededores, disfrute de vistas panor\u00e1micas del mar Mediterr\u00e1neo y del Parque Nacional de Beyda\u011flar\u0131. Esta excursi\u00f3n es perfecta para los amantes de la naturaleza y la fotograf\u00eda.<\/p>\n<h3 dir=\"ltr\"><span style=\"color: #000000;\"><strong>Incluido:<\/strong><\/span><\/h3>\n<p dir=\"ltr\"><span style=\"color: #00ff00;\"><strong>\u2713<\/strong> <\/span>Recogida y entrega en el hotel<br \/>\n<span style=\"color: #00ff00;\"><strong>\u2713<\/strong> <\/span>C\u00f3modo autob\u00fas con aire acondicionado<br \/>\n<span style=\"color: #00ff00;\"><strong>\u2713<\/strong> <\/span>Billete de telef\u00e9rico<br \/>\n<span style=\"color: #00ff00;\"><strong>\u2713<\/strong> <\/span>Seguros<\/p>\n<h3 dir=\"ltr\"><span style=\"color: #000000;\"><strong>No se incluye:<\/strong><\/span><\/h3>\n<p dir=\"ltr\"><span style=\"color: #ff0000;\"><strong>\u2717<\/strong><\/span> Gastos personales<br \/>\n<span style=\"color: #ff0000;\"><strong>\u2717 <\/strong><\/span>Bebidas<\/p>\n<h3 dir=\"ltr\"><span style=\"color: #000000;\"><strong>\ud83c\udf1f Lo m\u00e1s destacado del viaje<\/strong><\/span><\/h3>\n<p dir=\"ltr\">\ud83d\udd39 Viaje en telef\u00e9rico hasta 2365 metros (10-12 minutos).<br \/>\n\ud83d\udd39 Viaje panor\u00e1mico por el Parque Nacional de Beyda\u011flar\u0131.<br \/>\n\ud83d\udd39 Impresionantes vistas del Mediterr\u00e1neo y las monta\u00f1as.<br \/>\n\ud83d\udd39 Tiempo libre en la cumbre para fotos, recuerdos y caf\u00e9.<br \/>\n\ud83d\udd39 Ideal para los amantes de la naturaleza y la fotograf\u00eda<\/p>\n<h3 dir=\"ltr\"><span style=\"color: #000000;\"><strong>\ud83d\udcd6 Descripci\u00f3n completa<\/strong><\/span><\/h3>\n<div dir=\"ltr\">La excursi\u00f3n comienza con un traslado desde su hotel y un pintoresco viaje por el Parque Nacional de Beyda\u011flar\u0131. En la estaci\u00f3n inferior del telef\u00e9rico, suba a bordo de una moderna cabina para un ascenso de 10-12 minutos hasta la cima del monte Tahtal\u0131 (2365 metros). Durante el trayecto, marav\u00edllese con los bosques de pinos y la costa turquesa.<\/div>\n<div dir=\"ltr\">En la cima, pase aproximadamente una hora disfrutando del aire fresco de la monta\u00f1a, haciendo fotos desde los miradores, visitando las tiendas de recuerdos o relaj\u00e1ndose en la cafeter\u00eda. Despu\u00e9s, descienda en telef\u00e9rico y regrese a su hotel con un recuerdo imborrable.<\/div>\n<h3 dir=\"ltr\"><span style=\"color: #000000;\"><strong>\ud83d\uddfa\ufe0f Itinerario<\/strong><\/span><\/h3>\n<p dir=\"ltr\">\ud83d\udd39 Recogida en el hotel<br \/>\n\ud83d\udd39 Recorre en coche el Parque Nacional de Beyda\u011flar\u0131.<br \/>\n\ud83d\udd39 Subida en telef\u00e9rico a la cumbre de Tahtal\u0131 (10-12 minutos).<br \/>\n\ud83d\udd39 Tiempo libre en la cumbre (fotos, souvenirs, cafeter\u00eda).<br \/>\n\ud83d\udd39 Descenso en telef\u00e9rico<br \/>\n\ud83d\udd39 Regreso al hotel<\/p>\n<h3 dir=\"ltr\"><span style=\"color: #000000;\"><strong>\u2139\ufe0f Informaci\u00f3n \u00fatil<\/strong><\/span><\/h3>\n<p dir=\"ltr\">\ud83d\udd39 Duraci\u00f3n: ~4-5 horas<br \/>\n\ud83d\udd39 El tiempo en la cumbre puede ser m\u00e1s fresco que abajo<br \/>\n\ud83d\udd39 Se requiere una actividad f\u00edsica moderada en la cumbre<\/p>\n<h3 dir=\"ltr\"><span style=\"color: #000000;\"><strong>Qu\u00e9 llevar<\/strong><\/span><\/h3>\n<p dir=\"ltr\">\ud83d\udd39 Zapatos c\u00f3modos<br \/>\n\ud83d\udd39 Chaqueta o jersey (puede hacer fresco en la cumbre).<br \/>\n\ud83d\udd39 C\u00e1mara o smartphone<br \/>\nGafas de sol \ud83d\udd39<\/p>\n<h3 dir=\"ltr\"><span style=\"color: #000000;\"><strong>\ud83d\udeab No apto para<\/strong><\/span><\/h3>\n<p dir=\"ltr\">\ud83d\udd39 Personas con v\u00e9rtigo grave o miedo a las alturas.<br \/>\n\ud83d\udd39 Viajeros con movilidad reducida<\/p>\n<h3 data-start=\"3134\" data-end=\"3159\">\ud83d\udcb8 Precios y reservas<\/h3>\n<p data-start=\"3160\" data-end=\"3284\"><strong>\ud83d\udd39 Reserva ahora, paga el d\u00eda de la excursi\u00f3n<\/strong><br data-start=\"3199\" data-end=\"3202\" \/>\ud83d\udd39 Contacta con nosotros a trav\u00e9s de WhatsApp, Telegram o Viber para reservas y m\u00e1s detalles \ud83d\udc47\ud83c\udffc<\/p>","protected":false},"excerpt":{"rendered":"<p>Monta el <b>Telef\u00e9rico de Tahtal\u0131<\/b> (<b>Olympos Teleferik<\/b>) de <b>Antalya<\/b> a la <b>2365m cumbre<\/b>\u00a1! Qu\u00edtate el aliento <b>vistas panor\u00e1micas<\/b>. Foto perfecta <b>excursi\u00f3n\/traslado<\/b> incluido.<\/p>","protected":false},"featured_media":12629,"comment_status":"open","ping_status":"closed","template":"","meta":[],"product_brand":[],"product_cat":[125],"product_tag":[107],"class_list":{"0":"post-15341","1":"product","2":"type-product","3":"status-publish","4":"has-post-thumbnail","6":"tour_phys-antalya-tours","7":"product_cat-antalya-tours","8":"product_tag-antalya","9":"pa_destination-antalya-tours","11":"first","12":"instock","13":"sale","14":"shipping-taxable","15":"purchasable","16":"product-type-tour_phys"},"aioseo_notices":[],"_links":{"self":[{"href":"https:\/\/excursionsworld.com\/es\/wp-json\/wp\/v2\/product\/15341","targetHints":{"allow":["GET"]}}],"collection":[{"href":"https:\/\/excursionsworld.com\/es\/wp-json\/wp\/v2\/product"}],"about":[{"href":"https:\/\/excursionsworld.com\/es\/wp-json\/wp\/v2\/types\/product"}],"replies":[{"embeddable":true,"href":"https:\/\/excursionsworld.com\/es\/wp-json\/wp\/v2\/comments?post=15341"}],"wp:featuredmedia":[{"embeddable":true,"href":"https:\/\/excursionsworld.com\/es\/wp-json\/wp\/v2\/media\/12629"}],"wp:attachment":[{"href":"https:\/\/excursionsworld.com\/es\/wp-json\/wp\/v2\/media?parent=15341"}],"wp:term":[{"taxonomy":"product_brand","embeddable":true,"href":"https:\/\/excursionsworld.com\/es\/wp-json\/wp\/v2\/product_brand?post=15341"},{"taxonomy":"product_cat","embeddable":true,"href":"https:\/\/excursionsworld.com\/es\/wp-json\/wp\/v2\/product_cat?post=15341"},{"taxonomy":"product_tag","embeddable":true,"href":"https:\/\/excursionsworld.com\/es\/wp-json\/wp\/v2\/product_tag?post=15341"}],"curies":[{"name":"wp","href":"https:\/\/api.w.org\/{rel}","templated":true}]}}