{"id":15342,"date":"2025-10-26T16:43:09","date_gmt":"2025-10-26T13:43:09","guid":{"rendered":"https:\/\/excursionsworld.com\/?post_type=product&#038;p=15342"},"modified":"2025-12-09T20:51:58","modified_gmt":"2025-12-09T17:51:58","slug":"espectaculo-delfines-nado-antalya","status":"publish","type":"product","link":"https:\/\/excursionsworld.com\/tours\/dolphin-show-swim-antalya\/","title":{"rendered":"Show de Delfines en Kemer &amp; Nado con Delfines \u2013 Diversi\u00f3n Familiar"},"content":{"rendered":"<h3 data-start=\"307\" data-end=\"323\">\ud83d\udc2c Visi\u00f3n general<\/h3>\n<p data-start=\"324\" data-end=\"657\">Disfrute de una experiencia divertida y educativa en el <strong data-start=\"377\" data-end=\"401\">Espect\u00e1culo con delfines en Antalya<\/strong>, donde las familias y los amantes de los animales pueden conocer a las criaturas m\u00e1s inteligentes y amistosas del oc\u00e9ano: delfines, focas peleteras y belugas. Este espect\u00e1culo combina entretenimiento, educaci\u00f3n y conexi\u00f3n emocional en una experiencia m\u00e1gica apta para todas las edades.<\/p>\n<h3 data-start=\"659\" data-end=\"674\">\u00a0Incluido:<\/h3>\n<p data-start=\"675\" data-end=\"864\"><span style=\"color: #00ff00;\"><strong>\u2713<\/strong> <\/span>Recogida y entrega en el hotel\u00a0<br data-start=\"734\" data-end=\"737\" \/><span style=\"color: #00ff00;\"><strong>\u2713<\/strong> <\/span>Entrada al delfinario<br data-start=\"774\" data-end=\"777\" \/><span style=\"color: #00ff00;\"><strong>\u2713<\/strong> <\/span>Asistencia de un gu\u00eda profesional<br data-start=\"808\" data-end=\"811\" \/><span style=\"color: #00ff00;\"><strong>\u2713<\/strong> <\/span>Transporte c\u00f3modo con aire acondicionado<br data-start=\"843\" data-end=\"846\" \/><span style=\"color: #00ff00;\"><strong>\u2713<\/strong> <\/span>Seguro a todo riesgo<\/p>\n<h3 data-start=\"866\" data-end=\"885\">\u00a0No se incluye:<\/h3>\n<div data-start=\"886\" data-end=\"983\"><span style=\"color: #ff0000;\"><strong>\u2717<\/strong><\/span>\u00a0Nadar con delfines (opcional)<\/div>\n<div data-start=\"886\" data-end=\"983\"><span style=\"color: #ff0000;\"><strong>\u2717<\/strong><\/span>Comida y bebida<br data-start=\"903\" data-end=\"906\" \/><span style=\"color: #ff0000;\"><strong>\u2717<\/strong><\/span>Fotos y v\u00eddeos con delfines (compra opcional)<\/div>\n<h3 data-start=\"985\" data-end=\"1008\">\ud83c\udf1f Lo m\u00e1s destacado del viaje<\/h3>\n<p data-start=\"1009\" data-end=\"1381\">\ud83d\udd39 Asiste a un impresionante espect\u00e1culo con delfines, focas peleteras y belugas.<br data-start=\"1092\" data-end=\"1095\" \/>\ud83d\udd39 Disfruta de acrobacias, juegos de pelota, saltos y una alegre \u201cdiscoteca marina\u201d<br data-start=\"1161\" data-end=\"1164\" \/>\ud83d\udd39 Conoce datos fascinantes sobre los mam\u00edferos marinos y su inteligencia<br data-start=\"1234\" data-end=\"1237\" \/>\ud83d\udd39 Oportunidad opcional de tocar, alimentar o hacerse fotos con delfines despu\u00e9s del espect\u00e1culo.<br data-start=\"1320\" data-end=\"1323\" \/>\ud83d\udd39 Perfecto para familias con ni\u00f1os y aficionados a los animales<\/p>\n<h3 data-start=\"1383\" data-end=\"1407\">\ud83d\udcd6 Descripci\u00f3n completa<\/h3>\n<p data-start=\"1408\" data-end=\"2262\">En <strong data-start=\"1412\" data-end=\"1436\">Espect\u00e1culo con delfines en Antalya<\/strong> ofrece una oportunidad \u00fanica de presenciar la belleza, la inteligencia y el juego de los mam\u00edferos marinos en un entorno alegre y seguro.<br data-start=\"1569\" data-end=\"1572\" \/>Asistir\u00e1 a un emocionante espect\u00e1culo de una hora de duraci\u00f3n en el que los delfines saltan, juegan e interact\u00faan con los entrenadores mediante bailes sincronizados, saltos de altura, juegos de pelota y aros. Incluso las focas peleteras y las majestuosas belugas participan, realizando trucos que asombran tanto a ni\u00f1os como a adultos.<br data-start=\"1845\" data-end=\"1848\" \/>Despu\u00e9s del espect\u00e1culo, podr\u00e1 elegir entre conocer a los animales, hacerse fotos con ellos o darles de comer (opcional). Los c\u00f3modos asientos del Delfinario garantizan que todo el mundo tenga una visi\u00f3n clara del escenario, mientras que el amable personal ofrece asistencia durante toda la visita.<br data-start=\"2106\" data-end=\"2109\" \/>Esta visita no s\u00f3lo es entretenida, sino tambi\u00e9n emotiva: muchos visitantes la describen como una experiencia conmovedora que conecta al ser humano con la naturaleza.<\/p>\n<h3 data-start=\"2264\" data-end=\"2287\">\ud83d\uddfa\ufe0f Itinerario<\/h3>\n<p data-start=\"2288\" data-end=\"2554\">\ud83d\udd39 12:30 - Recogida en el hotel desde Antalya y zonas cercanas.<br data-start=\"2341\" data-end=\"2344\" \/>\ud83d\udd39 Llegada al Delfinario y disposici\u00f3n de asientos.<br data-start=\"2395\" data-end=\"2398\" \/>\ud83d\udd39 Disfruta del gran espect\u00e1culo de delfines, focas y belugas<br data-start=\"2453\" data-end=\"2456\" \/>\ud83d\udd39 Foto opcional y tiempo de interacci\u00f3n despu\u00e9s del espect\u00e1culo<br data-start=\"2509\" data-end=\"2512\" \/>\ud83d\udd39 17:00 - Traslado de vuelta a tu hotel.<\/p>\n<h3 data-start=\"2556\" data-end=\"2582\">\u2139\ufe0f Informaci\u00f3n \u00fatil<\/h3>\n<p data-start=\"2583\" data-end=\"2864\">Duraci\u00f3n: Aproximadamente 4-5 horas (incluido el traslado)<br data-start=\"2640\" data-end=\"2643\" \/>\ud83d\udd39 Hora del espect\u00e1culo: Alrededor de 1 hora<br data-start=\"2670\" data-end=\"2673\" \/>\ud83d\udd39 Localizaci\u00f3n: Delfinario de Antalya<br data-start=\"2706\" data-end=\"2709\" \/>\ud83d\udd39 Para toda la familia, apto para todas las edades<br data-start=\"2750\" data-end=\"2753\" \/>Accesible en silla de ruedas<br data-start=\"2777\" data-end=\"2780\" \/>\ud83d\udd39 Fotograf\u00eda profesional disponible (compra opcional).<br data-start=\"2837\" data-end=\"2840\" \/>\ud83d\udd39 Funciona todo el a\u00f1o<\/p>\n<h3 data-start=\"2866\" data-end=\"2887\">Qu\u00e9 llevar<\/h3>\n<p data-start=\"2888\" data-end=\"3018\">\ud83d\udd39 Ropa y calzado c\u00f3modos<br data-start=\"2920\" data-end=\"2923\" \/>\ud83d\udd39 C\u00e1mara o smartphone<br data-start=\"2946\" data-end=\"2949\" \/>\ud83d\udd39 Dinero en efectivo para fotos o refrescos opcionales.<br data-start=\"2992\" data-end=\"2995\" \/>\ud83d\udd39 Sombrero y gafas de sol<\/p>\n<h3 data-start=\"3020\" data-end=\"3044\">\ud83d\udeab No apto para<\/h3>\n<p data-start=\"3045\" data-end=\"3132\">\ud83d\udd39 Personas con alergias graves a los animales<br data-start=\"3083\" data-end=\"3086\" \/>\ud83d\udd39 Hu\u00e9spedes sensibles a los sonidos fuertes o a las multitudes.<\/p>\n<h3 data-start=\"3134\" data-end=\"3159\">\ud83d\udcb8 Precios y reservas<\/h3>\n<p data-start=\"3160\" data-end=\"3284\"><strong>\ud83d\udd39 Reserva ahora, paga el d\u00eda de la excursi\u00f3n<\/strong><br data-start=\"3199\" data-end=\"3202\" \/>\ud83d\udd39 Contacta con nosotros a trav\u00e9s de WhatsApp, Telegram o Viber para reservas y m\u00e1s detalles \ud83d\udc47\ud83c\udffc<\/p>","protected":false},"excerpt":{"rendered":"<p>mire el <b>Espect\u00e1culo con delfines en Antalya<\/b>\u00a1! Vea delfines, focas peleteras y ballenas beluga en un emocionante <b>Mostrar<\/b>. Familia perfecta <b>excursi\u00f3n<\/b> y memorable <b>viaje<\/b>.<\/p>","protected":false},"featured_media":15137,"comment_status":"open","ping_status":"closed","template":"","meta":[],"product_brand":[],"product_cat":[125],"product_tag":[107],"class_list":{"0":"post-15342","1":"product","2":"type-product","3":"status-publish","4":"has-post-thumbnail","6":"tour_phys-antalya-tours","7":"product_cat-antalya-tours","8":"product_tag-antalya","9":"pa_destination-antalya-tours","11":"first","12":"instock","13":"sale","14":"shipping-taxable","15":"purchasable","16":"product-type-tour_phys"},"aioseo_notices":[],"_links":{"self":[{"href":"https:\/\/excursionsworld.com\/es\/wp-json\/wp\/v2\/product\/15342","targetHints":{"allow":["GET"]}}],"collection":[{"href":"https:\/\/excursionsworld.com\/es\/wp-json\/wp\/v2\/product"}],"about":[{"href":"https:\/\/excursionsworld.com\/es\/wp-json\/wp\/v2\/types\/product"}],"replies":[{"embeddable":true,"href":"https:\/\/excursionsworld.com\/es\/wp-json\/wp\/v2\/comments?post=15342"}],"wp:featuredmedia":[{"embeddable":true,"href":"https:\/\/excursionsworld.com\/es\/wp-json\/wp\/v2\/media\/15137"}],"wp:attachment":[{"href":"https:\/\/excursionsworld.com\/es\/wp-json\/wp\/v2\/media?parent=15342"}],"wp:term":[{"taxonomy":"product_brand","embeddable":true,"href":"https:\/\/excursionsworld.com\/es\/wp-json\/wp\/v2\/product_brand?post=15342"},{"taxonomy":"product_cat","embeddable":true,"href":"https:\/\/excursionsworld.com\/es\/wp-json\/wp\/v2\/product_cat?post=15342"},{"taxonomy":"product_tag","embeddable":true,"href":"https:\/\/excursionsworld.com\/es\/wp-json\/wp\/v2\/product_tag?post=15342"}],"curies":[{"name":"wp","href":"https:\/\/api.w.org\/{rel}","templated":true}]}}