{"id":15343,"date":"2025-10-26T17:08:14","date_gmt":"2025-10-26T14:08:14","guid":{"rendered":"https:\/\/excursionsworld.com\/?post_type=product&#038;p=15343"},"modified":"2025-12-09T20:47:52","modified_gmt":"2025-12-09T17:47:52","slug":"waterhill-parque-acuatico-antalya","status":"publish","type":"product","link":"https:\/\/excursionsworld.com\/tours\/waterhill-aquapark-antalya\/","title":{"rendered":"Parque acu\u00e1tico Waterhill tour desde Antalya \u2013 d\u00eda completo"},"content":{"rendered":"<h3 dir=\"ltr\" data-pm-slice=\"1 1 []\"><span style=\"color: #000000;\"><strong>\ud83c\udf0a Visi\u00f3n general<\/strong><\/span><\/h3>\n<p dir=\"ltr\">Sum\u00e9rjase en un d\u00eda completo de diversi\u00f3n en Waterhill Aquapark con traslados desde Antalya y alrededores. Disfrute de emocionantes toboganes, relajantes piscinas y un delicioso almuerzo. Esta excursi\u00f3n de unas 8 horas, perfecta para familias y aventureros, ha hecho las delicias de m\u00e1s de 500 clientes.<\/p>\n<h3 dir=\"ltr\"><span style=\"color: #000000;\"><strong>Incluido:<\/strong><\/span><\/h3>\n<p dir=\"ltr\"><span style=\"color: #00ff00;\"><strong>\u2713<\/strong><\/span> Recogida y entrega en el hotel<br \/>\n<span style=\"color: #00ff00;\"><strong>\u2713 <\/strong><\/span>Almuerzo (men\u00fa fijo)<br \/>\n<span style=\"color: #00ff00;\"><strong>\u2713 <\/strong><\/span>Entrada al parque acu\u00e1tico Waterhill Aquapark<br \/>\n<span style=\"color: #00ff00;\"><strong>\u2713 <\/strong><\/span>Seguros<br \/>\n<span style=\"color: #00ff00;\"><strong>\u2713 <\/strong><\/span>C\u00f3modo autob\u00fas con aire acondicionado<\/p>\n<h3 dir=\"ltr\"><span style=\"color: #000000;\"><strong>No se incluye:<\/strong><\/span><\/h3>\n<p dir=\"ltr\"><span style=\"color: #ff0000;\"><strong>\u2717<\/strong> <\/span>Gastos personales<br \/>\n<span style=\"color: #ff0000;\"><strong>\u2717 <\/strong><\/span>Fotos y v\u00eddeos<br \/>\n<span style=\"color: #ff0000;\"><strong>\u2717 <\/strong><\/span>Bebidas<\/p>\n<h3 dir=\"ltr\"><span style=\"color: #000000;\"><strong>\ud83c\udfa2 Destacados<\/strong><\/span><\/h3>\n<p dir=\"ltr\">\ud83d\udd39 Toboganes de alta velocidad: Kamikaze, Boomerang, Tropical Tower<br \/>\n\ud83d\udd39 Piscina de olas masivas con olas parecidas a las del oc\u00e9ano<br \/>\n\ud83d\udd39 Piscinas y zonas de juego infantiles seguras<br \/>\n\ud83d\udd39 Equipo de animaci\u00f3n con juegos junto a la piscina<br \/>\n\ud83d\udd39 Piscinas relajantes y zonas para tomar el sol<br \/>\n\ud83d\udd39 Sabroso almuerzo con bebida y helado.<\/p>\n<h3 dir=\"ltr\"><span style=\"color: #000000;\"><strong>\ud83d\udcd6 Descripci\u00f3n completa<\/strong><\/span><\/h3>\n<p dir=\"ltr\">Comience su aventura con un c\u00f3modo traslado desde Antalya o zonas cercanas hasta Waterhill Aquapark, uno de los mejores parques acu\u00e1ticos de la regi\u00f3n. Sienta la adrenalina en toboganes como Kamikaze o Boomerang, o rel\u00e1jese en la amplia piscina de olas. A los ni\u00f1os les encantar\u00e1n las piscinas poco profundas y seguras, mientras que los adultos pueden tumbarse en las hamacas o participar en los juegos del equipo de animaci\u00f3n. Disfrute de un delicioso almuerzo con una bebida y un helado y, a continuaci\u00f3n, sum\u00e9rjase de nuevo en la diversi\u00f3n con bailes y espect\u00e1culos. Despu\u00e9s de un d\u00eda vibrante, regrese a su hotel lleno de recuerdos.<\/p>\n<h3 dir=\"ltr\"><span style=\"color: #000000;\"><strong>\ud83d\uddfa\ufe0f Itinerario<\/strong><\/span><\/h3>\n<p dir=\"ltr\">\ud83d\udd39 Recogida en Antalya y alrededores.<br \/>\n\ud83d\udd39 Llegada a Waterhill Aquapark<br \/>\n\ud83d\udd39 Breve introducci\u00f3n y tiempo libre<br \/>\n\ud83d\udd39 Almuerzo con bebida y helado.<br \/>\n\ud83d\udd39 Actividades de animaci\u00f3n y diversi\u00f3n<br \/>\n\ud83d\udd39 Regreso al hotel<\/p>\n<h3 dir=\"ltr\"><span style=\"color: #000000;\"><strong>\u2139\ufe0f Informaci\u00f3n \u00fatil<\/strong><\/span><\/h3>\n<p dir=\"ltr\">Duraci\u00f3n: ~8 horas (excursi\u00f3n de d\u00eda completo)<br \/>\n\ud83d\udd39 Apto para personas con movilidad b\u00e1sica<br \/>\n\ud83d\udd39 Actividad f\u00edsica moderada<br \/>\n\ud83d\udd39 Taquillas y vestuarios gratuitos.<br \/>\n\ud83d\udd39 Los ni\u00f1os menores de 6 a\u00f1os que viajan gratis no tienen asiento individual en el autob\u00fas. Si el autob\u00fas est\u00e1 lleno, se sientan en el regazo de un adulto, o se puede reservar un asiento aparte<br \/>\n\ud83d\udd39 Waterhill Aquapark, renovado en 2022, se encuentra en el distrito Konyaalt\u0131 de Antalya<\/p>\n<h3 dir=\"ltr\"><span style=\"color: #000000;\"><strong>Qu\u00e9 llevar<\/strong><\/span><\/h3>\n<p dir=\"ltr\">\ud83d\udd39 Efectivo para gastos<br \/>\n\ud83d\udd39 Gafas de sol y protecci\u00f3n solar.<br \/>\n\ud83d\udd39 Ba\u00f1ador y toalla.<br \/>\n\ud83d\udd39 Funda impermeable para el tel\u00e9fono (opcional)<\/p>\n<h3 dir=\"ltr\"><span style=\"color: #000000;\"><strong>\ud83d\udeab No apto para<\/strong><\/span><\/h3>\n<p dir=\"ltr\">\ud83d\udd39 Personas con enfermedades graves<br \/>\n\ud83d\udd39 Personas con movilidad reducida<\/p>\n<h3 dir=\"ltr\"><span style=\"color: #000000;\"><strong>\ud83d\udcb8 Precios y reservas<\/strong><\/span><\/h3>\n<p dir=\"ltr\"><strong>\ud83d\udd39 Reserva ahora, paga el d\u00eda de la excursi\u00f3n<\/strong><br \/>\n\ud83d\udd39 Ponte en contacto con nosotros a trav\u00e9s de WhatsApp, Telegram, Viber, o rellena el siguiente formulario de reserva. \ud83d\udc47\ud83c\udffc<\/p>","protected":false},"excerpt":{"rendered":"<p>Reserva el <b>Excursi\u00f3n de un d\u00eda a Antalya Waterhill Aquapark<\/b>\u00a1! Disfrute de emocionantes toboganes, piscinas de olas y almuerzo. Ideal para familias <b>excursi\u00f3n<\/b>. <b>Billete y traslado incluidos<\/b>!<\/p>","protected":false},"featured_media":12762,"comment_status":"open","ping_status":"closed","template":"","meta":[],"product_brand":[],"product_cat":[125],"product_tag":[107],"class_list":{"0":"post-15343","1":"product","2":"type-product","3":"status-publish","4":"has-post-thumbnail","6":"tour_phys-antalya-tours","7":"product_cat-antalya-tours","8":"product_tag-antalya","9":"pa_destination-antalya-tours","11":"first","12":"instock","13":"sale","14":"shipping-taxable","15":"purchasable","16":"product-type-tour_phys"},"aioseo_notices":[],"_links":{"self":[{"href":"https:\/\/excursionsworld.com\/es\/wp-json\/wp\/v2\/product\/15343","targetHints":{"allow":["GET"]}}],"collection":[{"href":"https:\/\/excursionsworld.com\/es\/wp-json\/wp\/v2\/product"}],"about":[{"href":"https:\/\/excursionsworld.com\/es\/wp-json\/wp\/v2\/types\/product"}],"replies":[{"embeddable":true,"href":"https:\/\/excursionsworld.com\/es\/wp-json\/wp\/v2\/comments?post=15343"}],"wp:featuredmedia":[{"embeddable":true,"href":"https:\/\/excursionsworld.com\/es\/wp-json\/wp\/v2\/media\/12762"}],"wp:attachment":[{"href":"https:\/\/excursionsworld.com\/es\/wp-json\/wp\/v2\/media?parent=15343"}],"wp:term":[{"taxonomy":"product_brand","embeddable":true,"href":"https:\/\/excursionsworld.com\/es\/wp-json\/wp\/v2\/product_brand?post=15343"},{"taxonomy":"product_cat","embeddable":true,"href":"https:\/\/excursionsworld.com\/es\/wp-json\/wp\/v2\/product_cat?post=15343"},{"taxonomy":"product_tag","embeddable":true,"href":"https:\/\/excursionsworld.com\/es\/wp-json\/wp\/v2\/product_tag?post=15343"}],"curies":[{"name":"wp","href":"https:\/\/api.w.org\/{rel}","templated":true}]}}