{"id":15344,"date":"2025-10-26T17:54:26","date_gmt":"2025-10-26T14:54:26","guid":{"rendered":"https:\/\/excursionsworld.com\/?post_type=product&#038;p=15344"},"modified":"2025-12-28T22:34:24","modified_gmt":"2025-12-28T19:34:24","slug":"espectaculo-nocturno-land-of-legends-antalya","status":"publish","type":"product","link":"https:\/\/excursionsworld.com\/tours\/the-land-of-legends-night-show-antalya\/","title":{"rendered":"Espect\u00e1culo nocturno Land of Legends desde Antalya"},"content":{"rendered":"<h3 dir=\"ltr\" data-pm-slice=\"1 1 []\"><span style=\"color: #000000;\"><strong>\u2728 Panorama general<\/strong><\/span><\/h3>\n<p dir=\"ltr\">Viva una noche m\u00e1gica en el Pa\u00eds de las Leyendas con traslados desde Antalya. Disfrute de un espectacular espect\u00e1culo de fuentes y l\u00e1ser, un vibrante desfile de barcos y un paseo por el bulevar comercial. Esta excursi\u00f3n, perfecta para todas las edades, dura entre 3 y 4 horas.<\/p>\n<h3 dir=\"ltr\"><span style=\"color: #000000;\"><strong>Incluido:<\/strong><\/span><\/h3>\n<p dir=\"ltr\"><span style=\"color: #00ff00;\"><strong>\u2713<\/strong><\/span> Recogida y entrega en el hotel<br \/>\n<span style=\"color: #00ff00;\"><strong>\u2713 <\/strong><\/span>Acceso a los espect\u00e1culos nocturnos y al desfile de barcos<br \/>\n<span style=\"color: #00ff00;\"><strong>\u2713 <\/strong><\/span>Tiempo libre en el bulevar comercial<br \/>\n<span style=\"color: #00ff00;\"><strong>\u2713 <\/strong><\/span>Seguro durante los traslados<br \/>\n<span style=\"color: #00ff00;\"><strong>\u2713 <\/strong><\/span>C\u00f3modo autob\u00fas con aire acondicionado<\/p>\n<h3 dir=\"ltr\"><span style=\"color: #000000;\"><strong>No se incluye:<\/strong><\/span><\/h3>\n<p dir=\"ltr\"><span style=\"color: #ff0000;\"><strong>\u2717<\/strong><\/span> Comida y bebida<br \/>\n<span style=\"color: #ff0000;\"><strong>\u2717 <\/strong><\/span>Gastos personales (recuerdos, compras)<br \/>\n<span style=\"color: #ff0000;\"><strong>\u2717 <\/strong><\/span>Atracciones diurnas del parque<br \/>\n<span style=\"color: #ff0000;\"><strong>\u2717 <\/strong><\/span>Servicios de gu\u00eda privado<\/p>\n<h3 dir=\"ltr\"><span style=\"color: #000000;\"><strong>\ud83c\udfad Aspectos destacados<\/strong><\/span><\/h3>\n<p dir=\"ltr\">\ud83d\udd39 Espect\u00e1culo de talla mundial con fuentes y l\u00e1seres<br \/>\n\ud83d\udd39 Desfile de barcos con personajes disfrazados<br \/>\n\ud83d\udd39 Bulevar comercial con m\u00e1s de 180 marcas<br \/>\n\ud83d\udd39 Transferencias c\u00f3modas desde varias regiones<br \/>\n\ud83d\udd39 Ambiente encantador para las fotos.<\/p>\n<h3 dir=\"ltr\"><span style=\"color: #000000;\"><strong>\ud83d\udcd6 Descripci\u00f3n completa<\/strong><\/span><\/h3>\n<p dir=\"ltr\">Comience su velada con un traslado desde Antalya, Kundu Lara a La Tierra de Leyendas. Sum\u00e9rjase en un espect\u00e1culo hipnotizador con deslumbrantes fuentes, l\u00e1seres y actuaciones en directo bajo las estrellas. D\u00e9jese cautivar por el desfile de barcos, una vibrante procesi\u00f3n por el canal con personajes disfrazados y m\u00fasica m\u00e1gica. Despu\u00e9s, explore el bulevar comercial, que alberga m\u00e1s de 180 boutiques y restaurantes. Regrese a su hotel con un recuerdo inolvidable de esta velada de primera.<\/p>\n<h3 dir=\"ltr\"><span style=\"color: #000000;\"><strong>\ud83d\uddfa\ufe0f Itinerario<\/strong><\/span><\/h3>\n<p dir=\"ltr\">\ud83d\udd39 Recogida en Antalya<br \/>\n\ud83d\udd39 Llegada al Pa\u00eds de las Leyendas<br \/>\n\ud83d\udd39 Acceso a espect\u00e1culos y desfile de barcos.<br \/>\n\ud83d\udd39 Tiempo libre en el bulevar comercial (~1-2 horas).<br \/>\n\ud83d\udd39 Regreso al hotel<\/p>\n<h3 dir=\"ltr\"><span style=\"color: #000000;\"><strong>\u2139\ufe0f Informaci\u00f3n \u00fatil<\/strong><\/span><\/h3>\n<p dir=\"ltr\">\ud83d\udd39 Duraci\u00f3n: ~3-4 horas (visita nocturna)<br \/>\n\ud83d\udd39 Apto para personas con movilidad b\u00e1sica<br \/>\n\ud83d\udd39 Poca actividad f\u00edsica<br \/>\n\ud83d\udd39 Estar en la entrada del hotel 10 minutos antes de la recogida.<br \/>\n\ud83d\udd39 El conductor no espera m\u00e1s de 5 minutos<br \/>\n\ud83d\udd39 Los ni\u00f1os menores de 6 a\u00f1os que viajan gratis no tienen asiento individual en el autob\u00fas. Si el autob\u00fas est\u00e1 lleno, se sientan en el regazo de un adulto, o se puede reservar un asiento aparte<\/p>\n<h3 dir=\"ltr\"><span style=\"color: #000000;\"><strong>Qu\u00e9 llevar<\/strong><\/span><\/h3>\n<p dir=\"ltr\">\ud83d\udd39 Efectivo para gastos<br \/>\n\ud83d\udd39 Zapatos c\u00f3modos para caminar<br \/>\n\ud83d\udd39 Ropa adecuada para el tiempo<br \/>\n\ud83d\udd39 Tel\u00e9fono o c\u00e1mara de fotos<\/p>\n<h3 dir=\"ltr\"><span style=\"color: #000000;\"><strong>\ud83d\udeab No apto para<\/strong><\/span><\/h3>\n<p dir=\"ltr\">\ud83d\udd39 Invitados mayores de 95 a\u00f1os<\/p>\n<h3 dir=\"ltr\"><span style=\"color: #000000;\"><strong>\ud83d\udcb8 Precios y reservas<\/strong><\/span><\/h3>\n<p dir=\"ltr\"><strong>\ud83d\udd39 Reserva ahora, paga el d\u00eda de la excursi\u00f3n<\/strong><br \/>\n\ud83d\udd39 Ponte en contacto con nosotros a trav\u00e9s de WhatsApp, Telegram, Viber, o rellena el siguiente formulario de reserva. \ud83d\udc47\ud83c\udffc<\/p>","protected":false},"excerpt":{"rendered":"<p>Reserva el <b>Espect\u00e1culo nocturno \"Tierra de Leyendas<\/b> from Antalya, Lara and Kundu! Enjoy the incredible <b>fuentes<\/b>, <b>l\u00e1seres<\/b>, barco <b>desfile<\/b>, y compras. Una velada inolvidable <b>excursi\u00f3n\/traslado<\/b> incluido.<\/p>","protected":false},"featured_media":12777,"comment_status":"open","ping_status":"closed","template":"","meta":[],"product_brand":[],"product_cat":[125],"product_tag":[107],"class_list":{"0":"post-15344","1":"product","2":"type-product","3":"status-publish","4":"has-post-thumbnail","6":"tour_phys-antalya-tours","7":"product_cat-antalya-tours","8":"product_tag-antalya","9":"pa_destination-antalya-tours","11":"first","12":"instock","13":"sale","14":"shipping-taxable","15":"purchasable","16":"product-type-tour_phys"},"aioseo_notices":[],"_links":{"self":[{"href":"https:\/\/excursionsworld.com\/es\/wp-json\/wp\/v2\/product\/15344","targetHints":{"allow":["GET"]}}],"collection":[{"href":"https:\/\/excursionsworld.com\/es\/wp-json\/wp\/v2\/product"}],"about":[{"href":"https:\/\/excursionsworld.com\/es\/wp-json\/wp\/v2\/types\/product"}],"replies":[{"embeddable":true,"href":"https:\/\/excursionsworld.com\/es\/wp-json\/wp\/v2\/comments?post=15344"}],"wp:featuredmedia":[{"embeddable":true,"href":"https:\/\/excursionsworld.com\/es\/wp-json\/wp\/v2\/media\/12777"}],"wp:attachment":[{"href":"https:\/\/excursionsworld.com\/es\/wp-json\/wp\/v2\/media?parent=15344"}],"wp:term":[{"taxonomy":"product_brand","embeddable":true,"href":"https:\/\/excursionsworld.com\/es\/wp-json\/wp\/v2\/product_brand?post=15344"},{"taxonomy":"product_cat","embeddable":true,"href":"https:\/\/excursionsworld.com\/es\/wp-json\/wp\/v2\/product_cat?post=15344"},{"taxonomy":"product_tag","embeddable":true,"href":"https:\/\/excursionsworld.com\/es\/wp-json\/wp\/v2\/product_tag?post=15344"}],"curies":[{"name":"wp","href":"https:\/\/api.w.org\/{rel}","templated":true}]}}