{"id":15345,"date":"2025-10-26T17:55:49","date_gmt":"2025-10-26T14:55:49","guid":{"rendered":"https:\/\/excursionsworld.com\/?post_type=product&#038;p=15345"},"modified":"2025-11-21T17:37:51","modified_gmt":"2025-11-21T14:37:51","slug":"lparque-tematico-and-of-legends-antalya","status":"publish","type":"product","link":"https:\/\/excursionsworld.com\/tours\/the-land-of-legends-theme-park-antalya\/","title":{"rendered":"The Land of Legends tour desde Antalya \u2013 parque tem\u00e1tico"},"content":{"rendered":"<h3 dir=\"ltr\" data-pm-slice=\"1 1 []\"><span style=\"color: #000000;\"><strong>\ud83c\udfa2 Visi\u00f3n general<\/strong><\/span><\/h3>\n<p dir=\"ltr\">Sum\u00e9rjase en un d\u00eda de emociones fuertes en The Land of Legends, en Belek, con traslados desde Antalya y alrededores. Disfrute de toboganes de infarto, rel\u00e1jese en el parque acu\u00e1tico y conozca a los personajes de Nickelodeon Land. Esta excursi\u00f3n, perfecta para familias y adictos a la adrenalina, dura entre 7 y 8 horas.<\/p>\n<h3 dir=\"ltr\"><span style=\"color: #000000;\"><strong>Incluido:<\/strong><\/span><\/h3>\n<p dir=\"ltr\"><span style=\"color: #00ff00;\"><strong>\u2713<\/strong> <\/span>Recogida y entrega en el hotel<br \/>\n<span style=\"color: #00ff00;\"><strong>\u2713<\/strong> <\/span>Entrada al Pa\u00eds de las Leyendas<br \/>\n<span style=\"color: #00ff00;\"><strong>\u2713<\/strong> <\/span>Seguro durante los traslados<br \/>\n<span style=\"color: #00ff00;\"><strong>\u2713<\/strong> <\/span>C\u00f3modo autob\u00fas con aire acondicionado<\/p>\n<h3 dir=\"ltr\"><span style=\"color: #000000;\"><strong>No se incluye:<\/strong><\/span><\/h3>\n<p dir=\"ltr\"><strong><span style=\"color: #ff0000;\">\u2717<\/span><\/strong> Comida y bebida<br \/>\n<strong><span style=\"color: #ff0000;\">\u2717 <\/span><\/strong>Fotos y v\u00eddeos<br \/>\n<strong><span style=\"color: #ff0000;\">\u2717 <\/span><\/strong>Atracciones premium (por ejemplo, nadar con delfines)<br \/>\n<strong><span style=\"color: #ff0000;\">\u2717 <\/span><\/strong>Gastos personales<\/p>\n<h3 dir=\"ltr\"><span style=\"color: #000000;\"><strong>Destacados<\/strong><\/span><\/h3>\n<p dir=\"ltr\">\ud83d\udd39 Emocionantes toboganes, incluida la Hyper Coaster de 62 metros<br \/>\n\ud83d\udd39 Typhoon Coaster de 43 metros y m\u00e1s de 40 toboganes acu\u00e1ticos<br \/>\n\ud83d\udd39 Nickelodeon Land con Bob Esponja y la Patrulla Canina<br \/>\n\ud83d\udd39 Amplio parque acu\u00e1tico con piscinas<br \/>\n\ud83d\udd39 Animaciones y atracci\u00f3n Cohete espacial<\/p>\n<h3 dir=\"ltr\"><span style=\"color: #000000;\"><strong>\ud83d\udcd6 Descripci\u00f3n completa<\/strong><\/span><\/h3>\n<p dir=\"ltr\">Comience el d\u00eda con un c\u00f3modo traslado desde Antalya, o zonas cercanas, a La Tierra de Leyendas en Belek. Suba a la monta\u00f1a rusa Hyper Coaster, de 62 metros, o l\u00e1ncese a la piscina desde la monta\u00f1a rusa Typhoon Coaster, de 43 metros. Explore m\u00e1s de 40 toboganes acu\u00e1ticos o rel\u00e1jese en las piscinas del parque acu\u00e1tico. Tanto a los ni\u00f1os como a los adultos les encantar\u00e1 Nickelodeon Land, con los personajes de Bob Esponja y la Patrulla Canina. Desde atracciones llenas de adrenalina hasta divertidas animaciones, este parque lo tiene todo. Despu\u00e9s de un d\u00eda de emociones, regrese a su hotel con recuerdos inolvidables.<\/p>\n<h3 dir=\"ltr\"><span style=\"color: #000000;\"><strong>\ud83d\uddfa\ufe0f Itinerario<\/strong><\/span><\/h3>\n<p dir=\"ltr\">\ud83d\udd39 Recogida en Antalya, y alrededores.<br \/>\n\ud83d\udd39 Llegada al Pa\u00eds de las Leyendas en Belek<br \/>\n\ud83d\udd39 Tiempo libre para atracciones, parque acu\u00e1tico y Nickelodeon Land (~5-6 horas).<br \/>\n\ud83d\udd39 Regreso al hotel<\/p>\n<h3 dir=\"ltr\"><span style=\"color: #000000;\"><strong>\u2139\ufe0f Informaci\u00f3n \u00fatil<\/strong><\/span><\/h3>\n<p dir=\"ltr\">Duraci\u00f3n: ~7-8 horas (excursi\u00f3n de d\u00eda completo)<br \/>\n\ud83d\udd39 Apto para personas con movilidad b\u00e1sica<br \/>\n\ud83d\udd39 Actividad f\u00edsica moderada<br \/>\n\ud83d\udd39 El vale debe canjearse en la taquilla<br \/>\n\ud83d\udd39 El horario de funcionamiento puede variar<br \/>\n\ud83d\udd39 Los ni\u00f1os menores de 6 a\u00f1os que viajan gratis no tienen asiento individual en el autob\u00fas. Si el autob\u00fas est\u00e1 lleno, se sientan en el regazo de un adulto, o se puede reservar un asiento aparte<\/p>\n<h3 dir=\"ltr\"><span style=\"color: #000000;\"><strong>Qu\u00e9 llevar<\/strong><\/span><\/h3>\n<p dir=\"ltr\">\ud83d\udd39 Ba\u00f1ador y toalla.<br \/>\n\ud83d\udd39 Zapatos de agua<br \/>\n\ud83d\udd39 Efectivo para gastos<\/p>\n<h3 dir=\"ltr\"><span style=\"color: #000000;\"><strong>\ud83d\udeab No apto para<\/strong><\/span><\/h3>\n<div dir=\"ltr\">\ud83d\udd39 Mujeres embarazadas<\/div>\n<div dir=\"ltr\">\ud83d\udd39 Comida y bebida en el exterior<br \/>\nBebidas alcoh\u00f3licas<\/div>\n<h3 dir=\"ltr\"><span style=\"color: #000000;\"><strong>\ud83d\udcb8 Precios y reservas<\/strong><\/span><\/h3>\n<div class=\"elementor-element elementor-element-884d539 e-con-full e-flex e-con e-child\" data-id=\"884d539\" data-element_type=\"container\">\n<div id=\"description\" class=\"elementor-element elementor-element-337037cc elementor-widget elementor-widget-thim-ekits-tours-content\" data-id=\"337037cc\" data-element_type=\"widget\" data-widget_type=\"thim-ekits-tours-content.default\">\n<div class=\"elementor-widget-container\">\n<div class=\"thim-ekit-single-tour__content\">\n<p data-start=\"3803\" data-end=\"3931\"><strong>\ud83d\udd39 Reserva ahora, paga el d\u00eda de la excursi\u00f3n<\/strong><br data-start=\"3842\" data-end=\"3845\" \/>\ud83d\udd39 Ponte en contacto con nosotros a trav\u00e9s de WhatsApp, Telegram, Viber, o rellena el siguiente formulario de reserva \ud83d\udc47\ud83c\udffc<\/p>\n<\/div>\n<\/div>\n<\/div>\n<\/div>","protected":false},"excerpt":{"rendered":"<p>Disfrute de la excursi\u00f3n al parque tem\u00e1tico Land of Legends desde Antalya. El parque acu\u00e1tico m\u00e1s grande de Turqu\u00eda Emocionantes toboganes, Nickelodeon Land, piscinas y diversi\u00f3n en familia con traslados al hotel incluidos.<\/p>","protected":false},"featured_media":12791,"comment_status":"open","ping_status":"closed","template":"","meta":[],"product_brand":[],"product_cat":[125],"product_tag":[107],"class_list":{"0":"post-15345","1":"product","2":"type-product","3":"status-publish","4":"has-post-thumbnail","6":"tour_phys-antalya-tours","7":"product_cat-antalya-tours","8":"product_tag-antalya","9":"pa_destination-antalya-tours","11":"first","12":"instock","13":"sale","14":"shipping-taxable","15":"purchasable","16":"product-type-tour_phys"},"aioseo_notices":[],"_links":{"self":[{"href":"https:\/\/excursionsworld.com\/es\/wp-json\/wp\/v2\/product\/15345","targetHints":{"allow":["GET"]}}],"collection":[{"href":"https:\/\/excursionsworld.com\/es\/wp-json\/wp\/v2\/product"}],"about":[{"href":"https:\/\/excursionsworld.com\/es\/wp-json\/wp\/v2\/types\/product"}],"replies":[{"embeddable":true,"href":"https:\/\/excursionsworld.com\/es\/wp-json\/wp\/v2\/comments?post=15345"}],"wp:featuredmedia":[{"embeddable":true,"href":"https:\/\/excursionsworld.com\/es\/wp-json\/wp\/v2\/media\/12791"}],"wp:attachment":[{"href":"https:\/\/excursionsworld.com\/es\/wp-json\/wp\/v2\/media?parent=15345"}],"wp:term":[{"taxonomy":"product_brand","embeddable":true,"href":"https:\/\/excursionsworld.com\/es\/wp-json\/wp\/v2\/product_brand?post=15345"},{"taxonomy":"product_cat","embeddable":true,"href":"https:\/\/excursionsworld.com\/es\/wp-json\/wp\/v2\/product_cat?post=15345"},{"taxonomy":"product_tag","embeddable":true,"href":"https:\/\/excursionsworld.com\/es\/wp-json\/wp\/v2\/product_tag?post=15345"}],"curies":[{"name":"wp","href":"https:\/\/api.w.org\/{rel}","templated":true}]}}