{"id":15346,"date":"2025-10-26T17:57:20","date_gmt":"2025-10-26T14:57:20","guid":{"rendered":"https:\/\/excursionsworld.com\/?post_type=product&#038;p=15346"},"modified":"2026-04-24T00:20:45","modified_gmt":"2026-04-23T21:20:45","slug":"pesca-barco-antalya","status":"publish","type":"product","link":"https:\/\/excursionsworld.com\/tours\/antalya-sea-fishing\/","title":{"rendered":"Pesca en barco tour desde Antalya \u2013 todo incluido"},"content":{"rendered":"<h2><span style=\"color: #000000;\"><strong>\ud83c\udfa3<\/strong><\/span>Visi\u00f3n general<\/h2>\n<p>\u00danete al <strong><a href=\"https:\/\/en.wikipedia.org\/wiki\/Antalya\" target=\"_blank\" rel=\"noopener\">Antalya<\/a> Tour de pesca<\/strong> y disfrute de una aventura en alta mar de medio d\u00eda en el turquesa Mediterr\u00e1neo.<br \/>Perfecto para principiantes y pescadores experimentados, este relajante viaje combina pesca, diversi\u00f3n e impresionantes vistas de la costa, todo ello con traslado al hotel incluido.<\/p>\n<h3>\u00a0Incluido:<\/h3>\n<div><span style=\"color: #00ff00;\"><strong>\u2713<\/strong><\/span> Recogida y entrega en el hotel<br \/><span style=\"color: #00ff00;\"><strong>\u2713 <\/strong><\/span>Capit\u00e1n y gu\u00eda profesionales<br \/><span style=\"color: #00ff00;\"><strong>\u2713 <\/strong><\/span>Material de pesca y cebos<br \/><span style=\"color: #00ff00;\"><strong>\u2713 <\/strong><\/span>Desayuno a bordo<\/div>\n<div><span style=\"color: #00ff00;\"><strong>\u2713 <\/strong><\/span>almuerzo (\u00a1incluye su captura!)<br \/><span style=\"color: #00ff00;\"><strong>\u2713 <\/strong><\/span>Seguro a todo riesgo<\/div>\n<div><span style=\"color: #00ff00;\"><strong>\u2713 <\/strong><\/span>Refrescos<\/div>\n<h3>\u00a0No se incluye:<\/h3>\n<p><strong><span style=\"color: #ff0000;\">\u2717<\/span> <\/strong>Bebidas alcoh\u00f3licas y refrescos<br \/><strong><span style=\"color: #ff0000;\">\u2717<\/span> <\/strong>Gastos personales<\/p>\n<h2>\ud83c\udf1f Puntos Destacados del Tour de Pesca en el Mar de Antalya de Este Tour by<\/h2>\n<p>\ud83d\udd39 Pesca y asa tu propio pescado para comer<br \/>\ud83d\udd39 Gu\u00eda experto y equipo de pesca moderno<br \/>\ud83d\udd39 Vistas panor\u00e1micas de la costa de Antalya y los montes Tauro.<br \/>\ud83d\udd39 Experiencia en grupo reducido y traslado gratuito al hotel<\/p>\n<h2>\ud83d\udcd6 Descripci\u00f3n completa: Tu excursi\u00f3n de pesca en Antalya por Experience<\/h2>\n<p>El d\u00eda comienza con una c\u00f3moda recogida en el hotel y traslado al puerto deportivo de Antalya. Tras una breve charla informativa con su amable capit\u00e1n, el barco zarpa hacia mar abierto, donde pescar\u00e1 a profundidades de hasta 60 metros utilizando modernos equipos y sonares.<br \/>\u00bfNo tiene experiencia? No hay problema: su gu\u00eda le ayudar\u00e1 en cada paso. Siente la emoci\u00f3n de pescar mientras disfrutas del sol y la brisa marina.<br \/>M\u00e1s tarde, ase su pesca fresca a bordo y disfrute de un delicioso almuerzo rodeado del impresionante paisaje mediterr\u00e1neo. Tras unos momentos de relax, regrese al puerto y a su hotel con un recuerdo inolvidable de la jornada.<\/p>\n<h3>\ud83d\uddfa\ufe0f Itinerario<\/h3>\n<p>\ud83d\udd39 Recogida en los hoteles de Antalya (sobre las 07:30)<br \/>\ud83d\udd39 Sesi\u00f3n informativa de bienvenida en el puerto deportivo<br \/>\ud83d\udd39 3-4 horas de pesca en puntos de aguas profundas.<br \/>\ud83d\udd39 Cocine a la parrilla y disfrute de su pesca para el almuerzo<br \/>\ud83d\udd39 Crucero de regreso al puerto y entrega en el hotel.<\/p>\n<h3>\u2139\ufe0f Informaci\u00f3n \u00fatil<\/h3>\n<p>\ud83d\udd39 Duraci\u00f3n: aprox. 5-5,5 horas<br \/>\ud83d\udd39 Salidas diarias por la ma\u00f1ana\u00a0<br \/>\ud83d\udd39 No se requiere experiencia<br \/>\ud83d\udd39 Recorrido en grupo reducido para mayor comodidad<\/p>\n<h3>\ud83d\udeab No apto para<\/h3>\n<p>\ud83d\udd39 Mujeres embarazadas<br \/>\ud83d\udd39 Hu\u00e9spedes con dolencias graves de espalda o coraz\u00f3n.<\/p>\n<h2>Qu\u00e9 llevar<\/h2>\n<p>\ud83d\udd39 Gafas de sol, gorra y crema solar.<br \/>\ud83d\udd39 Ropa c\u00f3moda y ba\u00f1adores.<br \/>\ud83d\udd39 Calderilla para extras<\/p>\n<div class=\"elementor-element elementor-element-884d539 e-con-full e-flex e-con e-child\" data-id=\"884d539\" data-element_type=\"container\">\n<div id=\"description\" class=\"elementor-element elementor-element-337037cc elementor-widget elementor-widget-thim-ekits-tours-content\" data-id=\"337037cc\" data-element_type=\"widget\" data-widget_type=\"thim-ekits-tours-content.default\">\n<div class=\"elementor-widget-container\">\n<h2 class=\"thim-ekit-single-tour__content\">\ud83d\udcb8\u00a0<strong>Precios y reservas<\/strong><\/h2>\n<div class=\"thim-ekit-single-tour__content\">\n<p><strong>\ud83d\udd39 Reserva ahora, paga el d\u00eda de la excursi\u00f3n<\/strong><br \/>\ud83d\udd39 Ponte en contacto con nosotros a trav\u00e9s de WhatsApp, Telegram, Viber, o rellena el siguiente formulario de reserva \ud83d\udc47\ud83c\udffc<\/p>\n<\/div>\n<\/div>\n<\/div>\n<\/div>\n<p>\u00bfBuscas alternativas? Explora <a href=\"https:\/\/excursionsworld.com\/es\/excursiones-antalya\/\">m\u00e1s tours en Antalya<\/a>.<\/p>","protected":false},"excerpt":{"rendered":"<p>Reserva el <b>Excursi\u00f3n de pesca a Antalya<\/b>\u00a1! Disfrute de un <b>salida de pesca en alta mar<\/b> en el Mediterr\u00e1neo. Asa tus capturas para <b>almuerzo<\/b>! <b>Traslado incluido<\/b>, <b>excursi\u00f3n<\/b> utiliza equipo experto.<\/p>","protected":false},"featured_media":15809,"comment_status":"open","ping_status":"closed","template":"","meta":[],"product_brand":[],"product_cat":[125],"product_tag":[107],"class_list":{"0":"post-15346","1":"product","2":"type-product","3":"status-publish","4":"has-post-thumbnail","6":"tour_phys-antalya-tours","7":"product_cat-antalya-tours","8":"product_tag-antalya","9":"pa_destination-antalya-tours","11":"first","12":"instock","13":"sale","14":"shipping-taxable","15":"purchasable","16":"product-type-tour_phys"},"aioseo_notices":[],"_links":{"self":[{"href":"https:\/\/excursionsworld.com\/es\/wp-json\/wp\/v2\/product\/15346","targetHints":{"allow":["GET"]}}],"collection":[{"href":"https:\/\/excursionsworld.com\/es\/wp-json\/wp\/v2\/product"}],"about":[{"href":"https:\/\/excursionsworld.com\/es\/wp-json\/wp\/v2\/types\/product"}],"replies":[{"embeddable":true,"href":"https:\/\/excursionsworld.com\/es\/wp-json\/wp\/v2\/comments?post=15346"}],"wp:featuredmedia":[{"embeddable":true,"href":"https:\/\/excursionsworld.com\/es\/wp-json\/wp\/v2\/media\/15809"}],"wp:attachment":[{"href":"https:\/\/excursionsworld.com\/es\/wp-json\/wp\/v2\/media?parent=15346"}],"wp:term":[{"taxonomy":"product_brand","embeddable":true,"href":"https:\/\/excursionsworld.com\/es\/wp-json\/wp\/v2\/product_brand?post=15346"},{"taxonomy":"product_cat","embeddable":true,"href":"https:\/\/excursionsworld.com\/es\/wp-json\/wp\/v2\/product_cat?post=15346"},{"taxonomy":"product_tag","embeddable":true,"href":"https:\/\/excursionsworld.com\/es\/wp-json\/wp\/v2\/product_tag?post=15346"}],"curies":[{"name":"wp","href":"https:\/\/api.w.org\/{rel}","templated":true}]}}