{"id":15348,"date":"2025-10-26T18:03:34","date_gmt":"2025-10-26T15:03:34","guid":{"rendered":"https:\/\/excursionsworld.com\/?post_type=product&#038;p=15348"},"modified":"2025-12-09T20:34:45","modified_gmt":"2025-12-09T17:34:45","slug":"estambul-1-dia-antalya","status":"publish","type":"product","link":"https:\/\/excursionsworld.com\/tours\/istanbul-1-day-antalya\/","title":{"rendered":"Estambul tour de 1 d\u00eda desde Antalya \u2013 en avi\u00f3n"},"content":{"rendered":"<h3 dir=\"ltr\" data-pm-slice=\"1 1 []\"><span style=\"color: #000000;\"><strong>\ud83d\udd4c Visi\u00f3n general<\/strong><\/span><\/h3>\n<p dir=\"ltr\">Descubra la magia de Estambul en una excursi\u00f3n de un d\u00eda. Le recogeremos en su hotel de Antalya o zonas cercanas, volaremos desde el aeropuerto de Antalya, visitaremos Santa Sof\u00eda y el Palacio Topkapi y disfrutaremos de un crucero en yate por el B\u00f3sforo. La excursi\u00f3n incluye gu\u00eda, comidas y paseo en yate, con una duraci\u00f3n aproximada de 14-16 horas.<\/p>\n<h3 dir=\"ltr\"><strong>Incluido:<\/strong><\/h3>\n<p dir=\"ltr\"><span style=\"color: #00ff00;\"><strong>\u2713<\/strong><\/span> Recogida y entrega en el hotel<br \/>\n<span style=\"color: #00ff00;\"><strong>\u2713 <\/strong><\/span>Billete de avi\u00f3n (Antalya-Estambul-Antalya)<br \/>\n<span style=\"color: #00ff00;\"><strong>\u2713 <\/strong><\/span>Seguro a todo riesgo<br \/>\n<span style=\"color: #00ff00;\"><strong>\u2713 <\/strong><\/span>Gu\u00eda profesional de habla inglesa<br \/>\n<span style=\"color: #00ff00;\"><strong>\u2713 <\/strong><\/span>C\u00f3modo autob\u00fas con aire acondicionado<br \/>\n<span style=\"color: #00ff00;\"><strong>\u2713 <\/strong><\/span>Entradas a atracciones<br \/>\n<span style=\"color: #00ff00;\"><strong>\u2713 <\/strong><\/span>Comida y cena<br \/>\n<span style=\"color: #00ff00;\"><strong>\u2713 <\/strong><\/span>Crucero en yate por el B\u00f3sforo<\/p>\n<h3 dir=\"ltr\"><span style=\"color: #000000;\"><strong>No se incluye:<\/strong><\/span><\/h3>\n<p dir=\"ltr\"><strong><span style=\"color: #ff0000;\">\u2717<\/span><\/strong> Gastos personales<br \/>\n<strong><span style=\"color: #ff0000;\">\u2717 <\/span><\/strong>Fotos y v\u00eddeos (opcional)<br \/>\n<strong><span style=\"color: #ff0000;\">\u2717 <\/span><\/strong>Bebidas<\/p>\n<h3 dir=\"ltr\"><span style=\"color: #000000;\"><strong>\u2708\ufe0f Lo m\u00e1s destacado<\/strong><\/span><\/h3>\n<p dir=\"ltr\">\ud83d\udd39 Visita Santa Sof\u00eda, la Mezquita Azul y el Palacio de Topkapi<br \/>\n\ud83d\udd39 Explora el Gran Bazar y el Bazar Egipcio<br \/>\n\ud83d\udd39 Crucero panor\u00e1mico en yate por el B\u00f3sforo<br \/>\n\ud83d\udd39 Cena en el hist\u00f3rico barrio de Kumkap\u0131.<br \/>\n\ud83d\udd39 Rica historia y cultura en un solo d\u00eda<\/p>\n<h3 dir=\"ltr\"><span style=\"color: #000000;\"><strong>\ud83d\udcd6 Descripci\u00f3n completa<\/strong><\/span><\/h3>\n<p dir=\"ltr\">Emb\u00e1rquese en un emocionante viaje que comienza temprano por la ma\u00f1ana con un traslado desde Antalya o sus alrededores hasta el aeropuerto de Antalya para tomar un vuelo corto a Estambul. Sum\u00e9rjase en el coraz\u00f3n de la ciudad con un recorrido por la pen\u00ednsula hist\u00f3rica, visitando Santa Sof\u00eda, la Mezquita Azul y el Hip\u00f3dromo. Explore el opulento Palacio Topkapi y el vibrante Bazar Egipcio. Tras un delicioso almuerzo, zarpe en un crucero en yate por el B\u00f3sforo, admirando el perfil de la ciudad, puente entre dos continentes. Concluya el d\u00eda con una cena en el animado barrio de Kumkap\u0131 antes de volar de regreso a Antalya y volver a su hotel, encantado por la mezcla de Oriente y Occidente.<\/p>\n<h3 dir=\"ltr\"><span style=\"color: #000000;\"><strong>\ud83d\uddfa\ufe0f Itinerario<\/strong><\/span><\/h3>\n<p dir=\"ltr\">\ud83d\udd39 Recogida en Antalya y alrededores.<br \/>\n\ud83d\udd39 Traslado al aeropuerto de Antalya<br \/>\n\ud83d\udd39 Vuelo a Estambul (~1 hora)<br \/>\n\ud83d\udd39 Recorrido por la pen\u00ednsula hist\u00f3rica<br \/>\n\ud83d\udd39 Mezquita Azul y Santa Sof\u00eda<br \/>\n\ud83d\udd39 Plaza del Hip\u00f3dromo<br \/>\n\ud83d\udd39 Comida<br \/>\nPalacio de Topkapi<br \/>\n\ud83d\udd39 Bazar egipcio<br \/>\n\ud83d\udd39 Crucero en yate por el B\u00f3sforo<br \/>\n\ud83d\udd39 Cena en Kumkap\u0131<br \/>\n\ud83d\udd39 Vuelo de regreso a Antalya<br \/>\n\ud83d\udd39 Regreso al hotel<\/p>\n<h3 dir=\"ltr\">\u2139\ufe0f Informaci\u00f3n \u00fatil<\/h3>\n<p dir=\"ltr\">Duraci\u00f3n: ~14-16 horas (excursi\u00f3n de d\u00eda completo)<br \/>\n\ud83d\udd39 Actividad f\u00edsica moderada (pasear y hacer turismo).<br \/>\n\ud83d\udd39 Acompa\u00f1ado de un gu\u00eda titulado de habla inglesa<br \/>\n\ud83d\udd39 Duraci\u00f3n del vuelo: ~1 hora en cada sentido<br \/>\n\ud83d\udd39 Lleva calzado c\u00f3modo para caminar mucho<br \/>\n\ud83d\udd39 El itinerario puede ajustarse debido al tiempo o al tr\u00e1fico<br \/>\n\ud83d\udd39 Los ni\u00f1os menores de 3 a\u00f1os viajan gratis sin asiento adicional; asiento adicional disponible de pago.<br \/>\n\ud83d\udd39 Los asientos para ni\u00f1os dependen de la disponibilidad del autob\u00fas<\/p>\n<h3 dir=\"ltr\">Qu\u00e9 llevar<\/h3>\n<p dir=\"ltr\">Pasaporte<br \/>\n\ud83d\udd39 Gafas de sol y sombrero<br \/>\n\ud83d\udd39 Zapatos c\u00f3modos para caminar<br \/>\n\ud83d\udd39 Efectivo para gastos personales<\/p>\n<h3 dir=\"ltr\">\ud83d\udeab No apto para<\/h3>\n<p dir=\"ltr\">\ud83d\udd39 Personas con graves problemas de movilidad<br \/>\n\ud83d\udd39 Viajeros con claustrofobia (vuelo y transporte).<br \/>\n\ud83d\udd39 Ni\u00f1os menores de 3 a\u00f1os<\/p>\n<h3 dir=\"ltr\">\ud83d\udcb8 Precios y reservas<\/h3>\n<p dir=\"ltr\"><strong>\ud83d\udd39 Reserva ahora, paga el d\u00eda de la excursi\u00f3n<\/strong><br \/>\n\ud83d\udd39 Ponte en contacto con nosotros a trav\u00e9s de WhatsApp, Telegram, Viber, o rellena el siguiente formulario de reserva. \ud83d\udc47\ud83c\udffc<\/p>","protected":false},"excerpt":{"rendered":"<p data-start=\"998\" data-end=\"1208\">\u00danase a una excursi\u00f3n guiada de 1 d\u00eda por Estambul desde Antalya en avi\u00f3n. Visite Santa Sof\u00eda, el Palacio Topkapi, el Gran Bazar y disfrute de un crucero por el B\u00f3sforo. Vuelo de ida y vuelta, traslados y comidas incluidos.<\/p>","protected":false},"featured_media":12902,"comment_status":"open","ping_status":"closed","template":"","meta":[],"product_brand":[],"product_cat":[125],"product_tag":[107],"class_list":{"0":"post-15348","1":"product","2":"type-product","3":"status-publish","4":"has-post-thumbnail","6":"tour_phys-antalya-tours","7":"product_cat-antalya-tours","8":"product_tag-antalya","9":"pa_destination-antalya-tours","11":"first","12":"instock","13":"sale","14":"shipping-taxable","15":"purchasable","16":"product-type-tour_phys"},"aioseo_notices":[],"_links":{"self":[{"href":"https:\/\/excursionsworld.com\/es\/wp-json\/wp\/v2\/product\/15348","targetHints":{"allow":["GET"]}}],"collection":[{"href":"https:\/\/excursionsworld.com\/es\/wp-json\/wp\/v2\/product"}],"about":[{"href":"https:\/\/excursionsworld.com\/es\/wp-json\/wp\/v2\/types\/product"}],"replies":[{"embeddable":true,"href":"https:\/\/excursionsworld.com\/es\/wp-json\/wp\/v2\/comments?post=15348"}],"wp:featuredmedia":[{"embeddable":true,"href":"https:\/\/excursionsworld.com\/es\/wp-json\/wp\/v2\/media\/12902"}],"wp:attachment":[{"href":"https:\/\/excursionsworld.com\/es\/wp-json\/wp\/v2\/media?parent=15348"}],"wp:term":[{"taxonomy":"product_brand","embeddable":true,"href":"https:\/\/excursionsworld.com\/es\/wp-json\/wp\/v2\/product_brand?post=15348"},{"taxonomy":"product_cat","embeddable":true,"href":"https:\/\/excursionsworld.com\/es\/wp-json\/wp\/v2\/product_cat?post=15348"},{"taxonomy":"product_tag","embeddable":true,"href":"https:\/\/excursionsworld.com\/es\/wp-json\/wp\/v2\/product_tag?post=15348"}],"curies":[{"name":"wp","href":"https:\/\/api.w.org\/{rel}","templated":true}]}}