{"id":15349,"date":"2025-10-26T18:08:42","date_gmt":"2025-10-26T15:08:42","guid":{"rendered":"https:\/\/excursionsworld.com\/?post_type=product&#038;p=15349"},"modified":"2026-03-13T23:13:04","modified_gmt":"2026-03-13T20:13:04","slug":"capadocia-2-dias-antalya","status":"publish","type":"product","link":"https:\/\/excursionsworld.com\/tours\/cappadocia-2-day-antalya\/","title":{"rendered":"Capadocia tour de 2 d\u00edas desde Antalya \u2013 paseo en globo"},"content":{"rendered":"<h3 data-start=\"141\" data-end=\"434\"><span style=\"color: #000000;\"><strong>\ud83c\udf04 Visi\u00f3n general<\/strong><\/span><\/h3>\n<p data-start=\"141\" data-end=\"434\">\u00danase a una excursi\u00f3n guiada de 2 d\u00edas desde Antalya y las zonas cercanas (Lara, Kundu, Belek, Konyaalt\u0131) para explorar los m\u00e1gicos paisajes de Capadocia. Descubra chimeneas de hadas, ciudades subterr\u00e1neas e iglesias rupestres excavadas en roca volc\u00e1nica: una mezcla perfecta de historia, cultura y naturaleza.<\/p>\n<h3><span style=\"color: #000000;\"><strong>Incluido:<\/strong><\/span><\/h3>\n<div data-start=\"436\" data-end=\"696\"><span style=\"color: #00ff00;\"><strong>\u2713<\/strong> <\/span>Recogida y entrega en el hotel<\/div>\n<div data-start=\"436\" data-end=\"696\"><span style=\"color: #00ff00;\"><strong>\u2713<\/strong> <\/span>1 noche de hotel (habitaci\u00f3n est\u00e1ndar)<br data-start=\"603\" data-end=\"606\" \/><span style=\"color: #00ff00;\"><strong>\u2713<\/strong> <\/span>Cena de la primera noche<\/div>\n<div data-start=\"436\" data-end=\"696\"><span style=\"color: #00ff00;\"><strong>\u2713 <\/strong><\/span>Desayuno (D\u00eda 2 - en el hotel)<br data-start=\"635\" data-end=\"638\" \/><span style=\"color: #00ff00;\"><strong>\u2713<\/strong> <\/span>Entradas a los principales lugares de inter\u00e9s<br data-start=\"498\" data-end=\"501\" \/><span style=\"color: #00ff00;\"><strong>\u2713<\/strong> <\/span>Gu\u00eda profesional<br data-start=\"521\" data-end=\"524\" \/><span style=\"color: #00ff00;\"><strong>\u2713<\/strong> <\/span>Seguro de viaje<br data-start=\"540\" data-end=\"543\" \/><span style=\"color: #00ff00;\"><strong>\u2713<\/strong> <\/span>Autob\u00fas con aire acondicionado<\/div>\n<h3 data-start=\"698\" data-end=\"926\"><strong data-start=\"698\" data-end=\"714\">Excluidos:<\/strong><\/h3>\n<div data-start=\"698\" data-end=\"926\"><strong><span style=\"color: #ff0000;\">\u2717<\/span><\/strong> Bebidas durante las comidas<br data-start=\"738\" data-end=\"741\" \/><strong><span style=\"color: #ff0000;\">\u2717 <\/span><\/strong>Suplemento por habitaci\u00f3n individual<br data-start=\"787\" data-end=\"790\" \/><strong><span style=\"color: #ff0000;\">\u2717 <\/span><\/strong>Almuerzos ambos d\u00edas<br data-start=\"812\" data-end=\"815\" \/><strong><span style=\"color: #ff0000;\">\u2717<\/span><\/strong> <strong>Actividades opcionales:<\/strong><\/div>\n<div data-start=\"698\" data-end=\"926\"><strong>\u2022<\/strong> Noche turca 30\u20ac<br data-start=\"885\" data-end=\"888\" \/><strong>\u2022<\/strong> Tour Panor\u00e1mico \u2013 En Bus \u2013 30\u20ac<br \/>\n<strong>\u2022<\/strong> Tour Panor\u00e1mico \u2013 En Jeep \u2013 50\u20ac<\/div>\n<h3 data-start=\"928\" data-end=\"1225\">\ud83c\udff0 <strong data-start=\"931\" data-end=\"950\">Lo m\u00e1s destacado<\/strong><\/h3>\n<p data-start=\"928\" data-end=\"1225\">\ud83d\udd39 El Valle del Amor y sus chimeneas de hadas<br data-start=\"990\" data-end=\"993\" \/>\ud83d\udd39 Ciudad subterr\u00e1nea excavada en la roca.<br data-start=\"1029\" data-end=\"1032\" \/>\ud83d\udd39 Pa\u015faba\u011f Valle con rocas en forma de seta.<br data-start=\"1076\" data-end=\"1079\" \/>\ud83d\udd39 Castillo de Uchisar con vistas panor\u00e1micas<br data-start=\"1117\" data-end=\"1120\" \/>\ud83d\udd39 Valles de Zelve y Devrent<br data-start=\"1148\" data-end=\"1151\" \/>\ud83d\udd39 Taller de cer\u00e1mica en Avanos<br data-start=\"1180\" data-end=\"1183\" \/>\ud83d\udd39 Paseo opcional en globo aerost\u00e1tico al amanecer<\/p>\n<h3 data-start=\"1227\" data-end=\"1789\">\ud83d\udcd6 <strong data-start=\"1230\" data-end=\"1250\">Descripci\u00f3n completa<\/strong><\/h3>\n<p data-start=\"1227\" data-end=\"1789\">Su viaje comienza con la recogida en Antalya y un pintoresco viaje a Capadocia. Explore una antigua ciudad subterr\u00e1nea, marav\u00edllese con las surrealistas chimeneas del Valle del Amor y visite el Castillo de Uchisar para disfrutar de unas vistas incre\u00edbles. Descubra los valles de Pa\u015faba\u011f, Zelve y Devrent, cada uno repleto de formaciones rocosas \u00fanicas.<br data-start=\"1545\" data-end=\"1548\" \/>Vea c\u00f3mo se hace la cer\u00e1mica en Avanos antes de registrarse en su hotel y disfrutar de la cena o de un espect\u00e1culo nocturno turco opcional.<br data-start=\"1663\" data-end=\"1666\" \/>El segundo d\u00eda, visite iglesias rupestres, un caravasar hist\u00f3rico y un centro de tejido de alfombras antes de regresar a Antalya.<\/p>\n<h3 data-start=\"1791\" data-end=\"2073\">\ud83d\uddfa\ufe0f <strong data-start=\"1795\" data-end=\"1813\">Itinerario<\/strong><\/h3>\n<p data-start=\"1791\" data-end=\"2073\"><strong data-start=\"1816\" data-end=\"1825\">D\u00eda 1<\/strong><br data-start=\"1825\" data-end=\"1828\" \/>\ud83d\udd39 Recogida en los hoteles de Antalya<br data-start=\"1857\" data-end=\"1860\" \/>\ud83d\udd39 Parada para desayunar en el camino<br data-start=\"1888\" data-end=\"1891\" \/>\ud83d\udd39 Visita la ciudad subterr\u00e1nea<br data-start=\"1916\" data-end=\"1919\" \/>\ud83d\udd39 Almuerzo en Uchisar<br data-start=\"1938\" data-end=\"1941\" \/>\ud83d\udd39 Explora el castillo de Uchisar y el valle de G\u00f6reme<br data-start=\"1984\" data-end=\"1987\" \/>\ud83d\udd39 Visita a Pa\u015faba\u011f y Avanos (demostraci\u00f3n de alfarer\u00eda).<br data-start=\"2029\" data-end=\"2032\" \/>\ud83d\udd39 Registro en el hotel, cena, tarde libre.<\/p>\n<p data-start=\"2075\" data-end=\"2249\"><strong data-start=\"2075\" data-end=\"2084\">D\u00eda 2<\/strong><br data-start=\"2084\" data-end=\"2087\" \/>\ud83d\udd39 Desayuno en el hotel<br data-start=\"2112\" data-end=\"2115\" \/>\ud83d\udd39 Visita el Valle del Amor y las iglesias rupestres<br data-start=\"2153\" data-end=\"2156\" \/>\ud83d\udd39 Parada en centro de alfombras y caravasar<br data-start=\"2197\" data-end=\"2200\" \/>\ud83d\udd39 Almuerzo en Konya<br data-start=\"2217\" data-end=\"2220\" \/>\ud83d\udd39 Volver a los hoteles de Antalya<\/p>\n<h3 data-start=\"2582\" data-end=\"2841\">\u2139\ufe0f <strong data-start=\"2585\" data-end=\"2607\">Informaci\u00f3n \u00fatil<\/strong><\/h3>\n<p data-start=\"2582\" data-end=\"2841\">\ud83d\udd39 Duraci\u00f3n: 2 d\u00edas<br data-start=\"2629\" data-end=\"2632\" \/>\ud83d\udd39 Actividad f\u00edsica moderada<br data-start=\"2661\" data-end=\"2664\" \/>\ud83d\udd39 Paseo en globo opcional, en funci\u00f3n de las condiciones meteorol\u00f3gicas.<br data-start=\"2707\" data-end=\"2710\" \/>\ud83d\udd39 Estancia est\u00e1ndar en hotel (suplemento por habitaci\u00f3n individual)<br data-start=\"2763\" data-end=\"2766\" \/>\ud83d\udd39 Los menores de 6 a\u00f1os viajan gratis pero comparten asiento a menos que reserven por separado<\/p>\n<h3 data-start=\"2337\" data-end=\"2515\">\ud83c\udf92 <strong data-start=\"2340\" data-end=\"2357\">Qu\u00e9 llevar<\/strong><\/h3>\n<p data-start=\"2337\" data-end=\"2515\">\ud83d\udd39 Pasaporte o documento de identidad<br data-start=\"2377\" data-end=\"2380\" \/>\ud83d\udd39 Zapatos c\u00f3modos<br data-start=\"2400\" data-end=\"2403\" \/>\ud83d\udd39 Gafas de sol, gorra y crema solar.<br data-start=\"2436\" data-end=\"2439\" \/>\ud83d\udd39 Chaqueta para las noches frescas<br data-start=\"2466\" data-end=\"2469\" \/>\ud83d\udd39 C\u00e1mara o smartphone<br data-start=\"2492\" data-end=\"2495\" \/>\ud83d\udd39 Dinero por extras<\/p>\n<h3 data-start=\"2251\" data-end=\"2335\">\ud83d\udeab <strong data-start=\"2254\" data-end=\"2274\">No apto para<\/strong><\/h3>\n<p data-start=\"2251\" data-end=\"2335\">\ud83d\udd39 Hu\u00e9spedes con dificultades de movilidad<br data-start=\"2313\" data-end=\"2316\" \/>\ud83d\udd39 Ni\u00f1os peque\u00f1os<\/p>\n<h3 data-start=\"2843\" data-end=\"2990\">\ud83d\udcb8 <strong data-start=\"2846\" data-end=\"2867\">Precios y reservas<\/strong><\/h3>\n<p data-start=\"2843\" data-end=\"2990\"><strong>\ud83d\udd39 Reserva ahora - paga el d\u00eda de la excursi\u00f3n<\/strong><br data-start=\"2910\" data-end=\"2913\" \/>\ud83d\udd39 Contacta con nosotros v\u00eda WhatsApp, Telegram o Viber para reservas y dudas \ud83d\udc47\ud83c\udffc<\/p>","protected":false},"excerpt":{"rendered":"<p>Reserve su <b>2-day Cappadocia tour<\/b> <b>from Antalya<\/b>! Explore <b>chimeneas de hadas<\/b>, <b>ciudades subterr\u00e1neas<\/b>, and history. <b>All-inclusive trip<\/b> con <b>hotel<\/b> &amp; <b>gu\u00eda<\/b>.<\/p>","protected":false},"featured_media":12798,"comment_status":"open","ping_status":"closed","template":"","meta":[],"product_brand":[],"product_cat":[125],"product_tag":[107],"class_list":{"0":"post-15349","1":"product","2":"type-product","3":"status-publish","4":"has-post-thumbnail","6":"tour_phys-antalya-tours","7":"product_cat-antalya-tours","8":"product_tag-antalya","9":"pa_destination-antalya-tours","11":"first","12":"instock","13":"sale","14":"shipping-taxable","15":"purchasable","16":"product-type-tour_phys"},"aioseo_notices":[],"_links":{"self":[{"href":"https:\/\/excursionsworld.com\/es\/wp-json\/wp\/v2\/product\/15349","targetHints":{"allow":["GET"]}}],"collection":[{"href":"https:\/\/excursionsworld.com\/es\/wp-json\/wp\/v2\/product"}],"about":[{"href":"https:\/\/excursionsworld.com\/es\/wp-json\/wp\/v2\/types\/product"}],"replies":[{"embeddable":true,"href":"https:\/\/excursionsworld.com\/es\/wp-json\/wp\/v2\/comments?post=15349"}],"wp:featuredmedia":[{"embeddable":true,"href":"https:\/\/excursionsworld.com\/es\/wp-json\/wp\/v2\/media\/12798"}],"wp:attachment":[{"href":"https:\/\/excursionsworld.com\/es\/wp-json\/wp\/v2\/media?parent=15349"}],"wp:term":[{"taxonomy":"product_brand","embeddable":true,"href":"https:\/\/excursionsworld.com\/es\/wp-json\/wp\/v2\/product_brand?post=15349"},{"taxonomy":"product_cat","embeddable":true,"href":"https:\/\/excursionsworld.com\/es\/wp-json\/wp\/v2\/product_cat?post=15349"},{"taxonomy":"product_tag","embeddable":true,"href":"https:\/\/excursionsworld.com\/es\/wp-json\/wp\/v2\/product_tag?post=15349"}],"curies":[{"name":"wp","href":"https:\/\/api.w.org\/{rel}","templated":true}]}}