{"id":15350,"date":"2025-10-26T18:12:15","date_gmt":"2025-10-26T15:12:15","guid":{"rendered":"https:\/\/excursionsworld.com\/?post_type=product&#038;p=15350"},"modified":"2026-04-24T00:20:45","modified_gmt":"2026-04-23T21:20:45","slug":"pamukkale-lago-salda-antalya","status":"publish","type":"product","link":"https:\/\/excursionsworld.com\/tours\/pamukkale-salda-lake-tour-antalya\/","title":{"rendered":"Pamukkale &amp; Salda Lake Tour desde Antalya - Maldivas Turca"},"content":{"rendered":"<h2><strong>\ud83c\udfdd\ufe0f Visi\u00f3n general<\/strong><\/h2>\n<p>\u00danete a una excursi\u00f3n de d\u00eda completo desde Antalya para explorar las maravillas naturales de <a href=\"https:\/\/en.wikipedia.org\/wiki\/Pamukkale\" target=\"_blank\" rel=\"noopener\">Pamukkale<\/a> \u00a1y el turquesa lago Salda! Camina por las terrazas blancas de Pamukkale, descubre las antiguas ruinas de Hier\u00e1polis y rel\u00e1jate junto a las \u201cMaldivas turcas\u201d. El tour incluye desayuno, almuerzo, cena y traslados de hotel. Una combinaci\u00f3n perfecta de naturaleza, historia y comodidad.<\/p>\n<h3><strong>Incluido:<\/strong><\/h3>\n<p><span style=\"color: #00ff00;\"><strong>\u2713<\/strong> <\/span>Recogida y entrega en el hotel\u00a0<br \/><span style=\"color: #00ff00;\"><strong>\u2713<\/strong> <\/span>Autob\u00fas con aire acondicionado<br \/><span style=\"color: #00ff00;\"><strong>\u2713<\/strong> <\/span>Entradas a Pamukkale y Hier\u00e1polis<br \/><span style=\"color: #00ff00;\"><strong>\u2713<\/strong> <\/span>Gu\u00eda de habla inglesa<br \/><span style=\"color: #00ff00;\"><strong>\u2713<\/strong> <\/span>Seguro a todo riesgo<br \/><span style=\"color: #00ff00;\"><strong>\u2713<\/strong> <\/span>Desayuno, comida y cena<\/p>\n<h3>No se incluye:<\/h3>\n<p><span style=\"color: #ff0000;\"><strong>\u2717<\/strong><\/span> Entrada a la piscina de Cleopatra<br \/><span style=\"color: #ff0000;\"><strong>\u2717 <\/strong><\/span>Gastos personales<br \/><span style=\"color: #ff0000;\"><strong>\u2717 <\/strong><\/span>Bebidas<\/p>\n<h2><span style=\"color: #000000;\"><strong>\ud83c\udf1f Lo m\u00e1s destacado del viaje<\/strong><\/span><\/h2>\n<p>\ud83d\udd39 Paseo por los travertinos blancos como la nieve de Pamukkale<br \/>\ud83d\udd39 Explora la antigua ciudad y el teatro de Hier\u00e1polis<br \/>\ud83d\udd39 Rel\u00e1jate en piscinas termales naturales<br \/>\ud83d\udd39 Visita el lago Salda: las \u201cMaldivas\u201d de Turqu\u00eda\u201d<br \/>\ud83d\udd39 Disfruta de comidas tradicionales turcas durante el viaje<\/p>\n<h2><span style=\"color: #000000;\"><strong>\ud83d\udcd6 Descripci\u00f3n completa<\/strong><\/span><\/h2>\n<div>Comience su aventura con una recogida a primera hora de la ma\u00f1ana en su hotel de Antalya. Despu\u00e9s de desayunar en el camino, viaje a trav\u00e9s de paisajes pintorescos hacia Pamukkale, conocida por sus terrazas blancas y aguas curativas. Explore Hier\u00e1polis, una antigua ciudad balneario, donde podr\u00e1 ver el teatro romano y el Templo de Apolo. Tambi\u00e9n puede darse un chapuz\u00f3n en la Piscina de Cleopatra (opcional).<\/div>\n<div>Por la tarde, visite el famoso lago Salda, admirado por su brillante color turquesa y sus suaves orillas blancas. Tome fotos inolvidables, rel\u00e1jese en la naturaleza y disfrute de la cena antes de regresar c\u00f3modamente a su hotel en Antalya.<\/div>\n<h3><span style=\"color: #000000;\"><strong>\ud83d\uddfa\ufe0f Itinerario<\/strong><\/span><\/h3>\n<p>\ud83d\udd39 Recogida en los hoteles de Antalya<br \/>\ud83d\udd39 Desayuno en ruta<br \/>\ud83d\udd39 Viaje a Pamukkale<br \/>Almuerzo buffet<br \/>\ud83d\udd39 Recorrido por los travertinos de Pamukkale<br \/>\ud83d\udd39 Visita a las ruinas de Hier\u00e1polis<br \/>\ud83d\udd39 Tiempo libre para la Piscina de Cleopatra (opcional)<br \/>\ud83d\udd39 Visita al lago Salda para hacer turismo y fotos.<br \/>\ud83d\udd39 Cena<br \/>\ud83d\udd39 Viaje de ida y vuelta<br \/>\ud83d\udd39 Traslado de vuelta al hotel<\/p>\n<h3><span style=\"color: #000000;\"><strong>\u2139\ufe0f Informaci\u00f3n \u00fatil<\/strong><\/span><\/h3>\n<p>\ud83d\udd39 Duraci\u00f3n: unas 12 horas<br \/>\ud83d\udd39 El itinerario puede variar en funci\u00f3n de la meteorolog\u00eda<br \/>\ud83d\udd39 Se requiere caminar moderadamente<br \/>\ud83d\udd39 Los menores de 5 a\u00f1os viajan gratis (asiento compartido si est\u00e1 lleno)<\/p>\n<h2><span style=\"color: #000000;\"><strong>Qu\u00e9 llevar<\/strong><\/span><\/h2>\n<p>\ud83d\udd39 DNI o pasaporte<br \/>\ud83d\udd39 Zapatos c\u00f3modos<br \/>\ud83d\udd39 Gafas de sol, gorra y crema solar.<br \/>\ud83d\udd39 Ba\u00f1ador y toalla.<br \/>\ud83d\udd39 Dinero por extras<\/p>\n<h3><span style=\"color: #000000;\"><strong>\ud83d\udeab No apto para<\/strong><\/span><\/h3>\n<p>\ud83d\udd39 Personas con movilidad reducida<br \/>Enfermedades graves<\/p>\n<h2><span style=\"color: #000000;\"><strong>\ud83d\udcb8 Precios y reservas<\/strong><\/span><\/h2>\n<p><strong>\ud83d\udd39 Reserva ahora - paga el d\u00eda del tour<\/strong><br \/>\ud83d\udd39 Contacta con nosotros a trav\u00e9s de WhatsApp, Telegram o Viber para reservar. \ud83d\udc47\ud83c\udffc<\/p>\n<p>\u00bfBuscas alternativas? Explora <a href=\"https:\/\/excursionsworld.com\/es\/excursiones-antalya\/\">m\u00e1s excursiones de Antalya en Pamukkale<\/a>.<\/p>","protected":false},"excerpt":{"rendered":"<p>Reserva el <b>Antalya Pamukkale Tour<\/b>! Visit Hierapolis ruins &amp; Salda Lake (Turkey&#8217;s Maldives). All-day <b>excursi\u00f3n<\/b> with meals and comfortable <b>excursi\u00f3n de un d\u00eda<\/b>.<\/p>","protected":false},"featured_media":14072,"comment_status":"open","ping_status":"closed","template":"","meta":[],"product_brand":[],"product_cat":[125],"product_tag":[107],"class_list":{"0":"post-15350","1":"product","2":"type-product","3":"status-publish","4":"has-post-thumbnail","6":"tour_phys-antalya-tours","7":"product_cat-antalya-tours","8":"product_tag-antalya","9":"pa_destination-antalya-tours","11":"first","12":"instock","13":"sale","14":"shipping-taxable","15":"purchasable","16":"product-type-tour_phys"},"aioseo_notices":[],"_links":{"self":[{"href":"https:\/\/excursionsworld.com\/es\/wp-json\/wp\/v2\/product\/15350","targetHints":{"allow":["GET"]}}],"collection":[{"href":"https:\/\/excursionsworld.com\/es\/wp-json\/wp\/v2\/product"}],"about":[{"href":"https:\/\/excursionsworld.com\/es\/wp-json\/wp\/v2\/types\/product"}],"replies":[{"embeddable":true,"href":"https:\/\/excursionsworld.com\/es\/wp-json\/wp\/v2\/comments?post=15350"}],"wp:featuredmedia":[{"embeddable":true,"href":"https:\/\/excursionsworld.com\/es\/wp-json\/wp\/v2\/media\/14072"}],"wp:attachment":[{"href":"https:\/\/excursionsworld.com\/es\/wp-json\/wp\/v2\/media?parent=15350"}],"wp:term":[{"taxonomy":"product_brand","embeddable":true,"href":"https:\/\/excursionsworld.com\/es\/wp-json\/wp\/v2\/product_brand?post=15350"},{"taxonomy":"product_cat","embeddable":true,"href":"https:\/\/excursionsworld.com\/es\/wp-json\/wp\/v2\/product_cat?post=15350"},{"taxonomy":"product_tag","embeddable":true,"href":"https:\/\/excursionsworld.com\/es\/wp-json\/wp\/v2\/product_tag?post=15350"}],"curies":[{"name":"wp","href":"https:\/\/api.w.org\/{rel}","templated":true}]}}