{"id":15351,"date":"2025-10-26T18:13:06","date_gmt":"2025-10-26T15:13:06","guid":{"rendered":"https:\/\/excursionsworld.com\/?post_type=product&#038;p=15351"},"modified":"2026-03-14T19:21:13","modified_gmt":"2026-03-14T16:21:13","slug":"pamukkale-globo-aerostatico-antalya","status":"publish","type":"product","link":"https:\/\/excursionsworld.com\/tours\/pamukkale-hot-air-balloon-antalya\/","title":{"rendered":"Pamukkale en globo aerost\u00e1tico tour desde Antalya \u2013 d\u00eda completo"},"content":{"rendered":"<h3 data-start=\"153\" data-end=\"172\">\ud83c\udfdd\ufe0f Visi\u00f3n general<\/h3>\n<p data-start=\"173\" data-end=\"489\">Experimente la magia de Pamukkale con un paseo en globo al amanecer desde Antalya. Convenientes traslados desde el hotel est\u00e1n disponibles desde todos los distritos de Antalya, incluyendo Lara, Kundu, Konyaalt\u0131 y Belek. Tras el vuelo, disfrute de una visita guiada por Pamukkale y la antigua ciudad de Hier\u00e1polis, seguida de un delicioso almuerzo.<\/p>\n<h3 dir=\"ltr\"><span style=\"color: #000000;\"><strong>Incluido:<\/strong><\/span><\/h3>\n<p dir=\"ltr\"><strong><span style=\"color: #00ff00;\">\u2713<\/span><\/strong> Recogida y entrega en el hotel<br \/>\n<strong><span style=\"color: #00ff00;\">\u2713 <\/span><\/strong>Autob\u00fas con aire acondicionado<br \/>\n<strong><span style=\"color: #00ff00;\">\u2713 <\/span><\/strong>Paseo en globo<br \/>\n<strong><span style=\"color: #00ff00;\">\u2713 <\/span><\/strong><span style=\"color: #00ff00;\"><span style=\"color: #000000;\">Ingl\u00e9s<\/span><\/span>-gu\u00eda historiador<br \/>\n<strong><span style=\"color: #00ff00;\">\u2713 <\/span><\/strong>Almuerzo<br \/>\n<strong><span style=\"color: #00ff00;\">\u2713 <\/span><\/strong>Piloto profesional<br \/>\n<strong><span style=\"color: #00ff00;\">\u2713 <\/span><\/strong>Certificado de vuelo<br \/>\n<strong><span style=\"color: #00ff00;\">\u2713 <\/span><\/strong>Seguro a todo riesgo<\/p>\n<h3 dir=\"ltr\"><span style=\"color: #000000;\"><strong>Excluidos:<\/strong><\/span><\/h3>\n<div dir=\"ltr\"><span style=\"color: #ff0000;\"><strong>\u2717 <\/strong><\/span>Entradas Pamukkale y Hier\u00e1polis (40 \u20ac)<\/div>\n<div dir=\"ltr\"><span style=\"color: #ff0000;\"><strong>\u2717<\/strong><\/span> Entrada a la piscina de Cleopatra<br \/>\n<span style=\"color: #ff0000;\"><strong>\u2717<\/strong><\/span> Bebidas<\/div>\n<h3 data-start=\"870\" data-end=\"895\">\ud83c\udf1f Lo m\u00e1s destacado del viaje<\/h3>\n<p data-start=\"896\" data-end=\"1190\">\ud83d\udd39 Paseo en globo al amanecer sobre las terrazas blancas de Pamukkale<br data-start=\"959\" data-end=\"962\" \/>\ud83d\udd39 Impresionantes vistas panor\u00e1micas y oportunidades fotogr\u00e1ficas \u00fanicas<br data-start=\"1020\" data-end=\"1023\" \/>\ud83d\udd39 Champ\u00e1n y certificado de vuelo al aterrizar<br data-start=\"1071\" data-end=\"1074\" \/>\ud83d\udd39 Visita guiada de Hier\u00e1polis, incluido el teatro romano y las tumbas.<br data-start=\"1137\" data-end=\"1140\" \/>\ud83d\udd39 Ba\u00f1o opcional en la piscina de Cleopatra (cargo adicional).<\/p>\n<h3 data-start=\"1192\" data-end=\"1218\">\ud83d\udcd6 Descripci\u00f3n completa<\/h3>\n<p data-start=\"1219\" data-end=\"1859\">El d\u00eda comienza con la recogida temprano en el hotel de Antalya, seguida de un c\u00f3modo trayecto de 3,5 horas hasta Pamukkale. Emb\u00e1rquese en un impresionante paseo en globo aerost\u00e1tico al amanecer sobre las ic\u00f3nicas terrazas blancas y las antiguas ruinas de Pamukkale. Capture fotos inolvidables y disfrute de una copa de champ\u00e1n al aterrizar junto con su certificado de vuelo. Despu\u00e9s, explore la antigua ciudad de Hier\u00e1polis con su gu\u00eda profesional, visitando el teatro romano, los ba\u00f1os termales y otros lugares de inter\u00e9s hist\u00f3rico. Los hu\u00e9spedes que lo deseen podr\u00e1n ba\u00f1arse en la Piscina de Cleopatra por un suplemento. La excursi\u00f3n concluye con un delicioso almuerzo antes de regresar a su hotel en Antalya.<\/p>\n<h3 data-start=\"1861\" data-end=\"1886\">\ud83d\uddfa\ufe0f Itinerario<\/h3>\n<p data-start=\"1887\" data-end=\"2145\">\ud83d\udd39 Recogida temprano en el hotel en Antalya<br data-start=\"1919\" data-end=\"1922\" \/>\ud83d\udd39 Traslado a Pamukkale<br data-start=\"1946\" data-end=\"1949\" \/>\ud83d\udd39 Paseo en globo aerost\u00e1tico al amanecer<br data-start=\"1980\" data-end=\"1983\" \/>\ud83d\udd39 Champ\u00e1n y certificado de vuelo<br data-start=\"2018\" data-end=\"2021\" \/>\ud83d\udd39 Visita guiada de Pamukkale y Hier\u00e1polis<br data-start=\"2063\" data-end=\"2066\" \/>\ud83d\udd39 Ba\u00f1o opcional en la piscina de Cleopatra.<br data-start=\"2102\" data-end=\"2105\" \/>\ud83d\udd39 Comida<br data-start=\"2113\" data-end=\"2116\" \/>\ud83d\udd39 Traslado de vuelta al hotel<\/p>\n<h3 data-start=\"2147\" data-end=\"2175\">\u2139\ufe0f Informaci\u00f3n \u00fatil<\/h3>\n<p data-start=\"2176\" data-end=\"2482\">\ud83d\udd39 Duraci\u00f3n: 12 horas aproximadamente<br data-start=\"2211\" data-end=\"2214\" \/>\ud83d\udd39 Los vuelos en globo pueden cancelarse debido a las condiciones meteorol\u00f3gicas (reembolso \u00edntegro de la parte del vuelo).<br data-start=\"2296\" data-end=\"2299\" \/>\ud83d\udd39 Paradas cortas incluidas en el camino.<br data-start=\"2333\" data-end=\"2336\" \/>\ud83d\udd39 Los menores de 5 a\u00f1os viajan gratis pero no disponen de asiento individual; si el autob\u00fas va lleno, se sientan en el regazo de un adulto o se puede reservar un asiento individual<\/p>\n<h3 data-start=\"2484\" data-end=\"2507\">Qu\u00e9 llevar<\/h3>\n<p data-start=\"2508\" data-end=\"2634\">Gafas de sol \ud83d\udd39<br data-start=\"2521\" data-end=\"2524\" \/>\ud83d\udd39 Sombrero o gorra<br data-start=\"2537\" data-end=\"2540\" \/>\ud83d\udd39 Ba\u00f1ador y toalla.<br data-start=\"2561\" data-end=\"2564\" \/>\ud83d\udd39 Ropa c\u00f3moda y zapatillas de deporte.<br data-start=\"2600\" data-end=\"2603\" \/>\ud83d\udd39 Efectivo para gastos personales<\/p>\n<h3><span style=\"color: #000000;\"><strong>\ud83d\udeab No apto para<\/strong><\/span><\/h3>\n<p data-start=\"2663\" data-end=\"2710\">\ud83d\udd39 Ni\u00f1os menores de 7 a\u00f1os<br data-start=\"2688\" data-end=\"2691\" \/>\ud83d\udd39 Mujeres embarazadas<\/p>\n<h3 data-start=\"2775\" data-end=\"2802\">\ud83d\udcb8 Precios y reservas<\/h3>\n<p data-start=\"2803\" data-end=\"2920\"><strong>\ud83d\udd39 Reserva ahora - paga el d\u00eda de la excursi\u00f3n<\/strong><br data-start=\"2843\" data-end=\"2846\" \/>\ud83d\udd39 Contacta con nosotros v\u00eda WhatsApp, Telegram o Viber para reservas y consultas. \ud83d\udc47\ud83c\udffc<\/p>","protected":false},"excerpt":{"rendered":"<p><b>Antalya to Pamukkale tour<\/b>\u00a1! Experimente una <b>vuelo en globo<\/b> &amp; <b>Viaje a Hier\u00e1polis<\/b>. <b>Excursi\u00f3n con todo incluido<\/b> con <b>gu\u00eda<\/b>, almuerzo, &amp; <b>transferencia<\/b> incluido.<\/p>","protected":false},"featured_media":12607,"comment_status":"open","ping_status":"closed","template":"","meta":[],"product_brand":[],"product_cat":[125],"product_tag":[107],"class_list":{"0":"post-15351","1":"product","2":"type-product","3":"status-publish","4":"has-post-thumbnail","6":"tour_phys-antalya-tours","7":"product_cat-antalya-tours","8":"product_tag-antalya","9":"pa_destination-antalya-tours","11":"first","12":"instock","13":"sale","14":"shipping-taxable","15":"purchasable","16":"product-type-tour_phys"},"aioseo_notices":[],"_links":{"self":[{"href":"https:\/\/excursionsworld.com\/es\/wp-json\/wp\/v2\/product\/15351","targetHints":{"allow":["GET"]}}],"collection":[{"href":"https:\/\/excursionsworld.com\/es\/wp-json\/wp\/v2\/product"}],"about":[{"href":"https:\/\/excursionsworld.com\/es\/wp-json\/wp\/v2\/types\/product"}],"replies":[{"embeddable":true,"href":"https:\/\/excursionsworld.com\/es\/wp-json\/wp\/v2\/comments?post=15351"}],"wp:featuredmedia":[{"embeddable":true,"href":"https:\/\/excursionsworld.com\/es\/wp-json\/wp\/v2\/media\/12607"}],"wp:attachment":[{"href":"https:\/\/excursionsworld.com\/es\/wp-json\/wp\/v2\/media?parent=15351"}],"wp:term":[{"taxonomy":"product_brand","embeddable":true,"href":"https:\/\/excursionsworld.com\/es\/wp-json\/wp\/v2\/product_brand?post=15351"},{"taxonomy":"product_cat","embeddable":true,"href":"https:\/\/excursionsworld.com\/es\/wp-json\/wp\/v2\/product_cat?post=15351"},{"taxonomy":"product_tag","embeddable":true,"href":"https:\/\/excursionsworld.com\/es\/wp-json\/wp\/v2\/product_tag?post=15351"}],"curies":[{"name":"wp","href":"https:\/\/api.w.org\/{rel}","templated":true}]}}