{"id":15356,"date":"2025-10-26T18:36:55","date_gmt":"2025-10-26T15:36:55","guid":{"rendered":"https:\/\/excursionsworld.com\/?post_type=product&#038;p=15356"},"modified":"2025-11-21T20:41:04","modified_gmt":"2025-11-21T17:41:04","slug":"espectaculo-delfines-nado-belek","status":"publish","type":"product","link":"https:\/\/excursionsworld.com\/tours\/belek-dolphin-show-swim-dolphins\/","title":{"rendered":"Show de Delfines en Kemer &amp; Nado con Delfines \u2013 Diversi\u00f3n Familiar"},"content":{"rendered":"<h3 data-start=\"238\" data-end=\"258\"><span style=\"color: #000000;\"><strong>\ud83c\udfdd\ufe0f Visi\u00f3n general<\/strong><\/span><\/h3>\n<p data-start=\"260\" data-end=\"598\">Disfrute de una inolvidable aventura de medio d\u00eda en el espect\u00e1culo de delfines de Belek. Asista a una emocionante actuaci\u00f3n de delfines y leones marinos y, a continuaci\u00f3n, haga realidad su sue\u00f1o con un ba\u00f1o opcional con delfines. Perfecta para familias y amantes de los animales, esta alegre experiencia incluye c\u00f3modos traslados al hotel desde las zonas de Belek, Bo\u011fazkent y Kadriye.<\/p>\n<h3 data-start=\"600\" data-end=\"618\"><span style=\"color: #000000;\"><strong data-start=\"606\" data-end=\"618\">Incluido:<\/strong><\/span><\/h3>\n<p data-start=\"620\" data-end=\"888\"><span style=\"color: #00ff00;\"><strong>\u2713<\/strong> <\/span>Recogida y entrega en el hotel f<br data-start=\"682\" data-end=\"685\" \/><span style=\"color: #00ff00;\"><strong>\u2713<\/strong> <\/span>Entrada al espect\u00e1culo de delfines y leones marinos<br data-start=\"750\" data-end=\"753\" \/><span style=\"color: #00ff00;\"><strong>\u2713<\/strong> <\/span>Formadores profesionales y asistencia del personal del parque<br data-start=\"802\" data-end=\"805\" \/><span style=\"color: #00ff00;\"><strong>\u2713<\/strong> <\/span>Seguro a todo riesgo<\/p>\n<h3 data-start=\"890\" data-end=\"912\"><span style=\"color: #000000;\"><strong data-start=\"896\" data-end=\"912\">No se incluye:<\/strong><\/span><\/h3>\n<div data-start=\"914\" data-end=\"1012\"><strong><span style=\"color: #ff0000;\">\u2717 <\/span><\/strong>Ba\u00f1o opcional con delfines<\/div>\n<div data-start=\"914\" data-end=\"1012\"><strong><span style=\"color: #ff0000;\">\u2717<\/span><\/strong> Gastos personales, comida y bebida<br data-start=\"951\" data-end=\"954\" \/><strong><span style=\"color: #ff0000;\">\u2717 <\/span><\/strong>Fotos y v\u00eddeos<\/div>\n<h3 data-start=\"1014\" data-end=\"1040\"><span style=\"color: #000000;\">\ud83c\udf1f <strong data-start=\"1021\" data-end=\"1040\">Lo m\u00e1s destacado<\/strong><\/span><\/h3>\n<p data-start=\"1042\" data-end=\"1317\">\ud83d\udd39 M\u00e1gico espect\u00e1culo de 1 hora con delfines y leones marinos<br data-start=\"1097\" data-end=\"1100\" \/>\ud83d\udd39 Sesi\u00f3n opcional de nataci\u00f3n con delfines de 7-8 minutos.<br data-start=\"1147\" data-end=\"1150\" \/>\ud83d\udd39 Experiencia educativa y divertida para todas las edades.<br data-start=\"1196\" data-end=\"1199\" \/>\ud83d\udd39 Actividad relajante y de energ\u00eda positiva con mam\u00edferos marinos<br data-start=\"1259\" data-end=\"1262\" \/>\ud83d\udd39 C\u00f3modos traslados de ida y vuelta desde la regi\u00f3n de Belek<\/p>\n<h3 data-start=\"1319\" data-end=\"1346\"><span style=\"color: #000000;\">\ud83d\udcd6 <strong data-start=\"1326\" data-end=\"1346\">Descripci\u00f3n completa<\/strong><\/span><\/h3>\n<p data-start=\"1348\" data-end=\"1507\">Comience su experiencia con una sencilla recogida en el hotel de Belek, Bo\u011fazkent o Kadriye. Tras un breve traslado, llegue al delfinario, \u00a1donde comienza la magia! Disfrute de un impresionante espect\u00e1culo en vivo con delfines y leones marinos realizando acrobacias, saltos y trucos juguetones con sus entrenadores, una delicia para ni\u00f1os y adultos por igual. Para los que buscan una conexi\u00f3n m\u00e1s profunda, la sesi\u00f3n opcional de Nado con delfines le permite interactuar estrechamente con estos inteligentes animales en un entorno seguro y guiado. La experiencia dura unos 7-8 minutos y es apta para ni\u00f1os a partir de 3 a\u00f1os (con el apoyo de los padres). Tras el espect\u00e1culo y el ba\u00f1o opcional, t\u00f3mese su tiempo para ver fotos y v\u00eddeos profesionales antes de su traslado de vuelta al hotel.<\/p>\n<h3 data-start=\"2090\" data-end=\"2116\"><span style=\"color: #000000;\">\ud83d\uddfa\ufe0f <strong data-start=\"2098\" data-end=\"2116\">Itinerario<\/strong><\/span><\/h3>\n<p data-start=\"2118\" data-end=\"2414\">\ud83d\udd39Recogida en los hoteles de Belek, Bo\u011fazkent y Kadriye.<br data-start=\"2183\" data-end=\"2186\" \/>\ud83d\udd39Llegada al Delfinario<br data-start=\"2224\" data-end=\"2227\" \/>Espect\u00e1culo de delfines y leones marinos (1 hora)<br data-start=\"2270\" data-end=\"2273\" \/>\ud83d\udd39Sesi\u00f3n opcional de nado con delfines<br data-start=\"2319\" data-end=\"2322\" \/>\ud83d\udd39Visualizaci\u00f3n de fotos y v\u00eddeos, tiempo libre.<br data-start=\"2367\" data-end=\"2370\" \/>\ud83d\udd39Traslado de vuelta a los hoteles<\/p>\n<h3 data-start=\"2416\" data-end=\"2445\"><strong><span style=\"color: #000000;\">\u2139\ufe0f Informaci\u00f3n \u00fatil<\/span><\/strong><\/h3>\n<p data-start=\"2447\" data-end=\"2798\">\ud83d\udd39 Duraci\u00f3n: Aproximadamente 4 horas (incluidos los traslados)<br data-start=\"2503\" data-end=\"2506\" \/>\ud83d\udd39 Duraci\u00f3n del ba\u00f1o: 7-8 minutos por persona<br data-start=\"2546\" data-end=\"2549\" \/>\ud83d\udd39 Los espect\u00e1culos tienen lugar dos veces al d\u00eda (consulta el horario al hacer la reserva)<br data-start=\"2603\" data-end=\"2606\" \/>\ud83d\udd39 Las sesiones de nataci\u00f3n deben reservarse con antelaci\u00f3n<br data-start=\"2652\" data-end=\"2655\" \/>\ud83d\udd39 Los hu\u00e9spedes con epilepsia o discapacidades f\u00edsicas graves no pueden unirse a la nataci\u00f3n<br data-start=\"2732\" data-end=\"2735\" \/>\ud83d\udd39 No se permiten joyas ni accesorios durante las sesiones de nataci\u00f3n<\/p>\n<h3 data-start=\"2943\" data-end=\"2967\"><strong><span style=\"color: #000000;\">Qu\u00e9 llevar<\/span><\/strong><\/h3>\n<p data-start=\"2969\" data-end=\"3124\">\ud83d\udd39 Ba\u00f1ador y toalla (para los participantes de nataci\u00f3n).<br data-start=\"3014\" data-end=\"3017\" \/>\ud83d\udd39 Gafas de sol y sombrero<br data-start=\"3038\" data-end=\"3041\" \/>\ud83d\udd39 C\u00e1mara o tel\u00e9fono para fotos personales.<br data-start=\"3079\" data-end=\"3082\" \/>\ud83d\udd39 Dinero en efectivo para fotos o recuerdos opcionales.<\/p>\n<h3 data-start=\"2800\" data-end=\"2827\"><strong><span style=\"color: #000000;\">\ud83d\udeab No apto para<\/span><\/strong><\/h3>\n<p data-start=\"2829\" data-end=\"2941\">\ud83d\udd39 Ni\u00f1os menores de 3 a\u00f1os (no pueden participar en la nataci\u00f3n)<br data-start=\"2881\" data-end=\"2884\" \/>\ud83d\udd39 Hu\u00e9spedes con epilepsia o discapacidades f\u00edsicas graves.<\/p>\n<h3 dir=\"ltr\">\ud83d\udcb8\u00a0<strong>Precios y reservas<\/strong><\/h3>\n<p dir=\"ltr\"><strong>\ud83d\udd39 Reserva ahora, paga el d\u00eda de la excursi\u00f3n<\/strong><br \/>\n\ud83d\udd39 Ponte en contacto con nosotros a trav\u00e9s de WhatsApp, Telegram, Viber, o rellena el siguiente formulario de reserva.<\/p>\n<h3 data-start=\"2032\" data-end=\"2058\">\u2139\ufe0f Informaci\u00f3n \u00fatil<\/h3>\n<p data-start=\"2060\" data-end=\"2200\">\ud83d\udd39 Duraci\u00f3n: aprox. 5-5,5 horas<br data-start=\"2092\" data-end=\"2095\" \/>\ud83d\udd39 Salidas diarias por la ma\u00f1ana\u00a0<br data-start=\"2136\" data-end=\"2139\" \/>\ud83d\udd39 No se requiere experiencia<br data-start=\"2164\" data-end=\"2167\" \/>\ud83d\udd39 Recorrido en grupo reducido para mayor comodidad<\/p>\n<h3 data-start=\"2202\" data-end=\"2226\">\ud83d\udeab No apto para<\/h3>\n<p data-start=\"2228\" data-end=\"2297\">\ud83d\udd39 Mujeres embarazadas<br data-start=\"2245\" data-end=\"2248\" \/>\ud83d\udd39 Hu\u00e9spedes con dolencias graves de espalda o coraz\u00f3n.<\/p>\n<h3 data-start=\"2299\" data-end=\"2320\">Qu\u00e9 llevar<\/h3>\n<p data-start=\"2322\" data-end=\"2422\">\ud83d\udd39 Gafas de sol, gorra y crema solar.<br data-start=\"2355\" data-end=\"2358\" \/>\ud83d\udd39 Ropa c\u00f3moda y ba\u00f1adores.<br data-start=\"2393\" data-end=\"2396\" \/>\ud83d\udd39 Calderilla para extras<\/p>\n<div class=\"elementor-element elementor-element-884d539 e-con-full e-flex e-con e-child\" data-id=\"884d539\" data-element_type=\"container\">\n<div id=\"description\" class=\"elementor-element elementor-element-337037cc elementor-widget elementor-widget-thim-ekits-tours-content\" data-id=\"337037cc\" data-element_type=\"widget\" data-widget_type=\"thim-ekits-tours-content.default\">\n<div class=\"elementor-widget-container\">\n<h3 class=\"thim-ekit-single-tour__content\">\ud83d\udcb8\u00a0<strong data-start=\"3780\" data-end=\"3801\">Precios y reservas<\/strong><\/h3>\n<div class=\"thim-ekit-single-tour__content\">\n<p data-start=\"3803\" data-end=\"3931\"><strong>\ud83d\udd39 Reserva ahora, paga el d\u00eda de la excursi\u00f3n<\/strong><br data-start=\"3842\" data-end=\"3845\" \/>\ud83d\udd39 Ponte en contacto con nosotros a trav\u00e9s de WhatsApp, Telegram, Viber, o rellena el siguiente formulario de reserva \ud83d\udc47\ud83c\udffc<\/p>\n<\/div>\n<\/div>\n<\/div>\n<\/div>","protected":false},"excerpt":{"rendered":"<p>Reserve su <b>Espect\u00e1culo de delfines de Belek<\/b> <b>excursi\u00f3n<\/b>\u00a1! Disfrute de un espect\u00e1culo m\u00e1gico, adem\u00e1s de una <b>nadar con delfines<\/b>. Perfecto <b>viaje familiar<\/b> con <b>transferencia<\/b> incluido. Reserva f\u00e1cil.<\/p>","protected":false},"featured_media":15137,"comment_status":"open","ping_status":"closed","template":"","meta":[],"product_brand":[],"product_cat":[126],"product_tag":[120],"class_list":{"0":"post-15356","1":"product","2":"type-product","3":"status-publish","4":"has-post-thumbnail","6":"tour_phys-belek-tours","7":"product_cat-belek-tours","8":"product_tag-belek","9":"pa_destination-belek-tours","11":"first","12":"instock","13":"sale","14":"shipping-taxable","15":"purchasable","16":"product-type-tour_phys"},"aioseo_notices":[],"_links":{"self":[{"href":"https:\/\/excursionsworld.com\/es\/wp-json\/wp\/v2\/product\/15356","targetHints":{"allow":["GET"]}}],"collection":[{"href":"https:\/\/excursionsworld.com\/es\/wp-json\/wp\/v2\/product"}],"about":[{"href":"https:\/\/excursionsworld.com\/es\/wp-json\/wp\/v2\/types\/product"}],"replies":[{"embeddable":true,"href":"https:\/\/excursionsworld.com\/es\/wp-json\/wp\/v2\/comments?post=15356"}],"wp:featuredmedia":[{"embeddable":true,"href":"https:\/\/excursionsworld.com\/es\/wp-json\/wp\/v2\/media\/15137"}],"wp:attachment":[{"href":"https:\/\/excursionsworld.com\/es\/wp-json\/wp\/v2\/media?parent=15356"}],"wp:term":[{"taxonomy":"product_brand","embeddable":true,"href":"https:\/\/excursionsworld.com\/es\/wp-json\/wp\/v2\/product_brand?post=15356"},{"taxonomy":"product_cat","embeddable":true,"href":"https:\/\/excursionsworld.com\/es\/wp-json\/wp\/v2\/product_cat?post=15356"},{"taxonomy":"product_tag","embeddable":true,"href":"https:\/\/excursionsworld.com\/es\/wp-json\/wp\/v2\/product_tag?post=15356"}],"curies":[{"name":"wp","href":"https:\/\/api.w.org\/{rel}","templated":true}]}}