{"id":15357,"date":"2025-10-26T18:38:22","date_gmt":"2025-10-26T15:38:22","guid":{"rendered":"https:\/\/excursionsworld.com\/?post_type=product&#038;p=15357"},"modified":"2026-04-13T22:43:17","modified_gmt":"2026-04-13T19:43:17","slug":"teleferico-olympos-tahtali-belek","status":"publish","type":"product","link":"https:\/\/excursionsworld.com\/tours\/olympos-teleferik-cable-car-tahtali-belek\/","title":{"rendered":"Telef\u00e9rico Olympos al monte Tahtal\u0131 desde Belek \u2013 Billete"},"content":{"rendered":"<h3 dir=\"ltr\" data-pm-slice=\"1 1 []\"><span style=\"color: #000000;\"><strong>\ud83c\udfd4\ufe0f Informaci\u00f3n general<\/strong><\/span><\/h3>\n<p>Emb\u00e1rcate en un emocionante viaje a la cumbre del <b>Monte Tahtal\u0131<\/b> (2365 metros) mediante el telef\u00e9rico de Olympos. <b>Desde Belek<\/b>\u00a0y alrededores, disfrute de vistas panor\u00e1micas del mar Mediterr\u00e1neo y del Parque Nacional de Beyda\u011flar\u0131. Esta excursi\u00f3n es perfecta para los amantes de la naturaleza y la fotograf\u00eda.<\/p>\n<h3 dir=\"ltr\"><span style=\"color: #000000;\"><strong>Incluido:<\/strong><\/span><\/h3>\n<p dir=\"ltr\"><span style=\"color: #00ff00;\"><strong>\u2713<\/strong> <\/span>Recogida y entrega en el hotel<br \/>\n<span style=\"color: #00ff00;\"><strong>\u2713<\/strong> <\/span>C\u00f3modo autob\u00fas con aire acondicionado<br \/>\n<span style=\"color: #00ff00;\"><strong>\u2713<\/strong> <\/span>Billete de telef\u00e9rico<br \/>\n<span style=\"color: #00ff00;\"><strong>\u2713<\/strong> <\/span>Seguros<\/p>\n<h3 dir=\"ltr\"><span style=\"color: #000000;\"><strong>No se incluye:<\/strong><\/span><\/h3>\n<p dir=\"ltr\"><span style=\"color: #ff0000;\"><strong>\u2717<\/strong><\/span> Gastos personales<br \/>\n<span style=\"color: #ff0000;\"><strong>\u2717 <\/strong><\/span>Bebidas<\/p>\n<h3 dir=\"ltr\"><span style=\"color: #000000;\"><strong>\ud83c\udf1f Lo m\u00e1s destacado del viaje<\/strong><\/span><\/h3>\n<p dir=\"ltr\">\ud83d\udd39 Viaje en telef\u00e9rico hasta 2365 metros (10-12 minutos).<br \/>\n\ud83d\udd39 Viaje panor\u00e1mico por el Parque Nacional de Beyda\u011flar\u0131.<br \/>\n\ud83d\udd39 Impresionantes vistas del Mediterr\u00e1neo y las monta\u00f1as.<br \/>\n\ud83d\udd39 Tiempo libre en la cumbre para fotos, recuerdos y caf\u00e9.<br \/>\n\ud83d\udd39 Ideal para los amantes de la naturaleza y la fotograf\u00eda<\/p>\n<h3 dir=\"ltr\"><span style=\"color: #000000;\"><strong>\ud83d\udcd6 Descripci\u00f3n completa<\/strong><\/span><\/h3>\n<div dir=\"ltr\">La excursi\u00f3n comienza con un traslado desde su hotel y un pintoresco viaje por el Parque Nacional de Beyda\u011flar\u0131. En la estaci\u00f3n inferior del telef\u00e9rico, suba a bordo de una moderna cabina para un ascenso de 10-12 minutos hasta la cima del monte Tahtal\u0131 (2365 metros). Durante el trayecto, marav\u00edllese con los bosques de pinos y la costa turquesa. En la cima, pase aproximadamente una hora disfrutando del aire fresco de la monta\u00f1a, haciendo fotos desde los miradores, mirando tiendas de recuerdos o relaj\u00e1ndose en la cafeter\u00eda. Despu\u00e9s, descienda en telef\u00e9rico y regrese a su hotel con vivos recuerdos.<\/div>\n<h3 dir=\"ltr\"><span style=\"color: #000000;\"><strong>\ud83d\uddfa\ufe0f Itinerario<\/strong><\/span><\/h3>\n<p dir=\"ltr\">\ud83d\udd39 Recogida en el hotel<br \/>\n\ud83d\udd39 Recorre en coche el Parque Nacional de Beyda\u011flar\u0131.<br \/>\n\ud83d\udd39 Subida en telef\u00e9rico a la cumbre de Tahtal\u0131 (10-12 minutos).<br \/>\n\ud83d\udd39 Tiempo libre en la cumbre (fotos, souvenirs, cafeter\u00eda).<br \/>\n\ud83d\udd39 Descenso en telef\u00e9rico<br \/>\n\ud83d\udd39 Regreso al hotel<\/p>\n<h3 dir=\"ltr\"><span style=\"color: #000000;\"><strong>\u2139\ufe0f Informaci\u00f3n \u00fatil<\/strong><\/span><\/h3>\n<p dir=\"ltr\">\ud83d\udd39 Duraci\u00f3n: ~4-5 horas<br \/>\n\ud83d\udd39 El tiempo en la cumbre puede ser m\u00e1s fresco que abajo<br \/>\n\ud83d\udd39 Se requiere una actividad f\u00edsica moderada en la cumbre<\/p>\n<h3 dir=\"ltr\"><span style=\"color: #000000;\"><strong>Qu\u00e9 llevar<\/strong><\/span><\/h3>\n<p dir=\"ltr\">\ud83d\udd39 Zapatos c\u00f3modos<br \/>\n\ud83d\udd39 Chaqueta o jersey (puede hacer fresco en la cumbre).<br \/>\n\ud83d\udd39 C\u00e1mara o smartphone<br \/>\nGafas de sol \ud83d\udd39<\/p>\n<h3 dir=\"ltr\"><span style=\"color: #000000;\"><strong>\ud83d\udeab No apto para<\/strong><\/span><\/h3>\n<p dir=\"ltr\">\ud83d\udd39 Personas con v\u00e9rtigo grave o miedo a las alturas.<br \/>\n\ud83d\udd39 Viajeros con movilidad reducida<\/p>\n<h3 dir=\"ltr\">\ud83d\udcb8\u00a0<strong>Precios y reservas<\/strong><\/h3>\n<p dir=\"ltr\"><strong>\ud83d\udd39 Reserva ahora, paga el d\u00eda de la excursi\u00f3n<\/strong><br \/>\n\ud83d\udd39 Ponte en contacto con nosotros a trav\u00e9s de WhatsApp, Telegram, Viber, o rellena el siguiente formulario de reserva.<\/p>\n<h3 data-start=\"2032\" data-end=\"2058\">\u2139\ufe0f Informaci\u00f3n \u00fatil<\/h3>\n<p data-start=\"2060\" data-end=\"2200\">\ud83d\udd39 Duraci\u00f3n: aprox. 5-5,5 horas<br data-start=\"2092\" data-end=\"2095\" \/>\ud83d\udd39 Salidas diarias por la ma\u00f1ana\u00a0<br data-start=\"2136\" data-end=\"2139\" \/>\ud83d\udd39 No se requiere experiencia<br data-start=\"2164\" data-end=\"2167\" \/>\ud83d\udd39 Recorrido en grupo reducido para mayor comodidad<\/p>\n<h3 data-start=\"2202\" data-end=\"2226\">\ud83d\udeab No apto para<\/h3>\n<p data-start=\"2228\" data-end=\"2297\">\ud83d\udd39 Mujeres embarazadas<br data-start=\"2245\" data-end=\"2248\" \/>\ud83d\udd39 Hu\u00e9spedes con dolencias graves de espalda o coraz\u00f3n.<\/p>\n<h3 data-start=\"2299\" data-end=\"2320\">Qu\u00e9 llevar<\/h3>\n<p data-start=\"2322\" data-end=\"2422\">\ud83d\udd39 Gafas de sol, gorra y crema solar.<br data-start=\"2355\" data-end=\"2358\" \/>\ud83d\udd39 Ropa c\u00f3moda y ba\u00f1adores.<br data-start=\"2393\" data-end=\"2396\" \/>\ud83d\udd39 Calderilla para extras<\/p>\n<div class=\"elementor-element elementor-element-884d539 e-con-full e-flex e-con e-child\" data-id=\"884d539\" data-element_type=\"container\">\n<div id=\"description\" class=\"elementor-element elementor-element-337037cc elementor-widget elementor-widget-thim-ekits-tours-content\" data-id=\"337037cc\" data-element_type=\"widget\" data-widget_type=\"thim-ekits-tours-content.default\">\n<div class=\"elementor-widget-container\">\n<h3 class=\"thim-ekit-single-tour__content\">\ud83d\udcb8\u00a0<strong data-start=\"3780\" data-end=\"3801\">Precios y reservas<\/strong><\/h3>\n<div class=\"thim-ekit-single-tour__content\">\n<p data-start=\"3803\" data-end=\"3931\"><strong>\ud83d\udd39 Reserva ahora, paga el d\u00eda de la excursi\u00f3n<\/strong><br data-start=\"3842\" data-end=\"3845\" \/>\ud83d\udd39 Ponte en contacto con nosotros a trav\u00e9s de WhatsApp, Telegram, Viber, o rellena el siguiente formulario de reserva \ud83d\udc47\ud83c\udffc<\/p>\n<\/div>\n<\/div>\n<\/div>\n<\/div>","protected":false},"excerpt":{"rendered":"<p>Monta el <b>Telef\u00e9rico de Tahtal\u0131<\/b> (<b>Olympos Teleferik<\/b>) desde Belek hasta el <b>2365m cumbre<\/b>\u00a1! Qu\u00edtate el aliento <b>vistas panor\u00e1micas<\/b>. Foto perfecta <b>excursi\u00f3n\/traslado<\/b> incluido.<\/p>","protected":false},"featured_media":12629,"comment_status":"open","ping_status":"closed","template":"","meta":[],"product_brand":[],"product_cat":[126],"product_tag":[120],"class_list":{"0":"post-15357","1":"product","2":"type-product","3":"status-publish","4":"has-post-thumbnail","6":"tour_phys-belek-tours","7":"product_cat-belek-tours","8":"product_tag-belek","9":"pa_destination-belek-tours","11":"first","12":"instock","13":"sale","14":"shipping-taxable","15":"purchasable","16":"product-type-tour_phys"},"aioseo_notices":[],"_links":{"self":[{"href":"https:\/\/excursionsworld.com\/es\/wp-json\/wp\/v2\/product\/15357","targetHints":{"allow":["GET"]}}],"collection":[{"href":"https:\/\/excursionsworld.com\/es\/wp-json\/wp\/v2\/product"}],"about":[{"href":"https:\/\/excursionsworld.com\/es\/wp-json\/wp\/v2\/types\/product"}],"replies":[{"embeddable":true,"href":"https:\/\/excursionsworld.com\/es\/wp-json\/wp\/v2\/comments?post=15357"}],"wp:featuredmedia":[{"embeddable":true,"href":"https:\/\/excursionsworld.com\/es\/wp-json\/wp\/v2\/media\/12629"}],"wp:attachment":[{"href":"https:\/\/excursionsworld.com\/es\/wp-json\/wp\/v2\/media?parent=15357"}],"wp:term":[{"taxonomy":"product_brand","embeddable":true,"href":"https:\/\/excursionsworld.com\/es\/wp-json\/wp\/v2\/product_brand?post=15357"},{"taxonomy":"product_cat","embeddable":true,"href":"https:\/\/excursionsworld.com\/es\/wp-json\/wp\/v2\/product_cat?post=15357"},{"taxonomy":"product_tag","embeddable":true,"href":"https:\/\/excursionsworld.com\/es\/wp-json\/wp\/v2\/product_tag?post=15357"}],"curies":[{"name":"wp","href":"https:\/\/api.w.org\/{rel}","templated":true}]}}