{"id":15358,"date":"2025-10-26T18:39:45","date_gmt":"2025-10-26T15:39:45","guid":{"rendered":"https:\/\/excursionsworld.com\/?post_type=product&#038;p=15358"},"modified":"2025-11-21T20:36:59","modified_gmt":"2025-11-21T17:36:59","slug":"parque-acuatico-waterhill-antalya-belek","status":"publish","type":"product","link":"https:\/\/excursionsworld.com\/tours\/antalya-waterhill-aquapark-tour-from-belek\/","title":{"rendered":"Excursi\u00f3n al parque acu\u00e1tico Waterhill en Antalya desde Belek"},"content":{"rendered":"<h3 dir=\"ltr\" data-pm-slice=\"1 1 []\"><span style=\"color: #000000;\"><strong>\ud83c\udf0a Visi\u00f3n general<\/strong><\/span><\/h3>\n<p dir=\"ltr\">Sum\u00e9rjase en un d\u00eda completo de diversi\u00f3n en Waterhill Aquapark con traslados desde Belek, \u00a1y alrededores! Disfrute de emocionantes toboganes, relajantes piscinas y un delicioso almuerzo. Esta excursi\u00f3n de unas 8 horas, perfecta para familias y aventureros, ha hecho las delicias de m\u00e1s de 500 visitantes.<\/p>\n<h3 dir=\"ltr\"><span style=\"color: #000000;\"><strong>Incluido:<\/strong><\/span><\/h3>\n<p dir=\"ltr\"><span style=\"color: #00ff00;\"><strong>\u2713<\/strong><\/span> Recogida y entrega en el hotel<br \/>\n<span style=\"color: #00ff00;\"><strong>\u2713 <\/strong><\/span>Almuerzo (men\u00fa fijo)<br \/>\n<span style=\"color: #00ff00;\"><strong>\u2713 <\/strong><\/span>Entrada al parque acu\u00e1tico Waterhill Aquapark<br \/>\n<span style=\"color: #00ff00;\"><strong>\u2713 <\/strong><\/span>Seguros<br \/>\n<span style=\"color: #00ff00;\"><strong>\u2713 <\/strong><\/span>C\u00f3modo autob\u00fas con aire acondicionado<\/p>\n<h3 dir=\"ltr\"><span style=\"color: #000000;\"><strong>No se incluye:<\/strong><\/span><\/h3>\n<p dir=\"ltr\"><span style=\"color: #ff0000;\"><strong>\u2717<\/strong> <\/span>Gastos personales<br \/>\n<span style=\"color: #ff0000;\"><strong>\u2717 <\/strong><\/span>Fotos y v\u00eddeos<br \/>\n<span style=\"color: #ff0000;\"><strong>\u2717 <\/strong><\/span>Bebidas<\/p>\n<h3 dir=\"ltr\"><span style=\"color: #000000;\"><strong>\ud83c\udfa2 Destacados<\/strong><\/span><\/h3>\n<p dir=\"ltr\">\ud83d\udd39 Toboganes de alta velocidad: Kamikaze, Boomerang, Tropical Tower<br \/>\n\ud83d\udd39 Piscina de olas masivas con olas parecidas a las del oc\u00e9ano<br \/>\n\ud83d\udd39 Piscinas y zonas de juego infantiles seguras<br \/>\n\ud83d\udd39 Equipo de animaci\u00f3n con juegos junto a la piscina<br \/>\n\ud83d\udd39 Piscinas relajantes y zonas para tomar el sol<br \/>\n\ud83d\udd39 Sabroso almuerzo con bebida y helado.<\/p>\n<h3 dir=\"ltr\"><span style=\"color: #000000;\"><strong>\ud83d\udcd6 Descripci\u00f3n completa<\/strong><\/span><\/h3>\n<p dir=\"ltr\">Comience su aventura con un c\u00f3modo traslado desde Belek o zonas cercanas hasta Waterhill Aquapark, uno de los mejores parques acu\u00e1ticos de la regi\u00f3n. Sienta la adrenalina en toboganes como Kamikaze o Boomerang, o rel\u00e1jese en la amplia piscina de olas. A los ni\u00f1os les encantar\u00e1n las piscinas poco profundas y seguras, mientras que los adultos pueden tumbarse en las hamacas o participar en los juegos del equipo de animaci\u00f3n. Disfrute de un delicioso almuerzo con una bebida y un helado y, a continuaci\u00f3n, sum\u00e9rjase de nuevo en la diversi\u00f3n con bailes y espect\u00e1culos. Despu\u00e9s de un d\u00eda vibrante, regrese a su hotel lleno de recuerdos.<\/p>\n<h3 dir=\"ltr\"><span style=\"color: #000000;\"><strong>\ud83d\uddfa\ufe0f Itinerario<\/strong><\/span><\/h3>\n<p dir=\"ltr\">\ud83d\udd39 Recogida en Belek, y alrededores.<br \/>\n\ud83d\udd39 Llegada a Waterhill Aquapark<br \/>\n\ud83d\udd39 Breve introducci\u00f3n y tiempo libre<br \/>\n\ud83d\udd39 Almuerzo con bebida y helado.<br \/>\n\ud83d\udd39 Actividades de animaci\u00f3n y diversi\u00f3n<br \/>\n\ud83d\udd39 Regreso al hotel<\/p>\n<h3 dir=\"ltr\"><span style=\"color: #000000;\"><strong>\u2139\ufe0f Informaci\u00f3n \u00fatil<\/strong><\/span><\/h3>\n<p dir=\"ltr\">Duraci\u00f3n: ~8 horas (excursi\u00f3n de d\u00eda completo)<br \/>\n\ud83d\udd39 Apto para personas con movilidad b\u00e1sica<br \/>\n\ud83d\udd39 Actividad f\u00edsica moderada<br \/>\n\ud83d\udd39 Taquillas y vestuarios gratuitos.<br \/>\n\ud83d\udd39 Los ni\u00f1os menores de 6 a\u00f1os que viajan gratis no tienen asiento individual en el autob\u00fas. Si el autob\u00fas est\u00e1 lleno, se sientan en el regazo de un adulto, o se puede reservar un asiento aparte<\/p>\n<h3 dir=\"ltr\"><span style=\"color: #000000;\"><strong>Qu\u00e9 llevar<\/strong><\/span><\/h3>\n<p dir=\"ltr\">\ud83d\udd39 Efectivo para gastos<br \/>\n\ud83d\udd39 Gafas de sol y protecci\u00f3n solar.<br \/>\n\ud83d\udd39 Ba\u00f1ador y toalla.<br \/>\n\ud83d\udd39 Funda impermeable para el tel\u00e9fono (opcional)<\/p>\n<h3 dir=\"ltr\"><span style=\"color: #000000;\"><strong>\ud83d\udeab No apto para<\/strong><\/span><\/h3>\n<p dir=\"ltr\">\ud83d\udd39 Personas con enfermedades graves<br \/>\n\ud83d\udd39 Personas con movilidad reducida<\/p>\n<h3 dir=\"ltr\">\ud83d\udcb8\u00a0<strong>Precios y reservas<\/strong><\/h3>\n<p dir=\"ltr\"><strong>\ud83d\udd39 Reserva ahora, paga el d\u00eda de la excursi\u00f3n<\/strong><br \/>\n\ud83d\udd39 Ponte en contacto con nosotros a trav\u00e9s de WhatsApp, Telegram, Viber, o rellena el siguiente formulario de reserva.<\/p>\n<h3 data-start=\"2032\" data-end=\"2058\">\u2139\ufe0f Informaci\u00f3n \u00fatil<\/h3>\n<p data-start=\"2060\" data-end=\"2200\">\ud83d\udd39 Duraci\u00f3n: aprox. 5-5,5 horas<br data-start=\"2092\" data-end=\"2095\" \/>\ud83d\udd39 Salidas diarias por la ma\u00f1ana\u00a0<br data-start=\"2136\" data-end=\"2139\" \/>\ud83d\udd39 No se requiere experiencia<br data-start=\"2164\" data-end=\"2167\" \/>\ud83d\udd39 Recorrido en grupo reducido para mayor comodidad<\/p>\n<h3 data-start=\"2202\" data-end=\"2226\">\ud83d\udeab No apto para<\/h3>\n<p data-start=\"2228\" data-end=\"2297\">\ud83d\udd39 Mujeres embarazadas<br data-start=\"2245\" data-end=\"2248\" \/>\ud83d\udd39 Hu\u00e9spedes con dolencias graves de espalda o coraz\u00f3n.<\/p>\n<h3 data-start=\"2299\" data-end=\"2320\">Qu\u00e9 llevar<\/h3>\n<p data-start=\"2322\" data-end=\"2422\">\ud83d\udd39 Gafas de sol, gorra y crema solar.<br data-start=\"2355\" data-end=\"2358\" \/>\ud83d\udd39 Ropa c\u00f3moda y ba\u00f1adores.<br data-start=\"2393\" data-end=\"2396\" \/>\ud83d\udd39 Calderilla para extras<\/p>\n<div class=\"elementor-element elementor-element-884d539 e-con-full e-flex e-con e-child\" data-id=\"884d539\" data-element_type=\"container\">\n<div id=\"description\" class=\"elementor-element elementor-element-337037cc elementor-widget elementor-widget-thim-ekits-tours-content\" data-id=\"337037cc\" data-element_type=\"widget\" data-widget_type=\"thim-ekits-tours-content.default\">\n<div class=\"elementor-widget-container\">\n<h3 class=\"thim-ekit-single-tour__content\">\ud83d\udcb8\u00a0<strong data-start=\"3780\" data-end=\"3801\">Precios y reservas<\/strong><\/h3>\n<div class=\"thim-ekit-single-tour__content\">\n<p data-start=\"3803\" data-end=\"3931\"><strong>\ud83d\udd39 Reserva ahora, paga el d\u00eda de la excursi\u00f3n<\/strong><br data-start=\"3842\" data-end=\"3845\" \/>\ud83d\udd39 Ponte en contacto con nosotros a trav\u00e9s de WhatsApp, Telegram, Viber, o rellena el siguiente formulario de reserva \ud83d\udc47\ud83c\udffc<\/p>\n<\/div>\n<\/div>\n<\/div>\n<\/div>","protected":false},"excerpt":{"rendered":"<p>Disfrute de una <b>excursi\u00f3n de un d\u00eda<\/b> a Antalya <b>Parque acu\u00e1tico Waterhill<\/b> \u00a1de Antalya y Belek! Emocionante <b>diapositivas<\/b>, <b>piscina de olas<\/b>, zonas infantiles, <b>almuerzo<\/b>, y <b>traslado al hotel<\/b> incluido.<\/p>","protected":false},"featured_media":12762,"comment_status":"open","ping_status":"closed","template":"","meta":[],"product_brand":[],"product_cat":[126],"product_tag":[120],"class_list":{"0":"post-15358","1":"product","2":"type-product","3":"status-publish","4":"has-post-thumbnail","6":"tour_phys-belek-tours","7":"product_cat-belek-tours","8":"product_tag-belek","9":"pa_destination-belek-tours","11":"first","12":"instock","13":"sale","14":"shipping-taxable","15":"purchasable","16":"product-type-tour_phys"},"aioseo_notices":[],"_links":{"self":[{"href":"https:\/\/excursionsworld.com\/es\/wp-json\/wp\/v2\/product\/15358","targetHints":{"allow":["GET"]}}],"collection":[{"href":"https:\/\/excursionsworld.com\/es\/wp-json\/wp\/v2\/product"}],"about":[{"href":"https:\/\/excursionsworld.com\/es\/wp-json\/wp\/v2\/types\/product"}],"replies":[{"embeddable":true,"href":"https:\/\/excursionsworld.com\/es\/wp-json\/wp\/v2\/comments?post=15358"}],"wp:featuredmedia":[{"embeddable":true,"href":"https:\/\/excursionsworld.com\/es\/wp-json\/wp\/v2\/media\/12762"}],"wp:attachment":[{"href":"https:\/\/excursionsworld.com\/es\/wp-json\/wp\/v2\/media?parent=15358"}],"wp:term":[{"taxonomy":"product_brand","embeddable":true,"href":"https:\/\/excursionsworld.com\/es\/wp-json\/wp\/v2\/product_brand?post=15358"},{"taxonomy":"product_cat","embeddable":true,"href":"https:\/\/excursionsworld.com\/es\/wp-json\/wp\/v2\/product_cat?post=15358"},{"taxonomy":"product_tag","embeddable":true,"href":"https:\/\/excursionsworld.com\/es\/wp-json\/wp\/v2\/product_tag?post=15358"}],"curies":[{"name":"wp","href":"https:\/\/api.w.org\/{rel}","templated":true}]}}