{"id":15361,"date":"2025-10-26T18:44:53","date_gmt":"2025-10-26T15:44:53","guid":{"rendered":"https:\/\/excursionsworld.com\/?post_type=product&#038;p=15361"},"modified":"2026-04-24T01:34:41","modified_gmt":"2026-04-23T22:34:41","slug":"bano-turco-belek-hamam","status":"publish","type":"product","link":"https:\/\/excursionsworld.com\/tours\/belek-turkish-bath-hamam\/","title":{"rendered":"Ba\u00f1o turco en Belek \u2013 experiencia de hamam aut\u00e9ntica"},"content":{"rendered":"<h2><strong>\ud83c\udfdd\ufe0f <span style=\"color: #000000;\">Visi\u00f3n general<\/span><\/strong><\/h2>\n<p>Sum\u00e9rjase en la <strong>aut\u00e9ntica experiencia de ba\u00f1o turco y spa en Side<\/strong>, donde las antiguas tradiciones del bienestar se unen al confort moderno. Disfrute de un d\u00eda de relax en uno de los mejores <strong>hamam<\/strong> de la regi\u00f3n, con sauna, vapor, sala de sal, exfoliaci\u00f3n corporal, masaje con espuma y tratamiento rejuvenecedor con aceite. Perfecto para limpiar la piel y prepararse para un bronceado duradero durante las vacaciones.<\/p>\n<h3><span style=\"color: #000000;\"><strong>\u00a0Incluido:<\/strong><\/span><\/h3>\n<p><span style=\"color: #00ff00;\"><strong>\u2713<\/strong><\/span> Recogida y entrega en el hotel<br \/><span style=\"color: #00ff00;\"><strong>\u2713 <\/strong><\/span>Acceso a sauna, ba\u00f1o de vapor y sala de sal<br \/><span style=\"color: #00ff00;\"><strong>\u2713 <\/strong><\/span>30 minutos de exfoliaci\u00f3n y masaje con espuma<br \/><span style=\"color: #00ff00;\"><strong>\u2713 <\/strong><\/span>20 minutos de masaje relajante con aceite<br \/><span style=\"color: #00ff00;\"><strong>\u2713 <\/strong><\/span>Mascarilla facial y suave masaje facial<br \/><span style=\"color: #00ff00;\"><strong>\u2713 <\/strong><\/span>Toallas, zapatillas, jab\u00f3n y pa\u00f1o tradicional (pestemal)<br \/><span style=\"color: #00ff00;\"><strong>\u2713 <\/strong><\/span>Servicio de t\u00e9 o t\u00e9 con manzana<br \/><span style=\"color: #00ff00;\"><strong>\u2713 <\/strong><\/span>Seguro a todo riesgo<\/p>\n<h3><span style=\"color: #000000;\">\u00a0<strong>No se incluye:<\/strong><\/span><\/h3>\n<p><span style=\"color: #ff0000;\"><strong>\u2717<\/strong><\/span> Gastos personales<br \/><span style=\"color: #ff0000;\"><strong>\u2717 <\/strong><\/span>Servicios adicionales de masaje<br \/><span style=\"color: #ff0000;\"><strong>\u2717 <\/strong><\/span>Champ\u00fa para el cabello<\/p>\n<h2><strong><span style=\"color: #000000;\">\ud83c\udf1f Lo m\u00e1s destacado del viaje<\/span><\/strong><\/h2>\n<p>\ud83d\udd39 Experimenta el aut\u00e9ntico hamam turco en Side<br \/>\ud83d\udd39 Disfruta de una exfoliaci\u00f3n relajante y un masaje de espuma en una plataforma de m\u00e1rmol con calefacci\u00f3n<br \/>\ud83d\udd39 Desintox\u00edcate en la sauna, el vapor y las salas de sal<br \/>\ud83d\udd39 Recibe un aceite rejuvenecedor y un masaje facial<br \/>\ud83d\udd39 Si\u00e9ntete fresco, ligero y listo para tus aventuras vacacionales<\/p>\n<h2><span style=\"color: #000000;\"><strong>\ud83d\udcdc Descripci\u00f3n completa<\/strong><\/span><\/h2>\n<div>Ad\u00e9ntrese en siglos de tradici\u00f3n de bienestar con el <strong>Ba\u00f1o turco y balneario<\/strong>, dise\u00f1ado para relajar el cuerpo y la mente. A su llegada, recibir\u00e1 una c\u00e1lida bienvenida y se le proporcionar\u00e1 una toalla, zapatillas y pestemal antes de comenzar su viaje de rejuvenecimiento.<\/div>\n<div>Comenzar en el <strong>salas de sauna, vapor y sal<\/strong>, donde el calor y los minerales ayudan a abrir los poros y preparan la piel para la limpieza. A continuaci\u00f3n, dir\u00edjase a la c\u00e1mara interior del hamam para el momento culminante - un <strong>exfoliaci\u00f3n tradicional y masaje con espuma<\/strong> realizado sobre una piedra de m\u00e1rmol calentada (gobektasi). Esta exfoliaci\u00f3n profunda elimina las c\u00e9lulas muertas y las toxinas, dejando la piel suave como la seda.<\/div>\n<div>Despu\u00e9s, rel\u00e1jese con <strong>servicio de t\u00e9 o de manzana<\/strong>, seguido de <strong>20 minutos de masaje con aceites arom\u00e1ticos<\/strong> que relaja todos los m\u00fasculos del cuerpo. La experiencia concluye con un <strong>mascarilla nutritiva y suave masaje facial<\/strong>, y le dejar\u00e1 totalmente fresco y resplandeciente.<\/div>\n<h3><span style=\"color: #000000;\"><strong>\ud83d\udd52 Itinerario<\/strong><\/span><\/h3>\n<p>\ud83d\udd39 Recogida en el hotel y traslado al centro termal.<br \/>\ud83d\udd39 Sesi\u00f3n de sauna, vapor y sala de sal<br \/>\ud83d\udd39 Exfoliaci\u00f3n corporal completa y masaje con espuma<br \/>\ud83d\udd39 Breve pausa de relajaci\u00f3n con t\u00e9<br \/>Masaje con aceites arom\u00e1ticos (20 minutos)<br \/>\ud83d\udd39 Mascarilla facial y masaje facial<br \/>\ud83d\udd39 Traslado de vuelta a tu hotel<\/p>\n<h3><span style=\"color: #000000;\"><strong>\u2139\ufe0f Informaci\u00f3n \u00fatil<\/strong><\/span><\/h3>\n<p>\ud83d\udd39 Adecuado para hombres y mujeres<br \/>\ud83d\udd39 Los ni\u00f1os pueden participar bajo la supervisi\u00f3n de un adulto<br \/>\ud83d\udd39 Todas las instalaciones est\u00e1n limpias y son higi\u00e9nicas<br \/>\ud83d\udd39 Duraci\u00f3n del tratamiento: aproximadamente 2 horas<\/p>\n<h2><span style=\"color: #000000;\"><strong>Qu\u00e9 llevar<\/strong><\/span><\/h2>\n<p>Traje de ba\u00f1o<br \/>Champ\u00fa para el cabello<\/p>\n<h3><span style=\"color: #000000;\"><strong>\ud83d\udeab No apto para<\/strong><\/span><\/h3>\n<p>Personas con asma o afecciones respiratorias graves<\/p>\n<h2 dir=\"ltr\">\ud83d\udcb8\u00a0<strong>Precios y reservas<\/strong><\/h2>\n<p dir=\"ltr\"><strong>\ud83d\udd39 Reserva ahora, paga el d\u00eda de la excursi\u00f3n<\/strong><br \/>\n\ud83d\udd39 Ponte en contacto con nosotros a trav\u00e9s de WhatsApp, Telegram, Viber, o rellena el siguiente formulario de reserva.<\/p>\n<h3>\u2139\ufe0f Informaci\u00f3n \u00fatil<\/h3>\n<p>\ud83d\udd39 Duraci\u00f3n: aprox. 5-5,5 horas<br \/>\ud83d\udd39 Salidas diarias por la ma\u00f1ana\u00a0<br \/>\ud83d\udd39 No se requiere experiencia<br \/>\ud83d\udd39 Recorrido en grupo reducido para mayor comodidad<\/p>\n<h3>\ud83d\udeab No apto para<\/h3>\n<p>\ud83d\udd39 Mujeres embarazadas<br \/>\ud83d\udd39 Hu\u00e9spedes con dolencias graves de espalda o coraz\u00f3n.<\/p>\n<h2>Qu\u00e9 llevar<\/h2>\n<p>\ud83d\udd39 Gafas de sol, gorra y crema solar.<br \/>\ud83d\udd39 Ropa c\u00f3moda y ba\u00f1adores.<br \/>\ud83d\udd39 Calderilla para extras<\/p>\n<div class=\"elementor-element elementor-element-884d539 e-con-full e-flex e-con e-child\" data-id=\"884d539\" data-element_type=\"container\">\n<div id=\"description\" class=\"elementor-element elementor-element-337037cc elementor-widget elementor-widget-thim-ekits-tours-content\" data-id=\"337037cc\" data-element_type=\"widget\" data-widget_type=\"thim-ekits-tours-content.default\">\n<div class=\"elementor-widget-container\">\n<h2 class=\"thim-ekit-single-tour__content\">\ud83d\udcb8\u00a0<strong>Precios y reservas<\/strong><\/h2>\n<div class=\"thim-ekit-single-tour__content\">\n<p><strong>\ud83d\udd39 Reserva ahora, paga el d\u00eda de la excursi\u00f3n<\/strong><br \/>\ud83d\udd39 Ponte en contacto con nosotros a trav\u00e9s de WhatsApp, Telegram, Viber, o rellena el siguiente formulario de reserva \ud83d\udc47\ud83c\udffc<\/p>\n<\/div>\n<\/div>\n<\/div>\n<\/div>\n<p>\u00bfBuscas alternativas? Explora <a href=\"https:\/\/excursionsworld.com\/es\/excursiones-belek\/\">m\u00e1s <a href=\"https:\/\/en.wikipedia.org\/wiki\/Belek\" target=\"_blank\" rel=\"noopener\">Belek<\/a> excursiones<\/a>.<\/p>","protected":false},"excerpt":{"rendered":"<p data-start=\"3442\" data-end=\"3600\">Experimenta la <b>Ba\u00f1o turco de Belek<\/b>\u00a1! Disfrute de un <b>Hamam aut\u00e9ntico<\/b> ritual con exfoliante, espuma y aceite <b>masaje<\/b>. Incluye sauna, vapor y <b>transferencia<\/b>. Perfecto <b>relajaci\u00f3n<\/b> para empezar sus vacaciones.<\/p>","protected":false},"featured_media":12688,"comment_status":"open","ping_status":"closed","template":"","meta":[],"product_brand":[],"product_cat":[126],"product_tag":[120],"class_list":{"0":"post-15361","1":"product","2":"type-product","3":"status-publish","4":"has-post-thumbnail","6":"tour_phys-belek-tours","7":"product_cat-belek-tours","8":"product_tag-belek","9":"pa_destination-belek-tours","11":"first","12":"instock","13":"sale","14":"shipping-taxable","15":"purchasable","16":"product-type-tour_phys"},"aioseo_notices":[],"_links":{"self":[{"href":"https:\/\/excursionsworld.com\/es\/wp-json\/wp\/v2\/product\/15361","targetHints":{"allow":["GET"]}}],"collection":[{"href":"https:\/\/excursionsworld.com\/es\/wp-json\/wp\/v2\/product"}],"about":[{"href":"https:\/\/excursionsworld.com\/es\/wp-json\/wp\/v2\/types\/product"}],"replies":[{"embeddable":true,"href":"https:\/\/excursionsworld.com\/es\/wp-json\/wp\/v2\/comments?post=15361"}],"wp:featuredmedia":[{"embeddable":true,"href":"https:\/\/excursionsworld.com\/es\/wp-json\/wp\/v2\/media\/12688"}],"wp:attachment":[{"href":"https:\/\/excursionsworld.com\/es\/wp-json\/wp\/v2\/media?parent=15361"}],"wp:term":[{"taxonomy":"product_brand","embeddable":true,"href":"https:\/\/excursionsworld.com\/es\/wp-json\/wp\/v2\/product_brand?post=15361"},{"taxonomy":"product_cat","embeddable":true,"href":"https:\/\/excursionsworld.com\/es\/wp-json\/wp\/v2\/product_cat?post=15361"},{"taxonomy":"product_tag","embeddable":true,"href":"https:\/\/excursionsworld.com\/es\/wp-json\/wp\/v2\/product_tag?post=15361"}],"curies":[{"name":"wp","href":"https:\/\/api.w.org\/{rel}","templated":true}]}}