{"id":15362,"date":"2025-10-26T18:46:00","date_gmt":"2025-10-26T15:46:00","guid":{"rendered":"https:\/\/excursionsworld.com\/?post_type=product&#038;p=15362"},"modified":"2025-11-21T20:29:39","modified_gmt":"2025-11-21T17:29:39","slug":"safari-buggy-belek","status":"publish","type":"product","link":"https:\/\/excursionsworld.com\/tours\/belek-buggy-safari\/","title":{"rendered":"Safari en buggy en Belek \u2013 aventura todoterreno"},"content":{"rendered":"<h3 data-start=\"166\" data-end=\"185\"><span style=\"color: #000000;\"><strong>\ud83c\udfdd\ufe0f Visi\u00f3n general<\/strong><\/span><\/h3>\n<p data-start=\"186\" data-end=\"452\">Experimente la adrenalina en estado puro en la excursi\u00f3n Belek Buggy Safari. Conduzca su propio buggy autom\u00e1tico por polvorientos senderos forestales y caminos todoterreno rodeado de la belleza natural de Belek. Perfecto para principiantes y amantes de la aventura: \u00a1no se necesita licencia ni experiencia previa!<\/p>\n<h3 data-start=\"454\" data-end=\"471\"><span style=\"color: #000000;\"><strong>\u00a0Incluido:<\/strong><\/span><\/h3>\n<p data-start=\"472\" data-end=\"640\"><span style=\"color: #00ff00;\"><strong>\u2713<\/strong> <\/span>Recogida y entrega en el hotel\u00a0<br data-start=\"534\" data-end=\"537\" \/><span style=\"color: #00ff00;\"><strong>\u2713<\/strong> <\/span>Servicio de gu\u00eda e instructor profesional<br data-start=\"580\" data-end=\"583\" \/><span style=\"color: #00ff00;\"><strong>\u2713<\/strong> <\/span>Seguro a todo riesgo<br data-start=\"608\" data-end=\"611\" \/><span style=\"color: #00ff00;\"><strong>\u2713<\/strong> <\/span>Equipo de seguridad (casco)<\/p>\n<h3 data-start=\"642\" data-end=\"663\"><span style=\"color: #000000;\"><strong>\u00a0No se incluye:<\/strong><\/span><\/h3>\n<p data-start=\"664\" data-end=\"748\"><strong><span style=\"color: #ff0000;\">\u2717<\/span><\/strong> Gastos personales (bebidas, aperitivos, fotos, pa\u00f1uelos)<br data-start=\"718\" data-end=\"721\" \/><strong><span style=\"color: #ff0000;\">\u2717 <\/span><\/strong>Pausa opcional para nadar<\/p>\n<h3 data-start=\"750\" data-end=\"775\"><span style=\"color: #000000;\"><strong>\ud83c\udf1f Lo m\u00e1s destacado del viaje<\/strong><\/span><\/h3>\n<p data-start=\"776\" data-end=\"1086\">\ud83d\udd39 Conduce tu propio buggy por escarpados senderos todoterreno<br data-start=\"830\" data-end=\"833\" \/>\ud83d\udd39 Rutas forestales impresionantes cerca de la cascada de Kur\u015funlu o Lara<br data-start=\"894\" data-end=\"897\" \/>\ud83d\udd39 Veh\u00edculos para principiantes: autom\u00e1ticos y f\u00e1ciles de controlar<br data-start=\"958\" data-end=\"961\" \/>\ud83d\udd39 Aventura divertida y segura apta para parejas, familias y grupos.<br data-start=\"1029\" data-end=\"1032\" \/>\ud83d\udd39 Dos sesiones diarias: opciones de ma\u00f1ana y tarde.<\/p>\n<h3 data-start=\"1088\" data-end=\"1114\"><span style=\"color: #000000;\"><strong>\ud83d\udcd6 Descripci\u00f3n completa<\/strong><\/span><\/h3>\n<p data-start=\"1115\" data-end=\"1739\">El d\u00eda comienza con una c\u00f3moda recogida en el hotel de Belek y alrededores. Tras un breve traslado a la estaci\u00f3n de buggies, instructores profesionales le dar\u00e1n instrucciones de seguridad y una r\u00e1pida prueba de conducci\u00f3n. Una vez listo, \u00a1empieza su emocionante aventura! Conducir\u00e1 por polvorientos caminos forestales, peque\u00f1os r\u00edos y pintorescas rutas de monta\u00f1a: la mezcla perfecta de emoci\u00f3n y belleza natural. Durante el recorrido, parar\u00e1 para hacer breves descansos fotogr\u00e1ficos y darse un ba\u00f1o opcional (dependiendo de las condiciones meteorol\u00f3gicas y de la ruta). Tras el paseo, rel\u00e1jese unos minutos antes de ser trasladado de vuelta a su hotel con recuerdos inolvidables.<\/p>\n<h3 data-start=\"1741\" data-end=\"1766\"><span style=\"color: #000000;\"><strong>\ud83d\uddfa\ufe0f Itinerario<\/strong><\/span><\/h3>\n<p data-start=\"1767\" data-end=\"2032\">\ud83d\udd39 Recogida en los hoteles de la regi\u00f3n de Belek.<br data-start=\"1804\" data-end=\"1807\" \/>\ud83d\udd39 Llegada a la base de buggies y briefing de seguridad.<br data-start=\"1851\" data-end=\"1854\" \/>\ud83d\udd39 Prueba de conducci\u00f3n y comprobaci\u00f3n del equipamiento<br data-start=\"1887\" data-end=\"1890\" \/>\ud83d\udd39 Aventura de safari todoterreno por bosques y r\u00edos<br data-start=\"1944\" data-end=\"1947\" \/>\ud83d\udd39 Paradas para fotos y descanso<br data-start=\"1970\" data-end=\"1973\" \/>\ud83d\udd39 Pausa opcional para nadar<br data-start=\"1999\" data-end=\"2002\" \/>\ud83d\udd39 Traslado de ida y vuelta a los hoteles<\/p>\n<h3 data-start=\"2034\" data-end=\"2062\"><span style=\"color: #000000;\"><strong>\u2139\ufe0f Informaci\u00f3n \u00fatil<\/strong><\/span><\/h3>\n<p data-start=\"2063\" data-end=\"2356\">\ud83d\udd39 Duraci\u00f3n: aproximadamente 3-4 horas en total\u00a0<br data-start=\"2127\" data-end=\"2130\" \/>\ud83d\udd39 Dos sesiones diarias: 09:00 y 13:30<br data-start=\"2168\" data-end=\"2171\" \/>\ud83d\udd39 No hace falta carnet de conducir<br data-start=\"2202\" data-end=\"2205\" \/>\ud83d\udd39 Los ni\u00f1os pueden viajar como pasajeros<br data-start=\"2239\" data-end=\"2242\" \/>\ud83d\udd39 Atuendo recomendado: ropa vieja c\u00f3moda y zapatos cerrados.<br data-start=\"2305\" data-end=\"2308\" \/>\ud83d\udd39 Llevar: gafas de sol, crema solar y un pa\u00f1uelo.<\/p>\n<h3 data-start=\"2454\" data-end=\"2477\"><span style=\"color: #000000;\"><strong>Qu\u00e9 llevar<\/strong><\/span><\/h3>\n<p data-start=\"2478\" data-end=\"2615\">\ud83d\udd39 Gafas de sol y protecci\u00f3n solar.<br data-start=\"2505\" data-end=\"2508\" \/>\ud83d\udd39 Pa\u00f1uelo o mascarilla facial<br data-start=\"2531\" data-end=\"2534\" \/>\ud83d\udd39 Ropa y calzado c\u00f3modos<br data-start=\"2566\" data-end=\"2569\" \/>\ud83d\udd39 Peque\u00f1a cantidad de dinero en efectivo para bebidas o fotos.<\/p>\n<h3 data-start=\"2358\" data-end=\"2384\"><span style=\"color: #000000;\"><strong>\ud83d\udeab No apto para<\/strong><\/span><\/h3>\n<p data-start=\"2385\" data-end=\"2452\">\ud83d\udd39 Mujeres embarazadas<br data-start=\"2402\" data-end=\"2405\" \/>\ud83d\udd39 Hu\u00e9spedes con problemas graves de espalda o coraz\u00f3n.<\/p>\n<h3 dir=\"ltr\">\ud83d\udcb8\u00a0<strong>Precios y reservas<\/strong><\/h3>\n<p dir=\"ltr\"><strong>\ud83d\udd39 Reserva ahora, paga el d\u00eda de la excursi\u00f3n<\/strong><br \/>\n\ud83d\udd39 Ponte en contacto con nosotros a trav\u00e9s de WhatsApp, Telegram, Viber, o rellena el siguiente formulario de reserva.<\/p>\n<h3 data-start=\"2032\" data-end=\"2058\">\u2139\ufe0f Informaci\u00f3n \u00fatil<\/h3>\n<p data-start=\"2060\" data-end=\"2200\">\ud83d\udd39 Duraci\u00f3n: aprox. 5-5,5 horas<br data-start=\"2092\" data-end=\"2095\" \/>\ud83d\udd39 Salidas diarias por la ma\u00f1ana\u00a0<br data-start=\"2136\" data-end=\"2139\" \/>\ud83d\udd39 No se requiere experiencia<br data-start=\"2164\" data-end=\"2167\" \/>\ud83d\udd39 Recorrido en grupo reducido para mayor comodidad<\/p>\n<h3 data-start=\"2202\" data-end=\"2226\">\ud83d\udeab No apto para<\/h3>\n<p data-start=\"2228\" data-end=\"2297\">\ud83d\udd39 Mujeres embarazadas<br data-start=\"2245\" data-end=\"2248\" \/>\ud83d\udd39 Hu\u00e9spedes con dolencias graves de espalda o coraz\u00f3n.<\/p>\n<h3 data-start=\"2299\" data-end=\"2320\">Qu\u00e9 llevar<\/h3>\n<p data-start=\"2322\" data-end=\"2422\">\ud83d\udd39 Gafas de sol, gorra y crema solar.<br data-start=\"2355\" data-end=\"2358\" \/>\ud83d\udd39 Ropa c\u00f3moda y ba\u00f1adores.<br data-start=\"2393\" data-end=\"2396\" \/>\ud83d\udd39 Calderilla para extras<\/p>\n<div class=\"elementor-element elementor-element-884d539 e-con-full e-flex e-con e-child\" data-id=\"884d539\" data-element_type=\"container\">\n<div id=\"description\" class=\"elementor-element elementor-element-337037cc elementor-widget elementor-widget-thim-ekits-tours-content\" data-id=\"337037cc\" data-element_type=\"widget\" data-widget_type=\"thim-ekits-tours-content.default\">\n<div class=\"elementor-widget-container\">\n<h3 class=\"thim-ekit-single-tour__content\">\ud83d\udcb8\u00a0<strong data-start=\"3780\" data-end=\"3801\">Precios y reservas<\/strong><\/h3>\n<div class=\"thim-ekit-single-tour__content\">\n<p data-start=\"3803\" data-end=\"3931\"><strong>\ud83d\udd39 Reserva ahora, paga el d\u00eda de la excursi\u00f3n<\/strong><br data-start=\"3842\" data-end=\"3845\" \/>\ud83d\udd39 Ponte en contacto con nosotros a trav\u00e9s de WhatsApp, Telegram, Viber, o rellena el siguiente formulario de reserva \ud83d\udc47\ud83c\udffc<\/p>\n<\/div>\n<\/div>\n<\/div>\n<\/div>","protected":false},"excerpt":{"rendered":"<p data-start=\"2866\" data-end=\"3089\">Reserve su <b>Safari en buggy por Belek<\/b> <b>visita<\/b>\u00a1! Disfrute de un <b>ATV<\/b> <b>aventura<\/b> sobre barro <b>todoterreno<\/b> senderos forestales. Perfecto para <b>principiantes<\/b>! <b>Almuerzo\/traslado<\/b> incluido.<\/p>","protected":false},"featured_media":15145,"comment_status":"open","ping_status":"closed","template":"","meta":[],"product_brand":[],"product_cat":[126],"product_tag":[120],"class_list":{"0":"post-15362","1":"product","2":"type-product","3":"status-publish","4":"has-post-thumbnail","6":"tour_phys-belek-tours","7":"product_cat-belek-tours","8":"product_tag-belek","9":"pa_destination-belek-tours","11":"first","12":"instock","13":"sale","14":"shipping-taxable","15":"purchasable","16":"product-type-tour_phys"},"aioseo_notices":[],"_links":{"self":[{"href":"https:\/\/excursionsworld.com\/es\/wp-json\/wp\/v2\/product\/15362","targetHints":{"allow":["GET"]}}],"collection":[{"href":"https:\/\/excursionsworld.com\/es\/wp-json\/wp\/v2\/product"}],"about":[{"href":"https:\/\/excursionsworld.com\/es\/wp-json\/wp\/v2\/types\/product"}],"replies":[{"embeddable":true,"href":"https:\/\/excursionsworld.com\/es\/wp-json\/wp\/v2\/comments?post=15362"}],"wp:featuredmedia":[{"embeddable":true,"href":"https:\/\/excursionsworld.com\/es\/wp-json\/wp\/v2\/media\/15145"}],"wp:attachment":[{"href":"https:\/\/excursionsworld.com\/es\/wp-json\/wp\/v2\/media?parent=15362"}],"wp:term":[{"taxonomy":"product_brand","embeddable":true,"href":"https:\/\/excursionsworld.com\/es\/wp-json\/wp\/v2\/product_brand?post=15362"},{"taxonomy":"product_cat","embeddable":true,"href":"https:\/\/excursionsworld.com\/es\/wp-json\/wp\/v2\/product_cat?post=15362"},{"taxonomy":"product_tag","embeddable":true,"href":"https:\/\/excursionsworld.com\/es\/wp-json\/wp\/v2\/product_tag?post=15362"}],"curies":[{"name":"wp","href":"https:\/\/api.w.org\/{rel}","templated":true}]}}