{"id":15363,"date":"2025-10-26T18:47:04","date_gmt":"2025-10-26T15:47:04","guid":{"rendered":"https:\/\/excursionsworld.com\/?post_type=product&#038;p=15363"},"modified":"2026-04-24T00:20:47","modified_gmt":"2026-04-23T21:20:47","slug":"safari-quad-belek-atv","status":"publish","type":"product","link":"https:\/\/excursionsworld.com\/tours\/belek-quad-safari\/","title":{"rendered":"Safari en quad en Belek \u2013 aventura en ATV todoterreno"},"content":{"rendered":"<h2><strong>\ud83c\udfdd\ufe0f Visi\u00f3n general<\/strong><\/h2>\n<div dir=\"ltr\">Emb\u00e1rquese en una aventura de quad a trav\u00e9s de las monta\u00f1as del Tauro que le har\u00e1 bombear adrenalina, con traslados convenientes desde el hotel desde <a href=\"https:\/\/en.wikipedia.org\/wiki\/Belek\" target=\"_blank\" rel=\"noopener\">Belek<\/a> \u00a1y \u00e1reas cercanas! Corre por senderos boscosos, enfrenta caminos rocosos y toma un refrescante descanso junto a un r\u00edo de monta\u00f1a. Perfecto para los adictos a la adrenalina: no se necesita experiencia, ya que se proporcionar\u00e1 entrenamiento completo y equipo.<\/div>\n<h3><strong>\u00a0Incluido:<\/strong><\/h3>\n<div dir=\"ltr\"><span style=\"color: #00ff00;\">\u2713<\/span> Recogida y entrega en el hotel<br \/>\n<span style=\"color: #00ff00;\">\u2713 <\/span>Gu\u00edas profesionales<br \/>\n<span style=\"color: #00ff00;\">\u2713 <\/span>Seguro a todo riesgo<br \/>\n<span style=\"color: #00ff00;\">\u2713 <\/span>Equipo de seguridad (casco, etc.)<\/div>\n<h3><strong>No se incluye:<\/strong><\/h3>\n<div dir=\"ltr\"><span style=\"color: #ff0000;\">\u2717<\/span> Gastos personales<br \/>\n<span style=\"color: #ff0000;\">\u2717<\/span> Fotos y v\u00eddeos<br \/>\n<span style=\"color: #ff0000;\">\u2717<\/span> Bebidas<\/div>\n<h2><strong>\ud83c\udf1f Lo m\u00e1s destacado del viaje<\/strong><\/h2>\n<div dir=\"ltr\">\ud83d\udd39 Ruta en quad de 20 km llena de adrenalina por los Montes Tauro.<br \/>\n\ud83d\udd39 Senderos forestales, caminos rocosos y paisajes impresionantes.<br \/>\n\ud83d\udd39 Parada de descanso panor\u00e1mica junto a un r\u00edo de monta\u00f1a<br \/>\n\ud83d\udd39 Adecuado para principiantes con instrucci\u00f3n completa.<br \/>\n\ud83d\udd39 1,5 horas de pura emoci\u00f3n todoterreno.<\/div>\n<h2><strong>\ud83d\udcd6 Descripci\u00f3n completa<\/strong><\/h2>\n<div dir=\"ltr\">Su aventura comienza con un c\u00f3modo traslado desde su hotel en Belek hasta la base de quads en los Montes Tauro. A su llegada, recibir\u00e1 instrucciones de seguridad y todo el equipo necesario, seguido de una breve prueba de conducci\u00f3n para familiarizarse con su quad.<\/div>\n<div dir=\"ltr\">A continuaci\u00f3n, comienza la verdadera diversi\u00f3n: un emocionante viaje de 20 km a trav\u00e9s de senderos de monta\u00f1a, bosques y caminos polvorientos, conducido por gu\u00edas experimentados. A mitad de camino, parar\u00e1 junto a un r\u00edo de monta\u00f1a para relajarse o hacer fotos. Tras el descanso, contin\u00fae su recorrido todoterreno antes de regresar a la base. Una vez finalizada la excursi\u00f3n, disfrute de un c\u00f3modo trayecto de vuelta a su hotel.<\/div>\n<h3><strong>\ud83d\uddfa\ufe0f Itinerario<\/strong><\/h3>\n<div dir=\"ltr\">\ud83d\udd39 Recogida en hoteles de Belek y alrededores<br \/>\n\ud83d\udd39 Llegada a la base de quads y briefing de seguridad<br \/>\n\ud83d\udd39 Configuraci\u00f3n del equipo y breve prueba de conducci\u00f3n (15 min)<br \/>\n\ud83d\udd39 Ruta guiada de 20 km por monta\u00f1as y bosques.<br \/>\n\ud83d\udd39 Parada de descanso cerca de un r\u00edo de monta\u00f1a (15-20 min)<br \/>\n\ud83d\udd39 Paseo de ida y vuelta y traslado de vuelta al hotel.<\/div>\n<h3><strong>\u2139\ufe0f Informaci\u00f3n \u00fatil<\/strong><\/h3>\n<div dir=\"ltr\">\ud83d\udd39 Duraci\u00f3n: aproximadamente 3 horas (traslados incluidos)<br \/>\n\ud83d\udd39 No hace falta carnet de conducir<br \/>\n\ud83d\udd39 Edad m\u00ednima del conductor: 17 a\u00f1os<br \/>\n\ud83d\udd39 Casco proporcionado<br \/>\n\ud83d\udd39 Nivel de actividad f\u00edsica de moderado a alto.<br \/>\n\ud83d\udd39 Los menores de 5 a\u00f1os viajan gratis pero comparten asiento a menos que reserven por separado<\/div>\n<h3><strong>\ud83d\udeab No apto para<\/strong><\/h3>\n<div dir=\"ltr\">\ud83d\udd39 Mujeres embarazadas<br \/>\n\ud83d\udd39 Invitados bajo los efectos del alcohol<br \/>\n\ud83d\udd39 Personas con movilidad reducida<\/div>\n<h2><strong>Qu\u00e9 llevar<\/strong><\/h2>\n<div dir=\"ltr\">\ud83d\udd39 Ropa y calzado c\u00f3modos (espera que se llene de polvo).<br \/>\n\ud83d\udd39 Protector solar<br \/>\n\ud83d\udd39 Dinero en efectivo para gastos personales (bebidas, fotos, etc.)<\/div>\n<h2 dir=\"ltr\">\ud83d\udcb8\u00a0<strong>Precios y reservas<\/strong><\/h2>\n<p dir=\"ltr\"><strong>\ud83d\udd39 Reserva ahora, paga el d\u00eda de la excursi\u00f3n<\/strong><br \/>\n\ud83d\udd39 Ponte en contacto con nosotros a trav\u00e9s de WhatsApp, Telegram, Viber, o rellena el siguiente formulario de reserva.<\/p>\n<h3>\u2139\ufe0f Informaci\u00f3n \u00fatil<\/h3>\n<p>\ud83d\udd39 Duraci\u00f3n: aprox. 5-5,5 horas<br \/>\ud83d\udd39 Salidas diarias por la ma\u00f1ana\u00a0<br \/>\ud83d\udd39 No se requiere experiencia<br \/>\ud83d\udd39 Recorrido en grupo reducido para mayor comodidad<\/p>\n<h3>\ud83d\udeab No apto para<\/h3>\n<p>\ud83d\udd39 Mujeres embarazadas<br \/>\ud83d\udd39 Hu\u00e9spedes con dolencias graves de espalda o coraz\u00f3n.<\/p>\n<h2>Qu\u00e9 llevar<\/h2>\n<p>\ud83d\udd39 Gafas de sol, gorra y crema solar.<br \/>\ud83d\udd39 Ropa c\u00f3moda y ba\u00f1adores.<br \/>\ud83d\udd39 Calderilla para extras<\/p>\n<div class=\"elementor-element elementor-element-884d539 e-con-full e-flex e-con e-child\" data-id=\"884d539\" data-element_type=\"container\">\n<div id=\"description\" class=\"elementor-element elementor-element-337037cc elementor-widget elementor-widget-thim-ekits-tours-content\" data-id=\"337037cc\" data-element_type=\"widget\" data-widget_type=\"thim-ekits-tours-content.default\">\n<div class=\"elementor-widget-container\">\n<h2 class=\"thim-ekit-single-tour__content\">\ud83d\udcb8\u00a0<strong>Precios y reservas<\/strong><\/h2>\n<div class=\"thim-ekit-single-tour__content\">\n<p><strong>\ud83d\udd39 Reserva ahora, paga el d\u00eda de la excursi\u00f3n<\/strong><br \/>\ud83d\udd39 Ponte en contacto con nosotros a trav\u00e9s de WhatsApp, Telegram, Viber, o rellena el siguiente formulario de reserva \ud83d\udc47\ud83c\udffc<\/p>\n<\/div>\n<\/div>\n<\/div>\n<\/div>\n<p>\u00bfBuscas alternativas? Explora <a href=\"https:\/\/excursionsworld.com\/es\/excursiones-belek\/\">m\u00e1s tours de Belek<\/a>.<\/p>","protected":false},"excerpt":{"rendered":"<p data-start=\"2866\" data-end=\"3089\">\u00danase a un emocionante safari en quad por los montes Tauro de Belek. Conduzca 20 km fuera de la carretera, disfrute de la impresionante naturaleza y refr\u00e9squese junto a un r\u00edo de monta\u00f1a. No se necesita experiencia: traslado al hotel incluido.<\/p>","protected":false},"featured_media":15073,"comment_status":"open","ping_status":"closed","template":"","meta":[],"product_brand":[],"product_cat":[126],"product_tag":[120],"class_list":{"0":"post-15363","1":"product","2":"type-product","3":"status-publish","4":"has-post-thumbnail","6":"tour_phys-belek-tours","7":"product_cat-belek-tours","8":"product_tag-belek","9":"pa_destination-belek-tours","11":"first","12":"instock","13":"sale","14":"shipping-taxable","15":"purchasable","16":"product-type-tour_phys"},"aioseo_notices":[],"_links":{"self":[{"href":"https:\/\/excursionsworld.com\/es\/wp-json\/wp\/v2\/product\/15363","targetHints":{"allow":["GET"]}}],"collection":[{"href":"https:\/\/excursionsworld.com\/es\/wp-json\/wp\/v2\/product"}],"about":[{"href":"https:\/\/excursionsworld.com\/es\/wp-json\/wp\/v2\/types\/product"}],"replies":[{"embeddable":true,"href":"https:\/\/excursionsworld.com\/es\/wp-json\/wp\/v2\/comments?post=15363"}],"wp:featuredmedia":[{"embeddable":true,"href":"https:\/\/excursionsworld.com\/es\/wp-json\/wp\/v2\/media\/15073"}],"wp:attachment":[{"href":"https:\/\/excursionsworld.com\/es\/wp-json\/wp\/v2\/media?parent=15363"}],"wp:term":[{"taxonomy":"product_brand","embeddable":true,"href":"https:\/\/excursionsworld.com\/es\/wp-json\/wp\/v2\/product_brand?post=15363"},{"taxonomy":"product_cat","embeddable":true,"href":"https:\/\/excursionsworld.com\/es\/wp-json\/wp\/v2\/product_cat?post=15363"},{"taxonomy":"product_tag","embeddable":true,"href":"https:\/\/excursionsworld.com\/es\/wp-json\/wp\/v2\/product_tag?post=15363"}],"curies":[{"name":"wp","href":"https:\/\/api.w.org\/{rel}","templated":true}]}}