{"id":15364,"date":"2025-10-26T18:48:56","date_gmt":"2025-10-26T15:48:56","guid":{"rendered":"https:\/\/excursionsworld.com\/?post_type=product&#038;p=15364"},"modified":"2025-12-14T18:23:41","modified_gmt":"2025-12-14T15:23:41","slug":"safari-jeep-belek","status":"publish","type":"product","link":"https:\/\/excursionsworld.com\/tours\/belek-jeep-safari\/","title":{"rendered":"Safari en jeep desde Belek por las monta\u00f1as Tauro"},"content":{"rendered":"<h3 data-start=\"234\" data-end=\"559\"><strong data-start=\"234\" data-end=\"249\">\ud83d\ude99 Visi\u00f3n general<\/strong><\/h3>\n<p data-start=\"234\" data-end=\"559\">\u00danete a una apasionante <strong data-start=\"269\" data-end=\"295\">safari en jeep desde Belek<\/strong> \u00a1y explore la belleza salvaje de los Montes Tauro! Conduzca potentes jeeps 4\u00d74 por senderos forestales, pueblos de monta\u00f1a y r\u00edos. Disfrute de paradas fotogr\u00e1ficas panor\u00e1micas, un delicioso almuerzo a la barbacoa y un refrescante ba\u00f1o en un r\u00edo natural: \u00a1la mezcla perfecta de aventura y diversi\u00f3n!<\/p>\n<h3 data-start=\"561\" data-end=\"710\"><strong data-start=\"561\" data-end=\"574\">Incluido:<\/strong><\/h3>\n<p data-start=\"561\" data-end=\"710\"><strong><span style=\"color: #00ff00;\">\u2713<\/span><\/strong> Recogida y entrega en el hotel<br data-start=\"604\" data-end=\"607\" \/><strong><span style=\"color: #00ff00;\">\u2713 <\/span><\/strong>Conductores profesionales de habla inglesa<br data-start=\"654\" data-end=\"657\" \/><strong><span style=\"color: #00ff00;\">\u2713 <\/span><\/strong>4\u00d74 Land Rover Jeeps<br data-start=\"679\" data-end=\"682\" \/><strong><span style=\"color: #00ff00;\">\u2713 <\/span><\/strong>Seguro a todo riesgo<br data-start=\"698\" data-end=\"701\" \/><strong><span style=\"color: #00ff00;\">\u2713 <\/span><\/strong>Almuerzo<\/p>\n<h3 data-start=\"712\" data-end=\"784\"><strong data-start=\"712\" data-end=\"729\">No se incluye:<\/strong><\/h3>\n<p data-start=\"712\" data-end=\"784\"><strong><span style=\"color: #ff0000;\">\u2717<\/span><\/strong> Bebidas<br data-start=\"762\" data-end=\"765\" \/><strong><span style=\"color: #ff0000;\">\u2717 <\/span><\/strong>Fotos y v\u00eddeos<\/p>\n<h3><strong data-start=\"786\" data-end=\"808\">\ud83c\udf1f Lo m\u00e1s destacado del viaje<\/strong><\/h3>\n<p data-start=\"786\" data-end=\"1060\">\ud83d\udd39 Emocionante recorrido todoterreno por bosques y r\u00edos<br data-start=\"864\" data-end=\"867\" \/>\ud83d\udd39 Visita a un pueblo tradicional turco<br data-start=\"908\" data-end=\"911\" \/>\ud83d\udd39 Paradas fotogr\u00e1ficas panor\u00e1micas y miradores<br data-start=\"947\" data-end=\"950\" \/>\ud83d\udd39 Sabroso almuerzo a la barbacoa en la naturaleza<br data-start=\"978\" data-end=\"981\" \/>\ud83d\udd39 Pausa para nadar en un r\u00edo de monta\u00f1a<br data-start=\"1018\" data-end=\"1021\" \/>\ud83d\udd39 Lucha de agua opcional entre jeeps.<\/p>\n<h3 data-start=\"1062\" data-end=\"1245\"><strong data-start=\"1062\" data-end=\"1085\">\ud83d\udcd6 Descripci\u00f3n completa<\/strong><\/h3>\n<div data-start=\"1062\" data-end=\"1245\">Su aventura comienza con la recogida en su hotel de Belek. Conozca a su amable conductor y gu\u00eda, y luego dir\u00edjase a la <strong data-start=\"1204\" data-end=\"1224\">Montes Tauro<\/strong> en jeeps descapotables. Disfrute de impresionantes paisajes, aire puro y destellos de la vida tradicional de las aldeas. Haga paradas fotogr\u00e1ficas a lo largo de la ruta y sienta la emoci\u00f3n de la aut\u00e9ntica conducci\u00f3n todoterreno. Saboree un delicioso <strong data-start=\"1431\" data-end=\"1444\">Almuerzo barbacoa<\/strong> en un restaurante r\u00fastico rodeado de naturaleza. Despu\u00e9s, rel\u00e1jese o b\u00e1\u00f1ese en un refrescante r\u00edo de monta\u00f1a antes de emprender el regreso. A la vuelta, \u00fanase a una divertida <strong data-start=\"1599\" data-end=\"1614\">guerra de agua<\/strong> \u00a1para un final inolvidable!<\/div>\n<h3 data-start=\"1647\" data-end=\"1895\"><strong data-start=\"1647\" data-end=\"1669\">\ud83d\uddfa\ufe0f Itinerario<\/strong><\/h3>\n<p data-start=\"1647\" data-end=\"1895\">\ud83d\udd39 Recogida en los hoteles de Belek<br data-start=\"1699\" data-end=\"1702\" \/>\ud83d\udd39 Conduce por los Montes Tauro<br data-start=\"1739\" data-end=\"1742\" \/>\ud83d\udd39 Visita un pueblo local<br data-start=\"1766\" data-end=\"1769\" \/>\ud83d\udd39 Paradas fotogr\u00e1ficas panor\u00e1micas<br data-start=\"1790\" data-end=\"1793\" \/>\ud83d\udd39 Almuerzo barbacoa en la naturaleza<br data-start=\"1815\" data-end=\"1818\" \/>\ud83d\udd39 Pausa para nadar en un r\u00edo<br data-start=\"1846\" data-end=\"1849\" \/>\ud83d\udd39 Pelea de agua opcional<br data-start=\"1872\" data-end=\"1875\" \/>\ud83d\udd39 Regreso al hotel<\/p>\n<h3><strong data-start=\"2243\" data-end=\"2268\">\u2139\ufe0f Informaci\u00f3n \u00fatil<\/strong><\/h3>\n<p data-start=\"2243\" data-end=\"2424\">\ud83d\udd39 Duraci\u00f3n: aproximadamente 7-8 horas<br data-start=\"2307\" data-end=\"2310\" \/>\ud83d\udd39 Apto para todas las edades (los ni\u00f1os deben ir acompa\u00f1ados de adultos).<br data-start=\"2375\" data-end=\"2378\" \/>\ud83d\udd39 El recorrido puede cambiar debido a las condiciones meteorol\u00f3gicas<\/p>\n<h3 data-start=\"2017\" data-end=\"2169\"><strong data-start=\"2017\" data-end=\"2037\">Qu\u00e9 llevar<\/strong><\/h3>\n<p data-start=\"2017\" data-end=\"2169\">\ud83d\udd39 Ropa y calzado c\u00f3modos<br data-start=\"2072\" data-end=\"2075\" \/>\ud83d\udd39 Gafas de sol y sombrero<br data-start=\"2096\" data-end=\"2099\" \/>\ud83d\udd39 Protector solar<br data-start=\"2111\" data-end=\"2114\" \/>\ud83d\udd39 Ba\u00f1ador y toalla.<br data-start=\"2135\" data-end=\"2138\" \/>\ud83d\udd39 Efectivo para gastos personales<\/p>\n<h3 data-start=\"1897\" data-end=\"2015\"><strong data-start=\"1897\" data-end=\"1920\">\ud83d\udeab No apto para<\/strong><\/h3>\n<p data-start=\"1897\" data-end=\"2015\">\ud83d\udd39 Mujeres embarazadas<br data-start=\"1940\" data-end=\"1943\" \/>\ud83d\udd39 Hu\u00e9spedes con problemas de espalda o cuello.<br data-start=\"1979\" data-end=\"1982\" \/>\ud83d\udd39 Personas con movilidad reducida<\/p>\n<h3 dir=\"ltr\">\ud83d\udcb8\u00a0<strong>Precios y reservas<\/strong><\/h3>\n<p dir=\"ltr\"><strong>\ud83d\udd39 Reserva ahora, paga el d\u00eda de la excursi\u00f3n<\/strong><br \/>\n\ud83d\udd39 Ponte en contacto con nosotros a trav\u00e9s de WhatsApp, Telegram, Viber, o rellena el siguiente formulario de reserva. \ud83d\udc47\ud83c\udffc<\/p>","protected":false},"excerpt":{"rendered":"<p data-start=\"2736\" data-end=\"2976\">\u00danete al <strong data-start=\"2781\" data-end=\"2807\">Safari en jeep por Belek<\/strong> y explore los Montes Tauro en potentes jeeps 4\u00d74. Visite aldeas de monta\u00f1a, b\u00e1\u00f1ese en los r\u00edos, disfrute de un almuerzo a la barbacoa y viva un d\u00eda completo de aventura y naturaleza.<\/p>","protected":false},"featured_media":15063,"comment_status":"open","ping_status":"closed","template":"","meta":[],"product_brand":[],"product_cat":[126],"product_tag":[120],"class_list":{"0":"post-15364","1":"product","2":"type-product","3":"status-publish","4":"has-post-thumbnail","6":"tour_phys-belek-tours","7":"product_cat-belek-tours","8":"product_tag-belek","9":"pa_destination-belek-tours","11":"first","12":"instock","13":"sale","14":"shipping-taxable","15":"purchasable","16":"product-type-tour_phys"},"aioseo_notices":[],"_links":{"self":[{"href":"https:\/\/excursionsworld.com\/es\/wp-json\/wp\/v2\/product\/15364","targetHints":{"allow":["GET"]}}],"collection":[{"href":"https:\/\/excursionsworld.com\/es\/wp-json\/wp\/v2\/product"}],"about":[{"href":"https:\/\/excursionsworld.com\/es\/wp-json\/wp\/v2\/types\/product"}],"replies":[{"embeddable":true,"href":"https:\/\/excursionsworld.com\/es\/wp-json\/wp\/v2\/comments?post=15364"}],"wp:featuredmedia":[{"embeddable":true,"href":"https:\/\/excursionsworld.com\/es\/wp-json\/wp\/v2\/media\/15063"}],"wp:attachment":[{"href":"https:\/\/excursionsworld.com\/es\/wp-json\/wp\/v2\/media?parent=15364"}],"wp:term":[{"taxonomy":"product_brand","embeddable":true,"href":"https:\/\/excursionsworld.com\/es\/wp-json\/wp\/v2\/product_brand?post=15364"},{"taxonomy":"product_cat","embeddable":true,"href":"https:\/\/excursionsworld.com\/es\/wp-json\/wp\/v2\/product_cat?post=15364"},{"taxonomy":"product_tag","embeddable":true,"href":"https:\/\/excursionsworld.com\/es\/wp-json\/wp\/v2\/product_tag?post=15364"}],"curies":[{"name":"wp","href":"https:\/\/api.w.org\/{rel}","templated":true}]}}