{"id":15365,"date":"2025-10-26T18:56:49","date_gmt":"2025-10-26T15:56:49","guid":{"rendered":"https:\/\/excursionsworld.com\/?post_type=product&#038;p=15365"},"modified":"2026-04-24T00:20:48","modified_gmt":"2026-04-23T21:20:48","slug":"pesca-barco-belek","status":"publish","type":"product","link":"https:\/\/excursionsworld.com\/tours\/belek-sea-fishing\/","title":{"rendered":"Excursi\u00f3n de pesca en barco en Belek \u2013 todo incluido"},"content":{"rendered":"<h2><span style=\"color: #000000;\"><strong>\ud83c\udfa3 Visi\u00f3n general<\/strong><\/span><\/h2>\n<p>Esc\u00e1pese del ajetreado ambiente de los complejos tur\u00edsticos y disfrute de una tranquila experiencia de pesca en el mar Mediterr\u00e1neo. En <strong><a href=\"https:\/\/en.wikipedia.org\/wiki\/Belek\" target=\"_blank\" rel=\"noopener\">Belek<\/a> Tour de pesca<\/strong> combina deporte, relajaci\u00f3n y naturaleza, perfecto tanto para principiantes como para pescadores experimentados. Pase una ma\u00f1ana refrescante en el mar con un capit\u00e1n profesional que le llevar\u00e1 a los mejores lugares de pesca cerca de Belek.<\/p>\n<h3><span style=\"color: #000000;\"><strong>Incluido:<\/strong><\/span><\/h3>\n<p><span style=\"color: #00ff00;\"><strong>\u2713<\/strong><\/span> Recogida y entrega en el hotel\u00a0<br \/><span style=\"color: #00ff00;\"><strong>\u2713 <\/strong><\/span>Todo el equipo de pesca y cebo<br \/><span style=\"color: #00ff00;\"><strong>\u2713 <\/strong><\/span>Capit\u00e1n y gu\u00eda de pesca profesional<br \/><span style=\"color: #00ff00;\"><strong>\u2713 <\/strong><\/span>Desayuno y almuerzo a bordo<br \/><span style=\"color: #00ff00;\"><strong>\u2713 <\/strong><\/span>Refrescos<br \/><span style=\"color: #00ff00;\"><strong>\u2713 <\/strong><\/span>Seguro a todo riesgo<br \/><span style=\"color: #00ff00;\"><strong>\u2713 <\/strong><\/span>Sonar (ecosonda) y equipo de seguridad<\/p>\n<h3><strong>No se incluye:<\/strong><\/h3>\n<p><span style=\"color: #ff0000;\"><strong>\u2717<\/strong> <\/span>Bebidas alcoh\u00f3licas<br \/><span style=\"color: #ff0000;\"><strong>\u2717<\/strong> <\/span>Gastos personales<\/p>\n<h2>\ud83c\udf0a <strong>Lo m\u00e1s destacado<\/strong><\/h2>\n<p>\ud83d\udd39 Gu\u00eda experto - Dirigido por un capit\u00e1n de pesca profesional que garantiza tanto la seguridad como el \u00e9xito.<br \/>\ud83d\udd39 Pesca de altura - Experimenta la pesca con ca\u00f1a en profundidades de 30-60 metros con todo el equipo proporcionado.<br \/>\ud83d\udd39 Rica vida marina - Captura varias especies como lubina, at\u00fan, bonito, pez coral, calamar y pulpo.<br \/>\ud83d\udd39 Relajaci\u00f3n y vistas: t\u00f3mate un respiro para tomar el sol o nadar en las cristalinas aguas del Mediterr\u00e1neo.<br \/>\ud83d\udd39 Experiencia aut\u00e9ntica - Disfruta de un viaje personal en grupo reducido a bordo de un barco de pesca tradicional.<\/p>\n<h3><span style=\"color: #000000;\"><strong>\u23f0 Itinerario<\/strong><\/span><\/h3>\n<p>\ud83d\udd39 06:45 AM - Recogida en los hoteles de Belek.<br \/>\ud83d\udd39 Conoce a tu capit\u00e1n y tripulaci\u00f3n, recibe el equipo de pesca y prep\u00e1rate para la salida<br \/>\ud83d\udd39 Dir\u00edgete a los mejores lugares de pesca y disfruta de tu tiempo de pesca con orientaci\u00f3n<br \/>\ud83d\udd39 Desayuno y comida servidos a bordo<br \/>\ud83d\udd39 Pausas opcionales para nadar y relajarse<br \/>\ud83d\udd39 Regreso al puerto y traslado de vuelta al hotel antes del mediod\u00eda.<\/p>\n<h3>\u2139\ufe0f Informaci\u00f3n \u00fatil<\/h3>\n<p>\ud83d\udd39 Duraci\u00f3n: aprox. 5-5,5 horas<br \/>\ud83d\udd39 Salidas diarias por la ma\u00f1ana\u00a0<br \/>\ud83d\udd39 No se requiere experiencia<br \/>\ud83d\udd39 Recorrido en grupo reducido para mayor comodidad<\/p>\n<h3>\ud83d\udeab No apto para<\/h3>\n<p>\ud83d\udd39 Mujeres embarazadas<br \/>\ud83d\udd39 Hu\u00e9spedes con dolencias graves de espalda o coraz\u00f3n.<\/p>\n<h2>Qu\u00e9 llevar<\/h2>\n<p>\ud83d\udd39 Gafas de sol, gorra y crema solar.<br \/>\ud83d\udd39 Ropa c\u00f3moda y ba\u00f1adores.<br \/>\ud83d\udd39 Calderilla para extras<\/p>\n<div class=\"elementor-element elementor-element-884d539 e-con-full e-flex e-con e-child\" data-id=\"884d539\" data-element_type=\"container\">\n<div id=\"description\" class=\"elementor-element elementor-element-337037cc elementor-widget elementor-widget-thim-ekits-tours-content\" data-id=\"337037cc\" data-element_type=\"widget\" data-widget_type=\"thim-ekits-tours-content.default\">\n<div class=\"elementor-widget-container\">\n<h2 class=\"thim-ekit-single-tour__content\">\ud83d\udcb8\u00a0<strong>Precios y reservas<\/strong><\/h2>\n<div class=\"thim-ekit-single-tour__content\">\n<p><strong>\ud83d\udd39 Reserva ahora, paga el d\u00eda de la excursi\u00f3n<\/strong><br \/>\ud83d\udd39 Ponte en contacto con nosotros a trav\u00e9s de WhatsApp, Telegram, Viber, o rellena el siguiente formulario de reserva \ud83d\udc47\ud83c\udffc<\/p>\n<\/div>\n<\/div>\n<\/div>\n<\/div>\n<p>\u00bfBuscas alternativas? Explora <a href=\"https:\/\/excursionsworld.com\/es\/excursiones-belek\/\">m\u00e1s tours de Belek<\/a>.<\/p>","protected":false},"excerpt":{"rendered":"<p data-start=\"171\" data-end=\"381\">Reserva el <b>Excursi\u00f3n de pesca a Belek<\/b>\u00a1! Disfrute de un <b>excursi\u00f3n en alta mar<\/b> en el Mediterr\u00e1neo. <b>Desayuno<\/b>, <b>almuerzo<\/b>, engranaje, y <b>traslado incluido<\/b>. \u00a1Pesque con un capit\u00e1n experto!<\/p>","protected":false},"featured_media":14069,"comment_status":"open","ping_status":"closed","template":"","meta":[],"product_brand":[],"product_cat":[126],"product_tag":[120],"class_list":{"0":"post-15365","1":"product","2":"type-product","3":"status-publish","4":"has-post-thumbnail","6":"tour_phys-belek-tours","7":"product_cat-belek-tours","8":"product_tag-belek","9":"pa_destination-belek-tours","11":"first","12":"instock","13":"sale","14":"shipping-taxable","15":"purchasable","16":"product-type-tour_phys"},"aioseo_notices":[],"_links":{"self":[{"href":"https:\/\/excursionsworld.com\/es\/wp-json\/wp\/v2\/product\/15365","targetHints":{"allow":["GET"]}}],"collection":[{"href":"https:\/\/excursionsworld.com\/es\/wp-json\/wp\/v2\/product"}],"about":[{"href":"https:\/\/excursionsworld.com\/es\/wp-json\/wp\/v2\/types\/product"}],"replies":[{"embeddable":true,"href":"https:\/\/excursionsworld.com\/es\/wp-json\/wp\/v2\/comments?post=15365"}],"wp:featuredmedia":[{"embeddable":true,"href":"https:\/\/excursionsworld.com\/es\/wp-json\/wp\/v2\/media\/14069"}],"wp:attachment":[{"href":"https:\/\/excursionsworld.com\/es\/wp-json\/wp\/v2\/media?parent=15365"}],"wp:term":[{"taxonomy":"product_brand","embeddable":true,"href":"https:\/\/excursionsworld.com\/es\/wp-json\/wp\/v2\/product_brand?post=15365"},{"taxonomy":"product_cat","embeddable":true,"href":"https:\/\/excursionsworld.com\/es\/wp-json\/wp\/v2\/product_cat?post=15365"},{"taxonomy":"product_tag","embeddable":true,"href":"https:\/\/excursionsworld.com\/es\/wp-json\/wp\/v2\/product_tag?post=15365"}],"curies":[{"name":"wp","href":"https:\/\/api.w.org\/{rel}","templated":true}]}}