{"id":15367,"date":"2025-10-26T19:03:37","date_gmt":"2025-10-26T16:03:37","guid":{"rendered":"https:\/\/excursionsworld.com\/?post_type=product&#038;p=15367"},"modified":"2025-11-21T20:19:36","modified_gmt":"2025-11-21T17:19:36","slug":"buceo-snorkel-belek","status":"publish","type":"product","link":"https:\/\/excursionsworld.com\/tours\/belek-scuba-diving-snorkeling\/","title":{"rendered":"Buceo y snorkel desde Belek \u2013 Scuba Diving"},"content":{"rendered":"<h3 dir=\"ltr\" data-pm-slice=\"1 1 []\"><strong>\ud83c\udf0a Visi\u00f3n general<\/strong><\/h3>\n<p dir=\"ltr\">Emb\u00e1rquese en un emocionante viaje al mundo submarino del mar Mediterr\u00e1neo con una excursi\u00f3n de buceo desde Antalya, Belek y sus alrededores, con recogida y regreso al hotel incluidos. Disfrute de dos inmersiones en las bah\u00edas de Aquarium y Kiri\u015f, nataci\u00f3n, snorkel y un almuerzo fresco a bordo. La excursi\u00f3n es adecuada tanto para principiantes como para buceadores certificados.<\/p>\n<h3 dir=\"ltr\"><strong>Incluido:<\/strong><\/h3>\n<p dir=\"ltr\"><span style=\"color: #00ff00;\"><strong>\u2713<\/strong><\/span> Recogida y entrega en el hotel<br \/>\n<span style=\"color: #00ff00;\"><strong>\u2713 <\/strong><\/span>C\u00f3modo autob\u00fas con aire acondicionado<br \/>\n<span style=\"color: #00ff00;\"><strong>\u2713 <\/strong><\/span>Seguros<br \/>\n<span style=\"color: #00ff00;\"><strong>\u2713 <\/strong><\/span>Gu\u00eda<br \/>\n<span style=\"color: #00ff00;\"><strong>\u2713 <\/strong><\/span>Almuerzo<\/p>\n<h3 dir=\"ltr\"><strong>No se incluye:<\/strong><\/h3>\n<p dir=\"ltr\"><strong><span style=\"color: #ff0000;\">\u2717<\/span><\/strong> Gastos personales<br \/>\n<strong><span style=\"color: #ff0000;\">\u2717 <\/span><\/strong>Fotos y v\u00eddeos<br \/>\n<strong><span style=\"color: #ff0000;\">\u2717 <\/span><\/strong>Bebidas<\/p>\n<h3 dir=\"ltr\"><strong>\ud83c\udf1f Lo m\u00e1s destacado del viaje<\/strong><\/h3>\n<p dir=\"ltr\">\ud83d\udd39 Dos inmersiones con gu\u00edas en las bah\u00edas Aquarium y Kiri\u015f.<br \/>\n\ud83d\udd39 Nadar y bucear en aguas cristalinas<br \/>\n\ud83d\udd39 Almuerzo fresco servido a bordo<br \/>\n\ud83d\udd39 Observaci\u00f3n de la vibrante vida marina<br \/>\n\ud83d\udd39 Apto para buceadores principiantes y experimentados<br \/>\n\ud83d\udd39 Impresionantes vistas de la costa mediterr\u00e1nea.<\/p>\n<h3 dir=\"ltr\"><strong>\ud83d\udcd6 Descripci\u00f3n completa<\/strong><\/h3>\n<div dir=\"ltr\">La excursi\u00f3n comienza con el traslado desde su hotel en Belek Antalya o zonas cercanas hasta el puerto deportivo. A bordo de la embarcaci\u00f3n, instructores titulados le dar\u00e1n instrucciones sobre seguridad, descripci\u00f3n del equipo y t\u00e9cnicas de buceo. La primera inmersi\u00f3n tendr\u00e1 lugar en la bah\u00eda de Aquarium, a una profundidad de 5 metros, y durar\u00e1 entre 20 y 25 minutos. Despu\u00e9s, rel\u00e1jese en la cubierta, nade o practique snorkel. Se sirve un almuerzo fresco a bordo. La segunda inmersi\u00f3n se realiza en la bah\u00eda de Kiri\u015f a una profundidad de 10-15 metros, guiada por instructores. Disfrute de la pintoresca costa y del tranquilo ambiente marino. La excursi\u00f3n es apta incluso para no nadadores, ya que las inmersiones est\u00e1n totalmente supervisadas. Despu\u00e9s de la segunda inmersi\u00f3n, regresar\u00e1 al puerto deportivo y despu\u00e9s a su hotel.<\/div>\n<h3 dir=\"ltr\"><strong>\ud83d\uddfa\ufe0f Itinerario<\/strong><\/h3>\n<p dir=\"ltr\">\ud83d\udd39 Recogida en el hotel en Antalya, Belek o alrededores.<br \/>\n\ud83d\udd39 Llegada al puerto deportivo y embarque en el barco.<br \/>\n\ud83d\udd39 Sesi\u00f3n informativa sobre seguridad y equipamiento<br \/>\n\ud83d\udd39 Primera inmersi\u00f3n en Aquarium Bay (5 metros, 20-25 minutos)<br \/>\n\ud83d\udd39 Nataci\u00f3n, snorkel y almuerzo a bordo.<br \/>\n\ud83d\udd39 Segunda inmersi\u00f3n en la bah\u00eda de Kiri\u015f (10-15 metros).<br \/>\n\ud83d\udd39 Regreso al puerto deportivo y traslado al hotel.<\/p>\n<h3 dir=\"ltr\"><strong>\u2139\ufe0f Informaci\u00f3n \u00fatil<\/strong><\/h3>\n<p dir=\"ltr\">\ud83d\udd39 Duraci\u00f3n de la excursi\u00f3n: aproximadamente 7-8 horas.<br \/>\n\ud83d\udd39 Todo el equipo es moderno y se mantiene con regularidad<br \/>\n\ud83d\udd39 No es necesario saber nadar, apto para principiantes.<br \/>\n\ud83d\udd39 Los ni\u00f1os con billete gratuito no tienen asiento individual en el autob\u00fas y deben sentarse en el regazo de un adulto<br \/>\n\ud83d\udd39 Los ni\u00f1os menores de 5 a\u00f1os que viajan gratis no tienen un asiento aparte en el autob\u00fas. Si el autob\u00fas est\u00e1 lleno, se sientan en el regazo de un adulto, o se puede reservar un asiento aparte<\/p>\n<h3 dir=\"ltr\"><strong>Qu\u00e9 llevar<\/strong><\/h3>\n<p dir=\"ltr\">\ud83d\udd39 Ba\u00f1ador y toalla.<br \/>\n\ud83d\udd39 Gafas de sol y protecci\u00f3n solar.<br \/>\n\ud83d\udd39 Efectivo para gastos personales<\/p>\n<h3 dir=\"ltr\"><strong>\ud83d\udeab No apto para<\/strong><\/h3>\n<p dir=\"ltr\">\ud83d\udd39 Personas con hipertensi\u00f3n arterial<br \/>\n\ud83d\udd39 Mujeres embarazadas<\/p>\n<h3 dir=\"ltr\">\ud83d\udcb8\u00a0<strong>Precios y reservas<\/strong><\/h3>\n<p dir=\"ltr\"><strong>\ud83d\udd39 Reserva ahora, paga el d\u00eda de la excursi\u00f3n<\/strong><br \/>\n\ud83d\udd39 Ponte en contacto con nosotros a trav\u00e9s de WhatsApp, Telegram, Viber, o rellena el siguiente formulario de reserva. \ud83d\udc47\ud83c\udffc<\/p>","protected":false},"excerpt":{"rendered":"<p>Reserve su <strong>B<\/strong><b>elek Diving Tour<\/b>! Enjoy two fully guided <b>scuba dives<\/b> in the Mediterranean. Perfect <b>underwater excursion<\/b> para <b>principiantes<\/b> &amp; certified divers. <b>Traslado incluido<\/b>.<\/p>","protected":false},"featured_media":12653,"comment_status":"open","ping_status":"closed","template":"","meta":[],"product_brand":[],"product_cat":[126],"product_tag":[120],"class_list":{"0":"post-15367","1":"product","2":"type-product","3":"status-publish","4":"has-post-thumbnail","6":"tour_phys-belek-tours","7":"product_cat-belek-tours","8":"product_tag-belek","9":"pa_destination-belek-tours","10":"pa_kategori-boat-tours","12":"first","13":"instock","14":"sale","15":"shipping-taxable","16":"purchasable","17":"product-type-tour_phys"},"aioseo_notices":[],"_links":{"self":[{"href":"https:\/\/excursionsworld.com\/es\/wp-json\/wp\/v2\/product\/15367","targetHints":{"allow":["GET"]}}],"collection":[{"href":"https:\/\/excursionsworld.com\/es\/wp-json\/wp\/v2\/product"}],"about":[{"href":"https:\/\/excursionsworld.com\/es\/wp-json\/wp\/v2\/types\/product"}],"replies":[{"embeddable":true,"href":"https:\/\/excursionsworld.com\/es\/wp-json\/wp\/v2\/comments?post=15367"}],"wp:featuredmedia":[{"embeddable":true,"href":"https:\/\/excursionsworld.com\/es\/wp-json\/wp\/v2\/media\/12653"}],"wp:attachment":[{"href":"https:\/\/excursionsworld.com\/es\/wp-json\/wp\/v2\/media?parent=15367"}],"wp:term":[{"taxonomy":"product_brand","embeddable":true,"href":"https:\/\/excursionsworld.com\/es\/wp-json\/wp\/v2\/product_brand?post=15367"},{"taxonomy":"product_cat","embeddable":true,"href":"https:\/\/excursionsworld.com\/es\/wp-json\/wp\/v2\/product_cat?post=15367"},{"taxonomy":"product_tag","embeddable":true,"href":"https:\/\/excursionsworld.com\/es\/wp-json\/wp\/v2\/product_tag?post=15367"}],"curies":[{"name":"wp","href":"https:\/\/api.w.org\/{rel}","templated":true}]}}