{"id":15369,"date":"2025-10-26T19:22:16","date_gmt":"2025-10-26T16:22:16","guid":{"rendered":"https:\/\/excursionsworld.com\/?post_type=product&#038;p=15369"},"modified":"2026-03-13T23:14:23","modified_gmt":"2026-03-13T20:14:23","slug":"capadocia-2-dias-belek","status":"publish","type":"product","link":"https:\/\/excursionsworld.com\/tours\/cappadocia-2-day-belek\/","title":{"rendered":"Capadocia \u2013 tour de 2 d\u00edas desde Belek con paseo en globo"},"content":{"rendered":"<h3 data-start=\"100\" data-end=\"118\"><span style=\"color: #000000;\"><strong>\ud83c\udf04 Visi\u00f3n general<\/strong><\/span><\/h3>\n<p data-start=\"119\" data-end=\"384\">\u00danase a una excursi\u00f3n guiada de 2 d\u00edas desde Belek y las zonas cercanas (Bogazkent, Kadriye, Serik) para descubrir la m\u00e1gica belleza de Capadocia. Explore chimeneas de hadas, ciudades subterr\u00e1neas e iglesias rupestres con un gu\u00eda profesional: una mezcla perfecta de historia, naturaleza y cultura.<\/p>\n<h3><span style=\"color: #000000;\"><strong>Incluido:<\/strong><\/span><\/h3>\n<div data-start=\"436\" data-end=\"696\"><span style=\"color: #00ff00;\"><strong>\u2713<\/strong> <\/span>Recogida y entrega en el hotel<\/div>\n<div data-start=\"436\" data-end=\"696\"><span style=\"color: #00ff00;\"><strong>\u2713<\/strong> <\/span>1 noche de hotel (habitaci\u00f3n est\u00e1ndar)<br data-start=\"603\" data-end=\"606\" \/><span style=\"color: #00ff00;\"><strong>\u2713<\/strong> <\/span>Cena de la primera noche<\/div>\n<div data-start=\"436\" data-end=\"696\"><span style=\"color: #00ff00;\"><strong>\u2713 <\/strong><\/span>Desayuno (D\u00eda 2 - en el hotel)<br data-start=\"635\" data-end=\"638\" \/><span style=\"color: #00ff00;\"><strong>\u2713<\/strong> <\/span>Entradas a los principales lugares de inter\u00e9s<br data-start=\"498\" data-end=\"501\" \/><span style=\"color: #00ff00;\"><strong>\u2713<\/strong> <\/span>Gu\u00eda profesional<br data-start=\"521\" data-end=\"524\" \/><span style=\"color: #00ff00;\"><strong>\u2713<\/strong> <\/span>Seguro de viaje<br data-start=\"540\" data-end=\"543\" \/><span style=\"color: #00ff00;\"><strong>\u2713<\/strong> <\/span>Autob\u00fas con aire acondicionado<\/div>\n<h3 data-start=\"698\" data-end=\"926\"><strong data-start=\"698\" data-end=\"714\">Excluidos:<\/strong><\/h3>\n<div data-start=\"698\" data-end=\"926\"><strong><span style=\"color: #ff0000;\">\u2717<\/span><\/strong> Bebidas durante las comidas<br data-start=\"738\" data-end=\"741\" \/><strong><span style=\"color: #ff0000;\">\u2717 <\/span><\/strong>Suplemento por habitaci\u00f3n individual<br data-start=\"787\" data-end=\"790\" \/><strong><span style=\"color: #ff0000;\">\u2717 <\/span><\/strong>Almuerzos ambos d\u00edas<br data-start=\"812\" data-end=\"815\" \/><strong><span style=\"color: #ff0000;\">\u2717<\/span><\/strong> <strong>Actividades opcionales:<\/strong><\/div>\n<div data-start=\"698\" data-end=\"926\"><strong>\u2022<\/strong> Noche turca 30\u20ac<br data-start=\"885\" data-end=\"888\" \/><strong>\u2022<\/strong> Tour Panor\u00e1mico \u2013 En Bus \u2013 30\u20ac<br \/>\n<strong>\u2022<\/strong> Tour Panor\u00e1mico \u2013 En Jeep \u2013 50\u20ac<\/div>\n<h3 data-start=\"913\" data-end=\"938\"><span style=\"color: #000000;\"><strong>\ud83c\udff0 Lo m\u00e1s destacado del viaje<\/strong><\/span><\/h3>\n<p data-start=\"939\" data-end=\"1289\">\ud83d\udd39 El Valle del Amor y sus chimeneas de hadas<br data-start=\"976\" data-end=\"979\" \/>\ud83d\udd39 Antigua ciudad subterr\u00e1nea: una maravilla arquitect\u00f3nica<br data-start=\"1032\" data-end=\"1035\" \/>\ud83d\udd39 Pa\u015faba\u011f Valle con rocas en forma de seta.<br data-start=\"1079\" data-end=\"1082\" \/>\ud83d\udd39 Castillo de Uchisar con vistas panor\u00e1micas<br data-start=\"1120\" data-end=\"1123\" \/>\ud83d\udd39 Museo al aire libre de Zelve - pueblo cueva.<br data-start=\"1162\" data-end=\"1165\" \/>\ud83d\udd39 Valle de Devrent con rocas en forma de animales<br data-start=\"1207\" data-end=\"1210\" \/>\ud83d\udd39 Demostraci\u00f3n de alfarer\u00eda en Avanos<br data-start=\"1244\" data-end=\"1247\" \/>\ud83d\udd39 Paseo opcional en globo aerost\u00e1tico al amanecer<\/p>\n<h3 data-start=\"1291\" data-end=\"1317\"><span style=\"color: #000000;\"><strong>\ud83d\udcd6 Descripci\u00f3n completa<\/strong><\/span><\/h3>\n<p data-start=\"1318\" data-end=\"1875\">Su aventura en Capadocia comienza con una recogida a primera hora de la ma\u00f1ana en Belek y zonas cercanas. Viaje a trav\u00e9s de los montes Tauro y descubra una de las regiones m\u00e1s fascinantes de Turqu\u00eda. Visite una ciudad subterr\u00e1nea, marav\u00edllese con las chimeneas de hadas del Valle del Amor y disfrute de vistas panor\u00e1micas desde el Castillo de Uchisar. Explore los valles de Pa\u015faba\u011f y Zelve, y sea testigo de la fabricaci\u00f3n de cer\u00e1mica en Avanos. Tras registrarse en el hotel, disfrute de una cena y de un espect\u00e1culo nocturno turco opcional. El segundo d\u00eda, visite las iglesias rupestres, el Valle del Amor y un hist\u00f3rico caravasar antes de regresar a Belek.<\/p>\n<h3 data-start=\"1877\" data-end=\"1902\"><span style=\"color: #000000;\"><strong>\ud83d\uddfa\ufe0f Itinerario<\/strong><\/span><\/h3>\n<p data-start=\"1903\" data-end=\"2167\"><strong data-start=\"1903\" data-end=\"1912\">D\u00eda 1<\/strong><br data-start=\"1912\" data-end=\"1915\" \/>\ud83d\udd39 Recogida en los hoteles de Belek a primera hora de la ma\u00f1ana.<br data-start=\"1956\" data-end=\"1959\" \/>\ud83d\udd39 Parada para desayunar en ruta<br data-start=\"1985\" data-end=\"1988\" \/>\ud83d\udd39 Visita la ciudad subterr\u00e1nea<br data-start=\"2013\" data-end=\"2016\" \/>\ud83d\udd39 Almuerzo en Uchisar<br data-start=\"2035\" data-end=\"2038\" \/>\ud83d\udd39 Visita el castillo de Uchisar y el valle de G\u00f6reme<br data-start=\"2079\" data-end=\"2082\" \/>\ud83d\udd39 Explora Pa\u015faba\u011f y el centro de cer\u00e1mica Avanos.<br data-start=\"2126\" data-end=\"2129\" \/>\ud83d\udd39 Registro en el hotel, cena, tiempo libre.<\/p>\n<p data-start=\"2169\" data-end=\"2341\"><strong data-start=\"2169\" data-end=\"2178\">D\u00eda 2<\/strong><br data-start=\"2178\" data-end=\"2181\" \/>\ud83d\udd39 Desayuno en el hotel<br data-start=\"2206\" data-end=\"2209\" \/>\ud83d\udd39 Visita el Valle del Amor y las iglesias rupestres<br data-start=\"2247\" data-end=\"2250\" \/>\ud83d\udd39 Centro de tejido de alfombras y caravasar<br data-start=\"2291\" data-end=\"2294\" \/>\ud83d\udd39 Almuerzo en Konya<br data-start=\"2311\" data-end=\"2314\" \/>\ud83d\udd39 Volver a los hoteles de Belek<\/p>\n<h3 data-start=\"2343\" data-end=\"2371\"><span style=\"color: #000000;\"><strong>\u2139\ufe0f Informaci\u00f3n \u00fatil<\/strong><\/span><\/h3>\n<p data-start=\"2372\" data-end=\"2633\">\ud83d\udd39 Duraci\u00f3n: 2 d\u00edas aproximadamente<br data-start=\"2405\" data-end=\"2408\" \/>\ud83d\udd39 Actividad f\u00edsica moderada<br data-start=\"2437\" data-end=\"2440\" \/>\ud83d\udd39 Paseo en globo aerost\u00e1tico opcional y dependiente de las condiciones meteorol\u00f3gicas.<br data-start=\"2494\" data-end=\"2497\" \/>\ud83d\udd39 Alojamiento est\u00e1ndar (se aplica suplemento por habitaci\u00f3n individual)<br data-start=\"2555\" data-end=\"2558\" \/>\ud83d\udd39 Los menores de 6 a\u00f1os viajan gratis pero comparten asiento a menos que reserven por separado<\/p>\n<h3 data-start=\"2635\" data-end=\"2658\"><span style=\"color: #000000;\"><strong>Qu\u00e9 llevar<\/strong><\/span><\/h3>\n<p data-start=\"2659\" data-end=\"2845\">\ud83d\udd39 Pasaporte o documento de identidad<br data-start=\"2676\" data-end=\"2679\" \/>\ud83d\udd39 Zapatos c\u00f3modos para caminar<br data-start=\"2707\" data-end=\"2710\" \/>\ud83d\udd39 Gafas de sol, gorra y crema solar.<br data-start=\"2743\" data-end=\"2746\" \/>\ud83d\udd39 Chaqueta para las ma\u00f1anas o noches frescas.<br data-start=\"2785\" data-end=\"2788\" \/>\ud83d\udd39 C\u00e1mara o smartphone<br data-start=\"2811\" data-end=\"2814\" \/>\ud83d\udd39 Efectivo para gastos opcionales<\/p>\n<h3 data-start=\"2916\" data-end=\"2942\"><span style=\"color: #000000;\"><strong>\ud83d\udeab No apto para<\/strong><\/span><\/h3>\n<p data-start=\"2943\" data-end=\"3001\">\ud83d\udd39 Hu\u00e9spedes con movilidad reducida<br data-start=\"2974\" data-end=\"2977\" \/>\ud83d\udd39 Ni\u00f1os muy peque\u00f1os<\/p>\n<h3 dir=\"ltr\">\ud83d\udcb8\u00a0<strong>Precios y reservas<\/strong><\/h3>\n<p dir=\"ltr\"><strong>\ud83d\udd39 Reserva ahora, paga el d\u00eda de la excursi\u00f3n<\/strong><br \/>\n\ud83d\udd39 Ponte en contacto con nosotros a trav\u00e9s de WhatsApp, Telegram, Viber, o rellena el siguiente formulario de reserva. \ud83d\udc47\ud83c\udffc<\/p>","protected":false},"excerpt":{"rendered":"<p><b>Belek to Cappadocia 2-day trip<\/b>\u00a1! Descubra <b>chimeneas de hadas<\/b>, <b>cave churches<\/b>, <b>ciudades subterr\u00e1neas<\/b>. <b>Excursi\u00f3n con todo incluido<\/b> con <b>gu\u00eda<\/b> &amp; <b>transferencia<\/b>.<\/p>","protected":false},"featured_media":12798,"comment_status":"open","ping_status":"closed","template":"","meta":[],"product_brand":[],"product_cat":[126],"product_tag":[120],"class_list":{"0":"post-15369","1":"product","2":"type-product","3":"status-publish","4":"has-post-thumbnail","6":"tour_phys-belek-tours","7":"product_cat-belek-tours","8":"product_tag-belek","9":"pa_destination-belek-tours","11":"first","12":"instock","13":"sale","14":"shipping-taxable","15":"purchasable","16":"product-type-tour_phys"},"aioseo_notices":[],"_links":{"self":[{"href":"https:\/\/excursionsworld.com\/es\/wp-json\/wp\/v2\/product\/15369","targetHints":{"allow":["GET"]}}],"collection":[{"href":"https:\/\/excursionsworld.com\/es\/wp-json\/wp\/v2\/product"}],"about":[{"href":"https:\/\/excursionsworld.com\/es\/wp-json\/wp\/v2\/types\/product"}],"replies":[{"embeddable":true,"href":"https:\/\/excursionsworld.com\/es\/wp-json\/wp\/v2\/comments?post=15369"}],"wp:featuredmedia":[{"embeddable":true,"href":"https:\/\/excursionsworld.com\/es\/wp-json\/wp\/v2\/media\/12798"}],"wp:attachment":[{"href":"https:\/\/excursionsworld.com\/es\/wp-json\/wp\/v2\/media?parent=15369"}],"wp:term":[{"taxonomy":"product_brand","embeddable":true,"href":"https:\/\/excursionsworld.com\/es\/wp-json\/wp\/v2\/product_brand?post=15369"},{"taxonomy":"product_cat","embeddable":true,"href":"https:\/\/excursionsworld.com\/es\/wp-json\/wp\/v2\/product_cat?post=15369"},{"taxonomy":"product_tag","embeddable":true,"href":"https:\/\/excursionsworld.com\/es\/wp-json\/wp\/v2\/product_tag?post=15369"}],"curies":[{"name":"wp","href":"https:\/\/api.w.org\/{rel}","templated":true}]}}