{"id":15370,"date":"2025-10-26T19:24:57","date_gmt":"2025-10-26T16:24:57","guid":{"rendered":"https:\/\/excursionsworld.com\/?post_type=product&#038;p=15370"},"modified":"2026-05-01T13:21:13","modified_gmt":"2026-05-01T10:21:13","slug":"pamukkale-salda-lago-belek","status":"publish","type":"product","link":"https:\/\/excursionsworld.com\/tours\/pamukkale-salda-lake-belek\/","title":{"rendered":"Pamukkale y lago Salda tour desde Belek \u2013 tour de d\u00eda completo"},"content":{"rendered":"<h2>\ud83c\udfdd\ufe0f <strong>Visi\u00f3n general<\/strong><\/h2>\n<p>\u00danete a una excursi\u00f3n de d\u00eda completo desde Belek para explorar las maravillas naturales de <a href=\"https:\/\/en.wikipedia.org\/wiki\/Pamukkale\" target=\"_blank\" rel=\"noopener\">Pamukkale<\/a> \u00a1y el turquesa lago Salda! Camina por las terrazas blancas de Pamukkale, descubre las antiguas ruinas de Hier\u00e1polis y rel\u00e1jate junto a las \u201cMaldivas turcas\u201d. El tour incluye desayuno, almuerzo, cena y traslados de hotel. Una combinaci\u00f3n perfecta de naturaleza, historia y comodidad.<\/p>\n<h3><strong>Incluido:<\/strong><\/h3>\n<p><strong><span style=\"color: #00ff00;\">\u2713<\/span> <\/strong>Recogida y entrega en el hotel<br \/>\n<strong><span style=\"color: #00ff00;\">\u2713<\/span> <\/strong>Autob\u00fas con aire acondicionado<br \/>\n<strong><span style=\"color: #00ff00;\">\u2713<\/span> <\/strong>Entradas a Pamukkale y Hier\u00e1polis<br \/>\n<strong><span style=\"color: #00ff00;\">\u2713<\/span> <\/strong>Gu\u00eda de habla inglesa<br \/>\n<strong><span style=\"color: #00ff00;\">\u2713<\/span> <\/strong>Seguro a todo riesgo<br \/>\n<strong><span style=\"color: #00ff00;\">\u2713<\/span> <\/strong>Desayuno, comida y cena<\/p>\n<h3><strong>No se incluye:<\/strong><\/h3>\n<p><span style=\"color: #ff0000;\"><strong>\u2717<\/strong> <\/span>Entrada a la piscina de Cleopatra<br \/>\n<span style=\"color: #ff0000;\"><strong>\u2717<\/strong> <\/span>Gastos personales<br \/>\n<span style=\"color: #ff0000;\"><strong>\u2717<\/strong> <\/span>Bebidas<\/p>\n<h2>\ud83c\udf1f <strong>Lo m\u00e1s destacado<\/strong><\/h2>\n<p>\ud83d\udd39 Paseo por los travertinos blancos como la nieve de Pamukkale<br \/>\n\ud83d\udd39 Explora la antigua ciudad y el teatro de Hier\u00e1polis<br \/>\n\ud83d\udd39 Rel\u00e1jate en piscinas termales naturales<br \/>\n\ud83d\udd39 Visita el lago Salda: las \u201cMaldivas\u201d de Turqu\u00eda\u201d<br \/>\n\ud83d\udd39 Disfruta de comidas tradicionales turcas durante el viaje<\/p>\n<h2>\ud83d\udcd6 <strong>Descripci\u00f3n completa<\/strong><\/h2>\n<p>Comience su aventura con una recogida a primera hora de la ma\u00f1ana en su hotel de Belek. Tras desayunar por el camino, viaje a trav\u00e9s de pintorescos paisajes hacia Pamukkale, conocida por sus terrazas blancas y sus aguas curativas. Explore Hier\u00e1polis, una antigua ciudad balneario, donde podr\u00e1 ver el teatro romano y el Templo de Apolo. Tambi\u00e9n puede darse un chapuz\u00f3n en la Piscina de Cleopatra (opcional). Por la tarde, visite el famoso lago Salda, admirado por su brillante color turquesa y sus suaves orillas blancas. Tome fotos inolvidables, rel\u00e1jese en la naturaleza y disfrute de la cena antes de regresar c\u00f3modamente a su hotel en Belek.<\/p>\n<h3>\ud83d\uddfa\ufe0f <strong>Itinerario<\/strong><\/h3>\n<p>\ud83d\udd39 Recogida en los hoteles de Belek<br \/>\n\ud83d\udd39 Desayuno en ruta<br \/>\n\ud83d\udd39 Viaje a Pamukkale<br \/>\nAlmuerzo buffet<br \/>\n\ud83d\udd39 Recorrido por los travertinos de Pamukkale<br \/>\n\ud83d\udd39 Visita a las ruinas de Hier\u00e1polis<br \/>\n\ud83d\udd39 Tiempo libre para la Piscina de Cleopatra (opcional)<br \/>\n\ud83d\udd39 Visita al lago Salda para hacer turismo y fotos.<br \/>\n\ud83d\udd39 Cena<br \/>\n\ud83d\udd39 Viaje de ida y vuelta<br \/>\n\ud83d\udd39 Traslado de vuelta al hotel<\/p>\n<h3>\u2139\ufe0f <strong>Informaci\u00f3n \u00fatil<\/strong><\/h3>\n<p>\ud83d\udd39 Duraci\u00f3n: unas 12 horas<br \/>\n\ud83d\udd39 El itinerario puede variar en funci\u00f3n de la meteorolog\u00eda<br \/>\n\ud83d\udd39 Se requiere caminar moderadamente<br \/>\n\ud83d\udd39 Los menores de 5 a\u00f1os viajan gratis (asiento compartido si est\u00e1 lleno)<\/p>\n<h2>\ud83c\udf92 <strong>Qu\u00e9 llevar<\/strong><\/h2>\n<p>\ud83d\udd39 DNI o pasaporte<br \/>\n\ud83d\udd39 Zapatos c\u00f3modos<br \/>\n\ud83d\udd39 Gafas de sol, gorra y crema solar.<br \/>\n\ud83d\udd39 Ba\u00f1ador y toalla.<br \/>\n\ud83d\udd39 Dinero por extras<\/p>\n<h3>\ud83d\udeab <strong>No apto para<\/strong><\/h3>\n<p>\ud83d\udd39 Personas con movilidad reducida<br \/>\nEnfermedades graves<\/p>\n<h2 dir=\"ltr\">\ud83d\udcb8\u00a0<strong>Precios y reservas<\/strong><\/h2>\n<p dir=\"ltr\"><strong>\ud83d\udd39 Reserva ahora, paga el d\u00eda de la excursi\u00f3n<\/strong><br \/>\n\ud83d\udd39 Ponte en contacto con nosotros a trav\u00e9s de WhatsApp, Telegram, Viber, o rellena el siguiente formulario de reserva. \ud83d\udc47\ud83c\udffc<\/p>\n<p>\u00bfBuscas alternativas? Explora <a href=\"https:\/\/excursionsworld.com\/es\/excursiones-belek\/\">m\u00e1s tours en Belek en Pamukkale<\/a>.<\/p>","protected":false},"excerpt":{"rendered":"<p>Reserva el <b>Belek Pamukkale Tour<\/b>! Visit Hierapolis ruins &amp; Salda Lake. All-day <b>viaje<\/b> with thermal springs, meals, and comfortable <b>excursi\u00f3n<\/b>. <b>Traslado incluido<\/b>!<\/p>","protected":false},"featured_media":14072,"comment_status":"open","ping_status":"closed","template":"","meta":[],"product_brand":[],"product_cat":[126],"product_tag":[120],"class_list":{"0":"post-15370","1":"product","2":"type-product","3":"status-publish","4":"has-post-thumbnail","6":"tour_phys-belek-tours","7":"product_cat-belek-tours","8":"product_tag-belek","9":"pa_destination-belek-tours","11":"first","12":"instock","13":"sale","14":"shipping-taxable","15":"purchasable","16":"product-type-tour_phys"},"aioseo_notices":[],"_links":{"self":[{"href":"https:\/\/excursionsworld.com\/es\/wp-json\/wp\/v2\/product\/15370","targetHints":{"allow":["GET"]}}],"collection":[{"href":"https:\/\/excursionsworld.com\/es\/wp-json\/wp\/v2\/product"}],"about":[{"href":"https:\/\/excursionsworld.com\/es\/wp-json\/wp\/v2\/types\/product"}],"replies":[{"embeddable":true,"href":"https:\/\/excursionsworld.com\/es\/wp-json\/wp\/v2\/comments?post=15370"}],"wp:featuredmedia":[{"embeddable":true,"href":"https:\/\/excursionsworld.com\/es\/wp-json\/wp\/v2\/media\/14072"}],"wp:attachment":[{"href":"https:\/\/excursionsworld.com\/es\/wp-json\/wp\/v2\/media?parent=15370"}],"wp:term":[{"taxonomy":"product_brand","embeddable":true,"href":"https:\/\/excursionsworld.com\/es\/wp-json\/wp\/v2\/product_brand?post=15370"},{"taxonomy":"product_cat","embeddable":true,"href":"https:\/\/excursionsworld.com\/es\/wp-json\/wp\/v2\/product_cat?post=15370"},{"taxonomy":"product_tag","embeddable":true,"href":"https:\/\/excursionsworld.com\/es\/wp-json\/wp\/v2\/product_tag?post=15370"}],"curies":[{"name":"wp","href":"https:\/\/api.w.org\/{rel}","templated":true}]}}