{"id":15372,"date":"2025-10-26T19:26:45","date_gmt":"2025-10-26T16:26:45","guid":{"rendered":"https:\/\/excursionsworld.com\/?post_type=product&#038;p=15372"},"modified":"2025-12-09T18:48:58","modified_gmt":"2025-12-09T15:48:58","slug":"demre-myra-kekova-belek","status":"publish","type":"product","link":"https:\/\/excursionsworld.com\/tours\/demre-myra-kekova-belek\/","title":{"rendered":"Demre, Myra y Kekova tour desde Belek \u2013 Iglesia de San Nicol\u00e1s"},"content":{"rendered":"<h3 data-start=\"0\" data-end=\"19\"><span style=\"color: #000000;\"><strong>\ud83c\udfdd\ufe0f Visi\u00f3n general<\/strong><\/span><\/h3>\n<p data-start=\"20\" data-end=\"364\">Descubra las antiguas maravillas de Licia en una excursi\u00f3n de un d\u00eda desde Belek. Navegue sobre la ciudad sumergida de Kekova en un yate con fondo de cristal, visite las antiguas tumbas rupestres de Myra y explore la iglesia de San Nicol\u00e1s en Demre, inspiraci\u00f3n de Pap\u00e1 Noel. Esta excursi\u00f3n combina a la perfecci\u00f3n historia, cultura y la belleza paisaj\u00edstica de la costa mediterr\u00e1nea.<\/p>\n<h3 data-start=\"366\" data-end=\"383\"><span style=\"color: #000000;\"><strong>\u00a0Incluido:<\/strong><\/span><\/h3>\n<p data-start=\"384\" data-end=\"586\"><span style=\"color: #00ff00;\"><strong>\u2713<\/strong> <\/span>Recogida y regreso al hotel (regi\u00f3n de Belek)<br data-start=\"426\" data-end=\"429\" \/><span style=\"color: #00ff00;\"><strong>\u2713<\/strong> <\/span>C\u00f3modo autob\u00fas con aire acondicionado<br data-start=\"462\" data-end=\"465\" \/><span style=\"color: #00ff00;\"><strong>\u2713<\/strong> <\/span>Paseo en yate con fondo de cristal<br data-start=\"490\" data-end=\"493\" \/><span style=\"color: #00ff00;\"><strong>\u2713<\/strong> <\/span>Entradas a Myra<br data-start=\"516\" data-end=\"519\" \/><span style=\"color: #00ff00;\"><strong>\u2713<\/strong> <\/span>Gu\u00eda profesional de habla inglesa<br data-start=\"539\" data-end=\"542\" \/><span style=\"color: #00ff00;\"><strong>\u2713<\/strong> <\/span>Seguro a todo riesgo<br data-start=\"558\" data-end=\"561\" \/><span style=\"color: #00ff00;\"><strong>\u2713<\/strong> <\/span>Delicioso almuerzo local<\/p>\n<h3 data-start=\"588\" data-end=\"609\">\u00a0<span style=\"color: #000000;\"><strong>No se incluye:<\/strong><\/span><\/h3>\n<p data-start=\"610\" data-end=\"708\"><span style=\"color: #ff0000;\"><strong>\u2717<\/strong> <\/span>Entrada de la iglesia de San Nicol\u00e1s (opcional)<br data-start=\"651\" data-end=\"654\" \/><span style=\"color: #ff0000;\"><strong>\u2717<\/strong> <\/span>Gastos personales<br data-start=\"673\" data-end=\"676\" \/><span style=\"color: #ff0000;\"><strong>\u2717<\/strong> <\/span>Bebidas<\/p>\n<h3 data-start=\"710\" data-end=\"735\"><span style=\"color: #000000;\"><strong>\ud83c\udf1f Lo m\u00e1s destacado del viaje<\/strong><\/span><\/h3>\n<p data-start=\"736\" data-end=\"1065\">\ud83d\udd39 Sobrevuela la ciudad hundida de Kekova en un yate con fondo de cristal<br data-start=\"800\" data-end=\"803\" \/>\ud83d\udd39 Explora antiguas tumbas rupestres y el teatro romano de Myra<br data-start=\"862\" data-end=\"865\" \/>\ud83d\udd39 Visita la iglesia de San Nicol\u00e1s en Demre, vinculada a Pap\u00e1 Noel<br data-start=\"925\" data-end=\"928\" \/>\ud83d\udd39 B\u00e1\u00f1ate en las aguas turquesas del Mediterr\u00e1neo cerca de Kekova<br data-start=\"981\" data-end=\"984\" \/>\ud83d\udd39 Impresionantes vistas del castillo de Simena.<br data-start=\"1018\" data-end=\"1021\" \/>\ud83d\udd39 Traslados c\u00f3modos desde los hoteles de Belek<\/p>\n<h3 data-start=\"1067\" data-end=\"1093\"><span style=\"color: #000000;\"><strong>\ud83d\udcd6 Descripci\u00f3n completa<\/strong><\/span><\/h3>\n<p data-start=\"1094\" data-end=\"1260\">Su viaje comienza con una c\u00f3moda recogida por la ma\u00f1ana en su hotel de Belek. Disfrute de un pintoresco viaje por la costa mediterr\u00e1nea hasta la antigua regi\u00f3n de Licia. La primera parada es <strong data-start=\"1280\" data-end=\"1288\">Myra<\/strong>, La ciudad es conocida por sus impresionantes tumbas excavadas en la roca y su bien conservado teatro romano. A continuaci\u00f3n, visita <strong data-start=\"1376\" data-end=\"1399\">Iglesia de San Nicol\u00e1s<\/strong> en Demre, dedicado a la figura real que inspir\u00f3 a Pap\u00e1 Noel. Despu\u00e9s, disfrute de un <strong data-start=\"1489\" data-end=\"1512\">almuerzo turco local<\/strong> antes de dirigirse a <strong data-start=\"1531\" data-end=\"1547\">\u00c7aya\u011fz\u0131 puerto<\/strong>, donde embarcar\u00e1 en un <strong data-start=\"1570\" data-end=\"1592\">yate con fondo de cristal<\/strong> para un relajante crucero a <strong data-start=\"1618\" data-end=\"1635\">Isla de Kekova<\/strong>. Admire el <strong data-start=\"1651\" data-end=\"1672\">ruinas de la ciudad hundida<\/strong> visibles bajo las aguas cristalinas, nadan cerca de <strong data-start=\"1725\" data-end=\"1742\">Castillo de Simena<\/strong>, y disfrute de las impresionantes vistas de la costa. Despu\u00e9s del crucero, rel\u00e1jese en el viaje de regreso a su hotel en Belek, lleno de recuerdos de historia y belleza.<\/p>\n<h3 data-start=\"1898\" data-end=\"1923\"><span style=\"color: #000000;\"><strong>\ud83d\uddfa\ufe0f Itinerario<\/strong><\/span><\/h3>\n<p data-start=\"1924\" data-end=\"2232\">\ud83d\udd39 Recogida en los hoteles de la regi\u00f3n de Belek.<br data-start=\"1961\" data-end=\"1964\" \/>\ud83d\udd39 Visita a las tumbas rupestres de Myra y al teatro romano.<br data-start=\"2011\" data-end=\"2014\" \/>\ud83d\udd39 Visita a la iglesia de San Nicol\u00e1s en Demre (entrada opcional).<br data-start=\"2073\" data-end=\"2076\" \/>\ud83d\udd39 Almuerzo en un restaurante local.<br data-start=\"2106\" data-end=\"2109\" \/>\ud83d\udd39 Crucero en yate con fondo de cristal desde el puerto de \u00c7aya\u011fz\u0131 hasta Kekova.<br data-start=\"2165\" data-end=\"2168\" \/>\ud83d\udd39 Parada para nadar y hacer turismo<br data-start=\"2200\" data-end=\"2203\" \/>\ud83d\udd39 Traslado de vuelta al hotel<\/p>\n<h3 data-start=\"2234\" data-end=\"2262\"><span style=\"color: #000000;\"><strong>\u2139\ufe0f Informaci\u00f3n \u00fatil<\/strong><\/span><\/h3>\n<p data-start=\"2263\" data-end=\"2428\">\ud83d\udd39 Duraci\u00f3n: aproximadamente 9-10 horas<br data-start=\"2300\" data-end=\"2303\" \/>\ud83d\udd39 El itinerario puede variar debido a las condiciones meteorol\u00f3gicas o mar\u00edtimas<br data-start=\"2357\" data-end=\"2360\" \/>\ud83d\udd39 Los menores de 6 a\u00f1os viajan gratis pero comparten asiento si el autob\u00fas va lleno<\/p>\n<h3 data-start=\"2430\" data-end=\"2453\"><span style=\"color: #000000;\"><strong>Qu\u00e9 llevar<\/strong><\/span><\/h3>\n<p data-start=\"2454\" data-end=\"2562\">\ud83d\udd39 Zapatos c\u00f3modos<br data-start=\"2474\" data-end=\"2477\" \/>\ud83d\udd39 Gafas de sol y protecci\u00f3n solar.<br data-start=\"2504\" data-end=\"2507\" \/>\ud83d\udd39 Ba\u00f1ador y toalla.<br data-start=\"2528\" data-end=\"2531\" \/>\ud83d\udd39 Efectivo para gastos personales<\/p>\n<h3 data-start=\"2564\" data-end=\"2590\"><span style=\"color: #000000;\"><strong>\ud83d\udeab No apto para<\/strong><\/span><\/h3>\n<p data-start=\"2591\" data-end=\"2671\">\ud83d\udd39 Personas con movilidad reducida<br data-start=\"2622\" data-end=\"2625\" \/>\ud83d\udd39 Viajeros con enfermedades graves<\/p>\n<h3 dir=\"ltr\">\ud83d\udcb8\u00a0<strong>Precios y reservas<\/strong><\/h3>\n<p dir=\"ltr\"><strong>\ud83d\udd39 Reserva ahora, paga el d\u00eda de la excursi\u00f3n<\/strong><br \/>\n\ud83d\udd39 Ponte en contacto con nosotros a trav\u00e9s de WhatsApp, Telegram, Viber, o rellena el siguiente formulario de reserva. \ud83d\udc47\ud83c\udffc<\/p>","protected":false},"excerpt":{"rendered":"<p>Reserva la historia definitiva <b>excursi\u00f3n<\/b> de <b>Antalya<\/b>\u00a1! Inolvidable <b>excursi\u00f3n de un d\u00eda<\/b> a las tumbas rupestres de Myra, la iglesia de San Nicol\u00e1s y la ciudad hundida de Kekova <b>excursi\u00f3n en barco<\/b>.<\/p>","protected":false},"featured_media":12563,"comment_status":"open","ping_status":"closed","template":"","meta":[],"product_brand":[],"product_cat":[126],"product_tag":[120],"class_list":{"0":"post-15372","1":"product","2":"type-product","3":"status-publish","4":"has-post-thumbnail","6":"tour_phys-belek-tours","7":"product_cat-belek-tours","8":"product_tag-belek","9":"pa_destination-belek-tours","11":"first","12":"instock","13":"sale","14":"shipping-taxable","15":"purchasable","16":"product-type-tour_phys"},"aioseo_notices":[],"_links":{"self":[{"href":"https:\/\/excursionsworld.com\/es\/wp-json\/wp\/v2\/product\/15372","targetHints":{"allow":["GET"]}}],"collection":[{"href":"https:\/\/excursionsworld.com\/es\/wp-json\/wp\/v2\/product"}],"about":[{"href":"https:\/\/excursionsworld.com\/es\/wp-json\/wp\/v2\/types\/product"}],"replies":[{"embeddable":true,"href":"https:\/\/excursionsworld.com\/es\/wp-json\/wp\/v2\/comments?post=15372"}],"wp:featuredmedia":[{"embeddable":true,"href":"https:\/\/excursionsworld.com\/es\/wp-json\/wp\/v2\/media\/12563"}],"wp:attachment":[{"href":"https:\/\/excursionsworld.com\/es\/wp-json\/wp\/v2\/media?parent=15372"}],"wp:term":[{"taxonomy":"product_brand","embeddable":true,"href":"https:\/\/excursionsworld.com\/es\/wp-json\/wp\/v2\/product_brand?post=15372"},{"taxonomy":"product_cat","embeddable":true,"href":"https:\/\/excursionsworld.com\/es\/wp-json\/wp\/v2\/product_cat?post=15372"},{"taxonomy":"product_tag","embeddable":true,"href":"https:\/\/excursionsworld.com\/es\/wp-json\/wp\/v2\/product_tag?post=15372"}],"curies":[{"name":"wp","href":"https:\/\/api.w.org\/{rel}","templated":true}]}}