{"id":15377,"date":"2025-10-26T19:32:36","date_gmt":"2025-10-26T16:32:36","guid":{"rendered":"https:\/\/excursionsworld.com\/?post_type=product&#038;p=15377"},"modified":"2026-04-24T00:20:51","modified_gmt":"2026-04-23T21:20:51","slug":"espectaculo-delfines-nado-side","status":"publish","type":"product","link":"https:\/\/excursionsworld.com\/tours\/dolphin-show-swim-side\/","title":{"rendered":"Show de Delfines en Kemer &amp; Nado con Delfines \u2013 Diversi\u00f3n Familiar"},"content":{"rendered":"<h2>\ud83c\udfdd\ufe0f <strong>Visi\u00f3n general<\/strong><\/h2>\n<p>Disfruta de un d\u00eda lleno de diversi\u00f3n en el Espect\u00e1culo de Delfines en <a href=\"https:\/\/en.wikipedia.org\/wiki\/Side,_Turkey\" target=\"_blank\" rel=\"noopener\">Lado<\/a>\u00a1Mira una espectacular actuaci\u00f3n de delfines y leones marinos, y hazla a\u00fan m\u00e1s especial con un nado opcional con delfines. Perfecto para familias, parejas y amantes de la naturaleza \u2014 incluye traslados de hotel desde las \u00e1reas de Side, Kumk\u00f6y, Titreyeng\u00f6l y Evrenseki.<\/p>\n<h3><strong>Incluido:<\/strong><\/h3>\n<p><span style=\"color: #00ff00;\"><strong>\u2713<\/strong><\/span> Recogida y entrega en el hotel f<br \/><span style=\"color: #00ff00;\"><strong>\u2713 <\/strong><\/span>Entrada al espect\u00e1culo de delfines y leones marinos\u00a0<br \/><span style=\"color: #00ff00;\"><strong>\u2713 <\/strong><\/span>Formadores profesionales y asistencia al personal<br \/><span style=\"color: #00ff00;\"><strong>\u2713 <\/strong><\/span>Seguro a todo riesgo<br \/><span style=\"color: #00ff00;\"><strong>\u2713 <\/strong><\/span>Ba\u00f1o opcional con delfines<\/p>\n<h3><strong>No se incluye:<\/strong><\/h3>\n<div><strong><span style=\"color: #ff0000;\">\u2717 <\/span><\/strong>Ba\u00f1o opcional con delfines<\/div>\n<div><strong><span style=\"color: #ff0000;\">\u2717<\/span><\/strong> Gastos personales, comida y bebida<br \/><strong><span style=\"color: #ff0000;\">\u2717 <\/span><\/strong>Fotos y v\u00eddeos<\/div>\n<h2>\ud83c\udf1f <strong>Lo m\u00e1s destacado<\/strong><\/h2>\n<p>\ud83d\udd39 Asiste a un incre\u00edble espect\u00e1culo de delfines y leones marinos de 1 hora de duraci\u00f3n<br \/>\ud83d\udd39 Sesi\u00f3n opcional de nataci\u00f3n con delfines de 7-8 minutos.<br \/>\ud83d\udd39 Experiencia segura y divertida para todas las edades.<br \/>\ud83d\udd39 Educativo y entretenido para familias y ni\u00f1os<br \/>\ud83d\udd39 Incluye c\u00f3modos traslados de ida y vuelta al hotel<\/p>\n<h2>\ud83d\udcd6 <strong>Descripci\u00f3n completa<\/strong><\/h2>\n<div>Comience su inolvidable d\u00eda con una c\u00f3moda recogida en el hotel de Side y los complejos tur\u00edsticos de los alrededores. Tras un corto trayecto en coche, llegue al delfinario, donde ser\u00e1 testigo de la inteligencia, agilidad y jugueteo de delfines y leones marinos durante una incre\u00edble actuaci\u00f3n en directo. Para una experiencia m\u00e1s interactiva, \u00fanase a la sesi\u00f3n opcional de Nado con delfines, un encuentro \u00fanico de 7-8 minutos en el que nadar\u00e1 y jugar\u00e1 bajo la direcci\u00f3n de entrenadores profesionales. Esta m\u00e1gica actividad es apta para ni\u00f1os a partir de 3 a\u00f1os (con el apoyo de sus padres). Tras el espect\u00e1culo y el ba\u00f1o opcional, tendr\u00e1 tiempo libre para ver fotos y v\u00eddeos profesionales antes de su c\u00f3modo traslado de vuelta al hotel.<\/div>\n<h3>\ud83d\uddfa\ufe0f <strong>Itinerario<\/strong><\/h3>\n<p>\ud83d\udd39 Recogida en los hoteles\u00a0<br \/>\ud83d\udd39 Llegada al Delfinario<br \/>\ud83d\udd39 Ver el espect\u00e1culo de delfines y leones marinos (aprox. 1 hora)<br \/>\ud83d\udd39 Opcional: Sesi\u00f3n de nataci\u00f3n con delfines<br \/>\ud83d\udd39 Tiempo libre para fotos y souvenirs.<br \/>\ud83d\udd39 Traslado de ida y vuelta a los hoteles<\/p>\n<h3>\u2139\ufe0f <strong>Informaci\u00f3n \u00fatil<\/strong><\/h3>\n<p>\ud83d\udd39 Duraci\u00f3n: Aproximadamente 4 horas (incluidos los traslados)<br \/>\ud83d\udd39 Sesi\u00f3n de nataci\u00f3n: 7-8 minutos por persona.<br \/>\ud83d\udd39 Horarios: Dos veces al d\u00eda (09:00 y 14:00)<br \/>\ud83d\udd39 La nataci\u00f3n debe reservarse con antelaci\u00f3n<br \/>\ud83d\udd39 Los hu\u00e9spedes con epilepsia o problemas de salud graves no pueden participar en la nataci\u00f3n<br \/>\ud83d\udd39 No se permiten joyas ni accesorios durante el ba\u00f1o<\/p>\n<h2>\ud83c\udf92 <strong>Qu\u00e9 llevar<\/strong><\/h2>\n<p>\ud83d\udd39 Ba\u00f1ador y toalla (para los participantes de nataci\u00f3n).<br \/>\ud83d\udd39 Gafas de sol y sombrero<br \/>\ud83d\udd39 C\u00e1mara o tel\u00e9fono para fotos personales.<br \/>\ud83d\udd39 Dinero en efectivo para fotos o recuerdos opcionales.<\/p>\n<h3>\ud83d\udeab <strong>No apto para<\/strong><\/h3>\n<p>\ud83d\udd39 Ni\u00f1os menores de 3 a\u00f1os (no pueden participar en la nataci\u00f3n)<br \/>\ud83d\udd39 Hu\u00e9spedes con epilepsia o movilidad limitada<\/p>\n<h2 dir=\"ltr\">\ud83d\udcb8\u00a0<strong>Precios y reservas<\/strong><\/h2>\n<p dir=\"ltr\"><strong>\ud83d\udd39 Reserva ahora, paga el d\u00eda de la excursi\u00f3n<\/strong><br \/>\n\ud83d\udd39 Ponte en contacto con nosotros a trav\u00e9s de WhatsApp, Telegram, Viber, o rellena el siguiente formulario de reserva. \ud83d\udc47\ud83c\udffc<\/p>\n<p>\u00bfBuscas alternativas? Explora <a href=\"https:\/\/excursionsworld.com\/es\/excursiones-side\/\">m\u00e1s excursiones opcionales<\/a>.<\/p>","protected":false},"excerpt":{"rendered":"<p>\u00a1Reserve su excursi\u00f3n Side Dolphin Show! Disfrute de un espect\u00e1culo m\u00e1gico, adem\u00e1s de un ba\u00f1o opcional con delfines. Excursi\u00f3n familiar perfecta con traslado incluido. \u00a1Reserva f\u00e1cil!<\/p>","protected":false},"featured_media":15139,"comment_status":"open","ping_status":"closed","template":"","meta":[],"product_brand":[],"product_cat":[127],"product_tag":[122],"class_list":{"0":"post-15377","1":"product","2":"type-product","3":"status-publish","4":"has-post-thumbnail","6":"tour_phys-side-tours","7":"product_cat-side-tours","8":"product_tag-side","9":"pa_destination-side-tours","11":"first","12":"instock","13":"sale","14":"shipping-taxable","15":"purchasable","16":"product-type-tour_phys"},"aioseo_notices":[],"_links":{"self":[{"href":"https:\/\/excursionsworld.com\/es\/wp-json\/wp\/v2\/product\/15377","targetHints":{"allow":["GET"]}}],"collection":[{"href":"https:\/\/excursionsworld.com\/es\/wp-json\/wp\/v2\/product"}],"about":[{"href":"https:\/\/excursionsworld.com\/es\/wp-json\/wp\/v2\/types\/product"}],"replies":[{"embeddable":true,"href":"https:\/\/excursionsworld.com\/es\/wp-json\/wp\/v2\/comments?post=15377"}],"wp:featuredmedia":[{"embeddable":true,"href":"https:\/\/excursionsworld.com\/es\/wp-json\/wp\/v2\/media\/15139"}],"wp:attachment":[{"href":"https:\/\/excursionsworld.com\/es\/wp-json\/wp\/v2\/media?parent=15377"}],"wp:term":[{"taxonomy":"product_brand","embeddable":true,"href":"https:\/\/excursionsworld.com\/es\/wp-json\/wp\/v2\/product_brand?post=15377"},{"taxonomy":"product_cat","embeddable":true,"href":"https:\/\/excursionsworld.com\/es\/wp-json\/wp\/v2\/product_cat?post=15377"},{"taxonomy":"product_tag","embeddable":true,"href":"https:\/\/excursionsworld.com\/es\/wp-json\/wp\/v2\/product_tag?post=15377"}],"curies":[{"name":"wp","href":"https:\/\/api.w.org\/{rel}","templated":true}]}}