{"id":15383,"date":"2025-10-26T19:47:05","date_gmt":"2025-10-26T16:47:05","guid":{"rendered":"https:\/\/excursionsworld.com\/?post_type=product&#038;p=15383"},"modified":"2025-11-21T22:10:05","modified_gmt":"2025-11-21T19:10:05","slug":"buggy-safari-side","status":"publish","type":"product","link":"https:\/\/excursionsworld.com\/tours\/side-buggy-safari\/","title":{"rendered":"Safari en buggy en Side \u2013 aventura todoterreno"},"content":{"rendered":"<h3 data-start=\"177\" data-end=\"196\">\ud83c\udfdd\ufe0f Visi\u00f3n general<\/h3>\n<p data-start=\"197\" data-end=\"484\">Prep\u00e1rese para una inolvidable aventura todoterreno con la excursi\u00f3n Side Buggy Safari. Conduce tu propio buggy autom\u00e1tico por polvorientos senderos de monta\u00f1a, bosques de pinos y pintorescos r\u00edos cerca de Side. Perfecto para familias, principiantes y amantes de las emociones fuertes, \u00a1no se necesita carn\u00e9 de conducir ni experiencia!<\/p>\n<h3 data-start=\"486\" data-end=\"503\">\u00a0Incluido:<\/h3>\n<p data-start=\"504\" data-end=\"693\"><strong><span style=\"color: #00ff00;\">\u2713<\/span> <\/strong>Recogida y entrega en el hotel\u00a0<br data-start=\"587\" data-end=\"590\" \/><strong><span style=\"color: #00ff00;\">\u2713<\/span> <\/strong>Instructor profesional y servicio de gu\u00eda<br data-start=\"633\" data-end=\"636\" \/><strong><span style=\"color: #00ff00;\">\u2713<\/span> <\/strong>Seguro a todo riesgo<br data-start=\"661\" data-end=\"664\" \/><strong><span style=\"color: #00ff00;\">\u2713<\/span> <\/strong>Equipo de seguridad (casco)<\/p>\n<h3 data-start=\"695\" data-end=\"716\">\u00a0No se incluye:<\/h3>\n<div data-start=\"717\" data-end=\"801\"><strong><span style=\"color: #ff0000;\">\u2717<\/span> <\/strong>Pausa opcional para nadar<\/div>\n<div data-start=\"717\" data-end=\"801\"><strong><span style=\"color: #ff0000;\">\u2717<\/span> <\/strong>Gastos personales (bebidas, aperitivos, fotos, pa\u00f1uelos)<\/div>\n<h3 data-start=\"803\" data-end=\"828\">\ud83c\udf1f Lo m\u00e1s destacado del viaje<\/h3>\n<p data-start=\"829\" data-end=\"1130\">\ud83d\udd39 Emocionante experiencia de conducci\u00f3n de buggies todoterreno cerca de Side<br data-start=\"884\" data-end=\"887\" \/>\ud83d\udd39 Senderos forestales panor\u00e1micos y cruces naturales de r\u00edos<br data-start=\"938\" data-end=\"941\" \/>\ud83d\udd39 Veh\u00edculos autom\u00e1ticos seguros y f\u00e1ciles de usar: ideales para todos los niveles.<br data-start=\"1006\" data-end=\"1009\" \/>\ud83d\udd39 D\u00eda divertido y lleno de acci\u00f3n para parejas, familias y grupos.<br data-start=\"1071\" data-end=\"1074\" \/>\ud83d\udd39 Sesiones diarias de visitas guiadas por la ma\u00f1ana y por la tarde<\/p>\n<h3 data-start=\"1132\" data-end=\"1158\">\ud83d\udcd6 Descripci\u00f3n completa<\/h3>\n<p data-start=\"1159\" data-end=\"1848\">Su aventura comienza con un c\u00f3modo traslado desde su hotel en Side o alrededores hasta la base del safari en buggy. A su llegada, sus instructores profesionales le proporcionar\u00e1n informaci\u00f3n de seguridad, cascos y una r\u00e1pida prueba de conducci\u00f3n para ayudarle a familiarizarse con su buggy.<br data-start=\"1430\" data-end=\"1433\" \/>Entonces, \u00a1es hora de empezar la aventura! Siga a su gu\u00eda por polvorientos senderos forestales, chapotee en peque\u00f1os arroyos y escale suaves colinas, todo ello rodeado de la belleza de los Montes Tauro. Habr\u00e1 breves pausas para descansar, tomar fotos e incluso darse un ba\u00f1o opcional antes de regresar a la estaci\u00f3n de buggy. Al final del paseo, rel\u00e1jese unos minutos y disfrute del c\u00f3modo traslado de vuelta a su hotel.<\/p>\n<h3 data-start=\"1850\" data-end=\"1875\">\ud83d\uddfa\ufe0f Itinerario<\/h3>\n<p data-start=\"1876\" data-end=\"2144\">\ud83d\udd39 Recogida en hoteles de la regi\u00f3n de Side<br data-start=\"1912\" data-end=\"1915\" \/>\ud83d\udd39 Llegada a la base de buggies y briefing de seguridad.<br data-start=\"1959\" data-end=\"1962\" \/>\ud83d\udd39 Prueba de conducci\u00f3n y configuraci\u00f3n del equipo<br data-start=\"1995\" data-end=\"1998\" \/>\ud83d\udd39 Recorrido todoterreno por senderos de monta\u00f1a y bosque<br data-start=\"2048\" data-end=\"2051\" \/>\ud83d\udd39 Breves pausas para descansar, hacer fotos y nadar.<br data-start=\"2092\" data-end=\"2095\" \/>\ud83d\udd39 Volver a la base de buggy<br data-start=\"2118\" data-end=\"2121\" \/>\ud83d\udd39 Entrega en los hoteles<\/p>\n<h3 data-start=\"2146\" data-end=\"2174\">\u2139\ufe0f Informaci\u00f3n \u00fatil<\/h3>\n<p data-start=\"2175\" data-end=\"2478\">\ud83d\udd39 Duraci\u00f3n: aproximadamente 3-4 horas en total\u00a0<br data-start=\"2239\" data-end=\"2242\" \/>\ud83d\udd39 Dos sesiones diarias: 09:00 y 13:30<br data-start=\"2280\" data-end=\"2283\" \/>\ud83d\udd39 No hace falta carnet de conducir<br data-start=\"2313\" data-end=\"2316\" \/>\ud83d\udd39 Los ni\u00f1os pueden acompa\u00f1ar a sus padres como pasajeros<br data-start=\"2363\" data-end=\"2366\" \/>\ud83d\udd39 Recomendado: llevar ropa vieja c\u00f3moda y calzado cerrado.<br data-start=\"2427\" data-end=\"2430\" \/>\ud83d\udd39 Llevar: gafas de sol, crema solar y un pa\u00f1uelo.<\/p>\n<h3 data-start=\"2578\" data-end=\"2601\">Qu\u00e9 llevar<\/h3>\n<p data-start=\"2602\" data-end=\"2741\">\ud83d\udd39 Gafas de sol y protecci\u00f3n solar.<br data-start=\"2629\" data-end=\"2632\" \/>\ud83d\udd39 Pa\u00f1uelo o mascarilla facial<br data-start=\"2655\" data-end=\"2658\" \/>\ud83d\udd39 Ropa y calzado c\u00f3modos<br data-start=\"2691\" data-end=\"2694\" \/>\ud83d\udd39 Poco dinero en efectivo para gastos personales o fotos.<\/p>\n<h3 data-start=\"2480\" data-end=\"2506\">\ud83d\udeab No apto para<\/h3>\n<p data-start=\"2507\" data-end=\"2576\">\ud83d\udd39 Mujeres embarazadas<br data-start=\"2524\" data-end=\"2527\" \/>\ud83d\udd39 Hu\u00e9spedes con dolencias graves de espalda o coraz\u00f3n.<\/p>\n<h3 dir=\"ltr\">\ud83d\udcb8\u00a0<strong>Precios y reservas<\/strong><\/h3>\n<p dir=\"ltr\"><strong>\ud83d\udd39 Reserva ahora, paga el d\u00eda de la excursi\u00f3n<\/strong><br \/>\n\ud83d\udd39 Ponte en contacto con nosotros a trav\u00e9s de WhatsApp, Telegram, Viber, o rellena el siguiente formulario de reserva. \ud83d\udc47\ud83c\udffc<\/p>","protected":false},"excerpt":{"rendered":"<p data-start=\"2866\" data-end=\"3089\">Reserve su <b>Safari en buggy lateral<\/b> <b>visita<\/b>\u00a1! Disfrute de un <b>ATV<\/b> <b>aventura<\/b> <b>excursi\u00f3n<\/b> sobre barro <b>todoterreno<\/b> senderos forestales. Perfecto <b>viaje<\/b> para <b>principiantes<\/b>! <b>Transferencia<\/b> incluido.<\/p>","protected":false},"featured_media":15155,"comment_status":"open","ping_status":"closed","template":"","meta":[],"product_brand":[],"product_cat":[127],"product_tag":[122],"class_list":{"0":"post-15383","1":"product","2":"type-product","3":"status-publish","4":"has-post-thumbnail","6":"tour_phys-side-tours","7":"product_cat-side-tours","8":"product_tag-side","9":"pa_destination-side-tours","11":"first","12":"instock","13":"sale","14":"shipping-taxable","15":"purchasable","16":"product-type-tour_phys"},"aioseo_notices":[],"_links":{"self":[{"href":"https:\/\/excursionsworld.com\/es\/wp-json\/wp\/v2\/product\/15383","targetHints":{"allow":["GET"]}}],"collection":[{"href":"https:\/\/excursionsworld.com\/es\/wp-json\/wp\/v2\/product"}],"about":[{"href":"https:\/\/excursionsworld.com\/es\/wp-json\/wp\/v2\/types\/product"}],"replies":[{"embeddable":true,"href":"https:\/\/excursionsworld.com\/es\/wp-json\/wp\/v2\/comments?post=15383"}],"wp:featuredmedia":[{"embeddable":true,"href":"https:\/\/excursionsworld.com\/es\/wp-json\/wp\/v2\/media\/15155"}],"wp:attachment":[{"href":"https:\/\/excursionsworld.com\/es\/wp-json\/wp\/v2\/media?parent=15383"}],"wp:term":[{"taxonomy":"product_brand","embeddable":true,"href":"https:\/\/excursionsworld.com\/es\/wp-json\/wp\/v2\/product_brand?post=15383"},{"taxonomy":"product_cat","embeddable":true,"href":"https:\/\/excursionsworld.com\/es\/wp-json\/wp\/v2\/product_cat?post=15383"},{"taxonomy":"product_tag","embeddable":true,"href":"https:\/\/excursionsworld.com\/es\/wp-json\/wp\/v2\/product_tag?post=15383"}],"curies":[{"name":"wp","href":"https:\/\/api.w.org\/{rel}","templated":true}]}}