{"id":15384,"date":"2025-10-26T20:08:07","date_gmt":"2025-10-26T17:08:07","guid":{"rendered":"https:\/\/excursionsworld.com\/?post_type=product&#038;p=15384"},"modified":"2025-11-21T22:07:28","modified_gmt":"2025-11-21T19:07:28","slug":"quad-safari-side","status":"publish","type":"product","link":"https:\/\/excursionsworld.com\/tours\/side-quad-safari\/","title":{"rendered":"Safari en quad en Side \u2013 aventura en ATV todoterreno"},"content":{"rendered":"<h3 data-start=\"158\" data-end=\"178\"><span style=\"color: #000000;\"><strong>\ud83c\udfdd\ufe0f Visi\u00f3n general<\/strong><\/span><\/h3>\n<p data-start=\"179\" data-end=\"441\">Conduce libremente tu quad por los impresionantes montes Tauro, cerca de Side. Respire el aire fresco de la monta\u00f1a, disfrute de la espectacular naturaleza y viva una divertida aventura de 2 horas. Esta excursi\u00f3n ofrece una experiencia inolvidable tanto para los amantes de las emociones fuertes como para los principiantes.<\/p>\n<h3 data-start=\"448\" data-end=\"466\">\u00a0Incluido:<\/h3>\n<p data-start=\"467\" data-end=\"590\"><span style=\"color: #00ff00;\"><strong>\u2713<\/strong><\/span> Recogida y entrega en el hotel<br data-start=\"494\" data-end=\"497\" \/><span style=\"color: #00ff00;\"><strong>\u2713 <\/strong><\/span>Gu\u00edas profesionales<br data-start=\"518\" data-end=\"521\" \/><span style=\"color: #00ff00;\"><strong>\u2713 <\/strong><\/span>Seguro a todo riesgo<br data-start=\"537\" data-end=\"540\" \/><span style=\"color: #00ff00;\"><strong>\u2713 <\/strong><\/span>2 horas en quad<br data-start=\"558\" data-end=\"561\" \/><span style=\"color: #00ff00;\"><strong>\u2713 <\/strong><\/span>Equipo de seguridad (casco)<\/p>\n<h3 data-start=\"592\" data-end=\"614\"><span style=\"color: #000000;\"><strong>\u00a0No se incluye:<\/strong><\/span><\/h3>\n<p data-start=\"615\" data-end=\"720\"><strong><span style=\"color: #ff0000;\">\u2717<\/span><\/strong> Gastos personales\u00a0<br data-start=\"660\" data-end=\"663\" \/><strong><span style=\"color: #ff0000;\">\u2717 <\/span><\/strong>Fotos y v\u00eddeos<br data-start=\"671\" data-end=\"674\" \/><strong><span style=\"color: #ff0000;\">\u2717 <\/span><\/strong>Bebidas<\/p>\n<h3 data-start=\"722\" data-end=\"748\"><span style=\"color: #000000;\"><strong>\ud83c\udf1f Lo m\u00e1s destacado del viaje<\/strong><\/span><\/h3>\n<p data-start=\"749\" data-end=\"1017\">\ud83d\udd39 Aventura de 2 horas en quad por los montes Tauro, cerca de Side.<br data-start=\"807\" data-end=\"810\" \/>\ud83d\udd39 Senderos forestales, caminos rocosos, arroyos fluviales y estanques.<br data-start=\"865\" data-end=\"868\" \/>\ud83d\udd39 Paradas de descanso panor\u00e1micas rodeadas de naturaleza<br data-start=\"909\" data-end=\"912\" \/>\ud83d\udd39 Adecuado para principiantes con instrucci\u00f3n completa.<br data-start=\"959\" data-end=\"962\" \/>\ud83d\udd39 Experimenta el barro, el polvo y la emoci\u00f3n todoterreno en estado puro.<\/p>\n<h3 data-start=\"1019\" data-end=\"1046\"><span style=\"color: #000000;\"><strong>\ud83d\udcd6 Descripci\u00f3n completa<\/strong><\/span><\/h3>\n<p data-start=\"1047\" data-end=\"1264\">Tras un c\u00f3modo traslado de hotel en Side, llegue a la base de quads en el campo. Los instructores te dar\u00e1n instrucciones de seguridad y te proporcionar\u00e1n todo el equipo necesario.<\/p>\n<p data-start=\"1266\" data-end=\"1595\">La aventura comienza con un recorrido guiado de 20 km por bosques, colinas, caminos embarrados y arroyos. Los instructores te acompa\u00f1ar\u00e1n para ayudarte y responder a tus preguntas. A mitad de camino, tome un descanso junto a un pintoresco r\u00edo antes de continuar el emocionante recorrido. La excursi\u00f3n termina con el traslado de vuelta al hotel, completando as\u00ed un d\u00eda lleno de adrenalina en la naturaleza.<\/p>\n<h3 data-start=\"1597\" data-end=\"1623\"><span style=\"color: #000000;\"><strong>\ud83d\uddfa\ufe0f Itinerario<\/strong><\/span><\/h3>\n<p data-start=\"1624\" data-end=\"1892\">\ud83d\udd39 Recogida en los hoteles de Side<br data-start=\"1653\" data-end=\"1656\" \/>\ud83d\udd39 Llegada a la base de quads y briefing de seguridad<br data-start=\"1703\" data-end=\"1706\" \/>\ud83d\udd39 Preparaci\u00f3n del equipo y breve recorrido de prueba (15 min)<br data-start=\"1753\" data-end=\"1756\" \/>\ud83d\udd39 Ruta guiada de 2 horas por monta\u00f1a y pistas forestales.<br data-start=\"1814\" data-end=\"1817\" \/>\ud83d\udd39 Parada de descanso cerca de un r\u00edo (15-20 min)<br data-start=\"1854\" data-end=\"1857\" \/>\ud83d\udd39 Viaje de ida y vuelta y traslado al hotel<\/p>\n<h3 data-start=\"1894\" data-end=\"1923\"><span style=\"color: #000000;\"><strong>\u2139\ufe0f Informaci\u00f3n \u00fatil<\/strong><\/span><\/h3>\n<p data-start=\"1924\" data-end=\"2116\">\ud83d\udd39 Duraci\u00f3n: aproximadamente 3 horas (traslados incluidos)<br data-start=\"1980\" data-end=\"1983\" \/>\ud83d\udd39 No hace falta carnet de conducir<br data-start=\"2013\" data-end=\"2016\" \/>\ud83d\udd39 Edad m\u00ednima del conductor: 17 a\u00f1os<br data-start=\"2047\" data-end=\"2050\" \/>\ud83d\udd39 Casco proporcionado<br data-start=\"2068\" data-end=\"2071\" \/>\ud83d\udd39 Nivel de actividad f\u00edsica de moderado a alto.<\/p>\n<h3 data-start=\"2237\" data-end=\"2261\"><span style=\"color: #000000;\"><strong>Qu\u00e9 llevar<\/strong><\/span><\/h3>\n<p data-start=\"2262\" data-end=\"2423\">\ud83d\udd39 Ropa y calzado c\u00f3modos (prep\u00e1rate para llenarte de barro).<br data-start=\"2316\" data-end=\"2319\" \/>\ud83d\udd39 Protector solar<br data-start=\"2331\" data-end=\"2334\" \/>Gafas de sol \ud83d\udd39<br data-start=\"2347\" data-end=\"2350\" \/>\ud83d\udd39 Ropa de recambio<br data-start=\"2366\" data-end=\"2369\" \/>\ud83d\udd39 Dinero en efectivo para gastos personales (bebidas, fotos, etc.)<\/p>\n<h3 data-start=\"2118\" data-end=\"2145\"><span style=\"color: #000000;\"><strong>\ud83d\udeab No apto para<\/strong><\/span><\/h3>\n<p data-start=\"2146\" data-end=\"2235\">\ud83d\udd39 Mujeres embarazadas<br data-start=\"2163\" data-end=\"2166\" \/>\ud83d\udd39 Invitados bajo los efectos del alcohol<br data-start=\"2199\" data-end=\"2202\" \/>\ud83d\udd39 Personas con movilidad reducida<\/p>\n<h3 dir=\"ltr\">\ud83d\udcb8\u00a0<strong>Precios y reservas<\/strong><\/h3>\n<p dir=\"ltr\"><strong>\ud83d\udd39 Reserva ahora, paga el d\u00eda de la excursi\u00f3n<\/strong><br \/>\n\ud83d\udd39 Ponte en contacto con nosotros a trav\u00e9s de WhatsApp, Telegram, Viber, o rellena el siguiente formulario de reserva. \ud83d\udc47\ud83c\udffc<\/p>","protected":false},"excerpt":{"rendered":"<p data-start=\"2866\" data-end=\"3089\">Reserve su <b>Safari lateral en quad<\/b>\u00a1! Disfrute de un <b>emocionante excursi\u00f3n en quad<\/b> a trav\u00e9s de la <b>Montes Tauro<\/b> y senderos embarrados. Perfecto para <b>principiantes<\/b> \u00a1y buscadores de aventuras! <b>Transferencia<\/b> incluido.<\/p>","protected":false},"featured_media":15086,"comment_status":"open","ping_status":"closed","template":"","meta":[],"product_brand":[],"product_cat":[127],"product_tag":[122],"class_list":{"0":"post-15384","1":"product","2":"type-product","3":"status-publish","4":"has-post-thumbnail","6":"tour_phys-side-tours","7":"product_cat-side-tours","8":"product_tag-side","9":"pa_destination-side-tours","11":"first","12":"instock","13":"sale","14":"shipping-taxable","15":"purchasable","16":"product-type-tour_phys"},"aioseo_notices":[],"_links":{"self":[{"href":"https:\/\/excursionsworld.com\/es\/wp-json\/wp\/v2\/product\/15384","targetHints":{"allow":["GET"]}}],"collection":[{"href":"https:\/\/excursionsworld.com\/es\/wp-json\/wp\/v2\/product"}],"about":[{"href":"https:\/\/excursionsworld.com\/es\/wp-json\/wp\/v2\/types\/product"}],"replies":[{"embeddable":true,"href":"https:\/\/excursionsworld.com\/es\/wp-json\/wp\/v2\/comments?post=15384"}],"wp:featuredmedia":[{"embeddable":true,"href":"https:\/\/excursionsworld.com\/es\/wp-json\/wp\/v2\/media\/15086"}],"wp:attachment":[{"href":"https:\/\/excursionsworld.com\/es\/wp-json\/wp\/v2\/media?parent=15384"}],"wp:term":[{"taxonomy":"product_brand","embeddable":true,"href":"https:\/\/excursionsworld.com\/es\/wp-json\/wp\/v2\/product_brand?post=15384"},{"taxonomy":"product_cat","embeddable":true,"href":"https:\/\/excursionsworld.com\/es\/wp-json\/wp\/v2\/product_cat?post=15384"},{"taxonomy":"product_tag","embeddable":true,"href":"https:\/\/excursionsworld.com\/es\/wp-json\/wp\/v2\/product_tag?post=15384"}],"curies":[{"name":"wp","href":"https:\/\/api.w.org\/{rel}","templated":true}]}}