{"id":15385,"date":"2025-10-26T20:08:58","date_gmt":"2025-10-26T17:08:58","guid":{"rendered":"https:\/\/excursionsworld.com\/?post_type=product&#038;p=15385"},"modified":"2026-04-23T05:59:40","modified_gmt":"2026-04-23T02:59:40","slug":"safari-jeep-side","status":"publish","type":"product","link":"https:\/\/excursionsworld.com\/tours\/side-jeep-safari\/","title":{"rendered":"Safari en jeep desde Side por las monta\u00f1as Tauro"},"content":{"rendered":"<h2><strong><span style=\"color: #000000;\">\ud83d\ude99 Visi\u00f3n general<\/span><\/strong><\/h2>\n<div>\u00danete a una apasionante <strong>safari en jeep desde <a href=\"https:\/\/en.wikipedia.org\/wiki\/Side,_Turkey\" target=\"_blank\" rel=\"noopener\">Lado<\/a><\/strong>\u00a0\u00a1y explore la belleza salvaje de los Montes Tauro! Conduzca potentes jeeps 4\u00d74 por senderos forestales, pueblos de monta\u00f1a y r\u00edos. Disfrute de paradas fotogr\u00e1ficas panor\u00e1micas, un delicioso almuerzo a la barbacoa y un refrescante ba\u00f1o en un r\u00edo natural: \u00a1la mezcla perfecta de aventura y diversi\u00f3n!<\/div>\n<h3><strong><span style=\"color: #000000;\">Incluido:<\/span><\/strong><\/h3>\n<div><strong><span style=\"color: #00ff00;\">\u2713<\/span><\/strong> Recogida y entrega en el hotel<br \/><strong><span style=\"color: #00ff00;\">\u2713 <\/span><\/strong>Conductores profesionales de habla inglesa<br \/><strong><span style=\"color: #00ff00;\">\u2713 <\/span><\/strong>4\u00d74 Land Rover Jeeps<br \/><strong><span style=\"color: #00ff00;\">\u2713 <\/span><\/strong>Seguro a todo riesgo<br \/><strong><span style=\"color: #00ff00;\">\u2713 <\/span><\/strong>Almuerzo<\/div>\n<h3><strong>No se incluye:<\/strong><\/h3>\n<div><strong><span style=\"color: #ff0000;\">\u2717<\/span><\/strong> Bebidas<br \/><strong><span style=\"color: #ff0000;\">\u2717 <\/span><\/strong>Gastos personales<br \/><strong><span style=\"color: #ff0000;\">\u2717 <\/span><\/strong>Fotos y v\u00eddeos<\/div>\n<h2><strong>\ud83c\udf1f Lo m\u00e1s destacado del viaje<\/strong><\/h2>\n<div>\ud83d\udd39 Emocionante recorrido todoterreno por bosques y r\u00edos<br \/>\ud83d\udd39 Visita a un pueblo tradicional turco<br \/>\ud83d\udd39 Paradas fotogr\u00e1ficas panor\u00e1micas y miradores<br \/>\ud83d\udd39 Sabroso almuerzo a la barbacoa en la naturaleza<br \/>\ud83d\udd39 Pausa para nadar en un r\u00edo de monta\u00f1a<br \/>\ud83d\udd39 Lucha de agua opcional entre jeeps.<\/div>\n<h2><strong>\ud83d\udcd6 Descripci\u00f3n completa<\/strong><\/h2>\n<div>Su aventura comienza con la recogida en su hotel de Side. Re\u00fanase con su amable conductor y gu\u00eda, y luego dir\u00edjase a la <strong>Montes Tauro<\/strong> en jeeps descapotables. Disfrute de impresionantes paisajes, aire puro y destellos de la vida tradicional de las aldeas. Haga paradas fotogr\u00e1ficas a lo largo de la ruta y sienta la emoci\u00f3n de la aut\u00e9ntica conducci\u00f3n todoterreno. Saboree un delicioso <strong>Almuerzo barbacoa<\/strong> en un restaurante r\u00fastico rodeado de naturaleza. Despu\u00e9s, rel\u00e1jese o b\u00e1\u00f1ese en un refrescante r\u00edo de monta\u00f1a antes de emprender el regreso. A la vuelta, \u00fanase a una divertida <strong>guerra de agua<\/strong> \u00a1para un final inolvidable!<\/div>\n<h3><strong>\ud83d\uddfa\ufe0f Itinerario<\/strong><\/h3>\n<div>\ud83d\udd39 Recogida en los hoteles Side<br \/>\ud83d\udd39 Conduce por los Montes Tauro<br \/>\ud83d\udd39 Visita un pueblo local<br \/>\ud83d\udd39 Paradas fotogr\u00e1ficas panor\u00e1micas<br \/>\ud83d\udd39 Almuerzo barbacoa en la naturaleza<br \/>\ud83d\udd39 Pausa para nadar en un r\u00edo<br \/>\ud83d\udd39 Pelea de agua opcional<br \/>\ud83d\udd39 Regreso al hotel<\/div>\n<h3><strong>\u2139\ufe0f Informaci\u00f3n \u00fatil<\/strong><\/h3>\n<div>\ud83d\udd39 Duraci\u00f3n: aproximadamente 7-8 horas<br \/>\ud83d\udd39 Apto para todas las edades (los ni\u00f1os deben ir acompa\u00f1ados de adultos).<br \/>\ud83d\udd39 El recorrido puede cambiar debido a las condiciones meteorol\u00f3gicas<\/div>\n<h2><strong>Qu\u00e9 llevar<\/strong><\/h2>\n<div>\ud83d\udd39 Ropa y calzado c\u00f3modos<br \/>\ud83d\udd39 Gafas de sol y sombrero<br \/>\ud83d\udd39 Protector solar<br \/>\ud83d\udd39 Ba\u00f1ador y toalla.<br \/>\ud83d\udd39 Efectivo para gastos personales<\/div>\n<div>\n<h3><strong>\ud83d\udeab No apto para<\/strong><\/h3>\n<div>\ud83d\udd39 Mujeres embarazadas<br \/>\ud83d\udd39 Hu\u00e9spedes con problemas de espalda o cuello.<br \/>\ud83d\udd39 Personas con movilidad reducida<\/div>\n<\/div>\n<h2 dir=\"ltr\">\ud83d\udcb8\u00a0<strong>Precios y reservas<\/strong><\/h2>\n<p dir=\"ltr\"><strong>\ud83d\udd39 Reserva ahora, paga el d\u00eda de la excursi\u00f3n<\/strong><br \/>\n\ud83d\udd39 Ponte en contacto con nosotros a trav\u00e9s de WhatsApp, Telegram, Viber, o rellena el siguiente formulario de reserva. \ud83d\udc47\ud83c\udffc<\/p>\n<p>\u00bfBuscas alternativas? Explora <a href=\"https:\/\/excursionsworld.com\/es\/urun-kategori\/excursiones-side\/\">m\u00e1s excursiones opcionales<\/a>.<\/p>","protected":false},"excerpt":{"rendered":"<p data-start=\"2736\" data-end=\"2976\">\u00danete al bando<strong data-start=\"2781\" data-end=\"2807\">\u00a0Safari en jeep<\/strong> y explore los Montes Tauro en potentes jeeps 4\u00d74. Visite aldeas de monta\u00f1a, b\u00e1\u00f1ese en los r\u00edos, disfrute de un almuerzo a la barbacoa y viva un d\u00eda completo de aventura y naturaleza.<\/p>","protected":false},"featured_media":15069,"comment_status":"open","ping_status":"closed","template":"","meta":[],"product_brand":[],"product_cat":[127],"product_tag":[122],"class_list":{"0":"post-15385","1":"product","2":"type-product","3":"status-publish","4":"has-post-thumbnail","6":"tour_phys-side-tours","7":"product_cat-side-tours","8":"product_tag-side","9":"pa_destination-side-tours","11":"first","12":"instock","13":"sale","14":"shipping-taxable","15":"purchasable","16":"product-type-tour_phys"},"aioseo_notices":[],"_links":{"self":[{"href":"https:\/\/excursionsworld.com\/es\/wp-json\/wp\/v2\/product\/15385","targetHints":{"allow":["GET"]}}],"collection":[{"href":"https:\/\/excursionsworld.com\/es\/wp-json\/wp\/v2\/product"}],"about":[{"href":"https:\/\/excursionsworld.com\/es\/wp-json\/wp\/v2\/types\/product"}],"replies":[{"embeddable":true,"href":"https:\/\/excursionsworld.com\/es\/wp-json\/wp\/v2\/comments?post=15385"}],"wp:featuredmedia":[{"embeddable":true,"href":"https:\/\/excursionsworld.com\/es\/wp-json\/wp\/v2\/media\/15069"}],"wp:attachment":[{"href":"https:\/\/excursionsworld.com\/es\/wp-json\/wp\/v2\/media?parent=15385"}],"wp:term":[{"taxonomy":"product_brand","embeddable":true,"href":"https:\/\/excursionsworld.com\/es\/wp-json\/wp\/v2\/product_brand?post=15385"},{"taxonomy":"product_cat","embeddable":true,"href":"https:\/\/excursionsworld.com\/es\/wp-json\/wp\/v2\/product_cat?post=15385"},{"taxonomy":"product_tag","embeddable":true,"href":"https:\/\/excursionsworld.com\/es\/wp-json\/wp\/v2\/product_tag?post=15385"}],"curies":[{"name":"wp","href":"https:\/\/api.w.org\/{rel}","templated":true}]}}