{"id":15386,"date":"2025-10-26T20:11:12","date_gmt":"2025-10-26T17:11:12","guid":{"rendered":"https:\/\/excursionsworld.com\/?post_type=product&#038;p=15386"},"modified":"2025-12-18T18:57:39","modified_gmt":"2025-12-18T15:57:39","slug":"pesca-barco-side","status":"publish","type":"product","link":"https:\/\/excursionsworld.com\/tours\/side-sea-fishing\/","title":{"rendered":"Excursi\u00f3n de pesca en barco en Side"},"content":{"rendered":"<h3><span style=\"color: #000000;\"><strong>\ud83c\udfa3 Visi\u00f3n general<\/strong><\/span><\/h3>\n<p data-start=\"350\" data-end=\"753\">Experimente la emoci\u00f3n de pescar en las brillantes aguas azules del Mediterr\u00e1neo con el <strong data-start=\"446\" data-end=\"467\">Excursi\u00f3n de pesca lateral<\/strong>\u00a1! Esta aventura de medio d\u00eda combina deporte, relajaci\u00f3n y crucero panor\u00e1mico a bordo de un c\u00f3modo barco de pesca de 10 metros con salida desde Side Harbour. Perfecto tanto para principiantes como para pescadores experimentados, o incluso para aquellos que simplemente deseen relajarse, tomar el sol y disfrutar de refrescantes ba\u00f1os.<\/p>\n<h3 data-start=\"755\" data-end=\"770\"><span style=\"color: #000000;\"><strong>\u00a0Incluido:<\/strong><\/span><\/h3>\n<p data-start=\"772\" data-end=\"976\"><strong><span style=\"color: #00ff00;\">\u2713<\/span> <\/strong>Traslados de hotel (ida y vuelta)<br data-start=\"801\" data-end=\"804\" \/><strong><span style=\"color: #00ff00;\">\u2713<\/span> <\/strong>Seguro a todo riesgo<br data-start=\"829\" data-end=\"832\" \/><strong><span style=\"color: #00ff00;\">\u2713<\/span> <\/strong>Servicio profesional de gu\u00edas e instructores<br data-start=\"877\" data-end=\"880\" \/><strong><span style=\"color: #00ff00;\">\u2713<\/span> <\/strong>Desayuno ligero en el barco (excursi\u00f3n matinal)<br data-start=\"924\" data-end=\"927\" \/><strong><span style=\"color: #00ff00;\">\u2713<\/span> <\/strong>Material de pesca y cebos<br data-start=\"955\" data-end=\"958\" \/><strong><span style=\"color: #00ff00;\">\u2713<\/span> <\/strong>T\u00e9 y caf\u00e9<\/p>\n<h3 data-start=\"978\" data-end=\"997\"><span style=\"color: #000000;\">\u00a0No se incluye:<\/span><\/h3>\n<p data-start=\"999\" data-end=\"1140\"><strong><span style=\"color: #ff0000;\">\u2717<\/span><\/strong> Refrescos y bebidas alcoh\u00f3licas<br data-start=\"1036\" data-end=\"1039\" \/><strong><span style=\"color: #ff0000;\">\u2717 <\/span><\/strong>Fotos y DVD<br data-start=\"1086\" data-end=\"1089\" \/><strong><span style=\"color: #ff0000;\">\u2717 <\/span><\/strong>Servicio de cocina (5 euros por persona, opcional)<\/p>\n<h3 data-start=\"1142\" data-end=\"1165\"><span style=\"color: #000000;\">\ud83c\udf1f Lo m\u00e1s destacado del viaje<\/span><\/h3>\n<p data-start=\"1167\" data-end=\"1593\">\ud83d\udd39 Aut\u00e9ntica experiencia de pesca en un peque\u00f1o barco de 10 metros limitado a 12 invitados.<br data-start=\"1245\" data-end=\"1248\" \/>\ud83d\udd39 Guiado por un pescador profesional que conoce los mejores lugares de pesca locales cerca de Karaburun o Dolphin Island.<br data-start=\"1357\" data-end=\"1360\" \/>\ud83d\udd39 Equipado con tecnolog\u00eda de sonar para obtener mejores resultados de captura a 30-60 metros de profundidad.<br data-start=\"1440\" data-end=\"1443\" \/>\ud83d\udd39 Ambiente relajado con oportunidades para nadar y tomar el sol.<br data-start=\"1511\" data-end=\"1514\" \/>\ud83d\udd39 Sesiones de ma\u00f1ana (08:00-12:30) y tarde (15:00-19:30) disponibles todos los d\u00edas.<\/p>\n<h3 data-start=\"1595\" data-end=\"1619\"><span style=\"color: #000000;\">\ud83d\udcd6 Descripci\u00f3n completa<\/span><\/h3>\n<p data-start=\"1621\" data-end=\"2253\">Su aventura de pesca comienza con un c\u00f3modo traslado desde su hotel en la regi\u00f3n de Side hasta el puerto. A su llegada, el amable capit\u00e1n le dar\u00e1 la bienvenida a bordo y le ofrecer\u00e1 una breve sesi\u00f3n informativa sobre la ruta, las artes de pesca y la seguridad.<br data-start=\"1860\" data-end=\"1863\" \/>A continuaci\u00f3n, zarpe hacia los ricos caladeros cercanos a Karaburun o la Isla de los Delfines, donde disfrutar\u00e1 de 3 a 4 horas de pesca divertida y relajante.<br data-start=\"2002\" data-end=\"2005\" \/>Durante la excursi\u00f3n matutina, se sirve un desayuno ligero a bordo, mientras todos los hu\u00e9spedes pueden disfrutar de un descanso de 1 hora para nadar en aguas cristalinas. Despu\u00e9s de un emocionante d\u00eda en el mar, el barco regresa a Side Harbour, y usted ser\u00e1 trasladado de vuelta a su hotel.<\/p>\n<h3 data-start=\"2255\" data-end=\"2278\"><span style=\"color: #000000;\">\ud83d\uddfa\ufe0f Itinerario<\/span><\/h3>\n<p data-start=\"2280\" data-end=\"2585\">\ud83d\udd39 Recogida en los hoteles de la regi\u00f3n de Side<br data-start=\"2320\" data-end=\"2323\" \/>\ud83d\udd39 Llegada a Side Harbour y bienvenida del capit\u00e1n.<br data-start=\"2371\" data-end=\"2374\" \/>\ud83d\udd39 Breve sesi\u00f3n informativa sobre las zonas y el equipo de pesca<br data-start=\"2425\" data-end=\"2428\" \/>\ud83d\udd39 3-4 horas de pesca y ocio en el mar<br data-start=\"2470\" data-end=\"2473\" \/>\ud83d\udd39 Desayuno ligero (por la ma\u00f1ana) o pausa para nadar (todas las excursiones).<br data-start=\"2531\" data-end=\"2534\" \/>\ud83d\udd39 Volver a Puerto Lateral<br data-start=\"2559\" data-end=\"2562\" \/>\ud83d\udd39 Entrega en los hoteles<\/p>\n<h3 data-start=\"2961\" data-end=\"2987\"><span style=\"color: #000000;\">\u2139\ufe0f Informaci\u00f3n \u00fatil<\/span><\/h3>\n<p data-start=\"2989\" data-end=\"3237\">\ud83d\udd39 Duraci\u00f3n: aproximadamente 5 horas (traslados incluidos)<br data-start=\"3045\" data-end=\"3048\" \/>\ud83d\udd39 Capacidad: hasta 12 invitados<br data-start=\"3076\" data-end=\"3079\" \/>\ud83d\udd39 No se requiere experiencia - se proporciona orientaci\u00f3n completa.<br data-start=\"3129\" data-end=\"3132\" \/>\ud83d\udd39 Servicio de limpieza y cocinado de pescado disponible (5 \u20ac por persona)<br data-start=\"3194\" data-end=\"3197\" \/>\ud83d\udd39 Dos sesiones diarias: 08:00 y 15:00<\/p>\n<h3 data-start=\"2684\" data-end=\"2705\">Qu\u00e9 llevar<\/h3>\n<p data-start=\"2707\" data-end=\"2831\">\ud83d\udd39 Gafas de sol y protecci\u00f3n solar.<br data-start=\"2734\" data-end=\"2737\" \/>\ud83d\udd39 Ropa y calzado c\u00f3modos<br data-start=\"2769\" data-end=\"2772\" \/>\ud83d\udd39 Ba\u00f1ador y toalla<br data-start=\"2793\" data-end=\"2796\" \/>\ud83d\udd39 Poco dinero para extras opcionales<\/p>\n<h3 data-start=\"2587\" data-end=\"2611\">\ud83d\udeab No apto para<\/h3>\n<p data-start=\"2613\" data-end=\"2682\">\ud83d\udd39 Mujeres embarazadas<br data-start=\"2630\" data-end=\"2633\" \/>\ud83d\udd39 Hu\u00e9spedes con dolencias graves de espalda o coraz\u00f3n.<\/p>\n<h3 dir=\"ltr\">\ud83d\udcb8\u00a0<strong>Precios y reservas<\/strong><\/h3>\n<p dir=\"ltr\"><strong>\ud83d\udd39 Reserva ahora, paga el d\u00eda de la excursi\u00f3n<\/strong><br \/>\n\ud83d\udd39 Ponte en contacto con nosotros a trav\u00e9s de WhatsApp, Telegram, Viber, o rellena el siguiente formulario de reserva. \ud83d\udc47\ud83c\udffc<\/p>","protected":false},"excerpt":{"rendered":"<p data-start=\"171\" data-end=\"381\">Reserva el <b>Excursi\u00f3n de pesca<\/b>\u00a1! Disfrute de un <b>Excursi\u00f3n de 4 horas por el Mediterr\u00e1neo<\/b> con pesca, nataci\u00f3n y orientaci\u00f3n del capit\u00e1n. <b>Traslado incluido<\/b>, Equipo proporcionado. Medio d\u00eda perfecto <b>visita<\/b>!<\/p>","protected":false},"featured_media":15809,"comment_status":"open","ping_status":"closed","template":"","meta":[],"product_brand":[],"product_cat":[127],"product_tag":[122],"class_list":{"0":"post-15386","1":"product","2":"type-product","3":"status-publish","4":"has-post-thumbnail","6":"tour_phys-side-tours","7":"product_cat-side-tours","8":"product_tag-side","9":"pa_destination-side-tours","11":"first","12":"instock","13":"sale","14":"shipping-taxable","15":"purchasable","16":"product-type-tour_phys"},"aioseo_notices":[],"_links":{"self":[{"href":"https:\/\/excursionsworld.com\/es\/wp-json\/wp\/v2\/product\/15386","targetHints":{"allow":["GET"]}}],"collection":[{"href":"https:\/\/excursionsworld.com\/es\/wp-json\/wp\/v2\/product"}],"about":[{"href":"https:\/\/excursionsworld.com\/es\/wp-json\/wp\/v2\/types\/product"}],"replies":[{"embeddable":true,"href":"https:\/\/excursionsworld.com\/es\/wp-json\/wp\/v2\/comments?post=15386"}],"wp:featuredmedia":[{"embeddable":true,"href":"https:\/\/excursionsworld.com\/es\/wp-json\/wp\/v2\/media\/15809"}],"wp:attachment":[{"href":"https:\/\/excursionsworld.com\/es\/wp-json\/wp\/v2\/media?parent=15386"}],"wp:term":[{"taxonomy":"product_brand","embeddable":true,"href":"https:\/\/excursionsworld.com\/es\/wp-json\/wp\/v2\/product_brand?post=15386"},{"taxonomy":"product_cat","embeddable":true,"href":"https:\/\/excursionsworld.com\/es\/wp-json\/wp\/v2\/product_cat?post=15386"},{"taxonomy":"product_tag","embeddable":true,"href":"https:\/\/excursionsworld.com\/es\/wp-json\/wp\/v2\/product_tag?post=15386"}],"curies":[{"name":"wp","href":"https:\/\/api.w.org\/{rel}","templated":true}]}}