{"id":15388,"date":"2025-10-26T20:17:47","date_gmt":"2025-10-26T17:17:47","guid":{"rendered":"https:\/\/excursionsworld.com\/?post_type=product&#038;p=15388"},"modified":"2026-04-23T05:59:42","modified_gmt":"2026-04-23T02:59:42","slug":"sapadere-canon-rio-dim-side","status":"publish","type":"product","link":"https:\/\/excursionsworld.com\/tours\/sapadere-canyon-dim-river-side\/","title":{"rendered":"Excursi\u00f3n al Ca\u00f1\u00f3n Sapadere y r\u00edo Dim desde Side \u2013 cueva Dim"},"content":{"rendered":"<h2>\ud83c\udfdd\ufe0f Visi\u00f3n general<\/h2>\n<p>Esc\u00e1pese del calor del verano y explore las maravillas naturales de los Montes Tauro con el <strong>Excursi\u00f3n al Ca\u00f1\u00f3n de Sapadere y al r\u00edo Dim desde <a href=\"https:\/\/en.wikipedia.org\/wiki\/Side,_Turkey\" target=\"_blank\" rel=\"noopener\">Lado<\/a><\/strong>. Esta aventura de un d\u00eda completo le llevar\u00e1 a trav\u00e9s de impresionantes paisajes, r\u00edos cristalinos y escondidos ca\u00f1ones de monta\u00f1a: la forma perfecta de disfrutar de la naturaleza, refrescarse y relajarse lejos de la costa.<\/p>\n<h3>\u00a0Incluido:<\/h3>\n<p><strong><span style=\"color: #00ff00;\">\u2713<\/span> <\/strong>Recogida y entrega en el hotel\u00a0<br \/><strong><span style=\"color: #00ff00;\">\u2713<\/span> <\/strong>Servicio de gu\u00eda profesional<br \/><strong><span style=\"color: #00ff00;\">\u2713<\/span> <\/strong>Seguro a todo riesgo<br \/><strong><span style=\"color: #00ff00;\">\u2713<\/span> <\/strong>Almuerzo en Dim River<br \/><strong><span style=\"color: #00ff00;\">\u2713<\/span> <\/strong>Entrada al ca\u00f1\u00f3n Sapadere<\/p>\n<h3>\u00a0No se incluye:<\/h3>\n<p><strong><span style=\"color: #ff0000;\">\u2717 <\/span><\/strong>Entrada a la Cueva Dim (opcional)<br \/><strong><span style=\"color: #ff0000;\">\u2717 <\/span><\/strong>Bebidas<br \/><strong><span style=\"color: #ff0000;\">\u2717 <\/span><\/strong>Gastos personales (fotos, recuerdos, etc.)<\/p>\n<h2>\ud83c\udf1f Puntos Destacados del Tour del Ca\u00f1\u00f3n Sapadere y el R\u00edo Dim<\/h2>\n<p>\ud83d\udd39 Descubre lo impresionante <strong>Ca\u00f1\u00f3n Sapadere<\/strong>, caminando por una plataforma de madera de 600 metros junto a cascadas y piscinas naturales.<br \/>\ud83d\udd39 Visita <strong>Cueva Dim<\/strong>, una fascinante maravilla natural repleta de estalactitas y estalagmitas.<br \/>\ud83d\udd39 Rel\u00e1jate y nada en las frescas aguas de <strong>Dim River<\/strong>, Disfrute de un delicioso almuerzo en cenadores a orillas del r\u00edo.<br \/>\ud83d\udd39 Una divertida experiencia en la naturaleza para toda la familia, perfecta para refrescarse y explorar la ladera de la monta\u00f1a de Alanya.<\/p>\n<h2>\ud83d\udcd6 Descripci\u00f3n completa: Tu experiencia en el Ca\u00f1\u00f3n de Sapadere y el R\u00edo Dim<\/h2>\n<p>Su viaje comienza con una c\u00f3moda recogida en su hotel de Side y un pintoresco viaje hacia las verdes monta\u00f1as de Alanya. La primera parada es <strong>Ca\u00f1\u00f3n Sapadere<\/strong>, Un impresionante desfiladero por el que pasear por senderos de madera, admirar cascadas e incluso darse un refrescante chapuz\u00f3n en las heladas aguas de la monta\u00f1a. A continuaci\u00f3n, explore el misterioso <strong>Cueva Dim<\/strong>, conocida por sus fascinantes formaciones calizas y su ambiente fresco.<br \/>Por \u00faltimo, rel\u00e1jese en <strong>Dim River<\/strong>, Disfrutar\u00e1 de un almuerzo en cenadores flotantes construidos sobre el agua y se dar\u00e1 un relajante ba\u00f1o antes de regresar al hotel.<\/p>\n<h3>\ud83d\uddfa\ufe0f Itinerario<\/h3>\n<p>\ud83d\udd39 Recogida en hoteles de la regi\u00f3n de Side<br \/>\ud83d\udd39 Recorrido panor\u00e1mico por la monta\u00f1a y escapada fotogr\u00e1fica<br \/>\ud83d\udd39 Visita el ca\u00f1\u00f3n Sapadere<br \/>\ud83d\udd39 Visita a la Cueva Dim (opcional)<br \/>\ud83d\udd39 Almuerzo y pausa para nadar en el r\u00edo Dim.<br \/>\ud83d\udd39 Traslado de ida y vuelta a los hoteles<\/p>\n<h3>\u2139\ufe0f Informaci\u00f3n \u00fatil<\/h3>\n<p>\ud83d\udd39 Duraci\u00f3n: Aproximadamente 8 horas en total<br \/>Disponible todos los d\u00edas<br \/>\ud83d\udd39 Veh\u00edculos: Jeeps o furgonetas descapotables para disfrutar de vistas panor\u00e1micas<br \/>\ud83d\udd39 Llevar: Ba\u00f1ador, toalla, crema solar y calzado c\u00f3modo.<\/p>\n<h2>Qu\u00e9 llevar<\/h2>\n<p>\ud83d\udd39 Zapatos c\u00f3modos para caminar<br \/>\ud83d\udd39 Ba\u00f1ador y toalla.<br \/>\ud83d\udd39 Gafas de sol y protecci\u00f3n solar.<br \/>\ud83d\udd39 Poco dinero en efectivo para bebidas o gastos personales.<\/p>\n<h3>\ud83d\udeab No apto para<\/h3>\n<p>\ud83d\udd39 Familias con beb\u00e9s<br \/>\ud83d\udd39 Hu\u00e9spedes con dificultades de movilidad o cardiopat\u00edas<\/p>\n<h2 dir=\"ltr\">\ud83d\udcb8\u00a0<strong>Precios y reservas<\/strong><\/h2>\n<p dir=\"ltr\"><strong>\ud83d\udd39 Reserva ahora, paga el d\u00eda de la excursi\u00f3n<\/strong><br \/>\n\ud83d\udd39 Ponte en contacto con nosotros a trav\u00e9s de WhatsApp, Telegram, Viber, o rellena el siguiente formulario de reserva. \ud83d\udc47\ud83c\udffc<\/p>\n<p>\u00bfBuscas alternativas? Explora <a href=\"https:\/\/excursionsworld.com\/es\/urun-kategori\/excursiones-side\/\">m\u00e1s excursiones opcionales<\/a>.<\/p>","protected":false},"excerpt":{"rendered":"<p>Reserva el <b>Side Sapadere Canyon Tour<\/b>! Enjoy a nature <b>excursi\u00f3n<\/b> to the canyon and <b>Dim River<\/b> con <b>almuerzo<\/b> and swimming. Full-day <b>viaje<\/b> con <b>traslado incluido<\/b>.<\/p>","protected":false},"featured_media":15203,"comment_status":"open","ping_status":"closed","template":"","meta":[],"product_brand":[],"product_cat":[127],"product_tag":[122],"class_list":{"0":"post-15388","1":"product","2":"type-product","3":"status-publish","4":"has-post-thumbnail","6":"tour_phys-side-tours","7":"product_cat-side-tours","8":"product_tag-side","9":"pa_destination-side-tours","11":"first","12":"instock","13":"sale","14":"shipping-taxable","15":"purchasable","16":"product-type-tour_phys"},"aioseo_notices":[],"_links":{"self":[{"href":"https:\/\/excursionsworld.com\/es\/wp-json\/wp\/v2\/product\/15388","targetHints":{"allow":["GET"]}}],"collection":[{"href":"https:\/\/excursionsworld.com\/es\/wp-json\/wp\/v2\/product"}],"about":[{"href":"https:\/\/excursionsworld.com\/es\/wp-json\/wp\/v2\/types\/product"}],"replies":[{"embeddable":true,"href":"https:\/\/excursionsworld.com\/es\/wp-json\/wp\/v2\/comments?post=15388"}],"wp:featuredmedia":[{"embeddable":true,"href":"https:\/\/excursionsworld.com\/es\/wp-json\/wp\/v2\/media\/15203"}],"wp:attachment":[{"href":"https:\/\/excursionsworld.com\/es\/wp-json\/wp\/v2\/media?parent=15388"}],"wp:term":[{"taxonomy":"product_brand","embeddable":true,"href":"https:\/\/excursionsworld.com\/es\/wp-json\/wp\/v2\/product_brand?post=15388"},{"taxonomy":"product_cat","embeddable":true,"href":"https:\/\/excursionsworld.com\/es\/wp-json\/wp\/v2\/product_cat?post=15388"},{"taxonomy":"product_tag","embeddable":true,"href":"https:\/\/excursionsworld.com\/es\/wp-json\/wp\/v2\/product_tag?post=15388"}],"curies":[{"name":"wp","href":"https:\/\/api.w.org\/{rel}","templated":true}]}}