{"id":15389,"date":"2025-10-26T20:19:06","date_gmt":"2025-10-26T17:19:06","guid":{"rendered":"https:\/\/excursionsworld.com\/?post_type=product&#038;p=15389"},"modified":"2026-04-24T00:20:54","modified_gmt":"2026-04-23T21:20:54","slug":"green-canon-jeep-safari-side","status":"publish","type":"product","link":"https:\/\/excursionsworld.com\/tours\/green-canyon-jeep-safari-side\/","title":{"rendered":"Safari en jeep al Green Canyon desde Side \u2013 aventura todoterreno"},"content":{"rendered":"<h2>\ud83c\udfde\ufe0f Visi\u00f3n general<\/h2>\n<p>\u00danete al <strong>Tour en Jeep Safari por el Ca\u00f1\u00f3n Verde desde <a href=\"https:\/\/en.wikipedia.org\/wiki\/Side,_Turkey\" target=\"_blank\" rel=\"noopener\">Lado<\/a><\/strong> y disfrute de un d\u00eda completo de <strong>naturaleza, aventura y diversi\u00f3n<\/strong>\u00a1! Viaje a trav\u00e9s del impresionante <strong>Presa de Oymap\u0131nar (Ca\u00f1\u00f3n Verde)<\/strong> y el <strong>Montes Tauro<\/strong> en jeeps Land Rover descapotables y autobuses cabrio. Esta excursi\u00f3n todoterreno es ideal para quienes buscan una mezcla de emoci\u00f3n, bellos paisajes y cultura local.<\/p>\n<h3>Incluido:<\/h3>\n<p><span style=\"color: #00ff00;\"><strong>\u2713<\/strong><\/span> Recogida y entrega en el hotel\u00a0<br \/><span style=\"color: #00ff00;\"><strong>\u2713 <\/strong><\/span>Gu\u00eda profesional<br \/><span style=\"color: #00ff00;\"><strong>\u2713 <\/strong><\/span>Experiencia de safari en jeep todoterreno<br \/><span style=\"color: #00ff00;\"><strong>\u2713 <\/strong><\/span>Excursi\u00f3n de una hora en barco por el Lago Verde<br \/><span style=\"color: #00ff00;\"><strong>\u2713 <\/strong><\/span>Almuerzo en un restaurante a orillas del lago<br \/><span style=\"color: #00ff00;\"><strong>\u2713 <\/strong><\/span>Seguros<\/p>\n<h3>No se incluye:<\/h3>\n<p><span style=\"color: #ff0000;\"><strong>\u2717<\/strong><\/span> Bebidas<br \/><span style=\"color: #ff0000;\"><strong>\u2717 <\/strong><\/span>Gastos personales<br \/><span style=\"color: #ff0000;\"><strong>\u2717 <\/strong><\/span>Fotos y v\u00eddeos<\/p>\n<h2>\ud83c\udf1f Puntos destacados del tour de este safari en jeep por el Ca\u00f1\u00f3n Verde<\/h2>\n<p>\ud83d\udd39 Emocionante safari todoterreno por los montes Tauro<br \/>\ud83d\udd39 Relajante paseo en barco de una hora por el Lago Verde<br \/>\ud83d\udd39 Visita a un pueblo n\u00f3mada turco y a huertos frutales<br \/>\ud83d\udd39 Miradores panor\u00e1micos con vistas al Mediterr\u00e1neo y al ca\u00f1\u00f3n<br \/>\ud83d\udd39 Tiempo libre para nadar o hacer pirag\u00fcismo en el lago.<br \/>\ud83d\udd39 Ideal para familias, parejas y amantes de la aventura.<\/p>\n<h2>\ud83d\udcd6 Descripci\u00f3n completa: Tu experiencia de safari en Jeep por Green Canyon<\/h2>\n<div>Su <strong>Green Canyon Jeep Safari desde Side<\/strong> comienza con una c\u00f3moda recogida en su hotel, seguida de un pintoresco viaje hasta el <strong>Presa de Oymap\u0131nar<\/strong>, uno de los parajes naturales m\u00e1s bellos de la regi\u00f3n. La aventura comienza con una <strong>viaje todoterreno<\/strong> a trav\u00e9s de la <strong>Montes Tauro cubiertos de pinos<\/strong>, con pausas para fotos en <strong>antiguos acueductos romanos<\/strong> y una visita a un <strong>pueblo n\u00f3mada tradicional<\/strong>, A mediod\u00eda, disfrute de una cena en un restaurante turco, donde podr\u00e1 ver huertos frutales y una muestra de la vida rural turca. Al mediod\u00eda, disfrute de un <strong>delicioso almuerzo<\/strong> en un restaurante a orillas del lago con vistas panor\u00e1micas del <strong>lago verde esmeralda<\/strong>. Despu\u00e9s, rel\u00e1jate con un <strong>paseo en barco de una hora<\/strong> en las tranquilas aguas del Lago Verde, rodeado del impresionante paisaje monta\u00f1oso. Tras el crucero, tendr\u00e1 tiempo libre para <strong>nadar, navegar en canoa o simplemente relajarse<\/strong> antes de comenzar la segunda parte de su <strong>aventura todoterreno<\/strong>. El d\u00eda termina con un c\u00f3modo viaje de regreso a su hotel en Side.<\/div>\n<h3>\ud83d\uddfa\ufe0f Itinerario<\/h3>\n<p>\ud83d\udd39 Recogida en los hoteles de Side y Manavgat<br \/>\ud83d\udd39 Conduce hasta el Ca\u00f1\u00f3n Verde en jeeps descapotables<br \/>\ud83d\udd39 Primer tramo fuera de carretera y parada fotogr\u00e1fica en los acueductos romanos<br \/>\ud83d\udd39 Visita el pueblo n\u00f3mada, los huertos frutales y el mini zoo.<br \/>\ud83d\udd39 Mirador con vistas al Mediterr\u00e1neo<br \/>\ud83d\udd39 Almuerzo en restaurante a orillas del lago.<br \/>\ud83d\udd39 Paseo de una hora en barco por el Lago Verde<br \/>\ud83d\udd39 Tiempo libre para nadar o hacer pirag\u00fcismo.<br \/>\ud83d\udd39 Segundo tramo todoterreno<br \/>\ud83d\udd39 Traslado de ida y vuelta a los hoteles<\/p>\n<h3>\u2139\ufe0f Informaci\u00f3n \u00fatil<\/h3>\n<p>\ud83d\udd39 Duraci\u00f3n: aproximadamente 7-8 horas<br \/>\ud83d\udd39 Adecuado para familias y amantes de la aventura<br \/>\ud83d\udd39 Gu\u00edas de habla inglesa<br \/>\ud83d\udd39 Trae ba\u00f1ador si piensas nadar.<br \/>\ud83d\udd39 Los menores de 5 a\u00f1os viajan gratis pero comparten asiento en el autob\u00fas<\/p>\n<h2>Qu\u00e9 llevar<\/h2>\n<p>\ud83d\udd39 Ba\u00f1ador y toalla.<br \/>\ud83d\udd39 Protector solar y gafas de sol.<br \/>\ud83d\udd39 Sombrero o gorra<br \/>\ud83d\udd39 C\u00e1mara o tel\u00e9fono<br \/>\ud83d\udd39 Poco dinero en efectivo para bebidas o souvenirs.<\/p>\n<h3>\ud83d\udeab No apto para<\/h3>\n<p>\ud83d\udd39 Hu\u00e9spedes con problemas de espalda o cuello.<br \/>\ud83d\udd39 Mujeres embarazadas<\/p>\n<h2 dir=\"ltr\">\ud83d\udcb8\u00a0<strong>Precios y reservas<\/strong><\/h2>\n<p dir=\"ltr\"><strong>\ud83d\udd39 Reserva ahora, paga el d\u00eda de la excursi\u00f3n<\/strong><br \/>\n\ud83d\udd39 Ponte en contacto con nosotros a trav\u00e9s de WhatsApp, Telegram, Viber, o rellena el siguiente formulario de reserva. \ud83d\udc47\ud83c\udffc<\/p>\n<p>\u00bfBuscas alternativas? Explora <a href=\"https:\/\/excursionsworld.com\/es\/excursiones-side\/\">m\u00e1s excursiones opcionales<\/a>.<\/p>","protected":false},"excerpt":{"rendered":"<p data-start=\"2736\" data-end=\"2976\">\u00danete al bando<strong data-start=\"2781\" data-end=\"2807\">\u00a0Safari en jeep<\/strong> y explore los Montes Tauro en potentes jeeps 4\u00d74. Visite aldeas de monta\u00f1a, b\u00e1\u00f1ese en los r\u00edos, disfrute de un almuerzo a la barbacoa y viva un d\u00eda completo de aventura y naturaleza.<\/p>","protected":false},"featured_media":15297,"comment_status":"open","ping_status":"closed","template":"","meta":[],"product_brand":[],"product_cat":[127],"product_tag":[122],"class_list":{"0":"post-15389","1":"product","2":"type-product","3":"status-publish","4":"has-post-thumbnail","6":"tour_phys-side-tours","7":"product_cat-side-tours","8":"product_tag-side","9":"pa_destination-side-tours","11":"first","12":"instock","13":"sale","14":"shipping-taxable","15":"purchasable","16":"product-type-tour_phys"},"aioseo_notices":[],"_links":{"self":[{"href":"https:\/\/excursionsworld.com\/es\/wp-json\/wp\/v2\/product\/15389","targetHints":{"allow":["GET"]}}],"collection":[{"href":"https:\/\/excursionsworld.com\/es\/wp-json\/wp\/v2\/product"}],"about":[{"href":"https:\/\/excursionsworld.com\/es\/wp-json\/wp\/v2\/types\/product"}],"replies":[{"embeddable":true,"href":"https:\/\/excursionsworld.com\/es\/wp-json\/wp\/v2\/comments?post=15389"}],"wp:featuredmedia":[{"embeddable":true,"href":"https:\/\/excursionsworld.com\/es\/wp-json\/wp\/v2\/media\/15297"}],"wp:attachment":[{"href":"https:\/\/excursionsworld.com\/es\/wp-json\/wp\/v2\/media?parent=15389"}],"wp:term":[{"taxonomy":"product_brand","embeddable":true,"href":"https:\/\/excursionsworld.com\/es\/wp-json\/wp\/v2\/product_brand?post=15389"},{"taxonomy":"product_cat","embeddable":true,"href":"https:\/\/excursionsworld.com\/es\/wp-json\/wp\/v2\/product_cat?post=15389"},{"taxonomy":"product_tag","embeddable":true,"href":"https:\/\/excursionsworld.com\/es\/wp-json\/wp\/v2\/product_tag?post=15389"}],"curies":[{"name":"wp","href":"https:\/\/api.w.org\/{rel}","templated":true}]}}