{"id":15390,"date":"2025-10-26T20:20:54","date_gmt":"2025-10-26T17:20:54","guid":{"rendered":"https:\/\/excursionsworld.com\/?post_type=product&#038;p=15390"},"modified":"2026-04-24T00:20:54","modified_gmt":"2026-04-23T21:20:54","slug":"capadocia-2-dias-side","status":"publish","type":"product","link":"https:\/\/excursionsworld.com\/tours\/cappadocia-2-day-side\/","title":{"rendered":"Tour de 2 d\u00edas a Capadocia desde Side con paseo en globo"},"content":{"rendered":"<h2><span style=\"color: #000000;\"><strong>\ud83c\udf04 Visi\u00f3n general<\/strong><\/span><\/h2>\n<p>\u00danete a una excursi\u00f3n guiada de 2 d\u00edas desde Side y sus alrededores (Manavgat, K\u0131z\u0131lot, Evrenseki) para explorar la belleza m\u00e1gica de <a href=\"https:\/\/en.wikipedia.org\/wiki\/Cappadocia\" target=\"_blank\" rel=\"noopener\">Capadocia<\/a>. Descubra chimeneas de hadas, ciudades subterr\u00e1neas e iglesias excavadas en cuevas con un gu\u00eda profesional: la combinaci\u00f3n perfecta de historia, naturaleza y cultura.<\/p>\n<h3><span style=\"color: #000000;\"><strong>Incluido:<\/strong><\/span><\/h3>\n<div><span style=\"color: #00ff00;\"><strong>\u2713<\/strong> <\/span>Recogida y entrega en el hotel<\/div>\n<div><span style=\"color: #00ff00;\"><strong>\u2713<\/strong> <\/span>1 noche de hotel (habitaci\u00f3n est\u00e1ndar)<br \/><span style=\"color: #00ff00;\"><strong>\u2713<\/strong> <\/span>Cena de la primera noche<\/div>\n<div><span style=\"color: #00ff00;\"><strong>\u2713 <\/strong><\/span>Desayuno (D\u00eda 2 - en el hotel)<br \/><span style=\"color: #00ff00;\"><strong>\u2713<\/strong> <\/span>Entradas a los principales lugares de inter\u00e9s<br \/><span style=\"color: #00ff00;\"><strong>\u2713<\/strong> <\/span>Gu\u00eda profesional<br \/><span style=\"color: #00ff00;\"><strong>\u2713<\/strong> <\/span>Seguro de viaje<br \/><span style=\"color: #00ff00;\"><strong>\u2713<\/strong> <\/span>Autob\u00fas con aire acondicionado<\/div>\n<h3><strong>Excluidos:<\/strong><\/h3>\n<div><strong><span style=\"color: #ff0000;\">\u2717<\/span><\/strong> Bebidas durante las comidas<br \/><strong><span style=\"color: #ff0000;\">\u2717 <\/span><\/strong>Suplemento por habitaci\u00f3n individual<br \/><strong><span style=\"color: #ff0000;\">\u2717 <\/span><\/strong>Almuerzos ambos d\u00edas<br \/><strong><span style=\"color: #ff0000;\">\u2717<\/span><\/strong> <strong>Actividades opcionales:<\/strong><\/div>\n<div><strong>\u2022<\/strong> Noche turca 30\u20ac<br \/><strong>\u2022<\/strong> Tour Panor\u00e1mico \u2013 En Bus \u2013 30\u20ac<br \/>\n<strong>\u2022<\/strong> Tour Panor\u00e1mico \u2013 En Jeep \u2013 50\u20ac<\/div>\n<h2><span style=\"color: #000000;\"><strong>\ud83c\udff0 Lo m\u00e1s destacado del viaje<\/strong><\/span><\/h2>\n<p>\ud83d\udd39 El Valle del Amor y sus chimeneas de hadas<br \/>\ud83d\udd39 Antigua ciudad subterr\u00e1nea: una maravilla arquitect\u00f3nica<br \/>\ud83d\udd39 Pa\u015faba\u011f Valle con rocas en forma de seta.<br \/>\ud83d\udd39 Castillo de Uchisar con vistas panor\u00e1micas<br \/>\ud83d\udd39 Museo al aire libre de Zelve - pueblo cueva.<br \/>\ud83d\udd39 Valle de Devrent con rocas en forma de animales<br \/>\ud83d\udd39 Demostraci\u00f3n de alfarer\u00eda en Avanos<br \/>\ud83d\udd39 Paseo opcional en globo aerost\u00e1tico al amanecer<\/p>\n<h2><span style=\"color: #000000;\"><strong>\ud83d\udcd6 Descripci\u00f3n completa<\/strong><\/span><\/h2>\n<p>Su aventura en Capadocia comienza con la recogida temprano por la ma\u00f1ana en su hotel de Side o zonas cercanas. Disfrute de las vistas panor\u00e1micas mientras atraviesa los montes Tauro en direcci\u00f3n a Capadocia. Visite una antigua ciudad subterr\u00e1nea, admire las chimeneas de hadas del Valle del Amor y disfrute del impresionante paisaje del Castillo de Uchisar. Explore los valles de Pa\u015faba\u011f y Zelve, contemple la alfarer\u00eda tradicional en Avanos y pase la noche en un hotel local de estilo rupestre con cena incluida. El segundo d\u00eda, siga explorando valles y lugares hist\u00f3ricos \u00fanicos antes de regresar c\u00f3modamente a Side.<\/p>\n<h3><span style=\"color: #000000;\"><strong>\ud83d\uddfa\ufe0f Itinerario<\/strong><\/span><\/h3>\n<p><strong>D\u00eda 1<\/strong><br \/>\ud83d\udd39 Recogida en los hoteles Side a primera hora de la ma\u00f1ana<br \/>\ud83d\udd39 Parada para desayunar en ruta<br \/>\ud83d\udd39 Visita la ciudad subterr\u00e1nea<br \/>\ud83d\udd39 Almuerzo en Uchisar<br \/>\ud83d\udd39 Visita el castillo de Uchisar y el valle de G\u00f6reme<br \/>\ud83d\udd39 Explora Pa\u015faba\u011f y el taller de cer\u00e1mica Avanos.<br \/>\ud83d\udd39 Registro en el hotel, cena, noche turca opcional.<\/p>\n<p><strong>D\u00eda 2<\/strong><br \/>\ud83d\udd39 Desayuno en el hotel<br \/>\ud83d\udd39 Visita el Valle del Amor y las iglesias rupestres<br \/>\ud83d\udd39 Parada en centro de tejido de alfombras y caravasar<br \/>\ud83d\udd39 Almuerzo en Konya<br \/>\ud83d\udd39 Volver a Hoteles secundarios<\/p>\n<h3><span style=\"color: #000000;\"><strong>\u2139\ufe0f Informaci\u00f3n \u00fatil<\/strong><\/span><\/h3>\n<p>\ud83d\udd39 Duraci\u00f3n: 2 d\u00edas aproximadamente<br \/>\ud83d\udd39 Actividad f\u00edsica moderada<br \/>\ud83d\udd39 Paseo en globo aerost\u00e1tico opcional y dependiente de las condiciones meteorol\u00f3gicas.<br \/>\ud83d\udd39 Alojamiento est\u00e1ndar (se aplica suplemento por habitaci\u00f3n individual)<br \/>\ud83d\udd39 Los menores de 6 a\u00f1os viajan gratis pero comparten asiento a menos que reserven por separado<\/p>\n<h2><span style=\"color: #000000;\"><strong>Qu\u00e9 llevar<\/strong><\/span><\/h2>\n<p>\ud83d\udd39 Pasaporte o documento de identidad<br \/>\ud83d\udd39 Zapatos c\u00f3modos para caminar<br \/>\ud83d\udd39 Gafas de sol, gorra y crema solar.<br \/>\ud83d\udd39 Chaqueta para las ma\u00f1anas o noches frescas.<br \/>\ud83d\udd39 C\u00e1mara o smartphone<br \/>\ud83d\udd39 Efectivo para gastos opcionales<\/p>\n<h3><span style=\"color: #000000;\"><strong>\ud83d\udeab No apto para<\/strong><\/span><\/h3>\n<p>\ud83d\udd39 Hu\u00e9spedes con movilidad reducida<br \/>\ud83d\udd39 Ni\u00f1os muy peque\u00f1os<\/p>\n<h2 dir=\"ltr\">\ud83d\udcb8\u00a0<strong>Precios y reservas<\/strong><\/h2>\n<p dir=\"ltr\"><strong>\ud83d\udd39 Reserva ahora, paga el d\u00eda de la excursi\u00f3n<\/strong><br \/>\n\ud83d\udd39 Ponte en contacto con nosotros a trav\u00e9s de WhatsApp, Telegram, Viber, o rellena el siguiente formulario de reserva. \ud83d\udc47\ud83c\udffc<\/p>\n<p>\u00bfBuscas alternativas? Explora <a href=\"https:\/\/excursionsworld.com\/es\/excursiones-side\/\">m\u00e1s excursiones opcionales en Capadocia<\/a>.<\/p>","protected":false},"excerpt":{"rendered":"<p><b>Side to Cappadocia 2-day tour<\/b>! See <b>chimeneas de hadas<\/b>, <b>cave churches<\/b>, <b>Love Valley<\/b>. <b>All-inclusive trip<\/b> con <b>hotel<\/b>, <b>gu\u00eda<\/b>, &amp; easy <b>transferencia<\/b>.<\/p>","protected":false},"featured_media":12798,"comment_status":"open","ping_status":"closed","template":"","meta":[],"product_brand":[],"product_cat":[127],"product_tag":[122],"class_list":{"0":"post-15390","1":"product","2":"type-product","3":"status-publish","4":"has-post-thumbnail","6":"tour_phys-side-tours","7":"product_cat-side-tours","8":"product_tag-side","9":"pa_destination-side-tours","11":"first","12":"instock","13":"sale","14":"shipping-taxable","15":"purchasable","16":"product-type-tour_phys"},"aioseo_notices":[],"_links":{"self":[{"href":"https:\/\/excursionsworld.com\/es\/wp-json\/wp\/v2\/product\/15390","targetHints":{"allow":["GET"]}}],"collection":[{"href":"https:\/\/excursionsworld.com\/es\/wp-json\/wp\/v2\/product"}],"about":[{"href":"https:\/\/excursionsworld.com\/es\/wp-json\/wp\/v2\/types\/product"}],"replies":[{"embeddable":true,"href":"https:\/\/excursionsworld.com\/es\/wp-json\/wp\/v2\/comments?post=15390"}],"wp:featuredmedia":[{"embeddable":true,"href":"https:\/\/excursionsworld.com\/es\/wp-json\/wp\/v2\/media\/12798"}],"wp:attachment":[{"href":"https:\/\/excursionsworld.com\/es\/wp-json\/wp\/v2\/media?parent=15390"}],"wp:term":[{"taxonomy":"product_brand","embeddable":true,"href":"https:\/\/excursionsworld.com\/es\/wp-json\/wp\/v2\/product_brand?post=15390"},{"taxonomy":"product_cat","embeddable":true,"href":"https:\/\/excursionsworld.com\/es\/wp-json\/wp\/v2\/product_cat?post=15390"},{"taxonomy":"product_tag","embeddable":true,"href":"https:\/\/excursionsworld.com\/es\/wp-json\/wp\/v2\/product_tag?post=15390"}],"curies":[{"name":"wp","href":"https:\/\/api.w.org\/{rel}","templated":true}]}}