{"id":15391,"date":"2025-10-26T20:22:13","date_gmt":"2025-10-26T17:22:13","guid":{"rendered":"https:\/\/excursionsworld.com\/?post_type=product&#038;p=15391"},"modified":"2025-12-09T17:35:23","modified_gmt":"2025-12-09T14:35:23","slug":"pamukkale-globo-aerostatico-side","status":"publish","type":"product","link":"https:\/\/excursionsworld.com\/tours\/pamukkale-hot-air-balloon-side\/","title":{"rendered":"Excursi\u00f3n en globo aerost\u00e1tico en Pamukkale desde Side \u2013 d\u00eda completo"},"content":{"rendered":"<h3 data-start=\"119\" data-end=\"138\">\ud83c\udfdd\ufe0f Visi\u00f3n general<\/h3>\n<p data-start=\"139\" data-end=\"448\">Viva la magia de Pamukkale con un paseo en globo al amanecer desde Side. Convenientes traslados desde el hotel est\u00e1n disponibles desde Side, Manavgat, Titreyeng\u00f6l, Evrenseki, y las \u00e1reas circundantes. Tras el vuelo, disfrute de una visita guiada por Pamukkale y la antigua ciudad de Hier\u00e1polis, seguida de un delicioso almuerzo.<\/p>\n<h3 data-start=\"450\" data-end=\"467\">\u00a0Incluido:<\/h3>\n<p data-start=\"468\" data-end=\"735\"><span style=\"color: #00ff00;\"><strong>\u2713<\/strong> <\/span>Recogida y regreso al hotel (regi\u00f3n lateral)<br data-start=\"509\" data-end=\"512\" \/><span style=\"color: #00ff00;\"><strong>\u2713<\/strong> <\/span>Traslado en autob\u00fas con aire acondicionado<br data-start=\"542\" data-end=\"545\" \/><span style=\"color: #00ff00;\"><strong>\u2713<\/strong> <\/span>Paseo en globo al amanecer<br data-start=\"575\" data-end=\"578\" \/><span style=\"color: #00ff00;\"><strong>\u2713<\/strong> <\/span>Entradas a Pamukkale y Hier\u00e1polis<br data-start=\"621\" data-end=\"624\" \/><span style=\"color: #00ff00;\"><strong>\u2713<\/strong> <\/span>Gu\u00eda historiador angl\u00f3fono<br data-start=\"658\" data-end=\"661\" \/><span style=\"color: #00ff00;\"><strong>\u2713<\/strong> <\/span>Almuerzo<br data-start=\"668\" data-end=\"671\" \/><span style=\"color: #00ff00;\"><strong>\u2713<\/strong> <\/span>Piloto profesional<br data-start=\"691\" data-end=\"694\" \/><span style=\"color: #00ff00;\"><strong>\u2713<\/strong> <\/span>Certificado de vuelo<br data-start=\"714\" data-end=\"717\" \/><span style=\"color: #00ff00;\"><strong>\u2713<\/strong> <\/span>Seguro a todo riesgo<\/p>\n<h3 data-start=\"737\" data-end=\"758\">\u00a0No se incluye:<\/h3>\n<p data-start=\"759\" data-end=\"824\"><span style=\"color: #ff0000;\"><strong>\u2717<\/strong> <\/span>Entrada a la piscina de Cleopatra<br data-start=\"789\" data-end=\"792\" \/><span style=\"color: #ff0000;\"><strong>\u2717<\/strong> <\/span>Gastos personales<br data-start=\"811\" data-end=\"814\" \/><span style=\"color: #ff0000;\"><strong>\u2717<\/strong> <\/span>Bebidas<\/p>\n<h3 data-start=\"826\" data-end=\"851\">\ud83c\udf1f Lo m\u00e1s destacado del viaje<\/h3>\n<p data-start=\"852\" data-end=\"1146\">\ud83d\udd39 Paseo en globo al amanecer sobre las terrazas blancas de Pamukkale<br data-start=\"915\" data-end=\"918\" \/>\ud83d\udd39 Impresionantes vistas panor\u00e1micas y oportunidades fotogr\u00e1ficas \u00fanicas<br data-start=\"976\" data-end=\"979\" \/>\ud83d\udd39 Champ\u00e1n y certificado de vuelo al aterrizar<br data-start=\"1027\" data-end=\"1030\" \/>\ud83d\udd39 Visita guiada de Hier\u00e1polis, incluido el teatro romano y las tumbas.<br data-start=\"1093\" data-end=\"1096\" \/>\ud83d\udd39 Ba\u00f1o opcional en la piscina de Cleopatra (cargo adicional).<\/p>\n<h3 data-start=\"1148\" data-end=\"1174\">\ud83d\udcd6 Descripci\u00f3n completa<\/h3>\n<p data-start=\"1175\" data-end=\"1809\">El d\u00eda comienza con la recogida temprano en el hotel en Side, seguida de un c\u00f3modo trayecto de 3,5 horas hasta Pamukkale. Emb\u00e1rquese en un impresionante paseo en globo aerost\u00e1tico al amanecer sobre las ic\u00f3nicas terrazas blancas y las antiguas ruinas de Pamukkale. Capture fotos inolvidables y disfrute de una copa de champ\u00e1n al aterrizar junto con su certificado de vuelo. Despu\u00e9s, explore la antigua ciudad de Hier\u00e1polis con su gu\u00eda profesional, visitando el teatro romano, los ba\u00f1os termales y otros lugares de inter\u00e9s hist\u00f3rico. Los hu\u00e9spedes que lo deseen podr\u00e1n ba\u00f1arse en la Piscina de Cleopatra por un suplemento. La excursi\u00f3n concluye con un delicioso almuerzo antes de regresar a su hotel en Side.<\/p>\n<h3 data-start=\"1811\" data-end=\"1836\">\ud83d\uddfa\ufe0f Itinerario<\/h3>\n<p data-start=\"1837\" data-end=\"2092\">\ud83d\udd39 Recogida en el hotel temprano en Side<br data-start=\"1866\" data-end=\"1869\" \/>\ud83d\udd39 Traslado a Pamukkale<br data-start=\"1893\" data-end=\"1896\" \/>\ud83d\udd39 Paseo en globo aerost\u00e1tico al amanecer<br data-start=\"1927\" data-end=\"1930\" \/>\ud83d\udd39 Champ\u00e1n y certificado de vuelo<br data-start=\"1965\" data-end=\"1968\" \/>\ud83d\udd39 Visita guiada de Pamukkale y Hier\u00e1polis<br data-start=\"2010\" data-end=\"2013\" \/>\ud83d\udd39 Ba\u00f1o opcional en la piscina de Cleopatra.<br data-start=\"2049\" data-end=\"2052\" \/>\ud83d\udd39 Comida<br data-start=\"2060\" data-end=\"2063\" \/>\ud83d\udd39 Traslado de vuelta al hotel<\/p>\n<h3 data-start=\"2094\" data-end=\"2122\">\u2139\ufe0f Informaci\u00f3n \u00fatil<\/h3>\n<p data-start=\"2123\" data-end=\"2429\">\ud83d\udd39 Duraci\u00f3n: 12 horas aproximadamente<br data-start=\"2158\" data-end=\"2161\" \/>\ud83d\udd39 Los vuelos en globo pueden cancelarse debido a las condiciones meteorol\u00f3gicas (reembolso \u00edntegro de la parte del vuelo).<br data-start=\"2243\" data-end=\"2246\" \/>\ud83d\udd39 Paradas cortas incluidas en el camino.<br data-start=\"2280\" data-end=\"2283\" \/>\ud83d\udd39 Los menores de 5 a\u00f1os viajan gratis pero no disponen de asiento individual; si el autob\u00fas va lleno, se sientan en el regazo de un adulto o se puede reservar un asiento individual<\/p>\n<h3 data-start=\"2431\" data-end=\"2454\">Qu\u00e9 llevar<\/h3>\n<p data-start=\"2455\" data-end=\"2581\">Gafas de sol \ud83d\udd39<br data-start=\"2468\" data-end=\"2471\" \/>\ud83d\udd39 Sombrero o gorra<br data-start=\"2484\" data-end=\"2487\" \/>\ud83d\udd39 Ba\u00f1ador y toalla.<br data-start=\"2508\" data-end=\"2511\" \/>\ud83d\udd39 Ropa c\u00f3moda y zapatillas de deporte.<br data-start=\"2547\" data-end=\"2550\" \/>\ud83d\udd39 Efectivo para gastos personales<\/p>\n<h3 data-start=\"2583\" data-end=\"2609\">\ud83d\udeab No apto para<\/h3>\n<p data-start=\"2610\" data-end=\"2657\">\ud83d\udd39 Ni\u00f1os menores de 7 a\u00f1os<br data-start=\"2635\" data-end=\"2638\" \/>\ud83d\udd39 Mujeres embarazadas<\/p>\n<h3 dir=\"ltr\">\ud83d\udcb8\u00a0<strong>Precios y reservas<\/strong><\/h3>\n<p dir=\"ltr\"><strong>\ud83d\udd39 Reserva ahora, paga el d\u00eda de la excursi\u00f3n<\/strong><br \/>\n\ud83d\udd39 Ponte en contacto con nosotros a trav\u00e9s de WhatsApp, Telegram, Viber, o rellena el siguiente formulario de reserva. \ud83d\udc47\ud83c\udffc<\/p>","protected":false},"excerpt":{"rendered":"<p><b>Side to Pamukkale excursion<\/b>\u00a1! Experimente una <b>vuelo en globo<\/b> &amp; <b>Hierapolis tour<\/b>. <b>All-inclusive trip<\/b> con <b>gu\u00eda<\/b>, tickets, &amp; easy <b>transferencia<\/b>.<\/p>","protected":false},"featured_media":12607,"comment_status":"open","ping_status":"closed","template":"","meta":[],"product_brand":[],"product_cat":[127],"product_tag":[122],"class_list":{"0":"post-15391","1":"product","2":"type-product","3":"status-publish","4":"has-post-thumbnail","6":"tour_phys-side-tours","7":"product_cat-side-tours","8":"product_tag-side","9":"pa_destination-side-tours","11":"first","12":"instock","13":"sale","14":"shipping-taxable","15":"purchasable","16":"product-type-tour_phys"},"aioseo_notices":[],"_links":{"self":[{"href":"https:\/\/excursionsworld.com\/es\/wp-json\/wp\/v2\/product\/15391","targetHints":{"allow":["GET"]}}],"collection":[{"href":"https:\/\/excursionsworld.com\/es\/wp-json\/wp\/v2\/product"}],"about":[{"href":"https:\/\/excursionsworld.com\/es\/wp-json\/wp\/v2\/types\/product"}],"replies":[{"embeddable":true,"href":"https:\/\/excursionsworld.com\/es\/wp-json\/wp\/v2\/comments?post=15391"}],"wp:featuredmedia":[{"embeddable":true,"href":"https:\/\/excursionsworld.com\/es\/wp-json\/wp\/v2\/media\/12607"}],"wp:attachment":[{"href":"https:\/\/excursionsworld.com\/es\/wp-json\/wp\/v2\/media?parent=15391"}],"wp:term":[{"taxonomy":"product_brand","embeddable":true,"href":"https:\/\/excursionsworld.com\/es\/wp-json\/wp\/v2\/product_brand?post=15391"},{"taxonomy":"product_cat","embeddable":true,"href":"https:\/\/excursionsworld.com\/es\/wp-json\/wp\/v2\/product_cat?post=15391"},{"taxonomy":"product_tag","embeddable":true,"href":"https:\/\/excursionsworld.com\/es\/wp-json\/wp\/v2\/product_tag?post=15391"}],"curies":[{"name":"wp","href":"https:\/\/api.w.org\/{rel}","templated":true}]}}