{"id":15392,"date":"2025-10-26T20:25:10","date_gmt":"2025-10-26T17:25:10","guid":{"rendered":"https:\/\/excursionsworld.com\/?post_type=product&#038;p=15392"},"modified":"2025-12-18T19:07:00","modified_gmt":"2025-12-18T16:07:00","slug":"pamukkale-salda-lago-side","status":"publish","type":"product","link":"https:\/\/excursionsworld.com\/tours\/pamukkale-salda-lake-side\/","title":{"rendered":"Excursi\u00f3n a Pamukkale y lago Salda desde Side \u2013 d\u00eda completo"},"content":{"rendered":"<h3 data-start=\"245\" data-end=\"264\"><span style=\"color: #000000;\"><strong>\ud83c\udfdd\ufe0f Visi\u00f3n general<\/strong><\/span><\/h3>\n<p data-start=\"265\" data-end=\"643\">\u00danase a una excursi\u00f3n de d\u00eda completo desde <strong data-start=\"291\" data-end=\"299\">Lado<\/strong> para explorar la impresionante belleza de <strong data-start=\"338\" data-end=\"351\">Pamukkale<\/strong> y el turquesa <strong data-start=\"370\" data-end=\"384\">Lago Salda<\/strong>\u00a1! Camine por las blancas terrazas de travertino de Pamukkale, visite la antigua ciudad de <strong data-start=\"459\" data-end=\"473\">Hier\u00e1polis<\/strong>, y rel\u00e1jese en las \u201cMaldivas turcas\u201d. Este viaje con todo incluido incluye desayuno, almuerzo, cena y traslados al hotel: la mezcla perfecta de naturaleza, historia y comodidad.<\/p>\n<h3 data-start=\"645\" data-end=\"660\"><span style=\"color: #000000;\"><strong>Incluido:<\/strong><\/span><\/h3>\n<p data-start=\"661\" data-end=\"839\"><span style=\"color: #00ff00;\"><strong>\u2713<\/strong><\/span> Recogida y entrega en el hotel<br data-start=\"688\" data-end=\"691\" \/><span style=\"color: #00ff00;\"><strong>\u2713 <\/strong><\/span>Autob\u00fas con aire acondicionado<br data-start=\"712\" data-end=\"715\" \/><span style=\"color: #00ff00;\"><strong>\u2713 <\/strong><\/span>Entradas a Pamukkale y Hier\u00e1polis<br data-start=\"758\" data-end=\"761\" \/><span style=\"color: #00ff00;\"><strong>\u2713 <\/strong><\/span>Gu\u00eda de habla inglesa<br data-start=\"785\" data-end=\"788\" \/><span style=\"color: #00ff00;\"><strong>\u2713 <\/strong><\/span>Seguro a todo riesgo<br data-start=\"804\" data-end=\"807\" \/><span style=\"color: #00ff00;\"><strong>\u2713 <\/strong><\/span>Desayuno, comida y cena<\/p>\n<h3 data-start=\"841\" data-end=\"860\"><span style=\"color: #000000;\"><strong>No se incluye:<\/strong><\/span><\/h3>\n<p data-start=\"861\" data-end=\"926\"><span style=\"color: #ff0000;\"><strong>\u2717<\/strong> <\/span>Entrada a la piscina de Cleopatra<br data-start=\"891\" data-end=\"894\" \/><span style=\"color: #ff0000;\"><strong>\u2717<\/strong> <\/span>Gastos personales<br data-start=\"913\" data-end=\"916\" \/><span style=\"color: #ff0000;\"><strong>\u2717<\/strong> <\/span>Bebidas<\/p>\n<h3 data-start=\"928\" data-end=\"953\"><span style=\"color: #000000;\"><strong>\ud83c\udf1f Lo m\u00e1s destacado del viaje<\/strong><\/span><\/h3>\n<p data-start=\"954\" data-end=\"1241\">\ud83d\udd39 Camina descalzo por las terrazas blancas como la nieve de Pamukkale<br data-start=\"1005\" data-end=\"1008\" \/>\ud83d\udd39 Descubre las antiguas ruinas de Hier\u00e1polis y su teatro romano<br data-start=\"1073\" data-end=\"1076\" \/>\ud83d\udd39 Rel\u00e1jate en piscinas termales con aguas curativas<br data-start=\"1121\" data-end=\"1124\" \/>\ud83d\udd39 Visita el turquesa lago Salda, conocido como las \u201cMaldivas\u201d turcas\u201d<br data-start=\"1188\" data-end=\"1191\" \/>\ud83d\udd39 Disfruta de deliciosas comidas turcas durante el viaje<\/p>\n<h3 data-start=\"1243\" data-end=\"1269\"><span style=\"color: #000000;\"><strong>\ud83d\udcd6 Descripci\u00f3n completa<\/strong><\/span><\/h3>\n<p data-start=\"1270\" data-end=\"1587\">Comience su inolvidable viaje a primera hora de la ma\u00f1ana con la recogida en su hotel. <strong data-start=\"1346\" data-end=\"1360\">Hotel lateral<\/strong>. Disfrute de un sabroso desayuno en el camino mientras viaja a trav\u00e9s de hermosos paisajes. Al llegar a Pamukkale, explore las famosas terrazas de calcio blanco y las ruinas de Hier\u00e1polis, que en su d\u00eda fue una ciudad balneario curativa del Imperio Romano. Ver\u00e1 el antiguo anfiteatro, el Templo de Apolo y la Necr\u00f3polis. Los que lo deseen podr\u00e1n ba\u00f1arse en la Piscina de Cleopatra (opcional, cargo adicional). M\u00e1s tarde, dir\u00edjase a <strong data-start=\"1753\" data-end=\"1767\">Lago Salda<\/strong>, Una maravilla natural con aguas cristalinas de color turquesa y suaves arenas blancas. Despu\u00e9s de disfrutar del paisaje y hacer fotos, cene antes de su c\u00f3modo regreso a Side.<\/p>\n<h3 data-start=\"1953\" data-end=\"1978\"><span style=\"color: #000000;\"><strong>\ud83d\uddfa\ufe0f Itinerario<\/strong><\/span><\/h3>\n<p data-start=\"1979\" data-end=\"2278\">\ud83d\udd39 Recogida en los hoteles de Side<br data-start=\"2008\" data-end=\"2011\" \/>\ud83d\udd39 Desayuno en camino<br data-start=\"2034\" data-end=\"2037\" \/>\ud83d\udd39 Viaje a Pamukkale<br data-start=\"2058\" data-end=\"2061\" \/>Pausa para comer<br data-start=\"2075\" data-end=\"2078\" \/>\ud83d\udd39 Visita los travertinos de Pamukkale y las ruinas de Hier\u00e1polis<br data-start=\"2129\" data-end=\"2132\" \/>\ud83d\udd39 Tiempo libre para la Piscina de Cleopatra (opcional)<br data-start=\"2176\" data-end=\"2179\" \/>\ud83d\udd39 Visita al lago Salda para hacer turismo y fotos.<br data-start=\"2228\" data-end=\"2231\" \/>\ud83d\udd39 Pausa para cenar<br data-start=\"2246\" data-end=\"2249\" \/>\ud83d\udd39 Volver a hoteles en Side<\/p>\n<h3 data-start=\"2280\" data-end=\"2308\"><span style=\"color: #000000;\"><strong>\u2139\ufe0f Informaci\u00f3n \u00fatil<\/strong><\/span><\/h3>\n<p data-start=\"2309\" data-end=\"2470\">\ud83d\udd39 Duraci\u00f3n: unas 12 horas<br data-start=\"2336\" data-end=\"2339\" \/>\ud83d\udd39 El itinerario puede variar en funci\u00f3n de la meteorolog\u00eda<br data-start=\"2383\" data-end=\"2386\" \/>\ud83d\udd39 Se requiere caminar moderadamente<br data-start=\"2414\" data-end=\"2417\" \/>\ud83d\udd39 Los menores de 5 a\u00f1os entran gratis (asiento compartido si est\u00e1 lleno)<\/p>\n<h3 data-start=\"2472\" data-end=\"2495\"><span style=\"color: #000000;\"><strong>Qu\u00e9 llevar<\/strong><\/span><\/h3>\n<p data-start=\"2496\" data-end=\"2615\">\ud83d\udd39 DNI o pasaporte<br data-start=\"2513\" data-end=\"2516\" \/>\ud83d\udd39 Zapatos c\u00f3modos<br data-start=\"2536\" data-end=\"2539\" \/>\ud83d\udd39 Sombrero, gafas de sol, crema solar.<br data-start=\"2568\" data-end=\"2571\" \/>\ud83d\udd39 Ba\u00f1ador y toalla.<br data-start=\"2592\" data-end=\"2595\" \/>\ud83d\udd39 Dinero por extras<\/p>\n<h3 data-start=\"2617\" data-end=\"2643\"><span style=\"color: #000000;\"><strong>\ud83d\udeab No apto para<\/strong><\/span><\/h3>\n<p data-start=\"2644\" data-end=\"2720\">\ud83d\udd39 Personas con movilidad reducida<br data-start=\"2675\" data-end=\"2678\" \/>Personas con enfermedades graves<\/p>\n<h3 dir=\"ltr\">\ud83d\udcb8\u00a0<strong>Precios y reservas<\/strong><\/h3>\n<p dir=\"ltr\"><strong>\ud83d\udd39 Reserva ahora, paga el d\u00eda de la excursi\u00f3n<\/strong><br \/>\n\ud83d\udd39 Ponte en contacto con nosotros a trav\u00e9s de WhatsApp, Telegram, Viber, o rellena el siguiente formulario de reserva. \ud83d\udc47\ud83c\udffc<\/p>","protected":false},"excerpt":{"rendered":"<p>Reserva el <b>Side Pamukkale Tour<\/b>! Visit Hierapolis ruins &amp; Salda Lake. Full-day <b>excursi\u00f3n<\/b> with thermal springs, meals, and comfortable <b>excursi\u00f3n de un d\u00eda<\/b>.<\/p>","protected":false},"featured_media":14072,"comment_status":"open","ping_status":"closed","template":"","meta":[],"product_brand":[],"product_cat":[127],"product_tag":[122],"class_list":{"0":"post-15392","1":"product","2":"type-product","3":"status-publish","4":"has-post-thumbnail","6":"tour_phys-side-tours","7":"product_cat-side-tours","8":"product_tag-side","9":"pa_destination-side-tours","11":"first","12":"instock","13":"sale","14":"shipping-taxable","15":"purchasable","16":"product-type-tour_phys"},"aioseo_notices":[],"_links":{"self":[{"href":"https:\/\/excursionsworld.com\/es\/wp-json\/wp\/v2\/product\/15392","targetHints":{"allow":["GET"]}}],"collection":[{"href":"https:\/\/excursionsworld.com\/es\/wp-json\/wp\/v2\/product"}],"about":[{"href":"https:\/\/excursionsworld.com\/es\/wp-json\/wp\/v2\/types\/product"}],"replies":[{"embeddable":true,"href":"https:\/\/excursionsworld.com\/es\/wp-json\/wp\/v2\/comments?post=15392"}],"wp:featuredmedia":[{"embeddable":true,"href":"https:\/\/excursionsworld.com\/es\/wp-json\/wp\/v2\/media\/14072"}],"wp:attachment":[{"href":"https:\/\/excursionsworld.com\/es\/wp-json\/wp\/v2\/media?parent=15392"}],"wp:term":[{"taxonomy":"product_brand","embeddable":true,"href":"https:\/\/excursionsworld.com\/es\/wp-json\/wp\/v2\/product_brand?post=15392"},{"taxonomy":"product_cat","embeddable":true,"href":"https:\/\/excursionsworld.com\/es\/wp-json\/wp\/v2\/product_cat?post=15392"},{"taxonomy":"product_tag","embeddable":true,"href":"https:\/\/excursionsworld.com\/es\/wp-json\/wp\/v2\/product_tag?post=15392"}],"curies":[{"name":"wp","href":"https:\/\/api.w.org\/{rel}","templated":true}]}}